{"id":2828,"date":"2025-10-14T08:25:00","date_gmt":"2025-10-14T08:25:00","guid":{"rendered":"https:\/\/www.alfadu-amusement.com\/?post_type=product&#038;p=2828"},"modified":"2025-10-14T08:25:00","modified_gmt":"2025-10-14T08:25:00","slug":"distributeur-automatique-de-barbe-a-papa-automatique-le-318a-2","status":"publish","type":"product","link":"https:\/\/www.alfadu-amusement.com\/?product=distributeur-automatique-de-barbe-a-papa-automatique-le-318a-2","title":{"rendered":"Distributeur automatique de barbe \u00e0 papa  automatique LE-318A"},"content":{"rendered":"<table border=\"1\">\n<tbody>\n<tr>\n<td>\n<pre id=\"tw-target-text\" class=\"tw-data-text tw-text-large tw-ta\" dir=\"ltr\" tabindex=\"-1\" role=\"text\" data-placeholder=\"Traduction\" data-ved=\"2ahUKEwjZmI78m56QAxXuzQIHHUdPDKkQ3ewLegQICxAV\" aria-label=\"Texte traduit\u00a0: Dimensions 1320 mm x 670 mm x 1701 mm (sans caisson lumineux) Poids de la machine 300 kg Temps de fabrication du sucre 70-130 s Consommation de sucre par unit\u00e9\u00a0: \u2248 30 g Stockage du sucre 8 kg Puissance maximale 2700 W Temp\u00e9rature de fonctionnement 0-50 \u00b0C Tension nominale 220 V CA\/110 V La version de l'appareil \u00e9tant constamment mise \u00e0 jour, les param\u00e8tres de donn\u00e9es d\u00e9pendent de l'appareil r\u00e9el.\"><span class=\"Y2IQFc\" lang=\"fr\">Dimensions<\/span><\/pre>\n<\/td>\n<td>\n<p id=\"tw-target-text\" class=\"tw-data-text tw-text-large tw-ta\" dir=\"ltr\" tabindex=\"-1\" role=\"text\" data-placeholder=\"Traduction\" data-ved=\"2ahUKEwjZmI78m56QAxXuzQIHHUdPDKkQ3ewLegQICxAV\" aria-label=\"Texte traduit\u00a0: Dimensions 1320 mm x 670 mm x 1701 mm (sans caisson lumineux) Poids de la machine 300 kg Temps de fabrication du sucre 70-130 s Consommation de sucre par unit\u00e9\u00a0: \u2248 30 g Stockage du sucre 8 kg Puissance maximale 2700 W Temp\u00e9rature de fonctionnement 0-50 \u00b0C Tension nominale 220 V CA\/110 V La version de l'appareil \u00e9tant constamment mise \u00e0 jour, les param\u00e8tres de donn\u00e9es d\u00e9pendent de l'appareil r\u00e9el.\"><span class=\"Y2IQFc\" lang=\"fr\">1320 mm x 670 mm x 1701 mm (sans caisson lumineux)<\/span><\/p>\n<\/td>\n<td>\n<pre id=\"tw-target-text\" class=\"tw-data-text tw-text-large tw-ta\" dir=\"ltr\" tabindex=\"-1\" role=\"text\" data-placeholder=\"Traduction\" data-ved=\"2ahUKEwjZmI78m56QAxXuzQIHHUdPDKkQ3ewLegQICxAV\" aria-label=\"Texte traduit\u00a0: Dimensions 1320 mm x 670 mm x 1701 mm (sans caisson lumineux) Poids de la machine 300 kg Temps de fabrication du sucre 70-130 s Consommation de sucre par unit\u00e9\u00a0: \u2248 30 g Stockage du sucre 8 kg Puissance maximale 2700 W Temp\u00e9rature de fonctionnement 0-50 \u00b0C Tension nominale 220 V CA\/110 V La version de l'appareil \u00e9tant constamment mise \u00e0 jour, les param\u00e8tres de donn\u00e9es d\u00e9pendent de l'appareil r\u00e9el.\"><span class=\"Y2IQFc\" lang=\"fr\">Poids de la machine<\/span><\/pre>\n<\/td>\n<td>\n<div>\n<div>300 (kg)<\/div>\n<\/div>\n<\/td>\n<\/tr>\n<tr>\n<td>\n<pre id=\"tw-target-text\" class=\"tw-data-text tw-text-large tw-ta\" dir=\"ltr\" tabindex=\"-1\" role=\"text\" data-placeholder=\"Traduction\" data-ved=\"2ahUKEwjZmI78m56QAxXuzQIHHUdPDKkQ3ewLegQICxAV\" aria-label=\"Texte traduit\u00a0: Dimensions 1320 mm x 670 mm x 1701 mm (sans caisson lumineux) Poids de la machine 300 kg Temps de fabrication du sucre 70-130 s Consommation de sucre par unit\u00e9\u00a0: \u2248 30 g Stockage du sucre 8 kg Puissance maximale 2700 W Temp\u00e9rature de fonctionnement 0-50 \u00b0C Tension nominale 220 V CA\/110 V La version de l'appareil \u00e9tant constamment mise \u00e0 jour, les param\u00e8tres de donn\u00e9es d\u00e9pendent de l'appareil r\u00e9el.\"><span class=\"Y2IQFc\" lang=\"fr\">Temps de fabrication du sucre<\/span><\/pre>\n<\/td>\n<td>\n<div>70-130s<\/div>\n<\/td>\n<td>\n<pre id=\"tw-target-text\" class=\"tw-data-text tw-text-large tw-ta\" dir=\"ltr\" tabindex=\"-1\" role=\"text\" data-placeholder=\"Traduction\" data-ved=\"2ahUKEwjZmI78m56QAxXuzQIHHUdPDKkQ3ewLegQICxAV\" aria-label=\"Texte traduit\u00a0: Dimensions 1320 mm x 670 mm x 1701 mm (sans caisson lumineux) Poids de la machine 300 kg Temps de fabrication du sucre 70-130 s Consommation de sucre par unit\u00e9\u00a0: \u2248 30 g Stockage du sucre 8 kg Puissance maximale 2700 W Temp\u00e9rature de fonctionnement 0-50 \u00b0C Tension nominale 220 V CA\/110 V La version de l'appareil \u00e9tant constamment mise \u00e0 jour, les param\u00e8tres de donn\u00e9es d\u00e9pendent de l'appareil r\u00e9el.\"><span class=\"Y2IQFc\" lang=\"fr\">Consommation de sucre par unit\u00e9<\/span><\/pre>\n<\/td>\n<td>\u224830g<\/td>\n<\/tr>\n<tr>\n<td>\n<div>Sugar storage<\/div>\n<\/td>\n<td>\n<div>8 (kg)<\/div>\n<\/td>\n<td>\n<div>Maximum power<\/div>\n<\/td>\n<td>\n<div>2700W<\/div>\n<\/td>\n<\/tr>\n<tr>\n<td>\n<div>Operating temperature<\/div>\n<\/td>\n<td>\n<div>0-50\u00b0<\/div>\n<\/td>\n<td>\n<div>Rated voltage<\/div>\n<\/td>\n<td>\n<div>AC220V\/110V<\/div>\n<\/td>\n<\/tr>\n<tr>\n<td colspan=\"4\">\n<div>Since the device version is continuously upgraded, the data parameters are subject to the actual device.<\/div>\n<\/td>\n<\/tr>\n<\/tbody>\n<\/table>\n<p><iframe title=\"Fully Automatic Cotton Candy Vending Machine LE-318A\" width=\"563\" height=\"1000\" src=\"https:\/\/www.youtube.com\/embed\/7Hqg0Yjjjgo?feature=oembed\" frameborder=\"0\" allow=\"accelerometer; autoplay; clipboard-write; encrypted-media; gyroscope; picture-in-picture; web-share\" referrerpolicy=\"strict-origin-when-cross-origin\" allowfullscreen><\/iframe><\/p>\n<p>&nbsp;<\/p>\n","protected":false},"excerpt":{"rendered":"<p style=\"padding-left: 40px;\">Introducing the Fully Automatic Cotton Candy Vending Machine LE-318A. This innovative machine effortlessly transforms sugar into delicious cotton candy in seconds. Perfect for events or venues, the Automatic Cotton Candy Vending Machine enhances user convenience and profitability.<\/p>\n","protected":false},"featured_media":1676,"template":"","meta":[],"product_brand":[],"product_cat":[73,75],"product_tag":[],"class_list":{"0":"post-2828","1":"product","2":"type-product","3":"status-publish","4":"has-post-thumbnail","6":"product_cat-popcorn-cotton-candy-en","7":"product_cat-popcorn-cotten-candy-en","9":"first","10":"instock","11":"shipping-taxable","12":"product-type-simple"},"_links":{"self":[{"href":"https:\/\/www.alfadu-amusement.com\/index.php?rest_route=\/wp\/v2\/product\/2828","targetHints":{"allow":["GET"]}}],"collection":[{"href":"https:\/\/www.alfadu-amusement.com\/index.php?rest_route=\/wp\/v2\/product"}],"about":[{"href":"https:\/\/www.alfadu-amusement.com\/index.php?rest_route=\/wp\/v2\/types\/product"}],"wp:featuredmedia":[{"embeddable":true,"href":"https:\/\/www.alfadu-amusement.com\/index.php?rest_route=\/wp\/v2\/media\/1676"}],"wp:attachment":[{"href":"https:\/\/www.alfadu-amusement.com\/index.php?rest_route=%2Fwp%2Fv2%2Fmedia&parent=2828"}],"wp:term":[{"taxonomy":"product_brand","embeddable":true,"href":"https:\/\/www.alfadu-amusement.com\/index.php?rest_route=%2Fwp%2Fv2%2Fproduct_brand&post=2828"},{"taxonomy":"product_cat","embeddable":true,"href":"https:\/\/www.alfadu-amusement.com\/index.php?rest_route=%2Fwp%2Fv2%2Fproduct_cat&post=2828"},{"taxonomy":"product_tag","embeddable":true,"href":"https:\/\/www.alfadu-amusement.com\/index.php?rest_route=%2Fwp%2Fv2%2Fproduct_tag&post=2828"}],"curies":[{"name":"wp","href":"https:\/\/api.w.org\/{rel}","templated":true}]}}