{"id":2832,"date":"2025-10-15T10:56:06","date_gmt":"2025-10-15T10:56:06","guid":{"rendered":"https:\/\/www.alfadu-amusement.com\/?post_type=product&#038;p=2832"},"modified":"2025-10-15T10:56:07","modified_gmt":"2025-10-15T10:56:07","slug":"poli-faire-le-tour","status":"publish","type":"product","link":"https:\/\/www.alfadu-amusement.com\/?product=poli-faire-le-tour&lang=fr","title":{"rendered":"Poli faire le tour"},"content":{"rendered":"<p><strong>Br\u00e8ve description\u00a0:<\/strong><\/p>\n<p>Profil de la console de jeu\u00a0: POLI Go Around appartient \u00e0 un nouveau type de machine \u00e0 cartes.<\/p>\n<ul>\n<li>Dimensions\u00a0: 138 x 138 x 190 cm<\/li>\n<li>Consommation : 270 W<\/li>\n<\/ul>\n","protected":false},"excerpt":{"rendered":"<p><strong>Profil de la console de jeu<\/strong><\/p>\n<p>La POLI Go Arould est une machine \u00e0 cartes d&rsquo;un nouveau genre. Son design unique, \u00e9l\u00e9gant et \u00e9pur\u00e9, son contenu de jeu captivant et captivant, ainsi que ses cartes comm\u00e9moratives uniques, la rendent tr\u00e8s populaire aupr\u00e8s des jeunes joueurs dans les parcs d&rsquo;attractions. C&rsquo;est un autre chef-d&rsquo;\u0153uvre d\u00e9velopp\u00e9 par notre entreprise pour la recherche de contenu ludique populaire aupr\u00e8s des enfants, combin\u00e9 \u00e0 de nouveaux \u00e9l\u00e9ments de jeu populaires. C&rsquo;est un mod\u00e8le incontournable dans les lieux de divertissement.<\/p>\n<p><strong>Caract\u00e9ristiques de ce produit<\/strong><\/p>\n<p>Design \u00e9pur\u00e9, couleurs vives, esth\u00e9tique et autres caract\u00e9ristiques\u00a0;<\/p>\n<p>Carte m\u00e8re int\u00e9gr\u00e9e, processeur rapide, performances stables et fiables\u00a0;<\/p>\n<p>Fonctionnement \u00e0 monnayeur analogique de haute qualit\u00e9, large plage de r\u00e9glage, pr\u00e9cision r\u00e9glable, stabilit\u00e9 et fiabilit\u00e9\u00a0;<\/p>\n<p>Moteur de haute qualit\u00e9, durable et robuste\u00a0;<\/p>\n<p>Tous les composants de mouvement sont stables et fiables\u00a0;<\/p>\n<p>Le jeu est innovant, captivant et extr\u00eamement divertissant\u00a0;<\/p>\n<p>Le ratio de r\u00e9sultat d&rsquo;exploitation est ajustable en fonction de la situation r\u00e9elle.<\/p>\n<p><strong>D\u00e9roulement du jeu<\/strong><\/p>\n<p>Ce jeu est jouable \u00e0 deux simultan\u00e9ment. Apr\u00e8s avoir r\u00e9cup\u00e9r\u00e9 la borne de recharge POLI, ins\u00e9rez la pi\u00e8ce dans la fente pr\u00e9vue \u00e0 cet effet. Une fois la pi\u00e8ce lanc\u00e9e, une magnifique carte comm\u00e9morative appara\u00eet \u00e0 la sortie, permettant aux participants de la r\u00e9cup\u00e9rer. Apr\u00e8s la lecture de la carte, la musique d\u00e9marre et un message vocal indique aux joueurs de rester immobiles jusqu&rsquo;\u00e0 la fin du jeu. Pendant le jeu, la musique retentit, le plateau tourne doucement, la bo\u00eete lumineuse et les aiguilles tournent \u00e9galement, et le camion et la voiture sanitaire s&rsquo;abaissent. \u00c0 la fin du jeu, un message vocal indique de ne pas quitter le jeu avant l&rsquo;arr\u00eat complet.<\/p>\n","protected":false},"featured_media":2209,"template":"","meta":[],"product_brand":[],"product_cat":[422,383],"product_tag":[],"class_list":{"0":"post-2832","1":"product","2":"type-product","3":"status-publish","4":"has-post-thumbnail","6":"product_cat-carrousels-a-3-places","7":"product_cat-jeux-interactifs-jeux-avec-monnayeur","9":"first","10":"instock","11":"shipping-taxable","12":"product-type-simple"},"_links":{"self":[{"href":"https:\/\/www.alfadu-amusement.com\/index.php?rest_route=\/wp\/v2\/product\/2832","targetHints":{"allow":["GET"]}}],"collection":[{"href":"https:\/\/www.alfadu-amusement.com\/index.php?rest_route=\/wp\/v2\/product"}],"about":[{"href":"https:\/\/www.alfadu-amusement.com\/index.php?rest_route=\/wp\/v2\/types\/product"}],"wp:featuredmedia":[{"embeddable":true,"href":"https:\/\/www.alfadu-amusement.com\/index.php?rest_route=\/wp\/v2\/media\/2209"}],"wp:attachment":[{"href":"https:\/\/www.alfadu-amusement.com\/index.php?rest_route=%2Fwp%2Fv2%2Fmedia&parent=2832"}],"wp:term":[{"taxonomy":"product_brand","embeddable":true,"href":"https:\/\/www.alfadu-amusement.com\/index.php?rest_route=%2Fwp%2Fv2%2Fproduct_brand&post=2832"},{"taxonomy":"product_cat","embeddable":true,"href":"https:\/\/www.alfadu-amusement.com\/index.php?rest_route=%2Fwp%2Fv2%2Fproduct_cat&post=2832"},{"taxonomy":"product_tag","embeddable":true,"href":"https:\/\/www.alfadu-amusement.com\/index.php?rest_route=%2Fwp%2Fv2%2Fproduct_tag&post=2832"}],"curies":[{"name":"wp","href":"https:\/\/api.w.org\/{rel}","templated":true}]}}