{"id":2841,"date":"2025-10-15T11:05:37","date_gmt":"2025-10-15T11:05:37","guid":{"rendered":"https:\/\/www.alfadu-amusement.com\/?post_type=product&#038;p=2841"},"modified":"2025-10-15T11:05:37","modified_gmt":"2025-10-15T11:05:37","slug":"hockey-sur-glace-de-vitesse","status":"publish","type":"product","link":"https:\/\/www.alfadu-amusement.com\/?product=hockey-sur-glace-de-vitesse&lang=fr","title":{"rendered":"HOCKEY SUR GLACE DE VITESSE"},"content":{"rendered":"<table class=\"has-text-color has-link-color has-border-color has-fixed-layout\">\n<tbody>\n<tr>\n<td>\n<pre id=\"tw-target-text\" class=\"tw-data-text tw-text-large tw-ta\" dir=\"ltr\" tabindex=\"-1\" role=\"text\" data-placeholder=\"Traduction\" data-ved=\"2ahUKEwjUw5z1gaaQAxUtTaQEHcQpJtoQ3ewLegQICxAV\" aria-label=\"Texte traduit\u00a0: Dimensions\u00a0: 152\u00a0\u00d7\u00a0210\u00a0\u00d7\u00a0160\u00a0cm\r\nPuissance\u00a0: 650\u00a0W\r\nNom\u00a0: Speed \u200b\u200bIce Hockey\r\nTension\u00a0: 220-240\u00a0V\r\nMod\u00e8le\u00a0: JS-2025050004\"><span class=\"Y2IQFc\" lang=\"fr\">Dimensions\u00a0<\/span><\/pre>\n<\/td>\n<td>152 \u00d7 210 \u00d7 160 cm<\/td>\n<\/tr>\n<tr>\n<td>\n<pre id=\"tw-target-text\" class=\"tw-data-text tw-text-large tw-ta\" dir=\"ltr\" tabindex=\"-1\" role=\"text\" data-placeholder=\"Traduction\" data-ved=\"2ahUKEwjUw5z1gaaQAxUtTaQEHcQpJtoQ3ewLegQICxAV\" aria-label=\"Texte traduit\u00a0: Dimensions\u00a0: 152\u00a0\u00d7\u00a0210\u00a0\u00d7\u00a0160\u00a0cm\r\nPuissance\u00a0: 650\u00a0W\r\nNom\u00a0: Speed \u200b\u200bIce Hockey\r\nTension\u00a0: 220-240\u00a0V\r\nMod\u00e8le\u00a0: JS-2025050004\"><span class=\"Y2IQFc\" lang=\"fr\">Puissance\u00a0<\/span><\/pre>\n<\/td>\n<td>650W<\/td>\n<\/tr>\n<tr>\n<td>\n<pre id=\"tw-target-text\" class=\"tw-data-text tw-text-large tw-ta\" dir=\"ltr\" tabindex=\"-1\" role=\"text\" data-placeholder=\"Traduction\" data-ved=\"2ahUKEwjUw5z1gaaQAxUtTaQEHcQpJtoQ3ewLegQICxAV\" aria-label=\"Texte traduit\u00a0: Dimensions\u00a0: 152\u00a0\u00d7\u00a0210\u00a0\u00d7\u00a0160\u00a0cm\r\nPuissance\u00a0: 650\u00a0W\r\nNom\u00a0: Speed \u200b\u200bIce Hockey\r\nTension\u00a0: 220-240\u00a0V\r\nMod\u00e8le\u00a0: JS-2025050004\"><span class=\"Y2IQFc\" lang=\"fr\">Nom\u00a0<\/span><\/pre>\n<\/td>\n<td>Speed Ice Hockey<\/td>\n<\/tr>\n<tr>\n<td>\n<pre id=\"tw-target-text\" class=\"tw-data-text tw-text-large tw-ta\" dir=\"ltr\" tabindex=\"-1\" role=\"text\" data-placeholder=\"Traduction\" data-ved=\"2ahUKEwjUw5z1gaaQAxUtTaQEHcQpJtoQ3ewLegQICxAV\" aria-label=\"Texte traduit\u00a0: Dimensions\u00a0: 152\u00a0\u00d7\u00a0210\u00a0\u00d7\u00a0160\u00a0cm\r\nPuissance\u00a0: 650\u00a0W\r\nNom\u00a0: Speed \u200b\u200bIce Hockey\r\nTension\u00a0: 220-240\u00a0V\r\nMod\u00e8le\u00a0: JS-2025050004\"><span class=\"Y2IQFc\" lang=\"fr\">Tension\u00a0<\/span><\/pre>\n<\/td>\n<td>220-240V<\/td>\n<\/tr>\n<tr>\n<td>\n<pre id=\"tw-target-text\" class=\"tw-data-text tw-text-large tw-ta\" dir=\"ltr\" tabindex=\"-1\" role=\"text\" data-placeholder=\"Traduction\" data-ved=\"2ahUKEwjUw5z1gaaQAxUtTaQEHcQpJtoQ3ewLegQICxAV\" aria-label=\"Texte traduit\u00a0: Dimensions\u00a0: 152\u00a0\u00d7\u00a0210\u00a0\u00d7\u00a0160\u00a0cm\r\nPuissance\u00a0: 650\u00a0W\r\nNom\u00a0: Speed \u200b\u200bIce Hockey\r\nTension\u00a0: 220-240\u00a0V\r\nMod\u00e8le\u00a0: JS-2025050004\"><span class=\"Y2IQFc\" lang=\"fr\">Mod\u00e8le\u00a0<\/span><\/pre>\n<\/td>\n<td>JS-2025050004<\/td>\n<\/tr>\n<\/tbody>\n<\/table>\n","protected":false},"excerpt":{"rendered":"<p>Vivez une exp\u00e9rience de hockey sur coussin d&rsquo;air rapide avec la table Speed \u200b\u200bIce Hockey. Ce jeu d&rsquo;arcade multi-palets est dot\u00e9 d&rsquo;un \u00e9clairage LED \u00e9clatant, id\u00e9al pour des moments de divertissement intenses dans les salles d&rsquo;arcade, les centres de loisirs familiaux et les salles de jeux.<\/p>\n<p>https:\/\/youtu.be\/oyRaXg3gmKM?si=nBhr3yEbxZPsFybC<\/p>\n<p>&nbsp;<\/p>\n","protected":false},"featured_media":835,"template":"","meta":[],"product_brand":[],"product_cat":[424,383],"product_tag":[],"class_list":{"0":"post-2841","1":"product","2":"type-product","3":"status-publish","4":"has-post-thumbnail","6":"product_cat-hockey-aerien","7":"product_cat-jeux-interactifs-jeux-avec-monnayeur","9":"first","10":"instock","11":"shipping-taxable","12":"product-type-simple"},"_links":{"self":[{"href":"https:\/\/www.alfadu-amusement.com\/index.php?rest_route=\/wp\/v2\/product\/2841","targetHints":{"allow":["GET"]}}],"collection":[{"href":"https:\/\/www.alfadu-amusement.com\/index.php?rest_route=\/wp\/v2\/product"}],"about":[{"href":"https:\/\/www.alfadu-amusement.com\/index.php?rest_route=\/wp\/v2\/types\/product"}],"wp:featuredmedia":[{"embeddable":true,"href":"https:\/\/www.alfadu-amusement.com\/index.php?rest_route=\/wp\/v2\/media\/835"}],"wp:attachment":[{"href":"https:\/\/www.alfadu-amusement.com\/index.php?rest_route=%2Fwp%2Fv2%2Fmedia&parent=2841"}],"wp:term":[{"taxonomy":"product_brand","embeddable":true,"href":"https:\/\/www.alfadu-amusement.com\/index.php?rest_route=%2Fwp%2Fv2%2Fproduct_brand&post=2841"},{"taxonomy":"product_cat","embeddable":true,"href":"https:\/\/www.alfadu-amusement.com\/index.php?rest_route=%2Fwp%2Fv2%2Fproduct_cat&post=2841"},{"taxonomy":"product_tag","embeddable":true,"href":"https:\/\/www.alfadu-amusement.com\/index.php?rest_route=%2Fwp%2Fv2%2Fproduct_tag&post=2841"}],"curies":[{"name":"wp","href":"https:\/\/api.w.org\/{rel}","templated":true}]}}