{"id":2848,"date":"2025-10-15T11:15:46","date_gmt":"2025-10-15T11:15:46","guid":{"rendered":"https:\/\/www.alfadu-amusement.com\/?post_type=product&#038;p=2848"},"modified":"2025-11-29T18:51:56","modified_gmt":"2025-11-29T18:51:56","slug":"basket-ball-pour-enfants","status":"publish","type":"product","link":"https:\/\/www.alfadu-amusement.com\/?product=basket-ball-pour-enfants&lang=fr","title":{"rendered":"Basket-ball pour enfants"},"content":{"rendered":"<table class=\"has-text-color has-link-color has-border-color has-fixed-layout\">\n<tbody>\n<tr>\n<td>\n<pre id=\"tw-target-text\" class=\"tw-data-text tw-text-large tw-ta\" dir=\"ltr\" tabindex=\"-1\" role=\"text\" data-placeholder=\"Traduction\" data-ved=\"2ahUKEwjUw5z1gaaQAxUtTaQEHcQpJtoQ3ewLegQICxAV\" aria-label=\"Texte traduit\u00a0: Num\u00e9ro de mod\u00e8le\u00a0: LF-BK08 Nom\u00a0: Basket-ball pour b\u00e9b\u00e9 \u2013 Pour enfants Dimensions\u00a0: L\u00a080\u00a0x\u00a0P\u00a0150\u00a0x\u00a0H\u00a0185\u00a0cm Joueur\u00a01 Utilisation de billets en option Utilisation de jouets en capsules en option Connexion prise en charge Oui\"><span class=\"Y2IQFc\" lang=\"fr\">Num\u00e9ro de mod\u00e8le<\/span><\/pre>\n<\/td>\n<td>LF-BK08<\/td>\n<\/tr>\n<tr>\n<td>\n<pre id=\"tw-target-text\" class=\"tw-data-text tw-text-large tw-ta\" dir=\"ltr\" tabindex=\"-1\" role=\"text\" data-placeholder=\"Traduction\" data-ved=\"2ahUKEwjUw5z1gaaQAxUtTaQEHcQpJtoQ3ewLegQICxAV\" aria-label=\"Texte traduit\u00a0: Num\u00e9ro de mod\u00e8le\u00a0: LF-BK08 Nom\u00a0: Basket-ball pour b\u00e9b\u00e9 \u2013 Pour enfants Dimensions\u00a0: L\u00a080\u00a0x\u00a0P\u00a0150\u00a0x\u00a0H\u00a0185\u00a0cm Joueur\u00a01 Utilisation de billets en option Utilisation de jouets en capsules en option Connexion prise en charge Oui\"><span class=\"Y2IQFc\" lang=\"fr\">Nom\u00a0<\/span><\/pre>\n<\/td>\n<td>Basketball Baby \u2013 For Kids<\/td>\n<\/tr>\n<tr>\n<td>\n<pre id=\"tw-target-text\" class=\"tw-data-text tw-text-large tw-ta\" dir=\"ltr\" tabindex=\"-1\" role=\"text\" data-placeholder=\"Traduction\" data-ved=\"2ahUKEwjUw5z1gaaQAxUtTaQEHcQpJtoQ3ewLegQICxAV\" aria-label=\"Texte traduit\u00a0: Num\u00e9ro de mod\u00e8le\u00a0: LF-BK08 Nom\u00a0: Basket-ball pour b\u00e9b\u00e9 \u2013 Pour enfants Dimensions\u00a0: L\u00a080\u00a0x\u00a0P\u00a0150\u00a0x\u00a0H\u00a0185\u00a0cm Joueur\u00a01 Utilisation de billets en option Utilisation de jouets en capsules en option Connexion prise en charge Oui\"><span class=\"Y2IQFc\" lang=\"fr\">Dimensions\u00a0<\/span><\/pre>\n<\/td>\n<td>W80*<em>D150<\/em>H*185cm<\/td>\n<\/tr>\n<tr>\n<td>\n<pre id=\"tw-target-text\" class=\"tw-data-text tw-text-large tw-ta\" dir=\"ltr\" tabindex=\"-1\" role=\"text\" data-placeholder=\"Traduction\" data-ved=\"2ahUKEwjUw5z1gaaQAxUtTaQEHcQpJtoQ3ewLegQICxAV\" aria-label=\"Texte traduit\u00a0: Num\u00e9ro de mod\u00e8le\u00a0: LF-BK08 Nom\u00a0: Basket-ball pour b\u00e9b\u00e9 \u2013 Pour enfants Dimensions\u00a0: L\u00a080\u00a0x\u00a0P\u00a0150\u00a0x\u00a0H\u00a0185\u00a0cm Joueur\u00a01 Utilisation de billets en option Utilisation de jouets en capsules en option Connexion prise en charge Oui\"><span class=\"Y2IQFc\" lang=\"fr\">Joueur<\/span><\/pre>\n<\/td>\n<td>1<\/td>\n<\/tr>\n<tr>\n<td>\n<pre id=\"tw-target-text\" class=\"tw-data-text tw-text-large tw-ta\" dir=\"ltr\" tabindex=\"-1\" role=\"text\" data-placeholder=\"Traduction\" data-ved=\"2ahUKEwjUw5z1gaaQAxUtTaQEHcQpJtoQ3ewLegQICxAV\" aria-label=\"Texte traduit\u00a0: Num\u00e9ro de mod\u00e8le\u00a0: LF-BK08 Nom\u00a0: Basket-ball pour b\u00e9b\u00e9 \u2013 Pour enfants Dimensions\u00a0: L\u00a080\u00a0x\u00a0P\u00a0150\u00a0x\u00a0H\u00a0185\u00a0cm Joueur\u00a01 Utilisation de billets en option Utilisation de jouets en capsules en option Connexion prise en charge Oui\"><span class=\"Y2IQFc\" lang=\"fr\">Utilisation de billets <\/span><\/pre>\n<\/td>\n<td>\n<p id=\"tw-target-text\" class=\"tw-data-text tw-text-large tw-ta\" dir=\"ltr\" tabindex=\"-1\" role=\"text\" data-placeholder=\"Traduction\" data-ved=\"2ahUKEwjUw5z1gaaQAxUtTaQEHcQpJtoQ3ewLegQICxAV\" aria-label=\"Texte traduit\u00a0: Num\u00e9ro de mod\u00e8le\u00a0: LF-BK08 Nom\u00a0: Basket-ball pour b\u00e9b\u00e9 \u2013 Pour enfants Dimensions\u00a0: L\u00a080\u00a0x\u00a0P\u00a0150\u00a0x\u00a0H\u00a0185\u00a0cm Joueur\u00a01 Utilisation de billets en option Utilisation de jouets en capsules en option Connexion prise en charge Oui\"><span class=\"Y2IQFc\" lang=\"fr\">en option<\/span><\/p>\n<\/td>\n<\/tr>\n<tr>\n<td>\n<pre id=\"tw-target-text\" class=\"tw-data-text tw-text-large tw-ta\" dir=\"ltr\" tabindex=\"-1\" role=\"text\" data-placeholder=\"Traduction\" data-ved=\"2ahUKEwjUw5z1gaaQAxUtTaQEHcQpJtoQ3ewLegQICxAV\" aria-label=\"Texte traduit\u00a0: Num\u00e9ro de mod\u00e8le\u00a0: LF-BK08 Nom\u00a0: Basket-ball pour b\u00e9b\u00e9 \u2013 Pour enfants Dimensions\u00a0: L\u00a080\u00a0x\u00a0P\u00a0150\u00a0x\u00a0H\u00a0185\u00a0cm Joueur\u00a01 Utilisation de billets en option Utilisation de jouets en capsules en option Connexion prise en charge Oui\"><span class=\"Y2IQFc\" lang=\"fr\">Utilisation de jouets en capsules<\/span><\/pre>\n<\/td>\n<td>\n<p id=\"tw-target-text\" class=\"tw-data-text tw-text-large tw-ta\" dir=\"ltr\" tabindex=\"-1\" role=\"text\" data-placeholder=\"Traduction\" data-ved=\"2ahUKEwjUw5z1gaaQAxUtTaQEHcQpJtoQ3ewLegQICxAV\" aria-label=\"Texte traduit\u00a0: Num\u00e9ro de mod\u00e8le\u00a0: LF-BK08 Nom\u00a0: Basket-ball pour b\u00e9b\u00e9 \u2013 Pour enfants Dimensions\u00a0: L\u00a080\u00a0x\u00a0P\u00a0150\u00a0x\u00a0H\u00a0185\u00a0cm Joueur\u00a01 Utilisation de billets en option Utilisation de jouets en capsules en option Connexion prise en charge Oui\"><span class=\"Y2IQFc\" lang=\"fr\">en option<\/span><\/p>\n<\/td>\n<\/tr>\n<tr>\n<td>\n<pre id=\"tw-target-text\" class=\"tw-data-text tw-text-large tw-ta\" dir=\"ltr\" tabindex=\"-1\" role=\"text\" data-placeholder=\"Traduction\" data-ved=\"2ahUKEwjUw5z1gaaQAxUtTaQEHcQpJtoQ3ewLegQICxAV\" aria-label=\"Texte traduit\u00a0: Num\u00e9ro de mod\u00e8le\u00a0: LF-BK08 Nom\u00a0: Basket-ball pour b\u00e9b\u00e9 \u2013 Pour enfants Dimensions\u00a0: L\u00a080\u00a0x\u00a0P\u00a0150\u00a0x\u00a0H\u00a0185\u00a0cm Joueur\u00a01 Utilisation de billets en option Utilisation de jouets en capsules en option Connexion prise en charge Oui\"><span class=\"Y2IQFc\" lang=\"fr\">Connexion prise en charge<\/span><\/pre>\n<\/td>\n<td>\n<blockquote><p>Oui<\/p><\/blockquote>\n<\/td>\n<\/tr>\n<\/tbody>\n<\/table>\n","protected":false},"excerpt":{"rendered":"<p>Con\u00e7ue pour les enfants, cette machine d&rsquo;arcade de basket-ball color\u00e9e propose une musique amusante, un \u00e9clairage LED, des r\u00e9compenses sous forme de billets et une hauteur adapt\u00e9e aux enfants, parfaite pour les terrains de jeux int\u00e9rieurs, les centres de divertissement familiaux et les salles d&rsquo;arcade.<\/p>\n","protected":false},"featured_media":853,"template":"","meta":[],"product_brand":[],"product_cat":[426,383],"product_tag":[],"class_list":{"0":"post-2848","1":"product","2":"type-product","3":"status-publish","4":"has-post-thumbnail","6":"product_cat-basketball-fr","7":"product_cat-jeux-interactifs-jeux-avec-monnayeur","9":"first","10":"instock","11":"shipping-taxable","12":"product-type-simple"},"_links":{"self":[{"href":"https:\/\/www.alfadu-amusement.com\/index.php?rest_route=\/wp\/v2\/product\/2848","targetHints":{"allow":["GET"]}}],"collection":[{"href":"https:\/\/www.alfadu-amusement.com\/index.php?rest_route=\/wp\/v2\/product"}],"about":[{"href":"https:\/\/www.alfadu-amusement.com\/index.php?rest_route=\/wp\/v2\/types\/product"}],"wp:featuredmedia":[{"embeddable":true,"href":"https:\/\/www.alfadu-amusement.com\/index.php?rest_route=\/wp\/v2\/media\/853"}],"wp:attachment":[{"href":"https:\/\/www.alfadu-amusement.com\/index.php?rest_route=%2Fwp%2Fv2%2Fmedia&parent=2848"}],"wp:term":[{"taxonomy":"product_brand","embeddable":true,"href":"https:\/\/www.alfadu-amusement.com\/index.php?rest_route=%2Fwp%2Fv2%2Fproduct_brand&post=2848"},{"taxonomy":"product_cat","embeddable":true,"href":"https:\/\/www.alfadu-amusement.com\/index.php?rest_route=%2Fwp%2Fv2%2Fproduct_cat&post=2848"},{"taxonomy":"product_tag","embeddable":true,"href":"https:\/\/www.alfadu-amusement.com\/index.php?rest_route=%2Fwp%2Fv2%2Fproduct_tag&post=2848"}],"curies":[{"name":"wp","href":"https:\/\/api.w.org\/{rel}","templated":true}]}}