{"id":2852,"date":"2025-10-15T11:21:02","date_gmt":"2025-10-15T11:21:02","guid":{"rendered":"https:\/\/www.alfadu-amusement.com\/?post_type=product&#038;p=2852"},"modified":"2025-10-15T11:21:02","modified_gmt":"2025-10-15T11:21:02","slug":"basketball-lcd-55-2","status":"publish","type":"product","link":"https:\/\/www.alfadu-amusement.com\/?product=basketball-lcd-55-2&lang=fr","title":{"rendered":"Basketball LCD 55\u201d"},"content":{"rendered":"<table class=\"has-text-color has-link-color has-border-color has-fixed-layout\">\n<tbody>\n<tr>\n<td>\n<pre id=\"tw-target-text\" class=\"tw-data-text tw-text-large tw-ta\" dir=\"ltr\" tabindex=\"-1\" role=\"text\" data-placeholder=\"Traduction\" data-ved=\"2ahUKEwjUw5z1gaaQAxUtTaQEHcQpJtoQ3ewLegQICxAV\" aria-label=\"Texte traduit\u00a0: Num\u00e9ro de mod\u00e8le\u00a0: LF-BSK01\r\n\u00c9cran\u00a0: LCD 55\u2033\r\nDimensions\u00a0: L 102 x P 242 x H 240 cm\r\nAlimentation\u00a0: 110\u00a0V\/220\u00a0V, 240\u00a0W\r\nNom\u00a0: Super Basketball avec \u00e9cran LCD\r\nJoueur\u00a01\r\nFonction d'\u00e9change de billets en option\r\nConnexion multijoueur\u00a0: Oui, connexion possible\"><span class=\"Y2IQFc\" lang=\"fr\">Num\u00e9ro de mod\u00e8le<\/span><\/pre>\n<\/td>\n<td>LF-BSK01<\/td>\n<\/tr>\n<tr>\n<td>\n<pre id=\"tw-target-text\" class=\"tw-data-text tw-text-large tw-ta\" dir=\"ltr\" tabindex=\"-1\" role=\"text\" data-placeholder=\"Traduction\" data-ved=\"2ahUKEwjUw5z1gaaQAxUtTaQEHcQpJtoQ3ewLegQICxAV\" aria-label=\"Texte traduit\u00a0: Num\u00e9ro de mod\u00e8le\u00a0: LF-BSK01\r\n\u00c9cran\u00a0: LCD 55\u2033\r\nDimensions\u00a0: L 102 x P 242 x H 240 cm\r\nAlimentation\u00a0: 110\u00a0V\/220\u00a0V, 240\u00a0W\r\nNom\u00a0: Super Basketball avec \u00e9cran LCD\r\nJoueur\u00a01\r\nFonction d'\u00e9change de billets en option\r\nConnexion multijoueur\u00a0: Oui, connexion possible\"><span class=\"Y2IQFc\" lang=\"fr\">\u00c9cran<\/span><\/pre>\n<\/td>\n<td>55\u2033 LCD<\/td>\n<\/tr>\n<tr>\n<td>\n<pre id=\"tw-target-text\" class=\"tw-data-text tw-text-large tw-ta\" dir=\"ltr\" tabindex=\"-1\" role=\"text\" data-placeholder=\"Traduction\" data-ved=\"2ahUKEwjUw5z1gaaQAxUtTaQEHcQpJtoQ3ewLegQICxAV\" aria-label=\"Texte traduit\u00a0: Num\u00e9ro de mod\u00e8le\u00a0: LF-BSK01\r\n\u00c9cran\u00a0: LCD 55\u2033\r\nDimensions\u00a0: L 102 x P 242 x H 240 cm\r\nAlimentation\u00a0: 110\u00a0V\/220\u00a0V, 240\u00a0W\r\nNom\u00a0: Super Basketball avec \u00e9cran LCD\r\nJoueur\u00a01\r\nFonction d'\u00e9change de billets en option\r\nConnexion multijoueur\u00a0: Oui, connexion possible\"><span class=\"Y2IQFc\" lang=\"fr\">Dimensions\u00a0<\/span><\/pre>\n<\/td>\n<td>W102*<em>D242<\/em>H*240cm<\/td>\n<\/tr>\n<tr>\n<td>\n<pre id=\"tw-target-text\" class=\"tw-data-text tw-text-large tw-ta\" dir=\"ltr\" tabindex=\"-1\" role=\"text\" data-placeholder=\"Traduction\" data-ved=\"2ahUKEwjUw5z1gaaQAxUtTaQEHcQpJtoQ3ewLegQICxAV\" aria-label=\"Texte traduit\u00a0: Num\u00e9ro de mod\u00e8le\u00a0: LF-BSK01\r\n\u00c9cran\u00a0: LCD 55\u2033\r\nDimensions\u00a0: L 102 x P 242 x H 240 cm\r\nAlimentation\u00a0: 110\u00a0V\/220\u00a0V, 240\u00a0W\r\nNom\u00a0: Super Basketball avec \u00e9cran LCD\r\nJoueur\u00a01\r\nFonction d'\u00e9change de billets en option\r\nConnexion multijoueur\u00a0: Oui, connexion possible\"><span class=\"Y2IQFc\" lang=\"fr\">Alimentation\u00a0<\/span><\/pre>\n<\/td>\n<td>110V\/220V, 240W<\/td>\n<\/tr>\n<tr>\n<td>\n<pre id=\"tw-target-text\" class=\"tw-data-text tw-text-large tw-ta\" dir=\"ltr\" tabindex=\"-1\" role=\"text\" data-placeholder=\"Traduction\" data-ved=\"2ahUKEwjUw5z1gaaQAxUtTaQEHcQpJtoQ3ewLegQICxAV\" aria-label=\"Texte traduit\u00a0: Num\u00e9ro de mod\u00e8le\u00a0: LF-BSK01\r\n\u00c9cran\u00a0: LCD 55\u2033\r\nDimensions\u00a0: L 102 x P 242 x H 240 cm\r\nAlimentation\u00a0: 110\u00a0V\/220\u00a0V, 240\u00a0W\r\nNom\u00a0: Super Basketball avec \u00e9cran LCD\r\nJoueur\u00a01\r\nFonction d'\u00e9change de billets en option\r\nConnexion multijoueur\u00a0: Oui, connexion possible\"><span class=\"Y2IQFc\" lang=\"fr\">Nom\u00a0<\/span><\/pre>\n<\/td>\n<td>Super Basketball with LCD<\/td>\n<\/tr>\n<tr>\n<td>\n<pre id=\"tw-target-text\" class=\"tw-data-text tw-text-large tw-ta\" dir=\"ltr\" tabindex=\"-1\" role=\"text\" data-placeholder=\"Traduction\" data-ved=\"2ahUKEwjUw5z1gaaQAxUtTaQEHcQpJtoQ3ewLegQICxAV\" aria-label=\"Texte traduit\u00a0: Num\u00e9ro de mod\u00e8le\u00a0: LF-BSK01\r\n\u00c9cran\u00a0: LCD 55\u2033\r\nDimensions\u00a0: L 102 x P 242 x H 240 cm\r\nAlimentation\u00a0: 110\u00a0V\/220\u00a0V, 240\u00a0W\r\nNom\u00a0: Super Basketball avec \u00e9cran LCD\r\nJoueur\u00a01\r\nFonction d'\u00e9change de billets en option\r\nConnexion multijoueur\u00a0: Oui, connexion possible\"><span class=\"Y2IQFc\" lang=\"fr\">Joueur\u00a0<\/span><\/pre>\n<\/td>\n<td>1<\/td>\n<\/tr>\n<tr>\n<td>\n<pre id=\"tw-target-text\" class=\"tw-data-text tw-text-large tw-ta\" dir=\"ltr\" tabindex=\"-1\" role=\"text\" data-placeholder=\"Traduction\" data-ved=\"2ahUKEwjUw5z1gaaQAxUtTaQEHcQpJtoQ3ewLegQICxAV\" aria-label=\"Texte traduit\u00a0: Num\u00e9ro de mod\u00e8le\u00a0: LF-BSK01\r\n\u00c9cran\u00a0: LCD 55\u2033\r\nDimensions\u00a0: L 102 x P 242 x H 240 cm\r\nAlimentation\u00a0: 110\u00a0V\/220\u00a0V, 240\u00a0W\r\nNom\u00a0: Super Basketball avec \u00e9cran LCD\r\nJoueur\u00a01\r\nFonction d'\u00e9change de billets en option\r\nConnexion multijoueur\u00a0: Oui, connexion possible\"><span class=\"Y2IQFc\" lang=\"fr\">Fonction d'\u00e9change de billets <\/span><\/pre>\n<\/td>\n<td>\n<p id=\"tw-target-text\" class=\"tw-data-text tw-text-large tw-ta\" dir=\"ltr\" tabindex=\"-1\" role=\"text\" data-placeholder=\"Traduction\" data-ved=\"2ahUKEwjUw5z1gaaQAxUtTaQEHcQpJtoQ3ewLegQICxAV\" aria-label=\"Texte traduit\u00a0: Num\u00e9ro de mod\u00e8le\u00a0: LF-BSK01\n\u00c9cran\u00a0: LCD 55\u2033\nDimensions\u00a0: L 102 x P 242 x H 240 cm\nAlimentation\u00a0: 110\u00a0V\/220\u00a0V, 240\u00a0W\nNom\u00a0: Super Basketball avec \u00e9cran LCD\nJoueur\u00a01\nFonction d'\u00e9change de billets en option\nConnexion multijoueur\u00a0: Oui, connexion possible\"><span class=\"Y2IQFc\" lang=\"fr\">en option<\/span><\/p>\n<\/td>\n<\/tr>\n<tr>\n<td>\n<pre id=\"tw-target-text\" class=\"tw-data-text tw-text-large tw-ta\" dir=\"ltr\" tabindex=\"-1\" role=\"text\" data-placeholder=\"Traduction\" data-ved=\"2ahUKEwjUw5z1gaaQAxUtTaQEHcQpJtoQ3ewLegQICxAV\" aria-label=\"Texte traduit\u00a0: Num\u00e9ro de mod\u00e8le\u00a0: LF-BSK01\r\n\u00c9cran\u00a0: LCD 55\u2033\r\nDimensions\u00a0: L 102 x P 242 x H 240 cm\r\nAlimentation\u00a0: 110\u00a0V\/220\u00a0V, 240\u00a0W\r\nNom\u00a0: Super Basketball avec \u00e9cran LCD\r\nJoueur\u00a01\r\nFonction d'\u00e9change de billets en option\r\nConnexion multijoueur\u00a0: Oui, connexion possible\"><span class=\"Y2IQFc\" lang=\"fr\">Connexion multijoueur<\/span><\/pre>\n<\/td>\n<td>\n<p id=\"tw-target-text\" class=\"tw-data-text tw-text-large tw-ta\" dir=\"ltr\" tabindex=\"-1\" role=\"text\" data-placeholder=\"Traduction\" data-ved=\"2ahUKEwjUw5z1gaaQAxUtTaQEHcQpJtoQ3ewLegQICxAV\" aria-label=\"Texte traduit\u00a0: Num\u00e9ro de mod\u00e8le\u00a0: LF-BSK01\n\u00c9cran\u00a0: LCD 55\u2033\nDimensions\u00a0: L 102 x P 242 x H 240 cm\nAlimentation\u00a0: 110\u00a0V\/220\u00a0V, 240\u00a0W\nNom\u00a0: Super Basketball avec \u00e9cran LCD\nJoueur\u00a01\nFonction d'\u00e9change de billets en option\nConnexion multijoueur\u00a0: Oui, connexion possible\"><span class=\"Y2IQFc\" lang=\"fr\">Oui, connexion possible<\/span><\/p>\n<\/td>\n<\/tr>\n<\/tbody>\n<\/table>\n","protected":false},"excerpt":{"rendered":"<p>Cette borne d&rsquo;arcade de basket-ball LCD associe un \u00e9clairage RVB dynamique, un tableau d&rsquo;affichage num\u00e9rique et un affichage LCD complet du classement. Avec son design professionnel et son monnayeur, elle est id\u00e9ale pour les salles d&rsquo;arcade et les salles de jeux modernes.<\/p>\n","protected":false},"featured_media":848,"template":"","meta":[],"product_brand":[],"product_cat":[426,383],"product_tag":[],"class_list":{"0":"post-2852","1":"product","2":"type-product","3":"status-publish","4":"has-post-thumbnail","6":"product_cat-basketball-fr","7":"product_cat-jeux-interactifs-jeux-avec-monnayeur","9":"first","10":"instock","11":"shipping-taxable","12":"product-type-simple"},"_links":{"self":[{"href":"https:\/\/www.alfadu-amusement.com\/index.php?rest_route=\/wp\/v2\/product\/2852","targetHints":{"allow":["GET"]}}],"collection":[{"href":"https:\/\/www.alfadu-amusement.com\/index.php?rest_route=\/wp\/v2\/product"}],"about":[{"href":"https:\/\/www.alfadu-amusement.com\/index.php?rest_route=\/wp\/v2\/types\/product"}],"wp:featuredmedia":[{"embeddable":true,"href":"https:\/\/www.alfadu-amusement.com\/index.php?rest_route=\/wp\/v2\/media\/848"}],"wp:attachment":[{"href":"https:\/\/www.alfadu-amusement.com\/index.php?rest_route=%2Fwp%2Fv2%2Fmedia&parent=2852"}],"wp:term":[{"taxonomy":"product_brand","embeddable":true,"href":"https:\/\/www.alfadu-amusement.com\/index.php?rest_route=%2Fwp%2Fv2%2Fproduct_brand&post=2852"},{"taxonomy":"product_cat","embeddable":true,"href":"https:\/\/www.alfadu-amusement.com\/index.php?rest_route=%2Fwp%2Fv2%2Fproduct_cat&post=2852"},{"taxonomy":"product_tag","embeddable":true,"href":"https:\/\/www.alfadu-amusement.com\/index.php?rest_route=%2Fwp%2Fv2%2Fproduct_tag&post=2852"}],"curies":[{"name":"wp","href":"https:\/\/api.w.org\/{rel}","templated":true}]}}