{"id":2862,"date":"2025-10-15T15:49:56","date_gmt":"2025-10-15T15:49:56","guid":{"rendered":"https:\/\/www.alfadu-amusement.com\/?post_type=product&#038;p=2862"},"modified":"2025-10-15T15:49:56","modified_gmt":"2025-10-15T15:49:56","slug":"helly-copter-2","status":"publish","type":"product","link":"https:\/\/www.alfadu-amusement.com\/?product=helly-copter-2&lang=fr","title":{"rendered":"Helly Copter"},"content":{"rendered":"<div class=\"product-meta\">\n<p><strong>Br\u00e8ve description\u00a0:<\/strong><\/p>\n<p>PR\u00c9SENTATION DU JEU\u00a0: Helly Copter est le nouveau jeu pour enfants d\u00e9velopp\u00e9 par mon entreprise.<\/p>\n<p>Dimensions\u00a0: L\u00a01\u00a0730\u00a0\u00d7 l\u00a01\u00a0358\u00a0\u00d7 H\u00a01\u00a0910\u00a0mm<br \/>\nConsommation\u00a0: 515\u00a0W<br \/>\nPoids\u00a0: 205\u00a0kg<\/p>\n<\/div>\n","protected":false},"excerpt":{"rendered":"<p><strong>PR\u00c9SENTATION DU JEU<\/strong><\/p>\n<p>Helly Copter est un nouveau produit d\u00e9velopp\u00e9 par notre entreprise, sp\u00e9cialement con\u00e7u pour le divertissement des enfants et les jeux d&rsquo;int\u00e9rieur. Ce produit innovant, esth\u00e9tique, s\u00fbr et fiable, simple et s\u00fbr d&rsquo;utilisation, allie sport et divertissement, et est un incontournable pour les aires de jeux.<\/p>\n<p><strong>Caract\u00e9ristiques du produit\u00a0:<\/strong><\/p>\n<p>Le jeu est simple, stimulant, d\u00e9contract\u00e9 et divertissant\u00a0;<\/p>\n<p>Le design ext\u00e9rieur est \u00e9l\u00e9gant et g\u00e9n\u00e9reux, avec des motifs lumineux et d\u00e9licats\u00a0;<\/p>\n<p>Mat\u00e9riaux\u00a0: plaque de fibre moyenne, corni\u00e8re et t\u00f4le, trait\u00e9s antirouille, s\u00fbrs et durables\u00a0;<\/p>\n<p>Utilisation d&rsquo;un circuit int\u00e9gr\u00e9 \u00e0 grande \u00e9chelle et d&rsquo;un programme int\u00e9gr\u00e9, pour des performances stables et fiables\u00a0;<\/p>\n<p>Le programme de jeu et le rapport de revenus sont pr\u00e9cis et r\u00e9glables.<\/p>\n","protected":false},"featured_media":2204,"template":"","meta":[],"product_brand":[],"product_cat":[383,434],"product_tag":[],"class_list":{"0":"post-2862","1":"product","2":"type-product","3":"status-publish","4":"has-post-thumbnail","6":"product_cat-jeux-interactifs-jeux-avec-monnayeur","7":"product_cat-maneges-pour-enfants","9":"first","10":"instock","11":"shipping-taxable","12":"product-type-simple"},"_links":{"self":[{"href":"https:\/\/www.alfadu-amusement.com\/index.php?rest_route=\/wp\/v2\/product\/2862","targetHints":{"allow":["GET"]}}],"collection":[{"href":"https:\/\/www.alfadu-amusement.com\/index.php?rest_route=\/wp\/v2\/product"}],"about":[{"href":"https:\/\/www.alfadu-amusement.com\/index.php?rest_route=\/wp\/v2\/types\/product"}],"wp:featuredmedia":[{"embeddable":true,"href":"https:\/\/www.alfadu-amusement.com\/index.php?rest_route=\/wp\/v2\/media\/2204"}],"wp:attachment":[{"href":"https:\/\/www.alfadu-amusement.com\/index.php?rest_route=%2Fwp%2Fv2%2Fmedia&parent=2862"}],"wp:term":[{"taxonomy":"product_brand","embeddable":true,"href":"https:\/\/www.alfadu-amusement.com\/index.php?rest_route=%2Fwp%2Fv2%2Fproduct_brand&post=2862"},{"taxonomy":"product_cat","embeddable":true,"href":"https:\/\/www.alfadu-amusement.com\/index.php?rest_route=%2Fwp%2Fv2%2Fproduct_cat&post=2862"},{"taxonomy":"product_tag","embeddable":true,"href":"https:\/\/www.alfadu-amusement.com\/index.php?rest_route=%2Fwp%2Fv2%2Fproduct_tag&post=2862"}],"curies":[{"name":"wp","href":"https:\/\/api.w.org\/{rel}","templated":true}]}}