{"id":2865,"date":"2025-10-15T15:53:49","date_gmt":"2025-10-15T15:53:49","guid":{"rendered":"https:\/\/www.alfadu-amusement.com\/?post_type=product&#038;p=2865"},"modified":"2025-10-15T15:53:49","modified_gmt":"2025-10-15T15:53:49","slug":"mark-sauvetage","status":"publish","type":"product","link":"https:\/\/www.alfadu-amusement.com\/?product=mark-sauvetage&lang=fr","title":{"rendered":"Mark sauvetage"},"content":{"rendered":"<p><strong>Br\u00e8ve description\u00a0:<\/strong><\/p>\n<p>Pr\u00e9sentation de la machine de jeu\u00a0: Son design unique, \u00e9l\u00e9gant et \u00e9pur\u00e9<\/p>\n<p>Dimensions\u00a0: L\u00a01\u00a0710\u00a0mm x l\u00a01\u00a0150\u00a0mm x H\u00a01\u00a0445\u00a0mm<br \/>\nConsommation\u00a0: 240\u00a0W<\/p>\n","protected":false},"excerpt":{"rendered":"<p><strong>Pr\u00e9sentation de la machine de jeu<\/strong><\/p>\n<p>L&rsquo;esth\u00e9tique unique, \u00e9l\u00e9gante et \u00e9pur\u00e9e de la machine \u00e0 balan\u00e7oire Mark, ainsi que son contenu ludique captivant et captivant, la rendent tr\u00e8s populaire aupr\u00e8s des jeunes joueurs dans les aires de jeux.<\/p>\n<p>La machine \u00e0 balan\u00e7oire Mark est un autre chef-d&rsquo;\u0153uvre d\u00e9velopp\u00e9 par notre entreprise pour la recherche de contenu ludique appr\u00e9ci\u00e9 des enfants, int\u00e9grant de nouveaux \u00e9l\u00e9ments populaires. C&rsquo;est un mod\u00e8le incontournable dans les lieux de divertissement.<\/p>\n<p><strong>Caract\u00e9ristiques de ce produit<\/strong><\/p>\n<p>l\u00a0Le design se distingue par sa superposition, ses couleurs vives et son esth\u00e9tique \u00e9l\u00e9gante.<\/p>\n<p>l\u00a0Carte m\u00e8re int\u00e9gr\u00e9e, processeur rapide, performances stables et fiables\u00a0;<\/p>\n<p>l\u00a0\u00c9cran LCD HD haute qualit\u00e9 garantissant une qualit\u00e9 d&rsquo;affichage optimale\u00a0;<\/p>\n<p>l\u00a0Composants rotatifs stables et fiables\u00a0;<\/p>\n<p>l\u00a0Jeu captivant, maniable et tr\u00e8s divertissant\u00a0;<\/p>\n<p>l\u00a0Le ratio de rentabilit\u00e9 peut \u00eatre ajust\u00e9 en fonction des conditions r\u00e9elles.<\/p>\n<p><strong>Fonctionnement du jeu\u00a0:<\/strong><\/p>\n<p>1) Apr\u00e8s avoir utilis\u00e9 la machine \u00e0 balan\u00e7oire Mark, ins\u00e9rez des pi\u00e8ces dans la fente \u00e0 pi\u00e8ces et attendez 3\u00a0secondes pour d\u00e9marrer le jeu.<\/p>\n<p>2) Conduisez la machine \u00e0 balan\u00e7oire Mark pour collecter divers bonbons et ballons et \u00e9viter les obstacles\u00a0; un point est ajout\u00e9 pour chaque bonbon ou ballon collect\u00e9, et 10 points sont d\u00e9duits pour chaque obstacle rencontr\u00e9.<\/p>\n<p>3) La collecte d&rsquo;objets \u00e9clair acc\u00e9l\u00e8re la machine \u00e0 balan\u00e7oire Mark\u00a0; une fois l&rsquo;aimant collect\u00e9, elle collecte automatiquement tous les bonbons et ballons pr\u00e9sents sur la route.<\/p>\n<p>4) Dans le jeu, appuyez sur le bouton de grattage de la pluie pour nettoyer la vitre\u00a0; Appuyez sur le bouton d&rsquo;acc\u00e9l\u00e9ration pour acc\u00e9l\u00e9rer.<\/p>\n","protected":false},"featured_media":2201,"template":"","meta":[],"product_brand":[],"product_cat":[383,434],"product_tag":[],"class_list":{"0":"post-2865","1":"product","2":"type-product","3":"status-publish","4":"has-post-thumbnail","6":"product_cat-jeux-interactifs-jeux-avec-monnayeur","7":"product_cat-maneges-pour-enfants","9":"first","10":"instock","11":"shipping-taxable","12":"product-type-simple"},"_links":{"self":[{"href":"https:\/\/www.alfadu-amusement.com\/index.php?rest_route=\/wp\/v2\/product\/2865","targetHints":{"allow":["GET"]}}],"collection":[{"href":"https:\/\/www.alfadu-amusement.com\/index.php?rest_route=\/wp\/v2\/product"}],"about":[{"href":"https:\/\/www.alfadu-amusement.com\/index.php?rest_route=\/wp\/v2\/types\/product"}],"wp:featuredmedia":[{"embeddable":true,"href":"https:\/\/www.alfadu-amusement.com\/index.php?rest_route=\/wp\/v2\/media\/2201"}],"wp:attachment":[{"href":"https:\/\/www.alfadu-amusement.com\/index.php?rest_route=%2Fwp%2Fv2%2Fmedia&parent=2865"}],"wp:term":[{"taxonomy":"product_brand","embeddable":true,"href":"https:\/\/www.alfadu-amusement.com\/index.php?rest_route=%2Fwp%2Fv2%2Fproduct_brand&post=2865"},{"taxonomy":"product_cat","embeddable":true,"href":"https:\/\/www.alfadu-amusement.com\/index.php?rest_route=%2Fwp%2Fv2%2Fproduct_cat&post=2865"},{"taxonomy":"product_tag","embeddable":true,"href":"https:\/\/www.alfadu-amusement.com\/index.php?rest_route=%2Fwp%2Fv2%2Fproduct_tag&post=2865"}],"curies":[{"name":"wp","href":"https:\/\/api.w.org\/{rel}","templated":true}]}}