{"id":2871,"date":"2025-10-15T15:58:29","date_gmt":"2025-10-15T15:58:29","guid":{"rendered":"https:\/\/www.alfadu-amusement.com\/?post_type=product&#038;p=2871"},"modified":"2025-10-15T15:58:29","modified_gmt":"2025-10-15T15:58:29","slug":"poli-voiture","status":"publish","type":"product","link":"https:\/\/www.alfadu-amusement.com\/?product=poli-voiture&lang=fr","title":{"rendered":"Poli Voiture"},"content":{"rendered":"<p><strong>Br\u00e8ve description\u00a0:<\/strong><\/p>\n<p>PR\u00c9SENTATION DU JEU : Voiture de police unique, color\u00e9e et \u00e9l\u00e9gante.<\/p>\n<ul>\n<li>Dimensions\u00a0: L\u00a01670\u00a0mm x l\u00a01010\u00a0mm x H\u00a01300\u00a0mm<\/li>\n<li>Consommation : 310 W<\/li>\n<\/ul>\n","protected":false},"excerpt":{"rendered":"<p><strong>1. PR\u00c9SENTATION DU JEU<\/strong><\/p>\n<p>La voiture de police POLI, unique, color\u00e9e et \u00e9l\u00e9gante, est un jeu captivant et passionnant qui deviendra un incontournable et populaire dans les centres de loisirs.<\/p>\n<p>La voiture de police POLI est le fruit de nos recherches sur les jeux pr\u00e9f\u00e9r\u00e9s des enfants, combin\u00e9 \u00e0 un nouveau jeu populaire. C&rsquo;est un mod\u00e8le incontournable dans les lieux de divertissement.<\/p>\n<p><strong>Caract\u00e9ristiques\u00a0:<\/strong><\/p>\n<p>Unique, color\u00e9e et \u00e9l\u00e9gante\u00a0;<\/p>\n<p>Carte m\u00e8re int\u00e9gr\u00e9e, processeur haute vitesse et performances stables\u00a0;<\/p>\n<p>\u00c9cran LCD haute d\u00e9finition et haute qualit\u00e9\u00a0;<\/p>\n<p>Pi\u00e8ces m\u00e9caniques de haute qualit\u00e9 pour diff\u00e9rentes pi\u00e8ces\u00a0;<\/p>\n<p>Stabilit\u00e9 et fiabilit\u00e9\u00a0;<\/p>\n<p>Simple, stimulant, pratique et divertissant\u00a0; le rendement d&rsquo;exploitation peut \u00eatre ajust\u00e9 en fonction de la situation.<\/p>\n<p><strong>CONSEILS DE JEU<\/strong><\/p>\n<p>1) Ins\u00e9rez une ou plusieurs pi\u00e8ces et le jeu d\u00e9marre.<\/p>\n<p>2) Tournez le volant pour contr\u00f4ler la direction de la voiture de police et appuyez sur l&rsquo;acc\u00e9l\u00e9rateur pour acc\u00e9l\u00e9rer.<\/p>\n<p>3) Appuyez sur le bouton d&rsquo;essuie-glace pour que l&rsquo;\u00e9cran balaie la pluie.<\/p>\n<p>4) Appuyez sur le bouton de changement pour que la voiture de police se transforme.<\/p>\n<p>5) Appuyez sur la touche sifflet pour que la voiture de police siffle.<\/p>\n","protected":false},"featured_media":2193,"template":"","meta":[],"product_brand":[],"product_cat":[383,434],"product_tag":[],"class_list":{"0":"post-2871","1":"product","2":"type-product","3":"status-publish","4":"has-post-thumbnail","6":"product_cat-jeux-interactifs-jeux-avec-monnayeur","7":"product_cat-maneges-pour-enfants","9":"first","10":"instock","11":"shipping-taxable","12":"product-type-simple"},"_links":{"self":[{"href":"https:\/\/www.alfadu-amusement.com\/index.php?rest_route=\/wp\/v2\/product\/2871","targetHints":{"allow":["GET"]}}],"collection":[{"href":"https:\/\/www.alfadu-amusement.com\/index.php?rest_route=\/wp\/v2\/product"}],"about":[{"href":"https:\/\/www.alfadu-amusement.com\/index.php?rest_route=\/wp\/v2\/types\/product"}],"wp:featuredmedia":[{"embeddable":true,"href":"https:\/\/www.alfadu-amusement.com\/index.php?rest_route=\/wp\/v2\/media\/2193"}],"wp:attachment":[{"href":"https:\/\/www.alfadu-amusement.com\/index.php?rest_route=%2Fwp%2Fv2%2Fmedia&parent=2871"}],"wp:term":[{"taxonomy":"product_brand","embeddable":true,"href":"https:\/\/www.alfadu-amusement.com\/index.php?rest_route=%2Fwp%2Fv2%2Fproduct_brand&post=2871"},{"taxonomy":"product_cat","embeddable":true,"href":"https:\/\/www.alfadu-amusement.com\/index.php?rest_route=%2Fwp%2Fv2%2Fproduct_cat&post=2871"},{"taxonomy":"product_tag","embeddable":true,"href":"https:\/\/www.alfadu-amusement.com\/index.php?rest_route=%2Fwp%2Fv2%2Fproduct_tag&post=2871"}],"curies":[{"name":"wp","href":"https:\/\/api.w.org\/{rel}","templated":true}]}}