{"id":2874,"date":"2025-10-15T16:07:57","date_gmt":"2025-10-15T16:07:57","guid":{"rendered":"https:\/\/www.alfadu-amusement.com\/?post_type=product&#038;p=2874"},"modified":"2025-10-15T16:07:57","modified_gmt":"2025-10-15T16:07:57","slug":"chariot-elevateur-pour-enfants","status":"publish","type":"product","link":"https:\/\/www.alfadu-amusement.com\/?product=chariot-elevateur-pour-enfants&lang=fr","title":{"rendered":"Chariot \u00e9l\u00e9vateur pour enfants"},"content":{"rendered":"<table border=\"0\" width=\"100%\" cellspacing=\"0\">\n<tbody>\n<tr>\n<td valign=\"center\" nowrap=\"nowrap\" width=\"211\">\n<pre id=\"tw-target-text\" class=\"tw-data-text tw-text-large tw-ta\" dir=\"ltr\" tabindex=\"-1\" role=\"text\" data-placeholder=\"Traduction\" data-ved=\"2ahUKEwjUw5z1gaaQAxUtTaQEHcQpJtoQ3ewLegQICxAV\" aria-label=\"Texte traduit\u00a0: Mode de commande\u00a0:\r\n\r\nType de t\u00e9l\u00e9commande\r\n\r\n\u00c2ge d'utilisation\u00a0:\r\n\r\nEnfants ou adultes\r\n\r\nDimensions\u00a0:\r\n\r\nLongueur\u00a0: 1,75\u00a0m, largeur\u00a0: 1\u00a0m, hauteur\u00a0: 1,62\u00a0m\r\n\r\nTension nominale\u00a0:\r\n\r\n48\u00a0V\r\n\r\nPuissance totale nominale\u00a0:\r\n\r\n350\u00a0W\r\n\r\nVitesse maximale\u00a0:\r\n\r\n5\u00a0km\/h\r\n\r\nCapacit\u00e9 de la batterie\u00a0:\r\n\r\n42\u00a0Ah\r\n\r\nCharge maximale de levage\u00a0:\r\n\r\n15\u00a0kg\r\n\r\nAutonomie maximale\u00a0:\r\n\r\n4\u00a0h\r\n\r\nRayon de rotation minimal\u00a0:\r\n\r\n2,5\u00a0m\r\n\r\nMat\u00e9riau\u00a0:\r\n\r\nStructure m\u00e9tallique et coque ext\u00e9rieure en fibre de verre organique\r\n\r\nPoids total de la machine\u00a0:\r\n\r\n50\u00a0kg\"><span class=\"Y2IQFc\" lang=\"fr\">Mode de commande\u00a0<\/span><\/pre>\n<\/td>\n<td valign=\"center\" nowrap=\"nowrap\" width=\"244\">\n<p id=\"tw-target-text\" class=\"tw-data-text tw-text-large tw-ta\" dir=\"ltr\" tabindex=\"-1\" role=\"text\" data-placeholder=\"Traduction\" data-ved=\"2ahUKEwjUw5z1gaaQAxUtTaQEHcQpJtoQ3ewLegQICxAV\" aria-label=\"Texte traduit\u00a0: Mode de commande\u00a0:\n\nType de t\u00e9l\u00e9commande\n\n\u00c2ge d'utilisation\u00a0:\n\nEnfants ou adultes\n\nDimensions\u00a0:\n\nLongueur\u00a0: 1,75\u00a0m, largeur\u00a0: 1\u00a0m, hauteur\u00a0: 1,62\u00a0m\n\nTension nominale\u00a0:\n\n48\u00a0V\n\nPuissance totale nominale\u00a0:\n\n350\u00a0W\n\nVitesse maximale\u00a0:\n\n5\u00a0km\/h\n\nCapacit\u00e9 de la batterie\u00a0:\n\n42\u00a0Ah\n\nCharge maximale de levage\u00a0:\n\n15\u00a0kg\n\nAutonomie maximale\u00a0:\n\n4\u00a0h\n\nRayon de rotation minimal\u00a0:\n\n2,5\u00a0m\n\nMat\u00e9riau\u00a0:\n\nStructure m\u00e9tallique et coque ext\u00e9rieure en fibre de verre organique\n\nPoids total de la machine\u00a0:\n\n50\u00a0kg\"><span class=\"Y2IQFc\" lang=\"fr\">Type de t\u00e9l\u00e9commande<\/span><\/p>\n<\/td>\n<\/tr>\n<tr>\n<td valign=\"center\" nowrap=\"nowrap\">\n<pre id=\"tw-target-text\" class=\"tw-data-text tw-text-large tw-ta\" dir=\"ltr\" tabindex=\"-1\" role=\"text\" data-placeholder=\"Traduction\" data-ved=\"2ahUKEwjUw5z1gaaQAxUtTaQEHcQpJtoQ3ewLegQICxAV\" aria-label=\"Texte traduit\u00a0: Mode de commande\u00a0:\r\n\r\nType de t\u00e9l\u00e9commande\r\n\r\n\u00c2ge d'utilisation\u00a0:\r\n\r\nEnfants ou adultes\r\n\r\nDimensions\u00a0:\r\n\r\nLongueur\u00a0: 1,75\u00a0m, largeur\u00a0: 1\u00a0m, hauteur\u00a0: 1,62\u00a0m\r\n\r\nTension nominale\u00a0:\r\n\r\n48\u00a0V\r\n\r\nPuissance totale nominale\u00a0:\r\n\r\n350\u00a0W\r\n\r\nVitesse maximale\u00a0:\r\n\r\n5\u00a0km\/h\r\n\r\nCapacit\u00e9 de la batterie\u00a0:\r\n\r\n42\u00a0Ah\r\n\r\nCharge maximale de levage\u00a0:\r\n\r\n15\u00a0kg\r\n\r\nAutonomie maximale\u00a0:\r\n\r\n4\u00a0h\r\n\r\nRayon de rotation minimal\u00a0:\r\n\r\n2,5\u00a0m\r\n\r\nMat\u00e9riau\u00a0:\r\n\r\nStructure m\u00e9tallique et coque ext\u00e9rieure en fibre de verre organique\r\n\r\nPoids total de la machine\u00a0:\r\n\r\n50\u00a0kg\"><span class=\"Y2IQFc\" lang=\"fr\">\u00c2ge d'utilisation<\/span><\/pre>\n<\/td>\n<td valign=\"center\" nowrap=\"nowrap\">\n<p id=\"tw-target-text\" class=\"tw-data-text tw-text-large tw-ta\" dir=\"ltr\" tabindex=\"-1\" role=\"text\" data-placeholder=\"Traduction\" data-ved=\"2ahUKEwjUw5z1gaaQAxUtTaQEHcQpJtoQ3ewLegQICxAV\" aria-label=\"Texte traduit\u00a0: Mode de commande\u00a0:\n\nType de t\u00e9l\u00e9commande\n\n\u00c2ge d'utilisation\u00a0:\n\nEnfants ou adultes\n\nDimensions\u00a0:\n\nLongueur\u00a0: 1,75\u00a0m, largeur\u00a0: 1\u00a0m, hauteur\u00a0: 1,62\u00a0m\n\nTension nominale\u00a0:\n\n48\u00a0V\n\nPuissance totale nominale\u00a0:\n\n350\u00a0W\n\nVitesse maximale\u00a0:\n\n5\u00a0km\/h\n\nCapacit\u00e9 de la batterie\u00a0:\n\n42\u00a0Ah\n\nCharge maximale de levage\u00a0:\n\n15\u00a0kg\n\nAutonomie maximale\u00a0:\n\n4\u00a0h\n\nRayon de rotation minimal\u00a0:\n\n2,5\u00a0m\n\nMat\u00e9riau\u00a0:\n\nStructure m\u00e9tallique et coque ext\u00e9rieure en fibre de verre organique\n\nPoids total de la machine\u00a0:\n\n50\u00a0kg\"><span class=\"Y2IQFc\" lang=\"fr\">Enfants ou adultes <\/span><\/p>\n<\/td>\n<\/tr>\n<tr>\n<td valign=\"center\" nowrap=\"nowrap\">\n<pre id=\"tw-target-text\" class=\"tw-data-text tw-text-large tw-ta\" dir=\"ltr\" tabindex=\"-1\" role=\"text\" data-placeholder=\"Traduction\" data-ved=\"2ahUKEwjUw5z1gaaQAxUtTaQEHcQpJtoQ3ewLegQICxAV\" aria-label=\"Texte traduit\u00a0: Mode de commande\u00a0:\r\n\r\nType de t\u00e9l\u00e9commande\r\n\r\n\u00c2ge d'utilisation\u00a0:\r\n\r\nEnfants ou adultes\r\n\r\nDimensions\u00a0:\r\n\r\nLongueur\u00a0: 1,75\u00a0m, largeur\u00a0: 1\u00a0m, hauteur\u00a0: 1,62\u00a0m\r\n\r\nTension nominale\u00a0:\r\n\r\n48\u00a0V\r\n\r\nPuissance totale nominale\u00a0:\r\n\r\n350\u00a0W\r\n\r\nVitesse maximale\u00a0:\r\n\r\n5\u00a0km\/h\r\n\r\nCapacit\u00e9 de la batterie\u00a0:\r\n\r\n42\u00a0Ah\r\n\r\nCharge maximale de levage\u00a0:\r\n\r\n15\u00a0kg\r\n\r\nAutonomie maximale\u00a0:\r\n\r\n4\u00a0h\r\n\r\nRayon de rotation minimal\u00a0:\r\n\r\n2,5\u00a0m\r\n\r\nMat\u00e9riau\u00a0:\r\n\r\nStructure m\u00e9tallique et coque ext\u00e9rieure en fibre de verre organique\r\n\r\nPoids total de la machine\u00a0:\r\n\r\n50\u00a0kg\"><span class=\"Y2IQFc\" lang=\"fr\">Dimensions\u00a0<\/span><\/pre>\n<\/td>\n<td valign=\"center\" nowrap=\"nowrap\">\n<p id=\"tw-target-text\" class=\"tw-data-text tw-text-large tw-ta\" dir=\"ltr\" tabindex=\"-1\" role=\"text\" data-placeholder=\"Traduction\" data-ved=\"2ahUKEwjUw5z1gaaQAxUtTaQEHcQpJtoQ3ewLegQICxAV\" aria-label=\"Texte traduit\u00a0: Mode de commande\u00a0:\n\nType de t\u00e9l\u00e9commande\n\n\u00c2ge d'utilisation\u00a0:\n\nEnfants ou adultes\n\nDimensions\u00a0:\n\nLongueur\u00a0: 1,75\u00a0m, largeur\u00a0: 1\u00a0m, hauteur\u00a0: 1,62\u00a0m\n\nTension nominale\u00a0:\n\n48\u00a0V\n\nPuissance totale nominale\u00a0:\n\n350\u00a0W\n\nVitesse maximale\u00a0:\n\n5\u00a0km\/h\n\nCapacit\u00e9 de la batterie\u00a0:\n\n42\u00a0Ah\n\nCharge maximale de levage\u00a0:\n\n15\u00a0kg\n\nAutonomie maximale\u00a0:\n\n4\u00a0h\n\nRayon de rotation minimal\u00a0:\n\n2,5\u00a0m\n\nMat\u00e9riau\u00a0:\n\nStructure m\u00e9tallique et coque ext\u00e9rieure en fibre de verre organique\n\nPoids total de la machine\u00a0:\n\n50\u00a0kg\"><span class=\"Y2IQFc\" lang=\"fr\">Longueur\u00a0: 1,75\u00a0m, largeur\u00a0: 1\u00a0m, hauteur\u00a0: 1,62\u00a0m<\/span><\/p>\n<\/td>\n<\/tr>\n<tr>\n<td valign=\"center\" nowrap=\"nowrap\">\n<pre id=\"tw-target-text\" class=\"tw-data-text tw-text-large tw-ta\" dir=\"ltr\" tabindex=\"-1\" role=\"text\" data-placeholder=\"Traduction\" data-ved=\"2ahUKEwjUw5z1gaaQAxUtTaQEHcQpJtoQ3ewLegQICxAV\" aria-label=\"Texte traduit\u00a0: Mode de commande\u00a0:\r\n\r\nType de t\u00e9l\u00e9commande\r\n\r\n\u00c2ge d'utilisation\u00a0:\r\n\r\nEnfants ou adultes\r\n\r\nDimensions\u00a0:\r\n\r\nLongueur\u00a0: 1,75\u00a0m, largeur\u00a0: 1\u00a0m, hauteur\u00a0: 1,62\u00a0m\r\n\r\nTension nominale\u00a0:\r\n\r\n48\u00a0V\r\n\r\nPuissance totale nominale\u00a0:\r\n\r\n350\u00a0W\r\n\r\nVitesse maximale\u00a0:\r\n\r\n5\u00a0km\/h\r\n\r\nCapacit\u00e9 de la batterie\u00a0:\r\n\r\n42\u00a0Ah\r\n\r\nCharge maximale de levage\u00a0:\r\n\r\n15\u00a0kg\r\n\r\nAutonomie maximale\u00a0:\r\n\r\n4\u00a0h\r\n\r\nRayon de rotation minimal\u00a0:\r\n\r\n2,5\u00a0m\r\n\r\nMat\u00e9riau\u00a0:\r\n\r\nStructure m\u00e9tallique et coque ext\u00e9rieure en fibre de verre organique\r\n\r\nPoids total de la machine\u00a0:\r\n\r\n50\u00a0kg\"><span class=\"Y2IQFc\" lang=\"fr\">Tension nominale\u00a0:\r\n<\/span><\/pre>\n<\/td>\n<td valign=\"center\" nowrap=\"nowrap\">48V<\/td>\n<\/tr>\n<tr>\n<td valign=\"center\" nowrap=\"nowrap\">\n<pre id=\"tw-target-text\" class=\"tw-data-text tw-text-large tw-ta\" dir=\"ltr\" tabindex=\"-1\" role=\"text\" data-placeholder=\"Traduction\" data-ved=\"2ahUKEwjUw5z1gaaQAxUtTaQEHcQpJtoQ3ewLegQICxAV\" aria-label=\"Texte traduit\u00a0: Mode de commande\u00a0:\r\n\r\nType de t\u00e9l\u00e9commande\r\n\r\n\u00c2ge d'utilisation\u00a0:\r\n\r\nEnfants ou adultes\r\n\r\nDimensions\u00a0:\r\n\r\nLongueur\u00a0: 1,75\u00a0m, largeur\u00a0: 1\u00a0m, hauteur\u00a0: 1,62\u00a0m\r\n\r\nTension nominale\u00a0:\r\n\r\n48\u00a0V\r\n\r\nPuissance totale nominale\u00a0:\r\n\r\n350\u00a0W\r\n\r\nVitesse maximale\u00a0:\r\n\r\n5\u00a0km\/h\r\n\r\nCapacit\u00e9 de la batterie\u00a0:\r\n\r\n42\u00a0Ah\r\n\r\nCharge maximale de levage\u00a0:\r\n\r\n15\u00a0kg\r\n\r\nAutonomie maximale\u00a0:\r\n\r\n4\u00a0h\r\n\r\nRayon de rotation minimal\u00a0:\r\n\r\n2,5\u00a0m\r\n\r\nMat\u00e9riau\u00a0:\r\n\r\nStructure m\u00e9tallique et coque ext\u00e9rieure en fibre de verre organique\r\n\r\nPoids total de la machine\u00a0:\r\n\r\n50\u00a0kg\"><span class=\"Y2IQFc\" lang=\"fr\">Puissance totale nominale\u00a0:<\/span><\/pre>\n<\/td>\n<td valign=\"center\" nowrap=\"nowrap\">350w<\/td>\n<\/tr>\n<tr>\n<td valign=\"center\" nowrap=\"nowrap\">\n<pre id=\"tw-target-text\" class=\"tw-data-text tw-text-large tw-ta\" dir=\"ltr\" tabindex=\"-1\" role=\"text\" data-placeholder=\"Traduction\" data-ved=\"2ahUKEwjUw5z1gaaQAxUtTaQEHcQpJtoQ3ewLegQICxAV\" aria-label=\"Texte traduit\u00a0: Mode de commande\u00a0:\r\n\r\nType de t\u00e9l\u00e9commande\r\n\r\n\u00c2ge d'utilisation\u00a0:\r\n\r\nEnfants ou adultes\r\n\r\nDimensions\u00a0:\r\n\r\nLongueur\u00a0: 1,75\u00a0m, largeur\u00a0: 1\u00a0m, hauteur\u00a0: 1,62\u00a0m\r\n\r\nTension nominale\u00a0:\r\n\r\n48\u00a0V\r\n\r\nPuissance totale nominale\u00a0:\r\n\r\n350\u00a0W\r\n\r\nVitesse maximale\u00a0:\r\n\r\n5\u00a0km\/h\r\n\r\nCapacit\u00e9 de la batterie\u00a0:\r\n\r\n42\u00a0Ah\r\n\r\nCharge maximale de levage\u00a0:\r\n\r\n15\u00a0kg\r\n\r\nAutonomie maximale\u00a0:\r\n\r\n4\u00a0h\r\n\r\nRayon de rotation minimal\u00a0:\r\n\r\n2,5\u00a0m\r\n\r\nMat\u00e9riau\u00a0:\r\n\r\nStructure m\u00e9tallique et coque ext\u00e9rieure en fibre de verre organique\r\n\r\nPoids total de la machine\u00a0:\r\n\r\n50\u00a0kg\"><span class=\"Y2IQFc\" lang=\"fr\">Vitesse maximale\u00a0:\r\n<\/span><\/pre>\n<\/td>\n<td valign=\"center\" nowrap=\"nowrap\">5km\/h<\/td>\n<\/tr>\n<tr>\n<td valign=\"center\" nowrap=\"nowrap\">\n<pre id=\"tw-target-text\" class=\"tw-data-text tw-text-large tw-ta\" dir=\"ltr\" tabindex=\"-1\" role=\"text\" data-placeholder=\"Traduction\" data-ved=\"2ahUKEwjUw5z1gaaQAxUtTaQEHcQpJtoQ3ewLegQICxAV\" aria-label=\"Texte traduit\u00a0: Mode de commande\u00a0:\r\n\r\nType de t\u00e9l\u00e9commande\r\n\r\n\u00c2ge d'utilisation\u00a0:\r\n\r\nEnfants ou adultes\r\n\r\nDimensions\u00a0:\r\n\r\nLongueur\u00a0: 1,75\u00a0m, largeur\u00a0: 1\u00a0m, hauteur\u00a0: 1,62\u00a0m\r\n\r\nTension nominale\u00a0:\r\n\r\n48\u00a0V\r\n\r\nPuissance totale nominale\u00a0:\r\n\r\n350\u00a0W\r\n\r\nVitesse maximale\u00a0:\r\n\r\n5\u00a0km\/h\r\n\r\nCapacit\u00e9 de la batterie\u00a0:\r\n\r\n42\u00a0Ah\r\n\r\nCharge maximale de levage\u00a0:\r\n\r\n15\u00a0kg\r\n\r\nAutonomie maximale\u00a0:\r\n\r\n4\u00a0h\r\n\r\nRayon de rotation minimal\u00a0:\r\n\r\n2,5\u00a0m\r\n\r\nMat\u00e9riau\u00a0:\r\n\r\nStructure m\u00e9tallique et coque ext\u00e9rieure en fibre de verre organique\r\n\r\nPoids total de la machine\u00a0:\r\n\r\n50\u00a0kg\"><span class=\"Y2IQFc\" lang=\"fr\">Capacit\u00e9 de la batterie\u00a0:<\/span><\/pre>\n<\/td>\n<td valign=\"center\" nowrap=\"nowrap\">42Ah<\/td>\n<\/tr>\n<tr>\n<td valign=\"center\" nowrap=\"nowrap\">\n<pre id=\"tw-target-text\" class=\"tw-data-text tw-text-large tw-ta\" dir=\"ltr\" tabindex=\"-1\" role=\"text\" data-placeholder=\"Traduction\" data-ved=\"2ahUKEwjUw5z1gaaQAxUtTaQEHcQpJtoQ3ewLegQICxAV\" aria-label=\"Texte traduit\u00a0: Mode de commande\u00a0:\r\n\r\nType de t\u00e9l\u00e9commande\r\n\r\n\u00c2ge d'utilisation\u00a0:\r\n\r\nEnfants ou adultes\r\n\r\nDimensions\u00a0:\r\n\r\nLongueur\u00a0: 1,75\u00a0m, largeur\u00a0: 1\u00a0m, hauteur\u00a0: 1,62\u00a0m\r\n\r\nTension nominale\u00a0:\r\n\r\n48\u00a0V\r\n\r\nPuissance totale nominale\u00a0:\r\n\r\n350\u00a0W\r\n\r\nVitesse maximale\u00a0:\r\n\r\n5\u00a0km\/h\r\n\r\nCapacit\u00e9 de la batterie\u00a0:\r\n\r\n42\u00a0Ah\r\n\r\nCharge maximale de levage\u00a0:\r\n\r\n15\u00a0kg\r\n\r\nAutonomie maximale\u00a0:\r\n\r\n4\u00a0h\r\n\r\nRayon de rotation minimal\u00a0:\r\n\r\n2,5\u00a0m\r\n\r\nMat\u00e9riau\u00a0:\r\n\r\nStructure m\u00e9tallique et coque ext\u00e9rieure en fibre de verre organique\r\n\r\nPoids total de la machine\u00a0:\r\n\r\n50\u00a0kg\"><span class=\"Y2IQFc\" lang=\"fr\">Charge maximale de levage\u00a0:<\/span><\/pre>\n<\/td>\n<td valign=\"center\" nowrap=\"nowrap\">15kg<\/td>\n<\/tr>\n<tr>\n<td valign=\"center\" nowrap=\"nowrap\">\n<pre id=\"tw-target-text\" class=\"tw-data-text tw-text-large tw-ta\" dir=\"ltr\" tabindex=\"-1\" role=\"text\" data-placeholder=\"Traduction\" data-ved=\"2ahUKEwjUw5z1gaaQAxUtTaQEHcQpJtoQ3ewLegQICxAV\" aria-label=\"Texte traduit\u00a0: Mode de commande\u00a0:\r\n\r\nType de t\u00e9l\u00e9commande\r\n\r\n\u00c2ge d'utilisation\u00a0:\r\n\r\nEnfants ou adultes\r\n\r\nDimensions\u00a0:\r\n\r\nLongueur\u00a0: 1,75\u00a0m, largeur\u00a0: 1\u00a0m, hauteur\u00a0: 1,62\u00a0m\r\n\r\nTension nominale\u00a0:\r\n\r\n48\u00a0V\r\n\r\nPuissance totale nominale\u00a0:\r\n\r\n350\u00a0W\r\n\r\nVitesse maximale\u00a0:\r\n\r\n5\u00a0km\/h\r\n\r\nCapacit\u00e9 de la batterie\u00a0:\r\n\r\n42\u00a0Ah\r\n\r\nCharge maximale de levage\u00a0:\r\n\r\n15\u00a0kg\r\n\r\nAutonomie maximale\u00a0:\r\n\r\n4\u00a0h\r\n\r\nRayon de rotation minimal\u00a0:\r\n\r\n2,5\u00a0m\r\n\r\nMat\u00e9riau\u00a0:\r\n\r\nStructure m\u00e9tallique et coque ext\u00e9rieure en fibre de verre organique\r\n\r\nPoids total de la machine\u00a0:\r\n\r\n50\u00a0kg\"><span class=\"Y2IQFc\" lang=\"fr\">Autonomie maximale\u00a0:<\/span><\/pre>\n<\/td>\n<td valign=\"center\" nowrap=\"nowrap\">4h<\/td>\n<\/tr>\n<tr>\n<td valign=\"center\" nowrap=\"nowrap\">\n<pre id=\"tw-target-text\" class=\"tw-data-text tw-text-large tw-ta\" dir=\"ltr\" tabindex=\"-1\" role=\"text\" data-placeholder=\"Traduction\" data-ved=\"2ahUKEwjUw5z1gaaQAxUtTaQEHcQpJtoQ3ewLegQICxAV\" aria-label=\"Texte traduit\u00a0: Mode de commande\u00a0:\r\n\r\nType de t\u00e9l\u00e9commande\r\n\r\n\u00c2ge d'utilisation\u00a0:\r\n\r\nEnfants ou adultes\r\n\r\nDimensions\u00a0:\r\n\r\nLongueur\u00a0: 1,75\u00a0m, largeur\u00a0: 1\u00a0m, hauteur\u00a0: 1,62\u00a0m\r\n\r\nTension nominale\u00a0:\r\n\r\n48\u00a0V\r\n\r\nPuissance totale nominale\u00a0:\r\n\r\n350\u00a0W\r\n\r\nVitesse maximale\u00a0:\r\n\r\n5\u00a0km\/h\r\n\r\nCapacit\u00e9 de la batterie\u00a0:\r\n\r\n42\u00a0Ah\r\n\r\nCharge maximale de levage\u00a0:\r\n\r\n15\u00a0kg\r\n\r\nAutonomie maximale\u00a0:\r\n\r\n4\u00a0h\r\n\r\nRayon de rotation minimal\u00a0:\r\n\r\n2,5\u00a0m\r\n\r\nMat\u00e9riau\u00a0:\r\n\r\nStructure m\u00e9tallique et coque ext\u00e9rieure en fibre de verre organique\r\n\r\nPoids total de la machine\u00a0:\r\n\r\n50\u00a0kg\"><span class=\"Y2IQFc\" lang=\"fr\">Rayon de rotation minimal\u00a0:<\/span><\/pre>\n<\/td>\n<td valign=\"center\" width=\"244\">2.5m<\/td>\n<\/tr>\n<tr>\n<td valign=\"center\" nowrap=\"nowrap\">\n<pre id=\"tw-target-text\" class=\"tw-data-text tw-text-large tw-ta\" dir=\"ltr\" tabindex=\"-1\" role=\"text\" data-placeholder=\"Traduction\" data-ved=\"2ahUKEwjUw5z1gaaQAxUtTaQEHcQpJtoQ3ewLegQICxAV\" aria-label=\"Texte traduit\u00a0: Mode de commande\u00a0:\r\n\r\nType de t\u00e9l\u00e9commande\r\n\r\n\u00c2ge d'utilisation\u00a0:\r\n\r\nEnfants ou adultes\r\n\r\nDimensions\u00a0:\r\n\r\nLongueur\u00a0: 1,75\u00a0m, largeur\u00a0: 1\u00a0m, hauteur\u00a0: 1,62\u00a0m\r\n\r\nTension nominale\u00a0:\r\n\r\n48\u00a0V\r\n\r\nPuissance totale nominale\u00a0:\r\n\r\n350\u00a0W\r\n\r\nVitesse maximale\u00a0:\r\n\r\n5\u00a0km\/h\r\n\r\nCapacit\u00e9 de la batterie\u00a0:\r\n\r\n42\u00a0Ah\r\n\r\nCharge maximale de levage\u00a0:\r\n\r\n15\u00a0kg\r\n\r\nAutonomie maximale\u00a0:\r\n\r\n4\u00a0h\r\n\r\nRayon de rotation minimal\u00a0:\r\n\r\n2,5\u00a0m\r\n\r\nMat\u00e9riau\u00a0:\r\n\r\nStructure m\u00e9tallique et coque ext\u00e9rieure en fibre de verre organique\r\n\r\nPoids total de la machine\u00a0:\r\n\r\n50\u00a0kg\"><span class=\"Y2IQFc\" lang=\"fr\">Mat\u00e9riau\u00a0<\/span><\/pre>\n<\/td>\n<td valign=\"center\" width=\"244\">\n<p id=\"tw-target-text\" class=\"tw-data-text tw-text-large tw-ta\" dir=\"ltr\" tabindex=\"-1\" role=\"text\" data-placeholder=\"Traduction\" data-ved=\"2ahUKEwjUw5z1gaaQAxUtTaQEHcQpJtoQ3ewLegQICxAV\" aria-label=\"Texte traduit\u00a0: Mode de commande\u00a0:\n\nType de t\u00e9l\u00e9commande\n\n\u00c2ge d'utilisation\u00a0:\n\nEnfants ou adultes\n\nDimensions\u00a0:\n\nLongueur\u00a0: 1,75\u00a0m, largeur\u00a0: 1\u00a0m, hauteur\u00a0: 1,62\u00a0m\n\nTension nominale\u00a0:\n\n48\u00a0V\n\nPuissance totale nominale\u00a0:\n\n350\u00a0W\n\nVitesse maximale\u00a0:\n\n5\u00a0km\/h\n\nCapacit\u00e9 de la batterie\u00a0:\n\n42\u00a0Ah\n\nCharge maximale de levage\u00a0:\n\n15\u00a0kg\n\nAutonomie maximale\u00a0:\n\n4\u00a0h\n\nRayon de rotation minimal\u00a0:\n\n2,5\u00a0m\n\nMat\u00e9riau\u00a0:\n\nStructure m\u00e9tallique et coque ext\u00e9rieure en fibre de verre organique\n\nPoids total de la machine\u00a0:\n\n50\u00a0kg\"><span class=\"Y2IQFc\" lang=\"fr\">Structure m\u00e9tallique et coque ext\u00e9rieure en fibre de verre organique<\/span><\/p>\n<\/td>\n<\/tr>\n<tr>\n<td valign=\"center\" nowrap=\"nowrap\">\n<pre id=\"tw-target-text\" class=\"tw-data-text tw-text-large tw-ta\" dir=\"ltr\" tabindex=\"-1\" role=\"text\" data-placeholder=\"Traduction\" data-ved=\"2ahUKEwjUw5z1gaaQAxUtTaQEHcQpJtoQ3ewLegQICxAV\" aria-label=\"Texte traduit\u00a0: Mode de commande\u00a0:\r\n\r\nType de t\u00e9l\u00e9commande\r\n\r\n\u00c2ge d'utilisation\u00a0:\r\n\r\nEnfants ou adultes\r\n\r\nDimensions\u00a0:\r\n\r\nLongueur\u00a0: 1,75\u00a0m, largeur\u00a0: 1\u00a0m, hauteur\u00a0: 1,62\u00a0m\r\n\r\nTension nominale\u00a0:\r\n\r\n48\u00a0V\r\n\r\nPuissance totale nominale\u00a0:\r\n\r\n350\u00a0W\r\n\r\nVitesse maximale\u00a0:\r\n\r\n5\u00a0km\/h\r\n\r\nCapacit\u00e9 de la batterie\u00a0:\r\n\r\n42\u00a0Ah\r\n\r\nCharge maximale de levage\u00a0:\r\n\r\n15\u00a0kg\r\n\r\nAutonomie maximale\u00a0:\r\n\r\n4\u00a0h\r\n\r\nRayon de rotation minimal\u00a0:\r\n\r\n2,5\u00a0m\r\n\r\nMat\u00e9riau\u00a0:\r\n\r\nStructure m\u00e9tallique et coque ext\u00e9rieure en fibre de verre organique\r\n\r\nPoids total de la machine\u00a0:\r\n\r\n50\u00a0kg\"><span class=\"Y2IQFc\" lang=\"fr\">Poids total de la machine\u00a0<\/span><\/pre>\n<\/td>\n<td valign=\"center\" width=\"244\">50kg<\/td>\n<\/tr>\n<\/tbody>\n<\/table>\n<p><iframe title=\"Children Forklift\" width=\"1140\" height=\"641\" src=\"https:\/\/www.youtube.com\/embed\/xEMzb48GqBc?feature=oembed\" frameborder=\"0\" allow=\"accelerometer; autoplay; clipboard-write; encrypted-media; gyroscope; picture-in-picture; web-share\" referrerpolicy=\"strict-origin-when-cross-origin\" allowfullscreen><\/iframe><\/p>\n<p>&nbsp;<\/p>\n","protected":false},"excerpt":{"rendered":"<p><strong>1. Produit unique<\/strong><\/p>\n<p>Notre chariot \u00e9l\u00e9vateur pour enfants est fabriqu\u00e9 selon le principe des chariots \u00e9l\u00e9vateurs pour engins de chantier, appr\u00e9ci\u00e9 des enfants d&rsquo;aujourd&rsquo;hui. Gr\u00e2ce \u00e0 sa transmission par cha\u00eene, il permet de contr\u00f4ler la mont\u00e9e et la descente des fourches, \u00e0 l&rsquo;acc\u00e9l\u00e9rateur et au freinage int\u00e9gr\u00e9s, et \u00e0 son volant, pour une conduite confortable et une simulation de conduite.<\/p>\n<p><strong>2. Robustesse et s\u00e9curit\u00e9<\/strong><\/p>\n<p>Ce chariot \u00e9l\u00e9vateur pour enfants est dot\u00e9 d&rsquo;une structure m\u00e9tallique et d&rsquo;un rev\u00eatement ext\u00e9rieur en fibre de verre. Il est durable, ind\u00e9formable et r\u00e9sistant \u00e0 la d\u00e9coloration. Il utilise des pi\u00e8ces de rechange m\u00e9caniques standard, ce qui r\u00e9duit les risques de panne et sa dur\u00e9e de vie est sup\u00e9rieure \u00e0 8 ans. De plus, il b\u00e9n\u00e9ficie de nombreuses mesures de protection pour garantir la s\u00e9curit\u00e9 des touristes.<\/p>\n<p><strong>3. Profitez des opportunit\u00e9s \u00e9ducatives en ville<\/strong><\/p>\n<p>D\u00e8s sa sortie d&rsquo;usine, ce chariot \u00e9l\u00e9vateur pour enfants a \u00e9t\u00e9 accueilli dans de nombreux grands parcs d&rsquo;attractions. Les enfants de la r\u00e9gion n&rsquo;ont pas besoin d&rsquo;aller loin et peuvent profiter des premiers parcs d&rsquo;attractions des villes, ce qui apportera un large \u00e9ventail d&rsquo;opportunit\u00e9s commerciales pour les parcs d&rsquo;attractions locaux tout en vous permettant de profiter d&rsquo;une joie non-stop dans la r\u00e9gion.<\/p>\n","protected":false},"featured_media":1947,"template":"","meta":[],"product_brand":[],"product_cat":[383,430],"product_tag":[],"class_list":{"0":"post-2874","1":"product","2":"type-product","3":"status-publish","4":"has-post-thumbnail","6":"product_cat-jeux-interactifs-jeux-avec-monnayeur","7":"product_cat-machine-dexcavation-pour-enfants","9":"first","10":"instock","11":"shipping-taxable","12":"product-type-simple"},"_links":{"self":[{"href":"https:\/\/www.alfadu-amusement.com\/index.php?rest_route=\/wp\/v2\/product\/2874","targetHints":{"allow":["GET"]}}],"collection":[{"href":"https:\/\/www.alfadu-amusement.com\/index.php?rest_route=\/wp\/v2\/product"}],"about":[{"href":"https:\/\/www.alfadu-amusement.com\/index.php?rest_route=\/wp\/v2\/types\/product"}],"wp:featuredmedia":[{"embeddable":true,"href":"https:\/\/www.alfadu-amusement.com\/index.php?rest_route=\/wp\/v2\/media\/1947"}],"wp:attachment":[{"href":"https:\/\/www.alfadu-amusement.com\/index.php?rest_route=%2Fwp%2Fv2%2Fmedia&parent=2874"}],"wp:term":[{"taxonomy":"product_brand","embeddable":true,"href":"https:\/\/www.alfadu-amusement.com\/index.php?rest_route=%2Fwp%2Fv2%2Fproduct_brand&post=2874"},{"taxonomy":"product_cat","embeddable":true,"href":"https:\/\/www.alfadu-amusement.com\/index.php?rest_route=%2Fwp%2Fv2%2Fproduct_cat&post=2874"},{"taxonomy":"product_tag","embeddable":true,"href":"https:\/\/www.alfadu-amusement.com\/index.php?rest_route=%2Fwp%2Fv2%2Fproduct_tag&post=2874"}],"curies":[{"name":"wp","href":"https:\/\/api.w.org\/{rel}","templated":true}]}}