{"id":2877,"date":"2025-10-15T16:10:37","date_gmt":"2025-10-15T16:10:37","guid":{"rendered":"https:\/\/www.alfadu-amusement.com\/?post_type=product&#038;p=2877"},"modified":"2025-10-15T16:10:37","modified_gmt":"2025-10-15T16:10:37","slug":"combattant-en-cage","status":"publish","type":"product","link":"https:\/\/www.alfadu-amusement.com\/?product=combattant-en-cage&lang=fr","title":{"rendered":"Combattant en cage"},"content":{"rendered":"<p><strong>Description courte\u00a0:<\/strong><\/p>\n<p>Sortie de tickets \/ Sortie de cola<\/p>\n<p>Dimensions : 1 550 x 1 470 x 2 560 mm<\/p>\n<p><iframe title=\"Cage Fighter Boxing Game Machine\" width=\"563\" height=\"1000\" src=\"https:\/\/www.youtube.com\/embed\/6VwrtoLMeJE?feature=oembed\" frameborder=\"0\" allow=\"accelerometer; autoplay; clipboard-write; encrypted-media; gyroscope; picture-in-picture; web-share\" referrerpolicy=\"strict-origin-when-cross-origin\" allowfullscreen><\/iframe><\/p>\n<p>&nbsp;<\/p>\n","protected":false},"excerpt":{"rendered":"<p><strong>Profil du produit<\/strong><\/p>\n<p>Cage Fighter est une nouvelle machine pour enfants d\u00e9velopp\u00e9e par notre entreprise, sp\u00e9cialement con\u00e7ue pour le divertissement des enfants et les jeux d&rsquo;int\u00e9rieur. Sa forme innovante, esth\u00e9tique, s\u00fbre et fiable, sa facilit\u00e9 d&rsquo;utilisation et sa s\u00e9curit\u00e9 en font un produit de qualit\u00e9, un incontournable pour le sport et le divertissement.<\/p>\n<p><strong>Caract\u00e9ristiques du produit<\/strong><\/p>\n<p>Le jeu est simple, captivant, d\u00e9contract\u00e9 et divertissant\u00a0; son design ext\u00e9rieur est \u00e9l\u00e9gant et g\u00e9n\u00e9reux, avec des motifs lumineux et d\u00e9licats\u00a0; les mat\u00e9riaux utilis\u00e9s sont des plaques de fibres moyennes, des corni\u00e8res et des t\u00f4les trait\u00e9es antirouille, s\u00fbres et durables\u00a0; l&rsquo;utilisation d&rsquo;un circuit int\u00e9gr\u00e9 \u00e0 grande \u00e9chelle et d&rsquo;un programme int\u00e9gr\u00e9 assure des performances stables et fiables\u00a0; le programme de jeu et le rapport de gain sont pr\u00e9cis et r\u00e9glables.<\/p>\n","protected":false},"featured_media":2217,"template":"","meta":[],"product_brand":[],"product_cat":[428,383],"product_tag":[],"class_list":{"0":"post-2877","1":"product","2":"type-product","3":"status-publish","4":"has-post-thumbnail","6":"product_cat-jeu-de-carnaval","7":"product_cat-jeux-interactifs-jeux-avec-monnayeur","9":"first","10":"instock","11":"shipping-taxable","12":"product-type-simple"},"_links":{"self":[{"href":"https:\/\/www.alfadu-amusement.com\/index.php?rest_route=\/wp\/v2\/product\/2877","targetHints":{"allow":["GET"]}}],"collection":[{"href":"https:\/\/www.alfadu-amusement.com\/index.php?rest_route=\/wp\/v2\/product"}],"about":[{"href":"https:\/\/www.alfadu-amusement.com\/index.php?rest_route=\/wp\/v2\/types\/product"}],"wp:featuredmedia":[{"embeddable":true,"href":"https:\/\/www.alfadu-amusement.com\/index.php?rest_route=\/wp\/v2\/media\/2217"}],"wp:attachment":[{"href":"https:\/\/www.alfadu-amusement.com\/index.php?rest_route=%2Fwp%2Fv2%2Fmedia&parent=2877"}],"wp:term":[{"taxonomy":"product_brand","embeddable":true,"href":"https:\/\/www.alfadu-amusement.com\/index.php?rest_route=%2Fwp%2Fv2%2Fproduct_brand&post=2877"},{"taxonomy":"product_cat","embeddable":true,"href":"https:\/\/www.alfadu-amusement.com\/index.php?rest_route=%2Fwp%2Fv2%2Fproduct_cat&post=2877"},{"taxonomy":"product_tag","embeddable":true,"href":"https:\/\/www.alfadu-amusement.com\/index.php?rest_route=%2Fwp%2Fv2%2Fproduct_tag&post=2877"}],"curies":[{"name":"wp","href":"https:\/\/api.w.org\/{rel}","templated":true}]}}