{"id":2883,"date":"2025-10-15T16:17:30","date_gmt":"2025-10-15T16:17:30","guid":{"rendered":"https:\/\/www.alfadu-amusement.com\/?post_type=product&#038;p=2883"},"modified":"2025-10-15T16:17:30","modified_gmt":"2025-10-15T16:17:30","slug":"top-gun-iii-2","status":"publish","type":"product","link":"https:\/\/www.alfadu-amusement.com\/?product=top-gun-iii-2&lang=fr","title":{"rendered":"Top Gun III"},"content":{"rendered":"<blockquote>\n<table class=\"has-text-color has-link-color has-border-color has-fixed-layout\">\n<tbody>\n<tr>\n<td>\n<pre id=\"tw-target-text\" class=\"tw-data-text tw-text-large tw-ta\" dir=\"ltr\" tabindex=\"-1\" role=\"text\" data-placeholder=\"Traduction\" data-ved=\"2ahUKEwjUw5z1gaaQAxUtTaQEHcQpJtoQ3ewLegQICxAV\" aria-label=\"Texte traduit\u00a0: Num\u00e9ro de mod\u00e8le LEO-1.2.0020\r\nDimensions\u00a0: 124\u00a0\u00d7\u00a0250\u00a0\u00d7\u00a0225\u00a0cm\r\nAlimentation\u00a0: 220\u00a0V\r\nNombre de joueurs\u00a0: 1 \u00e0 2\r\nPoids\u00a0: 500\u00a0kg\"><span class=\"Y2IQFc\" lang=\"fr\">Num\u00e9ro de mod\u00e8le <\/span><\/pre>\n<\/td>\n<td>LEO-1.2.0020<\/td>\n<\/tr>\n<tr>\n<td>\n<pre id=\"tw-target-text\" class=\"tw-data-text tw-text-large tw-ta\" dir=\"ltr\" tabindex=\"-1\" role=\"text\" data-placeholder=\"Traduction\" data-ved=\"2ahUKEwjUw5z1gaaQAxUtTaQEHcQpJtoQ3ewLegQICxAV\" aria-label=\"Texte traduit\u00a0: Num\u00e9ro de mod\u00e8le LEO-1.2.0020\r\nDimensions\u00a0: 124\u00a0\u00d7\u00a0250\u00a0\u00d7\u00a0225\u00a0cm\r\nAlimentation\u00a0: 220\u00a0V\r\nNombre de joueurs\u00a0: 1 \u00e0 2\r\nPoids\u00a0: 500\u00a0kg\"><span class=\"Y2IQFc\" lang=\"fr\">Dimensions\u00a0<\/span><\/pre>\n<\/td>\n<td>124\u00d7250\u00d7225CM<\/td>\n<\/tr>\n<tr>\n<td>\n<pre id=\"tw-target-text\" class=\"tw-data-text tw-text-large tw-ta\" dir=\"ltr\" tabindex=\"-1\" role=\"text\" data-placeholder=\"Traduction\" data-ved=\"2ahUKEwjUw5z1gaaQAxUtTaQEHcQpJtoQ3ewLegQICxAV\" aria-label=\"Texte traduit\u00a0: Num\u00e9ro de mod\u00e8le LEO-1.2.0020\r\nDimensions\u00a0: 124\u00a0\u00d7\u00a0250\u00a0\u00d7\u00a0225\u00a0cm\r\nAlimentation\u00a0: 220\u00a0V\r\nNombre de joueurs\u00a0: 1 \u00e0 2\r\nPoids\u00a0: 500\u00a0kg\"><span class=\"Y2IQFc\" lang=\"fr\">Alimentation\u00a0<\/span><\/pre>\n<\/td>\n<td>220V,<\/td>\n<\/tr>\n<tr>\n<td>\n<pre id=\"tw-target-text\" class=\"tw-data-text tw-text-large tw-ta\" dir=\"ltr\" tabindex=\"-1\" role=\"text\" data-placeholder=\"Traduction\" data-ved=\"2ahUKEwjUw5z1gaaQAxUtTaQEHcQpJtoQ3ewLegQICxAV\" aria-label=\"Texte traduit\u00a0: Num\u00e9ro de mod\u00e8le LEO-1.2.0020\r\nDimensions\u00a0: 124\u00a0\u00d7\u00a0250\u00a0\u00d7\u00a0225\u00a0cm\r\nAlimentation\u00a0: 220\u00a0V\r\nNombre de joueurs\u00a0: 1 \u00e0 2\r\nPoids\u00a0: 500\u00a0kg\"><span class=\"Y2IQFc\" lang=\"fr\">Nombre de joueurs<\/span><\/pre>\n<\/td>\n<td>1-2 Joueurs<\/td>\n<\/tr>\n<tr>\n<td>\n<pre id=\"tw-target-text\" class=\"tw-data-text tw-text-large tw-ta\" dir=\"ltr\" tabindex=\"-1\" role=\"text\" data-placeholder=\"Traduction\" data-ved=\"2ahUKEwjUw5z1gaaQAxUtTaQEHcQpJtoQ3ewLegQICxAV\" aria-label=\"Texte traduit\u00a0: Num\u00e9ro de mod\u00e8le LEO-1.2.0020\r\nDimensions\u00a0: 124\u00a0\u00d7\u00a0250\u00a0\u00d7\u00a0225\u00a0cm\r\nAlimentation\u00a0: 220\u00a0V\r\nNombre de joueurs\u00a0: 1 \u00e0 2\r\nPoids\u00a0: 500\u00a0kg\"><span class=\"Y2IQFc\" lang=\"fr\">Poids\u00a0<\/span><\/pre>\n<\/td>\n<td>500 KG<\/td>\n<\/tr>\n<\/tbody>\n<\/table>\n<p>https:\/\/youtu.be\/TYJxLAgE0Z0?si=17tXZATShM8ydqlY<\/p><\/blockquote>\n","protected":false},"excerpt":{"rendered":"<p>Top Gun III est un jeu d&rsquo;arcade de tir d&rsquo;adresse alliant action rapide, combats intenses et r\u00e9flexion strat\u00e9gique. Jusqu&rsquo;\u00e0 4 unit\u00e9s peuvent \u00eatre connect\u00e9es pour s&rsquo;affronter, vous offrant une exp\u00e9rience de jeu palpitante et immersive.<\/p>\n","protected":false},"featured_media":1493,"template":"","meta":[],"product_brand":[],"product_cat":[436,383],"product_tag":[],"class_list":{"0":"post-2883","1":"product","2":"type-product","3":"status-publish","4":"has-post-thumbnail","6":"product_cat-jeu-video","7":"product_cat-jeux-interactifs-jeux-avec-monnayeur","9":"first","10":"instock","11":"shipping-taxable","12":"product-type-simple"},"_links":{"self":[{"href":"https:\/\/www.alfadu-amusement.com\/index.php?rest_route=\/wp\/v2\/product\/2883","targetHints":{"allow":["GET"]}}],"collection":[{"href":"https:\/\/www.alfadu-amusement.com\/index.php?rest_route=\/wp\/v2\/product"}],"about":[{"href":"https:\/\/www.alfadu-amusement.com\/index.php?rest_route=\/wp\/v2\/types\/product"}],"wp:featuredmedia":[{"embeddable":true,"href":"https:\/\/www.alfadu-amusement.com\/index.php?rest_route=\/wp\/v2\/media\/1493"}],"wp:attachment":[{"href":"https:\/\/www.alfadu-amusement.com\/index.php?rest_route=%2Fwp%2Fv2%2Fmedia&parent=2883"}],"wp:term":[{"taxonomy":"product_brand","embeddable":true,"href":"https:\/\/www.alfadu-amusement.com\/index.php?rest_route=%2Fwp%2Fv2%2Fproduct_brand&post=2883"},{"taxonomy":"product_cat","embeddable":true,"href":"https:\/\/www.alfadu-amusement.com\/index.php?rest_route=%2Fwp%2Fv2%2Fproduct_cat&post=2883"},{"taxonomy":"product_tag","embeddable":true,"href":"https:\/\/www.alfadu-amusement.com\/index.php?rest_route=%2Fwp%2Fv2%2Fproduct_tag&post=2883"}],"curies":[{"name":"wp","href":"https:\/\/api.w.org\/{rel}","templated":true}]}}