{"id":2889,"date":"2025-10-15T16:27:14","date_gmt":"2025-10-15T16:27:14","guid":{"rendered":"https:\/\/www.alfadu-amusement.com\/?post_type=product&#038;p=2889"},"modified":"2025-10-15T16:27:14","modified_gmt":"2025-10-15T16:27:14","slug":"machine-a-poupee-ours","status":"publish","type":"product","link":"https:\/\/www.alfadu-amusement.com\/?product=machine-a-poupee-ours&lang=fr","title":{"rendered":"Machine \u00e0 poup\u00e9e ours"},"content":{"rendered":"<table class=\"has-text-color has-link-color has-border-color has-fixed-layout\">\n<tbody>\n<tr>\n<td>\n<pre id=\"tw-target-text\" class=\"tw-data-text tw-text-large tw-ta\" dir=\"ltr\" tabindex=\"-1\" role=\"text\" data-placeholder=\"Traduction\" data-ved=\"2ahUKEwjUw5z1gaaQAxUtTaQEHcQpJtoQ3ewLegQICxAV\" aria-label=\"Texte traduit\u00a0: Num\u00e9ro de mod\u00e8le LE-1.3.0149\r\nDimensions\u00a0: L 54\u00a0cm \u00d7 P 47\u00a0cm \u00d7 H 103\u00a0cm\r\nAlimentation\u00a0: 220\u00a0V\"><span class=\"Y2IQFc\" lang=\"fr\">Num\u00e9ro de mod\u00e8le <\/span><\/pre>\n<\/td>\n<td>LE-1.3.0149<\/td>\n<\/tr>\n<tr>\n<td>\n<pre id=\"tw-target-text\" class=\"tw-data-text tw-text-large tw-ta\" dir=\"ltr\" tabindex=\"-1\" role=\"text\" data-placeholder=\"Traduction\" data-ved=\"2ahUKEwjUw5z1gaaQAxUtTaQEHcQpJtoQ3ewLegQICxAV\" aria-label=\"Texte traduit\u00a0: Num\u00e9ro de mod\u00e8le LE-1.3.0149\r\nDimensions\u00a0: L 54\u00a0cm \u00d7 P 47\u00a0cm \u00d7 H 103\u00a0cm\r\nAlimentation\u00a0: 220\u00a0V\"><span class=\"Y2IQFc\" lang=\"fr\">Dimensions\u00a0<\/span><\/pre>\n<\/td>\n<td>W 54 cm \u00d7 D 47 cm \u00d7 H 103 cm<\/td>\n<\/tr>\n<tr>\n<td>\n<pre id=\"tw-target-text\" class=\"tw-data-text tw-text-large tw-ta\" dir=\"ltr\" tabindex=\"-1\" role=\"text\" data-placeholder=\"Traduction\" data-ved=\"2ahUKEwjUw5z1gaaQAxUtTaQEHcQpJtoQ3ewLegQICxAV\" aria-label=\"Texte traduit\u00a0: Num\u00e9ro de mod\u00e8le LE-1.3.0149\r\nDimensions\u00a0: L 54\u00a0cm \u00d7 P 47\u00a0cm \u00d7 H 103\u00a0cm\r\nAlimentation\u00a0: 220\u00a0V\"><span class=\"Y2IQFc\" lang=\"fr\">Alimentation\u00a0<\/span><\/pre>\n<\/td>\n<td>220V<\/td>\n<\/tr>\n<\/tbody>\n<\/table>\n<p><iframe title=\"Bear Doll Machine\" width=\"1140\" height=\"641\" src=\"https:\/\/www.youtube.com\/embed\/n61kOpf9jwA?feature=oembed\" frameborder=\"0\" allow=\"accelerometer; autoplay; clipboard-write; encrypted-media; gyroscope; picture-in-picture; web-share\" referrerpolicy=\"strict-origin-when-cross-origin\" allowfullscreen><\/iframe><\/p>\n","protected":false},"excerpt":{"rendered":"<div class=\"elementor-element elementor-element-c91532f elementor-widget__width-initial elementor-widget elementor-widget-shopengine-product-excerpt\" data-id=\"c91532f\" data-element_type=\"widget\" data-widget_type=\"shopengine-product-excerpt.default\">\n<div class=\"elementor-widget-container\">\n<div class=\"shopengine shopengine-widget\">\n<div class=\"shopengine-product-excerpt\">\n<div class=\"woocommerce-product-details__short-description\">\n<p>La \u00ab\u00a0Machine \u00e0 poup\u00e9es ours\u00a0\u00bb est un jeu de pince \u00e0 prix ludique et color\u00e9 sur le th\u00e8me des ours. Avec ses commandes intuitives et son design color\u00e9, elle est id\u00e9ale pour les enfants et les familles. Con\u00e7ue pour durer et facile d&rsquo;entretien, elle offre une exp\u00e9rience ludique dans les parcs d&rsquo;attractions et les salles de jeux.<\/p>\n<p><strong>COMMENT JOUER\u00a0:<\/strong><br \/>\n1. Ins\u00e9rez des pi\u00e8ces ou des jetons pour d\u00e9marrer le jeu.<br \/>\n2. Utilisez le joystick pour d\u00e9placer la pince et la positionner sur le prix souhait\u00e9.<br \/>\n3. Appuyez sur le bouton pour faire tomber la pince et tenter de r\u00e9cup\u00e9rer votre prix.<br \/>\n4. En cas de r\u00e9ussite, le prix sera lib\u00e9r\u00e9 dans la zone de collecte.<\/p>\n<\/div>\n<\/div>\n<\/div>\n<\/div>\n<\/div>\n","protected":false},"featured_media":1209,"template":"","meta":[],"product_brand":[],"product_cat":[383,432],"product_tag":[],"class_list":{"0":"post-2889","1":"product","2":"type-product","3":"status-publish","4":"has-post-thumbnail","6":"product_cat-jeux-interactifs-jeux-avec-monnayeur","7":"product_cat-machine-a-grue","9":"first","10":"instock","11":"shipping-taxable","12":"product-type-simple"},"_links":{"self":[{"href":"https:\/\/www.alfadu-amusement.com\/index.php?rest_route=\/wp\/v2\/product\/2889","targetHints":{"allow":["GET"]}}],"collection":[{"href":"https:\/\/www.alfadu-amusement.com\/index.php?rest_route=\/wp\/v2\/product"}],"about":[{"href":"https:\/\/www.alfadu-amusement.com\/index.php?rest_route=\/wp\/v2\/types\/product"}],"wp:featuredmedia":[{"embeddable":true,"href":"https:\/\/www.alfadu-amusement.com\/index.php?rest_route=\/wp\/v2\/media\/1209"}],"wp:attachment":[{"href":"https:\/\/www.alfadu-amusement.com\/index.php?rest_route=%2Fwp%2Fv2%2Fmedia&parent=2889"}],"wp:term":[{"taxonomy":"product_brand","embeddable":true,"href":"https:\/\/www.alfadu-amusement.com\/index.php?rest_route=%2Fwp%2Fv2%2Fproduct_brand&post=2889"},{"taxonomy":"product_cat","embeddable":true,"href":"https:\/\/www.alfadu-amusement.com\/index.php?rest_route=%2Fwp%2Fv2%2Fproduct_cat&post=2889"},{"taxonomy":"product_tag","embeddable":true,"href":"https:\/\/www.alfadu-amusement.com\/index.php?rest_route=%2Fwp%2Fv2%2Fproduct_tag&post=2889"}],"curies":[{"name":"wp","href":"https:\/\/api.w.org\/{rel}","templated":true}]}}