{"id":2892,"date":"2025-10-15T16:30:52","date_gmt":"2025-10-15T16:30:52","guid":{"rendered":"https:\/\/www.alfadu-amusement.com\/?post_type=product&#038;p=2892"},"modified":"2025-10-15T16:30:52","modified_gmt":"2025-10-15T16:30:52","slug":"lucky-7-2","status":"publish","type":"product","link":"https:\/\/www.alfadu-amusement.com\/?product=lucky-7-2&lang=fr","title":{"rendered":"LUCKY 7"},"content":{"rendered":"<table class=\"has-text-color has-link-color has-border-color has-fixed-layout\" width=\"739\">\n<tbody>\n<tr>\n<td>\n<pre id=\"tw-target-text\" class=\"tw-data-text tw-text-large tw-ta\" dir=\"ltr\" tabindex=\"-1\" role=\"text\" data-placeholder=\"Traduction\" data-ved=\"2ahUKEwjUw5z1gaaQAxUtTaQEHcQpJtoQ3ewLegQICxAV\" aria-label=\"Texte traduit\u00a0: Num\u00e9ro de mod\u00e8le LEO-1.1.0001\r\nDimensions\u00a0: 85 x 82 x 240 cm\r\nAlimentation\u00a0: 220 V\r\nPoids\u00a0: 14 kg\"><span class=\"Y2IQFc\" lang=\"fr\">Num\u00e9ro de mod\u00e8le<\/span><\/pre>\n<\/td>\n<td>LEO-1.1.0001<\/td>\n<\/tr>\n<tr>\n<td>\n<pre id=\"tw-target-text\" class=\"tw-data-text tw-text-large tw-ta\" dir=\"ltr\" tabindex=\"-1\" role=\"text\" data-placeholder=\"Traduction\" data-ved=\"2ahUKEwjUw5z1gaaQAxUtTaQEHcQpJtoQ3ewLegQICxAV\" aria-label=\"Texte traduit\u00a0: Num\u00e9ro de mod\u00e8le LEO-1.1.0001\r\nDimensions\u00a0: 85 x 82 x 240 cm\r\nAlimentation\u00a0: 220 V\r\nPoids\u00a0: 14 kg\"><span class=\"Y2IQFc\" lang=\"fr\">Dimensions\u00a0<\/span><\/pre>\n<\/td>\n<td>85x82x240CM<\/td>\n<\/tr>\n<tr>\n<td>\n<pre id=\"tw-target-text\" class=\"tw-data-text tw-text-large tw-ta\" dir=\"ltr\" tabindex=\"-1\" role=\"text\" data-placeholder=\"Traduction\" data-ved=\"2ahUKEwjUw5z1gaaQAxUtTaQEHcQpJtoQ3ewLegQICxAV\" aria-label=\"Texte traduit\u00a0: Num\u00e9ro de mod\u00e8le LEO-1.1.0001\r\nDimensions\u00a0: 85 x 82 x 240 cm\r\nAlimentation\u00a0: 220 V\r\nPoids\u00a0: 14 kg\"><span class=\"Y2IQFc\" lang=\"fr\">Alimentation\u00a0<\/span><\/pre>\n<\/td>\n<td>220V<\/td>\n<\/tr>\n<tr>\n<td>\n<pre id=\"tw-target-text\" class=\"tw-data-text tw-text-large tw-ta\" dir=\"ltr\" tabindex=\"-1\" role=\"text\" data-placeholder=\"Traduction\" data-ved=\"2ahUKEwjUw5z1gaaQAxUtTaQEHcQpJtoQ3ewLegQICxAV\" aria-label=\"Texte traduit\u00a0: Num\u00e9ro de mod\u00e8le LEO-1.1.0001\r\nDimensions\u00a0: 85 x 82 x 240 cm\r\nAlimentation\u00a0: 220 V\r\nPoids\u00a0: 14 kg\"><span class=\"Y2IQFc\" lang=\"fr\">Poids\u00a0<\/span><\/pre>\n<\/td>\n<td>14.0KG<\/td>\n<\/tr>\n<\/tbody>\n<\/table>\n<p><iframe title=\"LUCKY 7\" width=\"1140\" height=\"855\" src=\"https:\/\/www.youtube.com\/embed\/u3VOP63aBvA?feature=oembed\" frameborder=\"0\" allow=\"accelerometer; autoplay; clipboard-write; encrypted-media; gyroscope; picture-in-picture; web-share\" referrerpolicy=\"strict-origin-when-cross-origin\" allowfullscreen><\/iframe><\/p>\n","protected":false},"excerpt":{"rendered":"<div class=\"elementor-element elementor-element-c91532f elementor-widget__width-initial elementor-widget elementor-widget-shopengine-product-excerpt\" data-id=\"c91532f\" data-element_type=\"widget\" data-widget_type=\"shopengine-product-excerpt.default\">\n<div class=\"elementor-widget-container\">\n<div class=\"shopengine shopengine-widget\">\n<div class=\"shopengine-product-excerpt\">\n<div class=\"woocommerce-product-details__short-description\">\n<p>Lucky 7, le jeu de machine \u00e0 sous ultime qui met votre timing \u00e0 l&rsquo;\u00e9preuve et vous offre des prix incroyables.<\/p>\n<p><strong>Comment jouer\u00a0:<\/strong><\/p>\n<p>1. Ins\u00e9rez des pi\u00e8ces.<br \/>\n2. Appuyez sur le bouton pour tenter d&rsquo;arr\u00eater le num\u00e9ro \u00e0 007.000.<br \/>\n3. Gagnez le prix.<\/p>\n<\/div>\n<\/div>\n<\/div>\n<\/div>\n<\/div>\n","protected":false},"featured_media":1534,"template":"","meta":[],"product_brand":[],"product_cat":[383,432],"product_tag":[],"class_list":{"0":"post-2892","1":"product","2":"type-product","3":"status-publish","4":"has-post-thumbnail","6":"product_cat-jeux-interactifs-jeux-avec-monnayeur","7":"product_cat-machine-a-grue","9":"first","10":"instock","11":"shipping-taxable","12":"product-type-simple"},"_links":{"self":[{"href":"https:\/\/www.alfadu-amusement.com\/index.php?rest_route=\/wp\/v2\/product\/2892","targetHints":{"allow":["GET"]}}],"collection":[{"href":"https:\/\/www.alfadu-amusement.com\/index.php?rest_route=\/wp\/v2\/product"}],"about":[{"href":"https:\/\/www.alfadu-amusement.com\/index.php?rest_route=\/wp\/v2\/types\/product"}],"wp:featuredmedia":[{"embeddable":true,"href":"https:\/\/www.alfadu-amusement.com\/index.php?rest_route=\/wp\/v2\/media\/1534"}],"wp:attachment":[{"href":"https:\/\/www.alfadu-amusement.com\/index.php?rest_route=%2Fwp%2Fv2%2Fmedia&parent=2892"}],"wp:term":[{"taxonomy":"product_brand","embeddable":true,"href":"https:\/\/www.alfadu-amusement.com\/index.php?rest_route=%2Fwp%2Fv2%2Fproduct_brand&post=2892"},{"taxonomy":"product_cat","embeddable":true,"href":"https:\/\/www.alfadu-amusement.com\/index.php?rest_route=%2Fwp%2Fv2%2Fproduct_cat&post=2892"},{"taxonomy":"product_tag","embeddable":true,"href":"https:\/\/www.alfadu-amusement.com\/index.php?rest_route=%2Fwp%2Fv2%2Fproduct_tag&post=2892"}],"curies":[{"name":"wp","href":"https:\/\/api.w.org\/{rel}","templated":true}]}}