{"id":2901,"date":"2025-10-17T08:35:11","date_gmt":"2025-10-17T08:35:11","guid":{"rendered":"https:\/\/www.alfadu-amusement.com\/?post_type=product&#038;p=2901"},"modified":"2025-10-17T08:35:11","modified_gmt":"2025-10-17T08:35:11","slug":"attrape-bois-damusement","status":"publish","type":"product","link":"https:\/\/www.alfadu-amusement.com\/?product=attrape-bois-damusement&lang=fr","title":{"rendered":"Attrape-bois d&rsquo;amusement"},"content":{"rendered":"<table style=\"height: 940px;\" border=\"0\" width=\"800\" cellspacing=\"0\">\n<tbody>\n<tr>\n<td valign=\"center\" nowrap=\"nowrap\" width=\"211\">\n<pre id=\"tw-target-text\" class=\"tw-data-text tw-text-large tw-ta\" dir=\"ltr\" tabindex=\"-1\" role=\"text\" data-placeholder=\"Traduction\" data-ved=\"2ahUKEwihy6zS56qQAxUl7LsIHWZRBVIQ3ewLegQICxAV\" aria-label=\"Texte traduit\u00a0: Mode de contr\u00f4le\u00a0: Type de bobine et de t\u00e9l\u00e9commande \u00c2ge d\u2019utilisation\u00a0: Enfants ou adultes Dimensions\u00a0: Longueur\u00a0: 3,5\u00a0m, largeur\u00a0: 1,05\u00a0m, hauteur\u00a0: 2,1\u00a0m Tension nominale\u00a0: 100\/110\/220\/230\u00a0V Fr\u00e9quence nominale\u00a0: 50\/60\u00a0Hz Puissance totale nominale\u00a0: 1,5\u00a0kW Autonomie maximale\u00a0: 8\u00a0h Rayon d\u2019action maximal\u00a0: 3\u00a0m Vitesse maximale\u00a0: 0,3\u00a0m\/s Poids total en ordre de marche\u00a0: 350\u00a0kg Surface couverte\u00a0: 26\u00a0m\u00b2 en rotation \u00e0 360\u00a0degr\u00e9s, 15\u00a0m\u00b2 en rotation \u00e0 180\u00a0degr\u00e9s, 9,5\u00a0m\u00b2 en rotation \u00e0 90\u00a0degr\u00e9s Mat\u00e9riau\u00a0: Structure m\u00e9tallique\"><span class=\"Y2IQFc\" lang=\"fr\">Mode de contr\u00f4le\u00a0:\r\n<\/span><\/pre>\n<\/td>\n<td valign=\"center\" nowrap=\"nowrap\" width=\"379\">\n<p id=\"tw-target-text\" class=\"tw-data-text tw-text-large tw-ta\" dir=\"ltr\" tabindex=\"-1\" role=\"text\" data-placeholder=\"Traduction\" data-ved=\"2ahUKEwihy6zS56qQAxUl7LsIHWZRBVIQ3ewLegQICxAV\" aria-label=\"Texte traduit\u00a0: Mode de contr\u00f4le\u00a0: Type de bobine et de t\u00e9l\u00e9commande \u00c2ge d\u2019utilisation\u00a0: Enfants ou adultes Dimensions\u00a0: Longueur\u00a0: 3,5\u00a0m, largeur\u00a0: 1,05\u00a0m, hauteur\u00a0: 2,1\u00a0m Tension nominale\u00a0: 100\/110\/220\/230\u00a0V Fr\u00e9quence nominale\u00a0: 50\/60\u00a0Hz Puissance totale nominale\u00a0: 1,5\u00a0kW Autonomie maximale\u00a0: 8\u00a0h Rayon d\u2019action maximal\u00a0: 3\u00a0m Vitesse maximale\u00a0: 0,3\u00a0m\/s Poids total en ordre de marche\u00a0: 350\u00a0kg Surface couverte\u00a0: 26\u00a0m\u00b2 en rotation \u00e0 360\u00a0degr\u00e9s, 15\u00a0m\u00b2 en rotation \u00e0 180\u00a0degr\u00e9s, 9,5\u00a0m\u00b2 en rotation \u00e0 90\u00a0degr\u00e9s Mat\u00e9riau\u00a0: Structure m\u00e9tallique\"><span class=\"Y2IQFc\" lang=\"fr\">Type de bobine et de t\u00e9l\u00e9commande<\/span><\/p>\n<\/td>\n<\/tr>\n<tr>\n<td valign=\"center\" nowrap=\"nowrap\">\n<pre id=\"tw-target-text\" class=\"tw-data-text tw-text-large tw-ta\" dir=\"ltr\" tabindex=\"-1\" role=\"text\" data-placeholder=\"Traduction\" data-ved=\"2ahUKEwihy6zS56qQAxUl7LsIHWZRBVIQ3ewLegQICxAV\" aria-label=\"Texte traduit\u00a0: Mode de contr\u00f4le\u00a0: Type de bobine et de t\u00e9l\u00e9commande \u00c2ge d\u2019utilisation\u00a0: Enfants ou adultes Dimensions\u00a0: Longueur\u00a0: 3,5\u00a0m, largeur\u00a0: 1,05\u00a0m, hauteur\u00a0: 2,1\u00a0m Tension nominale\u00a0: 100\/110\/220\/230\u00a0V Fr\u00e9quence nominale\u00a0: 50\/60\u00a0Hz Puissance totale nominale\u00a0: 1,5\u00a0kW Autonomie maximale\u00a0: 8\u00a0h Rayon d\u2019action maximal\u00a0: 3\u00a0m Vitesse maximale\u00a0: 0,3\u00a0m\/s Poids total en ordre de marche\u00a0: 350\u00a0kg Surface couverte\u00a0: 26\u00a0m\u00b2 en rotation \u00e0 360\u00a0degr\u00e9s, 15\u00a0m\u00b2 en rotation \u00e0 180\u00a0degr\u00e9s, 9,5\u00a0m\u00b2 en rotation \u00e0 90\u00a0degr\u00e9s Mat\u00e9riau\u00a0: Structure m\u00e9tallique\"><span class=\"Y2IQFc\" lang=\"fr\">\u00c2ge d\u2019utilisation\u00a0:\r\n<\/span><\/pre>\n<\/td>\n<td valign=\"center\" nowrap=\"nowrap\">\n<p id=\"tw-target-text\" class=\"tw-data-text tw-text-large tw-ta\" dir=\"ltr\" tabindex=\"-1\" role=\"text\" data-placeholder=\"Traduction\" data-ved=\"2ahUKEwihy6zS56qQAxUl7LsIHWZRBVIQ3ewLegQICxAV\" aria-label=\"Texte traduit\u00a0: Mode de contr\u00f4le\u00a0: Type de bobine et de t\u00e9l\u00e9commande \u00c2ge d\u2019utilisation\u00a0: Enfants ou adultes Dimensions\u00a0: Longueur\u00a0: 3,5\u00a0m, largeur\u00a0: 1,05\u00a0m, hauteur\u00a0: 2,1\u00a0m Tension nominale\u00a0: 100\/110\/220\/230\u00a0V Fr\u00e9quence nominale\u00a0: 50\/60\u00a0Hz Puissance totale nominale\u00a0: 1,5\u00a0kW Autonomie maximale\u00a0: 8\u00a0h Rayon d\u2019action maximal\u00a0: 3\u00a0m Vitesse maximale\u00a0: 0,3\u00a0m\/s Poids total en ordre de marche\u00a0: 350\u00a0kg Surface couverte\u00a0: 26\u00a0m\u00b2 en rotation \u00e0 360\u00a0degr\u00e9s, 15\u00a0m\u00b2 en rotation \u00e0 180\u00a0degr\u00e9s, 9,5\u00a0m\u00b2 en rotation \u00e0 90\u00a0degr\u00e9s Mat\u00e9riau\u00a0: Structure m\u00e9tallique\"><span class=\"Y2IQFc\" lang=\"fr\">Enfants ou adultes<\/span><\/p>\n<\/td>\n<\/tr>\n<tr>\n<td valign=\"center\" nowrap=\"nowrap\">\n<pre id=\"tw-target-text\" class=\"tw-data-text tw-text-large tw-ta\" dir=\"ltr\" tabindex=\"-1\" role=\"text\" data-placeholder=\"Traduction\" data-ved=\"2ahUKEwihy6zS56qQAxUl7LsIHWZRBVIQ3ewLegQICxAV\" aria-label=\"Texte traduit\u00a0: Mode de contr\u00f4le\u00a0: Type de bobine et de t\u00e9l\u00e9commande \u00c2ge d\u2019utilisation\u00a0: Enfants ou adultes Dimensions\u00a0: Longueur\u00a0: 3,5\u00a0m, largeur\u00a0: 1,05\u00a0m, hauteur\u00a0: 2,1\u00a0m Tension nominale\u00a0: 100\/110\/220\/230\u00a0V Fr\u00e9quence nominale\u00a0: 50\/60\u00a0Hz Puissance totale nominale\u00a0: 1,5\u00a0kW Autonomie maximale\u00a0: 8\u00a0h Rayon d\u2019action maximal\u00a0: 3\u00a0m Vitesse maximale\u00a0: 0,3\u00a0m\/s Poids total en ordre de marche\u00a0: 350\u00a0kg Surface couverte\u00a0: 26\u00a0m\u00b2 en rotation \u00e0 360\u00a0degr\u00e9s, 15\u00a0m\u00b2 en rotation \u00e0 180\u00a0degr\u00e9s, 9,5\u00a0m\u00b2 en rotation \u00e0 90\u00a0degr\u00e9s Mat\u00e9riau\u00a0: Structure m\u00e9tallique\"><span class=\"Y2IQFc\" lang=\"fr\">Dimensions\u00a0<\/span><\/pre>\n<\/td>\n<td valign=\"center\" nowrap=\"nowrap\">\n<p id=\"tw-target-text\" class=\"tw-data-text tw-text-large tw-ta\" dir=\"ltr\" tabindex=\"-1\" role=\"text\" data-placeholder=\"Traduction\" data-ved=\"2ahUKEwihy6zS56qQAxUl7LsIHWZRBVIQ3ewLegQICxAV\" aria-label=\"Texte traduit\u00a0: Mode de contr\u00f4le\u00a0: Type de bobine et de t\u00e9l\u00e9commande \u00c2ge d\u2019utilisation\u00a0: Enfants ou adultes Dimensions\u00a0: Longueur\u00a0: 3,5\u00a0m, largeur\u00a0: 1,05\u00a0m, hauteur\u00a0: 2,1\u00a0m Tension nominale\u00a0: 100\/110\/220\/230\u00a0V Fr\u00e9quence nominale\u00a0: 50\/60\u00a0Hz Puissance totale nominale\u00a0: 1,5\u00a0kW Autonomie maximale\u00a0: 8\u00a0h Rayon d\u2019action maximal\u00a0: 3\u00a0m Vitesse maximale\u00a0: 0,3\u00a0m\/s Poids total en ordre de marche\u00a0: 350\u00a0kg Surface couverte\u00a0: 26\u00a0m\u00b2 en rotation \u00e0 360\u00a0degr\u00e9s, 15\u00a0m\u00b2 en rotation \u00e0 180\u00a0degr\u00e9s, 9,5\u00a0m\u00b2 en rotation \u00e0 90\u00a0degr\u00e9s Mat\u00e9riau\u00a0: Structure m\u00e9tallique\"><span class=\"Y2IQFc\" lang=\"fr\">Longueur\u00a0: 3,5\u00a0m, largeur\u00a0: 1,05\u00a0m, hauteur\u00a0: 2,1\u00a0m<\/span><\/p>\n<\/td>\n<\/tr>\n<tr>\n<td valign=\"center\" nowrap=\"nowrap\">\n<pre id=\"tw-target-text\" class=\"tw-data-text tw-text-large tw-ta\" dir=\"ltr\" tabindex=\"-1\" role=\"text\" data-placeholder=\"Traduction\" data-ved=\"2ahUKEwihy6zS56qQAxUl7LsIHWZRBVIQ3ewLegQICxAV\" aria-label=\"Texte traduit\u00a0: Mode de contr\u00f4le\u00a0: Type de bobine et de t\u00e9l\u00e9commande \u00c2ge d\u2019utilisation\u00a0: Enfants ou adultes Dimensions\u00a0: Longueur\u00a0: 3,5\u00a0m, largeur\u00a0: 1,05\u00a0m, hauteur\u00a0: 2,1\u00a0m Tension nominale\u00a0: 100\/110\/220\/230\u00a0V Fr\u00e9quence nominale\u00a0: 50\/60\u00a0Hz Puissance totale nominale\u00a0: 1,5\u00a0kW Autonomie maximale\u00a0: 8\u00a0h Rayon d\u2019action maximal\u00a0: 3\u00a0m Vitesse maximale\u00a0: 0,3\u00a0m\/s Poids total en ordre de marche\u00a0: 350\u00a0kg Surface couverte\u00a0: 26\u00a0m\u00b2 en rotation \u00e0 360\u00a0degr\u00e9s, 15\u00a0m\u00b2 en rotation \u00e0 180\u00a0degr\u00e9s, 9,5\u00a0m\u00b2 en rotation \u00e0 90\u00a0degr\u00e9s Mat\u00e9riau\u00a0: Structure m\u00e9tallique\"><span class=\"Y2IQFc\" lang=\"fr\">Tension nominale\u00a0:\r\n<\/span><\/pre>\n<\/td>\n<td valign=\"center\" nowrap=\"nowrap\">100\/110\/220\/230v<\/td>\n<\/tr>\n<tr>\n<td valign=\"center\" nowrap=\"nowrap\">\n<pre id=\"tw-target-text\" class=\"tw-data-text tw-text-large tw-ta\" dir=\"ltr\" tabindex=\"-1\" role=\"text\" data-placeholder=\"Traduction\" data-ved=\"2ahUKEwihy6zS56qQAxUl7LsIHWZRBVIQ3ewLegQICxAV\" aria-label=\"Texte traduit\u00a0: Mode de contr\u00f4le\u00a0: Type de bobine et de t\u00e9l\u00e9commande \u00c2ge d\u2019utilisation\u00a0: Enfants ou adultes Dimensions\u00a0: Longueur\u00a0: 3,5\u00a0m, largeur\u00a0: 1,05\u00a0m, hauteur\u00a0: 2,1\u00a0m Tension nominale\u00a0: 100\/110\/220\/230\u00a0V Fr\u00e9quence nominale\u00a0: 50\/60\u00a0Hz Puissance totale nominale\u00a0: 1,5\u00a0kW Autonomie maximale\u00a0: 8\u00a0h Rayon d\u2019action maximal\u00a0: 3\u00a0m Vitesse maximale\u00a0: 0,3\u00a0m\/s Poids total en ordre de marche\u00a0: 350\u00a0kg Surface couverte\u00a0: 26\u00a0m\u00b2 en rotation \u00e0 360\u00a0degr\u00e9s, 15\u00a0m\u00b2 en rotation \u00e0 180\u00a0degr\u00e9s, 9,5\u00a0m\u00b2 en rotation \u00e0 90\u00a0degr\u00e9s Mat\u00e9riau\u00a0: Structure m\u00e9tallique\"><span class=\"Y2IQFc\" lang=\"fr\">Fr\u00e9quence nominale\u00a0:<\/span><\/pre>\n<\/td>\n<td valign=\"center\" nowrap=\"nowrap\">50\/60hz<\/td>\n<\/tr>\n<tr>\n<td valign=\"center\" nowrap=\"nowrap\">\n<pre id=\"tw-target-text\" class=\"tw-data-text tw-text-large tw-ta\" dir=\"ltr\" tabindex=\"-1\" role=\"text\" data-placeholder=\"Traduction\" data-ved=\"2ahUKEwihy6zS56qQAxUl7LsIHWZRBVIQ3ewLegQICxAV\" aria-label=\"Texte traduit\u00a0: Mode de contr\u00f4le\u00a0: Type de bobine et de t\u00e9l\u00e9commande \u00c2ge d\u2019utilisation\u00a0: Enfants ou adultes Dimensions\u00a0: Longueur\u00a0: 3,5\u00a0m, largeur\u00a0: 1,05\u00a0m, hauteur\u00a0: 2,1\u00a0m Tension nominale\u00a0: 100\/110\/220\/230\u00a0V Fr\u00e9quence nominale\u00a0: 50\/60\u00a0Hz Puissance totale nominale\u00a0: 1,5\u00a0kW Autonomie maximale\u00a0: 8\u00a0h Rayon d\u2019action maximal\u00a0: 3\u00a0m Vitesse maximale\u00a0: 0,3\u00a0m\/s Poids total en ordre de marche\u00a0: 350\u00a0kg Surface couverte\u00a0: 26\u00a0m\u00b2 en rotation \u00e0 360\u00a0degr\u00e9s, 15\u00a0m\u00b2 en rotation \u00e0 180\u00a0degr\u00e9s, 9,5\u00a0m\u00b2 en rotation \u00e0 90\u00a0degr\u00e9s Mat\u00e9riau\u00a0: Structure m\u00e9tallique\"><span class=\"Y2IQFc\" lang=\"fr\">Puissance totale nominale\u00a0:<\/span><\/pre>\n<\/td>\n<td valign=\"center\" nowrap=\"nowrap\">1.5kw<\/td>\n<\/tr>\n<tr>\n<td valign=\"center\" nowrap=\"nowrap\">\n<pre id=\"tw-target-text\" class=\"tw-data-text tw-text-large tw-ta\" dir=\"ltr\" tabindex=\"-1\" role=\"text\" data-placeholder=\"Traduction\" data-ved=\"2ahUKEwihy6zS56qQAxUl7LsIHWZRBVIQ3ewLegQICxAV\" aria-label=\"Texte traduit\u00a0: Mode de contr\u00f4le\u00a0: Type de bobine et de t\u00e9l\u00e9commande \u00c2ge d\u2019utilisation\u00a0: Enfants ou adultes Dimensions\u00a0: Longueur\u00a0: 3,5\u00a0m, largeur\u00a0: 1,05\u00a0m, hauteur\u00a0: 2,1\u00a0m Tension nominale\u00a0: 100\/110\/220\/230\u00a0V Fr\u00e9quence nominale\u00a0: 50\/60\u00a0Hz Puissance totale nominale\u00a0: 1,5\u00a0kW Autonomie maximale\u00a0: 8\u00a0h Rayon d\u2019action maximal\u00a0: 3\u00a0m Vitesse maximale\u00a0: 0,3\u00a0m\/s Poids total en ordre de marche\u00a0: 350\u00a0kg Surface couverte\u00a0: 26\u00a0m\u00b2 en rotation \u00e0 360\u00a0degr\u00e9s, 15\u00a0m\u00b2 en rotation \u00e0 180\u00a0degr\u00e9s, 9,5\u00a0m\u00b2 en rotation \u00e0 90\u00a0degr\u00e9s Mat\u00e9riau\u00a0: Structure m\u00e9tallique\"><span class=\"Y2IQFc\" lang=\"fr\">Autonomie maximale\u00a0:<\/span><\/pre>\n<\/td>\n<td valign=\"center\" nowrap=\"nowrap\">8h<\/td>\n<\/tr>\n<tr>\n<td valign=\"center\" nowrap=\"nowrap\">\n<pre id=\"tw-target-text\" class=\"tw-data-text tw-text-large tw-ta\" dir=\"ltr\" tabindex=\"-1\" role=\"text\" data-placeholder=\"Traduction\" data-ved=\"2ahUKEwihy6zS56qQAxUl7LsIHWZRBVIQ3ewLegQICxAV\" aria-label=\"Texte traduit\u00a0: Mode de contr\u00f4le\u00a0: Type de bobine et de t\u00e9l\u00e9commande \u00c2ge d\u2019utilisation\u00a0: Enfants ou adultes Dimensions\u00a0: Longueur\u00a0: 3,5\u00a0m, largeur\u00a0: 1,05\u00a0m, hauteur\u00a0: 2,1\u00a0m Tension nominale\u00a0: 100\/110\/220\/230\u00a0V Fr\u00e9quence nominale\u00a0: 50\/60\u00a0Hz Puissance totale nominale\u00a0: 1,5\u00a0kW Autonomie maximale\u00a0: 8\u00a0h Rayon d\u2019action maximal\u00a0: 3\u00a0m Vitesse maximale\u00a0: 0,3\u00a0m\/s Poids total en ordre de marche\u00a0: 350\u00a0kg Surface couverte\u00a0: 26\u00a0m\u00b2 en rotation \u00e0 360\u00a0degr\u00e9s, 15\u00a0m\u00b2 en rotation \u00e0 180\u00a0degr\u00e9s, 9,5\u00a0m\u00b2 en rotation \u00e0 90\u00a0degr\u00e9s Mat\u00e9riau\u00a0: Structure m\u00e9tallique\"><span class=\"Y2IQFc\" lang=\"fr\">Rayon d\u2019action maximal\u00a0:<\/span><\/pre>\n<\/td>\n<td valign=\"center\" nowrap=\"nowrap\">3m<\/td>\n<\/tr>\n<tr>\n<td valign=\"center\" nowrap=\"nowrap\">\n<pre id=\"tw-target-text\" class=\"tw-data-text tw-text-large tw-ta\" dir=\"ltr\" tabindex=\"-1\" role=\"text\" data-placeholder=\"Traduction\" data-ved=\"2ahUKEwihy6zS56qQAxUl7LsIHWZRBVIQ3ewLegQICxAV\" aria-label=\"Texte traduit\u00a0: Mode de contr\u00f4le\u00a0: Type de bobine et de t\u00e9l\u00e9commande \u00c2ge d\u2019utilisation\u00a0: Enfants ou adultes Dimensions\u00a0: Longueur\u00a0: 3,5\u00a0m, largeur\u00a0: 1,05\u00a0m, hauteur\u00a0: 2,1\u00a0m Tension nominale\u00a0: 100\/110\/220\/230\u00a0V Fr\u00e9quence nominale\u00a0: 50\/60\u00a0Hz Puissance totale nominale\u00a0: 1,5\u00a0kW Autonomie maximale\u00a0: 8\u00a0h Rayon d\u2019action maximal\u00a0: 3\u00a0m Vitesse maximale\u00a0: 0,3\u00a0m\/s Poids total en ordre de marche\u00a0: 350\u00a0kg Surface couverte\u00a0: 26\u00a0m\u00b2 en rotation \u00e0 360\u00a0degr\u00e9s, 15\u00a0m\u00b2 en rotation \u00e0 180\u00a0degr\u00e9s, 9,5\u00a0m\u00b2 en rotation \u00e0 90\u00a0degr\u00e9s Mat\u00e9riau\u00a0: Structure m\u00e9tallique\"><span class=\"Y2IQFc\" lang=\"fr\">Vitesse maximale\u00a0:<\/span><\/pre>\n<\/td>\n<td valign=\"center\" nowrap=\"nowrap\">0.3m\/s<\/td>\n<\/tr>\n<tr>\n<td valign=\"center\" nowrap=\"nowrap\">\n<pre id=\"tw-target-text\" class=\"tw-data-text tw-text-large tw-ta\" dir=\"ltr\" tabindex=\"-1\" role=\"text\" data-placeholder=\"Traduction\" data-ved=\"2ahUKEwihy6zS56qQAxUl7LsIHWZRBVIQ3ewLegQICxAV\" aria-label=\"Texte traduit\u00a0: Mode de contr\u00f4le\u00a0: Type de bobine et de t\u00e9l\u00e9commande \u00c2ge d\u2019utilisation\u00a0: Enfants ou adultes Dimensions\u00a0: Longueur\u00a0: 3,5\u00a0m, largeur\u00a0: 1,05\u00a0m, hauteur\u00a0: 2,1\u00a0m Tension nominale\u00a0: 100\/110\/220\/230\u00a0V Fr\u00e9quence nominale\u00a0: 50\/60\u00a0Hz Puissance totale nominale\u00a0: 1,5\u00a0kW Autonomie maximale\u00a0: 8\u00a0h Rayon d\u2019action maximal\u00a0: 3\u00a0m Vitesse maximale\u00a0: 0,3\u00a0m\/s Poids total en ordre de marche\u00a0: 350\u00a0kg Surface couverte\u00a0: 26\u00a0m\u00b2 en rotation \u00e0 360\u00a0degr\u00e9s, 15\u00a0m\u00b2 en rotation \u00e0 180\u00a0degr\u00e9s, 9,5\u00a0m\u00b2 en rotation \u00e0 90\u00a0degr\u00e9s Mat\u00e9riau\u00a0: Structure m\u00e9tallique\"><span class=\"Y2IQFc\" lang=\"fr\">Poids total en ordre de marche\u00a0:<\/span><\/pre>\n<\/td>\n<td valign=\"center\" nowrap=\"nowrap\">350kg<\/td>\n<\/tr>\n<tr>\n<td valign=\"center\" nowrap=\"nowrap\">\n<pre id=\"tw-target-text\" class=\"tw-data-text tw-text-large tw-ta\" dir=\"ltr\" tabindex=\"-1\" role=\"text\" data-placeholder=\"Traduction\" data-ved=\"2ahUKEwihy6zS56qQAxUl7LsIHWZRBVIQ3ewLegQICxAV\" aria-label=\"Texte traduit\u00a0: Mode de contr\u00f4le\u00a0: Type de bobine et de t\u00e9l\u00e9commande \u00c2ge d\u2019utilisation\u00a0: Enfants ou adultes Dimensions\u00a0: Longueur\u00a0: 3,5\u00a0m, largeur\u00a0: 1,05\u00a0m, hauteur\u00a0: 2,1\u00a0m Tension nominale\u00a0: 100\/110\/220\/230\u00a0V Fr\u00e9quence nominale\u00a0: 50\/60\u00a0Hz Puissance totale nominale\u00a0: 1,5\u00a0kW Autonomie maximale\u00a0: 8\u00a0h Rayon d\u2019action maximal\u00a0: 3\u00a0m Vitesse maximale\u00a0: 0,3\u00a0m\/s Poids total en ordre de marche\u00a0: 350\u00a0kg Surface couverte\u00a0: 26\u00a0m\u00b2 en rotation \u00e0 360\u00a0degr\u00e9s, 15\u00a0m\u00b2 en rotation \u00e0 180\u00a0degr\u00e9s, 9,5\u00a0m\u00b2 en rotation \u00e0 90\u00a0degr\u00e9s Mat\u00e9riau\u00a0: Structure m\u00e9tallique\"><span class=\"Y2IQFc\" lang=\"fr\">Surface couverte<\/span><\/pre>\n<\/td>\n<td valign=\"center\" width=\"379\">\n<p id=\"tw-target-text\" class=\"tw-data-text tw-text-large tw-ta\" dir=\"ltr\" tabindex=\"-1\" role=\"text\" data-placeholder=\"Traduction\" data-ved=\"2ahUKEwihy6zS56qQAxUl7LsIHWZRBVIQ3ewLegQICxAV\" aria-label=\"Texte traduit\u00a0: Mode de contr\u00f4le\u00a0: Type de bobine et de t\u00e9l\u00e9commande \u00c2ge d\u2019utilisation\u00a0: Enfants ou adultes Dimensions\u00a0: Longueur\u00a0: 3,5\u00a0m, largeur\u00a0: 1,05\u00a0m, hauteur\u00a0: 2,1\u00a0m Tension nominale\u00a0: 100\/110\/220\/230\u00a0V Fr\u00e9quence nominale\u00a0: 50\/60\u00a0Hz Puissance totale nominale\u00a0: 1,5\u00a0kW Autonomie maximale\u00a0: 8\u00a0h Rayon d\u2019action maximal\u00a0: 3\u00a0m Vitesse maximale\u00a0: 0,3\u00a0m\/s Poids total en ordre de marche\u00a0: 350\u00a0kg Surface couverte\u00a0: 26\u00a0m\u00b2 en rotation \u00e0 360\u00a0degr\u00e9s, 15\u00a0m\u00b2 en rotation \u00e0 180\u00a0degr\u00e9s, 9,5\u00a0m\u00b2 en rotation \u00e0 90\u00a0degr\u00e9s Mat\u00e9riau\u00a0: Structure m\u00e9tallique\"><span class=\"Y2IQFc\" lang=\"fr\">26\u00a0m\u00b2 en rotation \u00e0 360\u00a0degr\u00e9s, 15\u00a0m\u00b2 en rotation \u00e0 180\u00a0degr\u00e9s, 9,5\u00a0m\u00b2 en rotation \u00e0 90\u00a0degr\u00e9s<\/span><\/p>\n<\/td>\n<\/tr>\n<tr>\n<td valign=\"center\" nowrap=\"nowrap\">\n<pre id=\"tw-target-text\" class=\"tw-data-text tw-text-large tw-ta\" dir=\"ltr\" tabindex=\"-1\" role=\"text\" data-placeholder=\"Traduction\" data-ved=\"2ahUKEwihy6zS56qQAxUl7LsIHWZRBVIQ3ewLegQICxAV\" aria-label=\"Texte traduit\u00a0: Mode de contr\u00f4le\u00a0: Type de bobine et de t\u00e9l\u00e9commande \u00c2ge d\u2019utilisation\u00a0: Enfants ou adultes Dimensions\u00a0: Longueur\u00a0: 3,5\u00a0m, largeur\u00a0: 1,05\u00a0m, hauteur\u00a0: 2,1\u00a0m Tension nominale\u00a0: 100\/110\/220\/230\u00a0V Fr\u00e9quence nominale\u00a0: 50\/60\u00a0Hz Puissance totale nominale\u00a0: 1,5\u00a0kW Autonomie maximale\u00a0: 8\u00a0h Rayon d\u2019action maximal\u00a0: 3\u00a0m Vitesse maximale\u00a0: 0,3\u00a0m\/s Poids total en ordre de marche\u00a0: 350\u00a0kg Surface couverte\u00a0: 26\u00a0m\u00b2 en rotation \u00e0 360\u00a0degr\u00e9s, 15\u00a0m\u00b2 en rotation \u00e0 180\u00a0degr\u00e9s, 9,5\u00a0m\u00b2 en rotation \u00e0 90\u00a0degr\u00e9s Mat\u00e9riau\u00a0: Structure m\u00e9tallique\"><span class=\"Y2IQFc\" lang=\"fr\">Mat\u00e9riau\u00a0<\/span><\/pre>\n<\/td>\n<td valign=\"center\" width=\"379\">\n<div id=\"tw-container\" class=\"nev7se\" data-cp=\"1\" data-nnttsvi=\"1\" data-sletp=\"false\" data-sm=\"1\" data-ssbp=\"false\" data-sugg-time=\"500\" data-sugg-url=\"https:\/\/clients1.google.com\/complete\/search\" data-uilc=\"fr\" data-vil=\",af,af-ZA,am,am-ET,ar-EG,ar-AE,ar-KW,ar-QA,ar,ar-IL,ar-JO,ar-LB,ar-PS,az,az-AZ,bg,bg-BG,bn,bn-BD,bn-IN,ca,ca-es,cs,cs-CZ,de,de-DE,de-CH,de-AT,de-LI,en,en-US,en-CA,en-AU,en-NZ,en-GB,en-IN,en-KE,en-TZ,en-NG,en-GH,en-PH,en-ZA,es,es-ES,es-AR,es-UY,es-419,es-BO,es-CL,es-CR,es-CO,es-DO,es-EC,es-GT,es-HN,es-NI,es-PA,es-PE,es-PR,es-PY,es-SV,es-VE,es-MX,es-US,eu,eu-ES,fi,fi-FI,fr,fr-FR,fr-CH,fr-BE,gl,gl-ES,gu,gu-IN,he,he-IL,iw,iw-IL,hu,hu-HU,hy,hy-AM,id,id-ID,is,is-IS,it,it-IT,it-CH,ja,ja-JP,jv,jv-ID,ka,ka-GE,km,km-KH,kn,kn-IN,ko,ko-KR,la,lo,lo-LA,lv,lv-LV,ml,ml-IN,mr,mr-IN,ms,ms-MY,nl,nl-NL,nb,nb-NO,ne,ne-NP,pl,pl-PL,pt,pt-BR,pt-PT,ro,ro-RO,ru,ru-RU,si-LK,sk,sk-SK,sr,sr-RS,su,su-ID,sv,sv-SE,sw,sw-TZ,sw-KE,ta,ta-IN,ta-SG,ta-LK,ta-MY,te,te-IN,tr,tr-TR,ur,ur-PK,ur-IN,yue,yue-HK,yue-Hant-HK,zh-HK,zh,zh-CN,zh-cmn,zh-cmn-CN,zh-Hans,zh-Hans-CN,zh-cmn-Hans,zh-cmn-Hans-CN,cmn-CN,cmn-Hans,cmn-Hans-CN,zh-TW,zh-Hant-TW,cmn-TW,cmn-Hant-TW,zh-cmn-TW,zh-cmn-Hant-TW,zu,zu-ZA,hi,hi-IN,tl,tl-PH,pa,pa-IN\">\n<div>\n<div>\n<div id=\"tw-ob\" class=\"tw-src-ltr\">\n<div class=\"oSioSc\">\n<div id=\"tw-target\">\n<div id=\"kAz1tf\" class=\"g9WsWb PZPZlf\" data-attrid=\"tw-targetArea\" data-entityname=\"Google Translate\">\n<div id=\"tw-target-text-container\" class=\"tw-ta-container tw-nfl\" tabindex=\"0\" role=\"text\">\n<pre id=\"tw-target-text\" class=\"tw-data-text tw-text-large tw-ta\" dir=\"ltr\" tabindex=\"-1\" role=\"text\" data-placeholder=\"Traduction\" data-ved=\"2ahUKEwihy6zS56qQAxUl7LsIHWZRBVIQ3ewLegQICxAV\" aria-label=\"Texte traduit\u00a0: Mode de contr\u00f4le\u00a0: Type de bobine et de t\u00e9l\u00e9commande \u00c2ge d\u2019utilisation\u00a0: Enfants ou adultes Dimensions\u00a0: Longueur\u00a0: 3,5\u00a0m, largeur\u00a0: 1,05\u00a0m, hauteur\u00a0: 2,1\u00a0m Tension nominale\u00a0: 100\/110\/220\/230\u00a0V Fr\u00e9quence nominale\u00a0: 50\/60\u00a0Hz Puissance totale nominale\u00a0: 1,5\u00a0kW Autonomie maximale\u00a0: 8\u00a0h Rayon d\u2019action maximal\u00a0: 3\u00a0m Vitesse maximale\u00a0: 0,3\u00a0m\/s Poids total en ordre de marche\u00a0: 350\u00a0kg Surface couverte\u00a0: 26\u00a0m\u00b2 en rotation \u00e0 360\u00a0degr\u00e9s, 15\u00a0m\u00b2 en rotation \u00e0 180\u00a0degr\u00e9s, 9,5\u00a0m\u00b2 en rotation \u00e0 90\u00a0degr\u00e9s Mat\u00e9riau\u00a0: Structure m\u00e9tallique\"><span class=\"Y2IQFc\" lang=\"fr\">Structure m\u00e9tallique<\/span><\/pre>\n<\/div>\n<\/div>\n<\/div>\n<\/div>\n<\/div>\n<\/div>\n<\/div>\n<\/div>\n<\/td>\n<\/tr>\n<\/tbody>\n<\/table>\n","protected":false},"excerpt":{"rendered":"<p><strong>1. Produit unique<\/strong><\/p>\n<p>Le chariot \u00e9l\u00e9vateur pour enfants Vekain est fabriqu\u00e9 selon le principe des chariots \u00e9l\u00e9vateurs pour engins de chantier. Il est appr\u00e9ci\u00e9 des enfants d&rsquo;aujourd&rsquo;hui. Gr\u00e2ce \u00e0 sa transmission par cha\u00eene, il permet de contr\u00f4ler la mont\u00e9e et la descente des fourches, \u00e0 l&rsquo;acc\u00e9l\u00e9rateur et au freinage int\u00e9gr\u00e9s, et \u00e0 son volant, il offre un confort de conduite et une simulation de conduite.<\/p>\n<p><strong>2. Robustesse et s\u00e9curit\u00e9<\/strong><\/p>\n<p>Le chariot \u00e9l\u00e9vateur pour enfants est dot\u00e9 d&rsquo;une structure m\u00e9tallique et d&rsquo;un rev\u00eatement ext\u00e9rieur en fibre de verre. Il est durable, r\u00e9sistant \u00e0 la d\u00e9formation et \u00e0 la d\u00e9coloration. Il utilise des pi\u00e8ces de rechange m\u00e9caniques standard, ce qui r\u00e9duit les risques de panne et sa dur\u00e9e de vie est sup\u00e9rieure \u00e0 8 ans. De plus, il b\u00e9n\u00e9ficie de nombreuses mesures de protection pour garantir la s\u00e9curit\u00e9 des touristes.<\/p>\n<p><strong>3. Profitez des opportunit\u00e9s \u00e9ducatives en ville<\/strong><\/p>\n<p>D\u00e8s sa sortie d&rsquo;usine, le chariot \u00e9l\u00e9vateur pour enfants a \u00e9t\u00e9 accueilli dans de nombreux grands parcs d&rsquo;attractions. Les enfants de la r\u00e9gion n&rsquo;ont pas besoin d&rsquo;aller loin et peuvent profiter des premiers parcs d&rsquo;attractions des villes, ce qui apportera un large \u00e9ventail d&rsquo;opportunit\u00e9s commerciales pour les parcs d&rsquo;attractions locaux tout en vous permettant de profiter d&rsquo;une joie non-stop dans la r\u00e9gion.<\/p>\n","protected":false},"featured_media":1942,"template":"","meta":[],"product_brand":[],"product_cat":[383,430],"product_tag":[],"class_list":{"0":"post-2901","1":"product","2":"type-product","3":"status-publish","4":"has-post-thumbnail","6":"product_cat-jeux-interactifs-jeux-avec-monnayeur","7":"product_cat-machine-dexcavation-pour-enfants","9":"first","10":"instock","11":"shipping-taxable","12":"product-type-simple"},"_links":{"self":[{"href":"https:\/\/www.alfadu-amusement.com\/index.php?rest_route=\/wp\/v2\/product\/2901","targetHints":{"allow":["GET"]}}],"collection":[{"href":"https:\/\/www.alfadu-amusement.com\/index.php?rest_route=\/wp\/v2\/product"}],"about":[{"href":"https:\/\/www.alfadu-amusement.com\/index.php?rest_route=\/wp\/v2\/types\/product"}],"wp:featuredmedia":[{"embeddable":true,"href":"https:\/\/www.alfadu-amusement.com\/index.php?rest_route=\/wp\/v2\/media\/1942"}],"wp:attachment":[{"href":"https:\/\/www.alfadu-amusement.com\/index.php?rest_route=%2Fwp%2Fv2%2Fmedia&parent=2901"}],"wp:term":[{"taxonomy":"product_brand","embeddable":true,"href":"https:\/\/www.alfadu-amusement.com\/index.php?rest_route=%2Fwp%2Fv2%2Fproduct_brand&post=2901"},{"taxonomy":"product_cat","embeddable":true,"href":"https:\/\/www.alfadu-amusement.com\/index.php?rest_route=%2Fwp%2Fv2%2Fproduct_cat&post=2901"},{"taxonomy":"product_tag","embeddable":true,"href":"https:\/\/www.alfadu-amusement.com\/index.php?rest_route=%2Fwp%2Fv2%2Fproduct_tag&post=2901"}],"curies":[{"name":"wp","href":"https:\/\/api.w.org\/{rel}","templated":true}]}}