{"id":2904,"date":"2025-10-17T08:46:00","date_gmt":"2025-10-17T08:46:00","guid":{"rendered":"https:\/\/www.alfadu-amusement.com\/?post_type=product&#038;p=2904"},"modified":"2025-10-17T08:46:00","modified_gmt":"2025-10-17T08:46:00","slug":"bulldozer-pour-enfants-a","status":"publish","type":"product","link":"https:\/\/www.alfadu-amusement.com\/?product=bulldozer-pour-enfants-a&lang=fr","title":{"rendered":"Bulldozer pour enfants A"},"content":{"rendered":"<table border=\"0\" width=\"100%\" cellspacing=\"0\">\n<tbody>\n<tr>\n<td valign=\"center\" nowrap=\"nowrap\" width=\"211\">\n<pre id=\"tw-target-text\" class=\"tw-data-text tw-text-large tw-ta\" dir=\"ltr\" tabindex=\"-1\" role=\"text\" data-placeholder=\"Traduction\" data-ved=\"2ahUKEwihy6zS56qQAxUl7LsIHWZRBVIQ3ewLegQICxAV\" aria-label=\"Texte traduit\u00a0: Mode de commande\u00a0:\r\n\r\nType de t\u00e9l\u00e9commande\r\n\r\n\u00c2ge d'utilisation\u00a0:\r\n\r\nEnfants ou adultes\r\n\r\nTaille\u00a0:\r\n\r\nLongueur\u00a0: 1,35\u00a0m Largeur\u00a0: 1\u00a0m Hauteur\u00a0: 1,62\u00a0m\r\n\r\nTension nominale\u00a0:\r\n\r\n24\u00a0V\r\n\r\nPuissance totale nominale\u00a0:\r\n\r\n300\u00a0W\r\n\r\nVitesse maximale\u00a0:\r\n\r\n5\u00a0km\/h\r\n\r\nCapacit\u00e9 de la batterie\u00a0:\r\n\r\n12\u00a0Ah\r\n\r\nAutonomie maximale\u00a0:\r\n\r\n4\u00a0h\r\n\r\nRayon de rotation minimal\u00a0:\r\n\r\n2,5\u00a0m\r\n\r\nPoids total de la machine\u00a0:\r\n\r\n50\u00a0kg\"><span class=\"Y2IQFc\" lang=\"fr\">Mode de commande\u00a0:\r\n<\/span><\/pre>\n<\/td>\n<td valign=\"center\" nowrap=\"nowrap\" width=\"266\">\n<p id=\"tw-target-text\" class=\"tw-data-text tw-text-large tw-ta\" dir=\"ltr\" tabindex=\"-1\" role=\"text\" data-placeholder=\"Traduction\" data-ved=\"2ahUKEwihy6zS56qQAxUl7LsIHWZRBVIQ3ewLegQICxAV\" aria-label=\"Texte traduit\u00a0: Mode de commande\u00a0:\n\nType de t\u00e9l\u00e9commande\n\n\u00c2ge d'utilisation\u00a0:\n\nEnfants ou adultes\n\nTaille\u00a0:\n\nLongueur\u00a0: 1,35\u00a0m Largeur\u00a0: 1\u00a0m Hauteur\u00a0: 1,62\u00a0m\n\nTension nominale\u00a0:\n\n24\u00a0V\n\nPuissance totale nominale\u00a0:\n\n300\u00a0W\n\nVitesse maximale\u00a0:\n\n5\u00a0km\/h\n\nCapacit\u00e9 de la batterie\u00a0:\n\n12\u00a0Ah\n\nAutonomie maximale\u00a0:\n\n4\u00a0h\n\nRayon de rotation minimal\u00a0:\n\n2,5\u00a0m\n\nPoids total de la machine\u00a0:\n\n50\u00a0kg\"><span class=\"Y2IQFc\" lang=\"fr\">t\u00e9l\u00e9commande<\/span><\/p>\n<\/td>\n<\/tr>\n<tr>\n<td valign=\"center\" nowrap=\"nowrap\">\n<pre id=\"tw-target-text\" class=\"tw-data-text tw-text-large tw-ta\" dir=\"ltr\" tabindex=\"-1\" role=\"text\" data-placeholder=\"Traduction\" data-ved=\"2ahUKEwihy6zS56qQAxUl7LsIHWZRBVIQ3ewLegQICxAV\" aria-label=\"Texte traduit\u00a0: Mode de commande\u00a0:\r\n\r\nType de t\u00e9l\u00e9commande\r\n\r\n\u00c2ge d'utilisation\u00a0:\r\n\r\nEnfants ou adultes\r\n\r\nTaille\u00a0:\r\n\r\nLongueur\u00a0: 1,35\u00a0m Largeur\u00a0: 1\u00a0m Hauteur\u00a0: 1,62\u00a0m\r\n\r\nTension nominale\u00a0:\r\n\r\n24\u00a0V\r\n\r\nPuissance totale nominale\u00a0:\r\n\r\n300\u00a0W\r\n\r\nVitesse maximale\u00a0:\r\n\r\n5\u00a0km\/h\r\n\r\nCapacit\u00e9 de la batterie\u00a0:\r\n\r\n12\u00a0Ah\r\n\r\nAutonomie maximale\u00a0:\r\n\r\n4\u00a0h\r\n\r\nRayon de rotation minimal\u00a0:\r\n\r\n2,5\u00a0m\r\n\r\nPoids total de la machine\u00a0:\r\n\r\n50\u00a0kg\"><span class=\"Y2IQFc\" lang=\"fr\">\u00c2ge d'utilisation\u00a0:\r\n<\/span><\/pre>\n<\/td>\n<td valign=\"center\" nowrap=\"nowrap\">\n<p id=\"tw-target-text\" class=\"tw-data-text tw-text-large tw-ta\" dir=\"ltr\" tabindex=\"-1\" role=\"text\" data-placeholder=\"Traduction\" data-ved=\"2ahUKEwihy6zS56qQAxUl7LsIHWZRBVIQ3ewLegQICxAV\" aria-label=\"Texte traduit\u00a0: Mode de commande\u00a0:\n\nType de t\u00e9l\u00e9commande\n\n\u00c2ge d'utilisation\u00a0:\n\nEnfants ou adultes\n\nTaille\u00a0:\n\nLongueur\u00a0: 1,35\u00a0m Largeur\u00a0: 1\u00a0m Hauteur\u00a0: 1,62\u00a0m\n\nTension nominale\u00a0:\n\n24\u00a0V\n\nPuissance totale nominale\u00a0:\n\n300\u00a0W\n\nVitesse maximale\u00a0:\n\n5\u00a0km\/h\n\nCapacit\u00e9 de la batterie\u00a0:\n\n12\u00a0Ah\n\nAutonomie maximale\u00a0:\n\n4\u00a0h\n\nRayon de rotation minimal\u00a0:\n\n2,5\u00a0m\n\nPoids total de la machine\u00a0:\n\n50\u00a0kg\"><span class=\"Y2IQFc\" lang=\"fr\">Enfants ou adultes <\/span><\/p>\n<\/td>\n<\/tr>\n<tr>\n<td valign=\"center\" nowrap=\"nowrap\">\n<pre id=\"tw-target-text\" class=\"tw-data-text tw-text-large tw-ta\" dir=\"ltr\" tabindex=\"-1\" role=\"text\" data-placeholder=\"Traduction\" data-ved=\"2ahUKEwihy6zS56qQAxUl7LsIHWZRBVIQ3ewLegQICxAV\" aria-label=\"Texte traduit\u00a0: Mode de commande\u00a0:\r\n\r\nType de t\u00e9l\u00e9commande\r\n\r\n\u00c2ge d'utilisation\u00a0:\r\n\r\nEnfants ou adultes\r\n\r\nTaille\u00a0:\r\n\r\nLongueur\u00a0: 1,35\u00a0m Largeur\u00a0: 1\u00a0m Hauteur\u00a0: 1,62\u00a0m\r\n\r\nTension nominale\u00a0:\r\n\r\n24\u00a0V\r\n\r\nPuissance totale nominale\u00a0:\r\n\r\n300\u00a0W\r\n\r\nVitesse maximale\u00a0:\r\n\r\n5\u00a0km\/h\r\n\r\nCapacit\u00e9 de la batterie\u00a0:\r\n\r\n12\u00a0Ah\r\n\r\nAutonomie maximale\u00a0:\r\n\r\n4\u00a0h\r\n\r\nRayon de rotation minimal\u00a0:\r\n\r\n2,5\u00a0m\r\n\r\nPoids total de la machine\u00a0:\r\n\r\n50\u00a0kg\"><span class=\"Y2IQFc\" lang=\"fr\">Taille\u00a0<\/span><\/pre>\n<\/td>\n<td valign=\"center\" nowrap=\"nowrap\">\n<p id=\"tw-target-text\" class=\"tw-data-text tw-text-large tw-ta\" dir=\"ltr\" tabindex=\"-1\" role=\"text\" data-placeholder=\"Traduction\" data-ved=\"2ahUKEwihy6zS56qQAxUl7LsIHWZRBVIQ3ewLegQICxAV\" aria-label=\"Texte traduit\u00a0: Mode de commande\u00a0:\n\nType de t\u00e9l\u00e9commande\n\n\u00c2ge d'utilisation\u00a0:\n\nEnfants ou adultes\n\nTaille\u00a0:\n\nLongueur\u00a0: 1,35\u00a0m Largeur\u00a0: 1\u00a0m Hauteur\u00a0: 1,62\u00a0m\n\nTension nominale\u00a0:\n\n24\u00a0V\n\nPuissance totale nominale\u00a0:\n\n300\u00a0W\n\nVitesse maximale\u00a0:\n\n5\u00a0km\/h\n\nCapacit\u00e9 de la batterie\u00a0:\n\n12\u00a0Ah\n\nAutonomie maximale\u00a0:\n\n4\u00a0h\n\nRayon de rotation minimal\u00a0:\n\n2,5\u00a0m\n\nPoids total de la machine\u00a0:\n\n50\u00a0kg\"><span class=\"Y2IQFc\" lang=\"fr\">Longueur\u00a0: 1,35\u00a0m Largeur\u00a0: 1\u00a0m Hauteur\u00a0: 1,62\u00a0m<\/span><\/p>\n<\/td>\n<\/tr>\n<tr>\n<td valign=\"center\" nowrap=\"nowrap\">\n<pre id=\"tw-target-text\" class=\"tw-data-text tw-text-large tw-ta\" dir=\"ltr\" tabindex=\"-1\" role=\"text\" data-placeholder=\"Traduction\" data-ved=\"2ahUKEwihy6zS56qQAxUl7LsIHWZRBVIQ3ewLegQICxAV\" aria-label=\"Texte traduit\u00a0: Mode de commande\u00a0:\r\n\r\nType de t\u00e9l\u00e9commande\r\n\r\n\u00c2ge d'utilisation\u00a0:\r\n\r\nEnfants ou adultes\r\n\r\nTaille\u00a0:\r\n\r\nLongueur\u00a0: 1,35\u00a0m Largeur\u00a0: 1\u00a0m Hauteur\u00a0: 1,62\u00a0m\r\n\r\nTension nominale\u00a0:\r\n\r\n24\u00a0V\r\n\r\nPuissance totale nominale\u00a0:\r\n\r\n300\u00a0W\r\n\r\nVitesse maximale\u00a0:\r\n\r\n5\u00a0km\/h\r\n\r\nCapacit\u00e9 de la batterie\u00a0:\r\n\r\n12\u00a0Ah\r\n\r\nAutonomie maximale\u00a0:\r\n\r\n4\u00a0h\r\n\r\nRayon de rotation minimal\u00a0:\r\n\r\n2,5\u00a0m\r\n\r\nPoids total de la machine\u00a0:\r\n\r\n50\u00a0kg\"><span class=\"Y2IQFc\" lang=\"fr\">Tension nominale\u00a0:\r\n<\/span><\/pre>\n<\/td>\n<td valign=\"center\" nowrap=\"nowrap\">24V<\/td>\n<\/tr>\n<tr>\n<td valign=\"center\" nowrap=\"nowrap\">\n<pre id=\"tw-target-text\" class=\"tw-data-text tw-text-large tw-ta\" dir=\"ltr\" tabindex=\"-1\" role=\"text\" data-placeholder=\"Traduction\" data-ved=\"2ahUKEwihy6zS56qQAxUl7LsIHWZRBVIQ3ewLegQICxAV\" aria-label=\"Texte traduit\u00a0: Mode de commande\u00a0:\r\n\r\nType de t\u00e9l\u00e9commande\r\n\r\n\u00c2ge d'utilisation\u00a0:\r\n\r\nEnfants ou adultes\r\n\r\nTaille\u00a0:\r\n\r\nLongueur\u00a0: 1,35\u00a0m Largeur\u00a0: 1\u00a0m Hauteur\u00a0: 1,62\u00a0m\r\n\r\nTension nominale\u00a0:\r\n\r\n24\u00a0V\r\n\r\nPuissance totale nominale\u00a0:\r\n\r\n300\u00a0W\r\n\r\nVitesse maximale\u00a0:\r\n\r\n5\u00a0km\/h\r\n\r\nCapacit\u00e9 de la batterie\u00a0:\r\n\r\n12\u00a0Ah\r\n\r\nAutonomie maximale\u00a0:\r\n\r\n4\u00a0h\r\n\r\nRayon de rotation minimal\u00a0:\r\n\r\n2,5\u00a0m\r\n\r\nPoids total de la machine\u00a0:\r\n\r\n50\u00a0kg\"><span class=\"Y2IQFc\" lang=\"fr\">Puissance totale nominale\u00a0:\r\n<\/span><\/pre>\n<\/td>\n<td valign=\"center\" nowrap=\"nowrap\">300w<\/td>\n<\/tr>\n<tr>\n<td valign=\"center\" nowrap=\"nowrap\">\n<pre id=\"tw-target-text\" class=\"tw-data-text tw-text-large tw-ta\" dir=\"ltr\" tabindex=\"-1\" role=\"text\" data-placeholder=\"Traduction\" data-ved=\"2ahUKEwihy6zS56qQAxUl7LsIHWZRBVIQ3ewLegQICxAV\" aria-label=\"Texte traduit\u00a0: Mode de commande\u00a0:\r\n\r\nType de t\u00e9l\u00e9commande\r\n\r\n\u00c2ge d'utilisation\u00a0:\r\n\r\nEnfants ou adultes\r\n\r\nTaille\u00a0:\r\n\r\nLongueur\u00a0: 1,35\u00a0m Largeur\u00a0: 1\u00a0m Hauteur\u00a0: 1,62\u00a0m\r\n\r\nTension nominale\u00a0:\r\n\r\n24\u00a0V\r\n\r\nPuissance totale nominale\u00a0:\r\n\r\n300\u00a0W\r\n\r\nVitesse maximale\u00a0:\r\n\r\n5\u00a0km\/h\r\n\r\nCapacit\u00e9 de la batterie\u00a0:\r\n\r\n12\u00a0Ah\r\n\r\nAutonomie maximale\u00a0:\r\n\r\n4\u00a0h\r\n\r\nRayon de rotation minimal\u00a0:\r\n\r\n2,5\u00a0m\r\n\r\nPoids total de la machine\u00a0:\r\n\r\n50\u00a0kg\"><span class=\"Y2IQFc\" lang=\"fr\">Vitesse maximale\u00a0:<\/span><\/pre>\n<\/td>\n<td valign=\"center\" nowrap=\"nowrap\">5km\/h<\/td>\n<\/tr>\n<tr>\n<td valign=\"center\" nowrap=\"nowrap\">\n<pre id=\"tw-target-text\" class=\"tw-data-text tw-text-large tw-ta\" dir=\"ltr\" tabindex=\"-1\" role=\"text\" data-placeholder=\"Traduction\" data-ved=\"2ahUKEwihy6zS56qQAxUl7LsIHWZRBVIQ3ewLegQICxAV\" aria-label=\"Texte traduit\u00a0: Mode de commande\u00a0:\r\n\r\nType de t\u00e9l\u00e9commande\r\n\r\n\u00c2ge d'utilisation\u00a0:\r\n\r\nEnfants ou adultes\r\n\r\nTaille\u00a0:\r\n\r\nLongueur\u00a0: 1,35\u00a0m Largeur\u00a0: 1\u00a0m Hauteur\u00a0: 1,62\u00a0m\r\n\r\nTension nominale\u00a0:\r\n\r\n24\u00a0V\r\n\r\nPuissance totale nominale\u00a0:\r\n\r\n300\u00a0W\r\n\r\nVitesse maximale\u00a0:\r\n\r\n5\u00a0km\/h\r\n\r\nCapacit\u00e9 de la batterie\u00a0:\r\n\r\n12\u00a0Ah\r\n\r\nAutonomie maximale\u00a0:\r\n\r\n4\u00a0h\r\n\r\nRayon de rotation minimal\u00a0:\r\n\r\n2,5\u00a0m\r\n\r\nPoids total de la machine\u00a0:\r\n\r\n50\u00a0kg\"><span class=\"Y2IQFc\" lang=\"fr\">Capacit\u00e9 de la batterie\u00a0:<\/span><\/pre>\n<\/td>\n<td valign=\"center\" nowrap=\"nowrap\">12Ah<\/td>\n<\/tr>\n<tr>\n<td valign=\"center\" nowrap=\"nowrap\">\n<pre id=\"tw-target-text\" class=\"tw-data-text tw-text-large tw-ta\" dir=\"ltr\" tabindex=\"-1\" role=\"text\" data-placeholder=\"Traduction\" data-ved=\"2ahUKEwihy6zS56qQAxUl7LsIHWZRBVIQ3ewLegQICxAV\" aria-label=\"Texte traduit\u00a0: Mode de commande\u00a0:\r\n\r\nType de t\u00e9l\u00e9commande\r\n\r\n\u00c2ge d'utilisation\u00a0:\r\n\r\nEnfants ou adultes\r\n\r\nTaille\u00a0:\r\n\r\nLongueur\u00a0: 1,35\u00a0m Largeur\u00a0: 1\u00a0m Hauteur\u00a0: 1,62\u00a0m\r\n\r\nTension nominale\u00a0:\r\n\r\n24\u00a0V\r\n\r\nPuissance totale nominale\u00a0:\r\n\r\n300\u00a0W\r\n\r\nVitesse maximale\u00a0:\r\n\r\n5\u00a0km\/h\r\n\r\nCapacit\u00e9 de la batterie\u00a0:\r\n\r\n12\u00a0Ah\r\n\r\nAutonomie maximale\u00a0:\r\n\r\n4\u00a0h\r\n\r\nRayon de rotation minimal\u00a0:\r\n\r\n2,5\u00a0m\r\n\r\nPoids total de la machine\u00a0:\r\n\r\n50\u00a0kg\"><span class=\"Y2IQFc\" lang=\"fr\">Autonomie maximale\u00a0:<\/span><\/pre>\n<\/td>\n<td valign=\"center\" nowrap=\"nowrap\">4h<\/td>\n<\/tr>\n<tr>\n<td valign=\"center\" nowrap=\"nowrap\">\n<pre id=\"tw-target-text\" class=\"tw-data-text tw-text-large tw-ta\" dir=\"ltr\" tabindex=\"-1\" role=\"text\" data-placeholder=\"Traduction\" data-ved=\"2ahUKEwihy6zS56qQAxUl7LsIHWZRBVIQ3ewLegQICxAV\" aria-label=\"Texte traduit\u00a0: Mode de commande\u00a0:\r\n\r\nType de t\u00e9l\u00e9commande\r\n\r\n\u00c2ge d'utilisation\u00a0:\r\n\r\nEnfants ou adultes\r\n\r\nTaille\u00a0:\r\n\r\nLongueur\u00a0: 1,35\u00a0m Largeur\u00a0: 1\u00a0m Hauteur\u00a0: 1,62\u00a0m\r\n\r\nTension nominale\u00a0:\r\n\r\n24\u00a0V\r\n\r\nPuissance totale nominale\u00a0:\r\n\r\n300\u00a0W\r\n\r\nVitesse maximale\u00a0:\r\n\r\n5\u00a0km\/h\r\n\r\nCapacit\u00e9 de la batterie\u00a0:\r\n\r\n12\u00a0Ah\r\n\r\nAutonomie maximale\u00a0:\r\n\r\n4\u00a0h\r\n\r\nRayon de rotation minimal\u00a0:\r\n\r\n2,5\u00a0m\r\n\r\nPoids total de la machine\u00a0:\r\n\r\n50\u00a0kg\"><span class=\"Y2IQFc\" lang=\"fr\">Rayon de rotation minimal\u00a0:<\/span><\/pre>\n<\/td>\n<td valign=\"center\" width=\"266\">2.5m<\/td>\n<\/tr>\n<tr>\n<td valign=\"center\" nowrap=\"nowrap\">\n<pre id=\"tw-target-text\" class=\"tw-data-text tw-text-large tw-ta\" dir=\"ltr\" tabindex=\"-1\" role=\"text\" data-placeholder=\"Traduction\" data-ved=\"2ahUKEwihy6zS56qQAxUl7LsIHWZRBVIQ3ewLegQICxAV\" aria-label=\"Texte traduit\u00a0: Mode de commande\u00a0:\r\n\r\nType de t\u00e9l\u00e9commande\r\n\r\n\u00c2ge d'utilisation\u00a0:\r\n\r\nEnfants ou adultes\r\n\r\nTaille\u00a0:\r\n\r\nLongueur\u00a0: 1,35\u00a0m Largeur\u00a0: 1\u00a0m Hauteur\u00a0: 1,62\u00a0m\r\n\r\nTension nominale\u00a0:\r\n\r\n24\u00a0V\r\n\r\nPuissance totale nominale\u00a0:\r\n\r\n300\u00a0W\r\n\r\nVitesse maximale\u00a0:\r\n\r\n5\u00a0km\/h\r\n\r\nCapacit\u00e9 de la batterie\u00a0:\r\n\r\n12\u00a0Ah\r\n\r\nAutonomie maximale\u00a0:\r\n\r\n4\u00a0h\r\n\r\nRayon de rotation minimal\u00a0:\r\n\r\n2,5\u00a0m\r\n\r\nPoids total de la machine\u00a0:\r\n\r\n50\u00a0kg\"><span class=\"Y2IQFc\" lang=\"fr\">Poids total de la machine\u00a0:<\/span><\/pre>\n<\/td>\n<td valign=\"center\" width=\"266\">50kg<\/td>\n<\/tr>\n<\/tbody>\n<\/table>\n","protected":false},"excerpt":{"rendered":"<p>Ce bulldozer pour enfants est con\u00e7u et d\u00e9velopp\u00e9 selon le principe de fonctionnement d&rsquo;un v\u00e9ritable bulldozer de chantier. Tous ses composants sont conformes aux normes d&rsquo;exportation et sont robustes et durables. B\u00e9n\u00e9ficiant d&rsquo;une technologie chinoise de pointe, ce produit a fait l&rsquo;objet d&rsquo;une demande de brevet et pr\u00e9sente une apparence simple et \u00e9l\u00e9gante. Enti\u00e8rement \u00e9lectrohydraulique, il int\u00e8gre un acc\u00e9l\u00e9rateur et un frein int\u00e9gr\u00e9s \u00e0 la tige de commande, tandis que la direction contr\u00f4le la poign\u00e9e du godet. Ce produit est adapt\u00e9 aux parcs d&rsquo;attractions int\u00e9rieurs et ext\u00e9rieurs, aux parcs, aux places, aux attractions touristiques, aux stades, aux complexes h\u00f4teliers, aux parcs d&rsquo;attractions, aux centres de jeux vid\u00e9o, aux fermes, aux parcs de cueillette et aux mus\u00e9es des sciences et de la technologie.<\/p>\n","protected":false},"featured_media":1936,"template":"","meta":[],"product_brand":[],"product_cat":[383,430],"product_tag":[],"class_list":{"0":"post-2904","1":"product","2":"type-product","3":"status-publish","4":"has-post-thumbnail","6":"product_cat-jeux-interactifs-jeux-avec-monnayeur","7":"product_cat-machine-dexcavation-pour-enfants","9":"first","10":"instock","11":"shipping-taxable","12":"product-type-simple"},"_links":{"self":[{"href":"https:\/\/www.alfadu-amusement.com\/index.php?rest_route=\/wp\/v2\/product\/2904","targetHints":{"allow":["GET"]}}],"collection":[{"href":"https:\/\/www.alfadu-amusement.com\/index.php?rest_route=\/wp\/v2\/product"}],"about":[{"href":"https:\/\/www.alfadu-amusement.com\/index.php?rest_route=\/wp\/v2\/types\/product"}],"wp:featuredmedia":[{"embeddable":true,"href":"https:\/\/www.alfadu-amusement.com\/index.php?rest_route=\/wp\/v2\/media\/1936"}],"wp:attachment":[{"href":"https:\/\/www.alfadu-amusement.com\/index.php?rest_route=%2Fwp%2Fv2%2Fmedia&parent=2904"}],"wp:term":[{"taxonomy":"product_brand","embeddable":true,"href":"https:\/\/www.alfadu-amusement.com\/index.php?rest_route=%2Fwp%2Fv2%2Fproduct_brand&post=2904"},{"taxonomy":"product_cat","embeddable":true,"href":"https:\/\/www.alfadu-amusement.com\/index.php?rest_route=%2Fwp%2Fv2%2Fproduct_cat&post=2904"},{"taxonomy":"product_tag","embeddable":true,"href":"https:\/\/www.alfadu-amusement.com\/index.php?rest_route=%2Fwp%2Fv2%2Fproduct_tag&post=2904"}],"curies":[{"name":"wp","href":"https:\/\/api.w.org\/{rel}","templated":true}]}}