{"id":2913,"date":"2025-10-17T14:00:59","date_gmt":"2025-10-17T14:00:59","guid":{"rendered":"https:\/\/www.alfadu-amusement.com\/?post_type=product&#038;p=2913"},"modified":"2025-10-17T14:00:59","modified_gmt":"2025-10-17T14:00:59","slug":"grue-a-tour-wtd-1","status":"publish","type":"product","link":"https:\/\/www.alfadu-amusement.com\/?product=grue-a-tour-wtd-1&lang=fr","title":{"rendered":"Grue \u00e0 tour WTD-1"},"content":{"rendered":"<table border=\"0\" width=\"100%\" cellspacing=\"0\">\n<tbody>\n<tr>\n<td valign=\"center\" nowrap=\"nowrap\" width=\"237\">\n<pre id=\"tw-target-text\" class=\"tw-data-text tw-text-large tw-ta\" dir=\"ltr\" tabindex=\"-1\" role=\"text\" data-placeholder=\"Traduction\" data-ved=\"2ahUKEwihy6zS56qQAxUl7LsIHWZRBVIQ3ewLegQICxAV\" aria-label=\"Texte traduit\u00a0: Mode de commande\u00a0:\r\n\r\nMode cl\u00e9 et mode t\u00e9l\u00e9commande\r\n\r\nDimensions\u00a0:\r\n\r\nLongueur\u00a0: 3,45\u00a0m, largeur\u00a0: 0,9\u00a0m, hauteur\u00a0: 3\u00a0m\r\n\r\nTension nominale\u00a0:\r\n\r\n100\/110\/220\/230\u00a0V\r\n\r\nFr\u00e9quence nominale\u00a0:\r\n\r\n50\/60\u00a0Hz\r\n\r\nPuissance totale nominale\u00a0:\r\n\r\n300\u00a0W\r\n\r\nHauteur du c\u00e2ble\u00a0:\r\n\r\n1,9\u00a0m\r\n\r\nCharge maximale de levage\u00a0:\r\n\r\n20\u00a0kg\r\n\r\nAutonomie en continu\u00a0:\r\n\r\n8\u00a0h\r\n\r\nVitesse maximale\u00a0:\r\n\r\n0,3\u00a0m\/s\r\n\r\nPoids total\u00a0:\r\n\r\n350\u00a0kg\r\n\r\nRayon d\u2019action maximal\u00a0:\r\n\r\n3,2\u00a0m\r\n\r\nZone de couverture\u00a0:\r\n\r\n28\u00a0m\u00b2 (rotation \u00e0 360\u00a0degr\u00e9s),\r\n15\u00a0m\u00b2 (rotation \u00e0 180\u00a0degr\u00e9s),\r\n9\u00a0m\u00b2 (rotation \u00e0 90\u00a0degr\u00e9s)\"><span class=\"Y2IQFc\" lang=\"fr\">Mode de commande\u00a0:\r\n<\/span><\/pre>\n<\/td>\n<td valign=\"center\" nowrap=\"nowrap\" width=\"312\">\n<p id=\"tw-target-text\" class=\"tw-data-text tw-text-large tw-ta\" dir=\"ltr\" tabindex=\"-1\" role=\"text\" data-placeholder=\"Traduction\" data-ved=\"2ahUKEwihy6zS56qQAxUl7LsIHWZRBVIQ3ewLegQICxAV\" aria-label=\"Texte traduit\u00a0: Mode de commande\u00a0:\n\nMode cl\u00e9 et mode t\u00e9l\u00e9commande\n\nDimensions\u00a0:\n\nLongueur\u00a0: 3,45\u00a0m, largeur\u00a0: 0,9\u00a0m, hauteur\u00a0: 3\u00a0m\n\nTension nominale\u00a0:\n\n100\/110\/220\/230\u00a0V\n\nFr\u00e9quence nominale\u00a0:\n\n50\/60\u00a0Hz\n\nPuissance totale nominale\u00a0:\n\n300\u00a0W\n\nHauteur du c\u00e2ble\u00a0:\n\n1,9\u00a0m\n\nCharge maximale de levage\u00a0:\n\n20\u00a0kg\n\nAutonomie en continu\u00a0:\n\n8\u00a0h\n\nVitesse maximale\u00a0:\n\n0,3\u00a0m\/s\n\nPoids total\u00a0:\n\n350\u00a0kg\n\nRayon d\u2019action maximal\u00a0:\n\n3,2\u00a0m\n\nZone de couverture\u00a0:\n\n28\u00a0m\u00b2 (rotation \u00e0 360\u00a0degr\u00e9s),\n15\u00a0m\u00b2 (rotation \u00e0 180\u00a0degr\u00e9s),\n9\u00a0m\u00b2 (rotation \u00e0 90\u00a0degr\u00e9s)\"><span class=\"Y2IQFc\" lang=\"fr\">Mode cl\u00e9 et mode t\u00e9l\u00e9commande <\/span><\/p>\n<\/td>\n<\/tr>\n<tr>\n<td valign=\"center\" nowrap=\"nowrap\">\n<pre id=\"tw-target-text\" class=\"tw-data-text tw-text-large tw-ta\" dir=\"ltr\" tabindex=\"-1\" role=\"text\" data-placeholder=\"Traduction\" data-ved=\"2ahUKEwihy6zS56qQAxUl7LsIHWZRBVIQ3ewLegQICxAV\" aria-label=\"Texte traduit\u00a0: Mode de commande\u00a0:\r\n\r\nMode cl\u00e9 et mode t\u00e9l\u00e9commande\r\n\r\nDimensions\u00a0:\r\n\r\nLongueur\u00a0: 3,45\u00a0m, largeur\u00a0: 0,9\u00a0m, hauteur\u00a0: 3\u00a0m\r\n\r\nTension nominale\u00a0:\r\n\r\n100\/110\/220\/230\u00a0V\r\n\r\nFr\u00e9quence nominale\u00a0:\r\n\r\n50\/60\u00a0Hz\r\n\r\nPuissance totale nominale\u00a0:\r\n\r\n300\u00a0W\r\n\r\nHauteur du c\u00e2ble\u00a0:\r\n\r\n1,9\u00a0m\r\n\r\nCharge maximale de levage\u00a0:\r\n\r\n20\u00a0kg\r\n\r\nAutonomie en continu\u00a0:\r\n\r\n8\u00a0h\r\n\r\nVitesse maximale\u00a0:\r\n\r\n0,3\u00a0m\/s\r\n\r\nPoids total\u00a0:\r\n\r\n350\u00a0kg\r\n\r\nRayon d\u2019action maximal\u00a0:\r\n\r\n3,2\u00a0m\r\n\r\nZone de couverture\u00a0:\r\n\r\n28\u00a0m\u00b2 (rotation \u00e0 360\u00a0degr\u00e9s),\r\n15\u00a0m\u00b2 (rotation \u00e0 180\u00a0degr\u00e9s),\r\n9\u00a0m\u00b2 (rotation \u00e0 90\u00a0degr\u00e9s)\"><span class=\"Y2IQFc\" lang=\"fr\">Dimensions\u00a0<\/span><\/pre>\n<\/td>\n<td valign=\"center\" nowrap=\"nowrap\">\n<p id=\"tw-target-text\" class=\"tw-data-text tw-text-large tw-ta\" dir=\"ltr\" tabindex=\"-1\" role=\"text\" data-placeholder=\"Traduction\" data-ved=\"2ahUKEwihy6zS56qQAxUl7LsIHWZRBVIQ3ewLegQICxAV\" aria-label=\"Texte traduit\u00a0: Mode de commande\u00a0:\n\nMode cl\u00e9 et mode t\u00e9l\u00e9commande\n\nDimensions\u00a0:\n\nLongueur\u00a0: 3,45\u00a0m, largeur\u00a0: 0,9\u00a0m, hauteur\u00a0: 3\u00a0m\n\nTension nominale\u00a0:\n\n100\/110\/220\/230\u00a0V\n\nFr\u00e9quence nominale\u00a0:\n\n50\/60\u00a0Hz\n\nPuissance totale nominale\u00a0:\n\n300\u00a0W\n\nHauteur du c\u00e2ble\u00a0:\n\n1,9\u00a0m\n\nCharge maximale de levage\u00a0:\n\n20\u00a0kg\n\nAutonomie en continu\u00a0:\n\n8\u00a0h\n\nVitesse maximale\u00a0:\n\n0,3\u00a0m\/s\n\nPoids total\u00a0:\n\n350\u00a0kg\n\nRayon d\u2019action maximal\u00a0:\n\n3,2\u00a0m\n\nZone de couverture\u00a0:\n\n28\u00a0m\u00b2 (rotation \u00e0 360\u00a0degr\u00e9s),\n15\u00a0m\u00b2 (rotation \u00e0 180\u00a0degr\u00e9s),\n9\u00a0m\u00b2 (rotation \u00e0 90\u00a0degr\u00e9s)\"><span class=\"Y2IQFc\" lang=\"fr\">Longueur\u00a0: 3,45\u00a0m, largeur\u00a0: 0,9\u00a0m, hauteur\u00a0: 3\u00a0m <\/span><\/p>\n<\/td>\n<\/tr>\n<tr>\n<td valign=\"center\" nowrap=\"nowrap\">\n<pre id=\"tw-target-text\" class=\"tw-data-text tw-text-large tw-ta\" dir=\"ltr\" tabindex=\"-1\" role=\"text\" data-placeholder=\"Traduction\" data-ved=\"2ahUKEwihy6zS56qQAxUl7LsIHWZRBVIQ3ewLegQICxAV\" aria-label=\"Texte traduit\u00a0: Mode de commande\u00a0:\r\n\r\nMode cl\u00e9 et mode t\u00e9l\u00e9commande\r\n\r\nDimensions\u00a0:\r\n\r\nLongueur\u00a0: 3,45\u00a0m, largeur\u00a0: 0,9\u00a0m, hauteur\u00a0: 3\u00a0m\r\n\r\nTension nominale\u00a0:\r\n\r\n100\/110\/220\/230\u00a0V\r\n\r\nFr\u00e9quence nominale\u00a0:\r\n\r\n50\/60\u00a0Hz\r\n\r\nPuissance totale nominale\u00a0:\r\n\r\n300\u00a0W\r\n\r\nHauteur du c\u00e2ble\u00a0:\r\n\r\n1,9\u00a0m\r\n\r\nCharge maximale de levage\u00a0:\r\n\r\n20\u00a0kg\r\n\r\nAutonomie en continu\u00a0:\r\n\r\n8\u00a0h\r\n\r\nVitesse maximale\u00a0:\r\n\r\n0,3\u00a0m\/s\r\n\r\nPoids total\u00a0:\r\n\r\n350\u00a0kg\r\n\r\nRayon d\u2019action maximal\u00a0:\r\n\r\n3,2\u00a0m\r\n\r\nZone de couverture\u00a0:\r\n\r\n28\u00a0m\u00b2 (rotation \u00e0 360\u00a0degr\u00e9s),\r\n15\u00a0m\u00b2 (rotation \u00e0 180\u00a0degr\u00e9s),\r\n9\u00a0m\u00b2 (rotation \u00e0 90\u00a0degr\u00e9s)\"><span class=\"Y2IQFc\" lang=\"fr\">Tension nominale\u00a0:\r\n<\/span><\/pre>\n<\/td>\n<td valign=\"center\" nowrap=\"nowrap\">100\/110\/220\/230v<\/td>\n<\/tr>\n<tr>\n<td valign=\"center\" nowrap=\"nowrap\">\n<pre id=\"tw-target-text\" class=\"tw-data-text tw-text-large tw-ta\" dir=\"ltr\" tabindex=\"-1\" role=\"text\" data-placeholder=\"Traduction\" data-ved=\"2ahUKEwihy6zS56qQAxUl7LsIHWZRBVIQ3ewLegQICxAV\" aria-label=\"Texte traduit\u00a0: Mode de commande\u00a0:\r\n\r\nMode cl\u00e9 et mode t\u00e9l\u00e9commande\r\n\r\nDimensions\u00a0:\r\n\r\nLongueur\u00a0: 3,45\u00a0m, largeur\u00a0: 0,9\u00a0m, hauteur\u00a0: 3\u00a0m\r\n\r\nTension nominale\u00a0:\r\n\r\n100\/110\/220\/230\u00a0V\r\n\r\nFr\u00e9quence nominale\u00a0:\r\n\r\n50\/60\u00a0Hz\r\n\r\nPuissance totale nominale\u00a0:\r\n\r\n300\u00a0W\r\n\r\nHauteur du c\u00e2ble\u00a0:\r\n\r\n1,9\u00a0m\r\n\r\nCharge maximale de levage\u00a0:\r\n\r\n20\u00a0kg\r\n\r\nAutonomie en continu\u00a0:\r\n\r\n8\u00a0h\r\n\r\nVitesse maximale\u00a0:\r\n\r\n0,3\u00a0m\/s\r\n\r\nPoids total\u00a0:\r\n\r\n350\u00a0kg\r\n\r\nRayon d\u2019action maximal\u00a0:\r\n\r\n3,2\u00a0m\r\n\r\nZone de couverture\u00a0:\r\n\r\n28\u00a0m\u00b2 (rotation \u00e0 360\u00a0degr\u00e9s),\r\n15\u00a0m\u00b2 (rotation \u00e0 180\u00a0degr\u00e9s),\r\n9\u00a0m\u00b2 (rotation \u00e0 90\u00a0degr\u00e9s)\"><span class=\"Y2IQFc\" lang=\"fr\">Fr\u00e9quence nominale\u00a0:\r\n<\/span><\/pre>\n<\/td>\n<td valign=\"center\" nowrap=\"nowrap\">50\/60hz<\/td>\n<\/tr>\n<tr>\n<td valign=\"center\" nowrap=\"nowrap\">\n<pre id=\"tw-target-text\" class=\"tw-data-text tw-text-large tw-ta\" dir=\"ltr\" tabindex=\"-1\" role=\"text\" data-placeholder=\"Traduction\" data-ved=\"2ahUKEwihy6zS56qQAxUl7LsIHWZRBVIQ3ewLegQICxAV\" aria-label=\"Texte traduit\u00a0: Mode de commande\u00a0:\r\n\r\nMode cl\u00e9 et mode t\u00e9l\u00e9commande\r\n\r\nDimensions\u00a0:\r\n\r\nLongueur\u00a0: 3,45\u00a0m, largeur\u00a0: 0,9\u00a0m, hauteur\u00a0: 3\u00a0m\r\n\r\nTension nominale\u00a0:\r\n\r\n100\/110\/220\/230\u00a0V\r\n\r\nFr\u00e9quence nominale\u00a0:\r\n\r\n50\/60\u00a0Hz\r\n\r\nPuissance totale nominale\u00a0:\r\n\r\n300\u00a0W\r\n\r\nHauteur du c\u00e2ble\u00a0:\r\n\r\n1,9\u00a0m\r\n\r\nCharge maximale de levage\u00a0:\r\n\r\n20\u00a0kg\r\n\r\nAutonomie en continu\u00a0:\r\n\r\n8\u00a0h\r\n\r\nVitesse maximale\u00a0:\r\n\r\n0,3\u00a0m\/s\r\n\r\nPoids total\u00a0:\r\n\r\n350\u00a0kg\r\n\r\nRayon d\u2019action maximal\u00a0:\r\n\r\n3,2\u00a0m\r\n\r\nZone de couverture\u00a0:\r\n\r\n28\u00a0m\u00b2 (rotation \u00e0 360\u00a0degr\u00e9s),\r\n15\u00a0m\u00b2 (rotation \u00e0 180\u00a0degr\u00e9s),\r\n9\u00a0m\u00b2 (rotation \u00e0 90\u00a0degr\u00e9s)\"><span class=\"Y2IQFc\" lang=\"fr\">Puissance totale nominale\u00a0:\r\n<\/span><\/pre>\n<\/td>\n<td valign=\"center\" nowrap=\"nowrap\">300w<\/td>\n<\/tr>\n<tr>\n<td valign=\"center\" nowrap=\"nowrap\">\n<pre id=\"tw-target-text\" class=\"tw-data-text tw-text-large tw-ta\" dir=\"ltr\" tabindex=\"-1\" role=\"text\" data-placeholder=\"Traduction\" data-ved=\"2ahUKEwihy6zS56qQAxUl7LsIHWZRBVIQ3ewLegQICxAV\" aria-label=\"Texte traduit\u00a0: Mode de commande\u00a0:\r\n\r\nMode cl\u00e9 et mode t\u00e9l\u00e9commande\r\n\r\nDimensions\u00a0:\r\n\r\nLongueur\u00a0: 3,45\u00a0m, largeur\u00a0: 0,9\u00a0m, hauteur\u00a0: 3\u00a0m\r\n\r\nTension nominale\u00a0:\r\n\r\n100\/110\/220\/230\u00a0V\r\n\r\nFr\u00e9quence nominale\u00a0:\r\n\r\n50\/60\u00a0Hz\r\n\r\nPuissance totale nominale\u00a0:\r\n\r\n300\u00a0W\r\n\r\nHauteur du c\u00e2ble\u00a0:\r\n\r\n1,9\u00a0m\r\n\r\nCharge maximale de levage\u00a0:\r\n\r\n20\u00a0kg\r\n\r\nAutonomie en continu\u00a0:\r\n\r\n8\u00a0h\r\n\r\nVitesse maximale\u00a0:\r\n\r\n0,3\u00a0m\/s\r\n\r\nPoids total\u00a0:\r\n\r\n350\u00a0kg\r\n\r\nRayon d\u2019action maximal\u00a0:\r\n\r\n3,2\u00a0m\r\n\r\nZone de couverture\u00a0:\r\n\r\n28\u00a0m\u00b2 (rotation \u00e0 360\u00a0degr\u00e9s),\r\n15\u00a0m\u00b2 (rotation \u00e0 180\u00a0degr\u00e9s),\r\n9\u00a0m\u00b2 (rotation \u00e0 90\u00a0degr\u00e9s)\"><span class=\"Y2IQFc\" lang=\"fr\">Hauteur du c\u00e2ble\u00a0:\r\n<\/span><\/pre>\n<\/td>\n<td valign=\"center\" nowrap=\"nowrap\">1.9m<\/td>\n<\/tr>\n<tr>\n<td valign=\"center\" nowrap=\"nowrap\">\n<pre id=\"tw-target-text\" class=\"tw-data-text tw-text-large tw-ta\" dir=\"ltr\" tabindex=\"-1\" role=\"text\" data-placeholder=\"Traduction\" data-ved=\"2ahUKEwihy6zS56qQAxUl7LsIHWZRBVIQ3ewLegQICxAV\" aria-label=\"Texte traduit\u00a0: Mode de commande\u00a0:\r\n\r\nMode cl\u00e9 et mode t\u00e9l\u00e9commande\r\n\r\nDimensions\u00a0:\r\n\r\nLongueur\u00a0: 3,45\u00a0m, largeur\u00a0: 0,9\u00a0m, hauteur\u00a0: 3\u00a0m\r\n\r\nTension nominale\u00a0:\r\n\r\n100\/110\/220\/230\u00a0V\r\n\r\nFr\u00e9quence nominale\u00a0:\r\n\r\n50\/60\u00a0Hz\r\n\r\nPuissance totale nominale\u00a0:\r\n\r\n300\u00a0W\r\n\r\nHauteur du c\u00e2ble\u00a0:\r\n\r\n1,9\u00a0m\r\n\r\nCharge maximale de levage\u00a0:\r\n\r\n20\u00a0kg\r\n\r\nAutonomie en continu\u00a0:\r\n\r\n8\u00a0h\r\n\r\nVitesse maximale\u00a0:\r\n\r\n0,3\u00a0m\/s\r\n\r\nPoids total\u00a0:\r\n\r\n350\u00a0kg\r\n\r\nRayon d\u2019action maximal\u00a0:\r\n\r\n3,2\u00a0m\r\n\r\nZone de couverture\u00a0:\r\n\r\n28\u00a0m\u00b2 (rotation \u00e0 360\u00a0degr\u00e9s),\r\n15\u00a0m\u00b2 (rotation \u00e0 180\u00a0degr\u00e9s),\r\n9\u00a0m\u00b2 (rotation \u00e0 90\u00a0degr\u00e9s)\"><span class=\"Y2IQFc\" lang=\"fr\">Charge maximale de levage\u00a0:\r\n<\/span><\/pre>\n<\/td>\n<td valign=\"center\" nowrap=\"nowrap\">20kg<\/td>\n<\/tr>\n<tr>\n<td valign=\"center\" nowrap=\"nowrap\">\n<pre id=\"tw-target-text\" class=\"tw-data-text tw-text-large tw-ta\" dir=\"ltr\" tabindex=\"-1\" role=\"text\" data-placeholder=\"Traduction\" data-ved=\"2ahUKEwihy6zS56qQAxUl7LsIHWZRBVIQ3ewLegQICxAV\" aria-label=\"Texte traduit\u00a0: Mode de commande\u00a0:\r\n\r\nMode cl\u00e9 et mode t\u00e9l\u00e9commande\r\n\r\nDimensions\u00a0:\r\n\r\nLongueur\u00a0: 3,45\u00a0m, largeur\u00a0: 0,9\u00a0m, hauteur\u00a0: 3\u00a0m\r\n\r\nTension nominale\u00a0:\r\n\r\n100\/110\/220\/230\u00a0V\r\n\r\nFr\u00e9quence nominale\u00a0:\r\n\r\n50\/60\u00a0Hz\r\n\r\nPuissance totale nominale\u00a0:\r\n\r\n300\u00a0W\r\n\r\nHauteur du c\u00e2ble\u00a0:\r\n\r\n1,9\u00a0m\r\n\r\nCharge maximale de levage\u00a0:\r\n\r\n20\u00a0kg\r\n\r\nAutonomie en continu\u00a0:\r\n\r\n8\u00a0h\r\n\r\nVitesse maximale\u00a0:\r\n\r\n0,3\u00a0m\/s\r\n\r\nPoids total\u00a0:\r\n\r\n350\u00a0kg\r\n\r\nRayon d\u2019action maximal\u00a0:\r\n\r\n3,2\u00a0m\r\n\r\nZone de couverture\u00a0:\r\n\r\n28\u00a0m\u00b2 (rotation \u00e0 360\u00a0degr\u00e9s),\r\n15\u00a0m\u00b2 (rotation \u00e0 180\u00a0degr\u00e9s),\r\n9\u00a0m\u00b2 (rotation \u00e0 90\u00a0degr\u00e9s)\"><span class=\"Y2IQFc\" lang=\"fr\">Autonomie en continu\u00a0:\r\n<\/span><\/pre>\n<\/td>\n<td valign=\"center\" nowrap=\"nowrap\">8h<\/td>\n<\/tr>\n<tr>\n<td valign=\"center\" nowrap=\"nowrap\">\n<pre id=\"tw-target-text\" class=\"tw-data-text tw-text-large tw-ta\" dir=\"ltr\" tabindex=\"-1\" role=\"text\" data-placeholder=\"Traduction\" data-ved=\"2ahUKEwihy6zS56qQAxUl7LsIHWZRBVIQ3ewLegQICxAV\" aria-label=\"Texte traduit\u00a0: Mode de commande\u00a0:\r\n\r\nMode cl\u00e9 et mode t\u00e9l\u00e9commande\r\n\r\nDimensions\u00a0:\r\n\r\nLongueur\u00a0: 3,45\u00a0m, largeur\u00a0: 0,9\u00a0m, hauteur\u00a0: 3\u00a0m\r\n\r\nTension nominale\u00a0:\r\n\r\n100\/110\/220\/230\u00a0V\r\n\r\nFr\u00e9quence nominale\u00a0:\r\n\r\n50\/60\u00a0Hz\r\n\r\nPuissance totale nominale\u00a0:\r\n\r\n300\u00a0W\r\n\r\nHauteur du c\u00e2ble\u00a0:\r\n\r\n1,9\u00a0m\r\n\r\nCharge maximale de levage\u00a0:\r\n\r\n20\u00a0kg\r\n\r\nAutonomie en continu\u00a0:\r\n\r\n8\u00a0h\r\n\r\nVitesse maximale\u00a0:\r\n\r\n0,3\u00a0m\/s\r\n\r\nPoids total\u00a0:\r\n\r\n350\u00a0kg\r\n\r\nRayon d\u2019action maximal\u00a0:\r\n\r\n3,2\u00a0m\r\n\r\nZone de couverture\u00a0:\r\n\r\n28\u00a0m\u00b2 (rotation \u00e0 360\u00a0degr\u00e9s),\r\n15\u00a0m\u00b2 (rotation \u00e0 180\u00a0degr\u00e9s),\r\n9\u00a0m\u00b2 (rotation \u00e0 90\u00a0degr\u00e9s)\"><span class=\"Y2IQFc\" lang=\"fr\">Vitesse maximale\u00a0:\r\n<\/span><\/pre>\n<\/td>\n<td valign=\"center\" nowrap=\"nowrap\">0.3m\/s<\/td>\n<\/tr>\n<tr>\n<td valign=\"center\" nowrap=\"nowrap\">\n<pre id=\"tw-target-text\" class=\"tw-data-text tw-text-large tw-ta\" dir=\"ltr\" tabindex=\"-1\" role=\"text\" data-placeholder=\"Traduction\" data-ved=\"2ahUKEwihy6zS56qQAxUl7LsIHWZRBVIQ3ewLegQICxAV\" aria-label=\"Texte traduit\u00a0: Mode de commande\u00a0:\r\n\r\nMode cl\u00e9 et mode t\u00e9l\u00e9commande\r\n\r\nDimensions\u00a0:\r\n\r\nLongueur\u00a0: 3,45\u00a0m, largeur\u00a0: 0,9\u00a0m, hauteur\u00a0: 3\u00a0m\r\n\r\nTension nominale\u00a0:\r\n\r\n100\/110\/220\/230\u00a0V\r\n\r\nFr\u00e9quence nominale\u00a0:\r\n\r\n50\/60\u00a0Hz\r\n\r\nPuissance totale nominale\u00a0:\r\n\r\n300\u00a0W\r\n\r\nHauteur du c\u00e2ble\u00a0:\r\n\r\n1,9\u00a0m\r\n\r\nCharge maximale de levage\u00a0:\r\n\r\n20\u00a0kg\r\n\r\nAutonomie en continu\u00a0:\r\n\r\n8\u00a0h\r\n\r\nVitesse maximale\u00a0:\r\n\r\n0,3\u00a0m\/s\r\n\r\nPoids total\u00a0:\r\n\r\n350\u00a0kg\r\n\r\nRayon d\u2019action maximal\u00a0:\r\n\r\n3,2\u00a0m\r\n\r\nZone de couverture\u00a0:\r\n\r\n28\u00a0m\u00b2 (rotation \u00e0 360\u00a0degr\u00e9s),\r\n15\u00a0m\u00b2 (rotation \u00e0 180\u00a0degr\u00e9s),\r\n9\u00a0m\u00b2 (rotation \u00e0 90\u00a0degr\u00e9s)\"><span class=\"Y2IQFc\" lang=\"fr\">Poids total\u00a0:\r\n<\/span><\/pre>\n<\/td>\n<td valign=\"center\" nowrap=\"nowrap\">350Kg<\/td>\n<\/tr>\n<tr>\n<td valign=\"center\" nowrap=\"nowrap\">\n<pre id=\"tw-target-text\" class=\"tw-data-text tw-text-large tw-ta\" dir=\"ltr\" tabindex=\"-1\" role=\"text\" data-placeholder=\"Traduction\" data-ved=\"2ahUKEwihy6zS56qQAxUl7LsIHWZRBVIQ3ewLegQICxAV\" aria-label=\"Texte traduit\u00a0: Mode de commande\u00a0:\r\n\r\nMode cl\u00e9 et mode t\u00e9l\u00e9commande\r\n\r\nDimensions\u00a0:\r\n\r\nLongueur\u00a0: 3,45\u00a0m, largeur\u00a0: 0,9\u00a0m, hauteur\u00a0: 3\u00a0m\r\n\r\nTension nominale\u00a0:\r\n\r\n100\/110\/220\/230\u00a0V\r\n\r\nFr\u00e9quence nominale\u00a0:\r\n\r\n50\/60\u00a0Hz\r\n\r\nPuissance totale nominale\u00a0:\r\n\r\n300\u00a0W\r\n\r\nHauteur du c\u00e2ble\u00a0:\r\n\r\n1,9\u00a0m\r\n\r\nCharge maximale de levage\u00a0:\r\n\r\n20\u00a0kg\r\n\r\nAutonomie en continu\u00a0:\r\n\r\n8\u00a0h\r\n\r\nVitesse maximale\u00a0:\r\n\r\n0,3\u00a0m\/s\r\n\r\nPoids total\u00a0:\r\n\r\n350\u00a0kg\r\n\r\nRayon d\u2019action maximal\u00a0:\r\n\r\n3,2\u00a0m\r\n\r\nZone de couverture\u00a0:\r\n\r\n28\u00a0m\u00b2 (rotation \u00e0 360\u00a0degr\u00e9s),\r\n15\u00a0m\u00b2 (rotation \u00e0 180\u00a0degr\u00e9s),\r\n9\u00a0m\u00b2 (rotation \u00e0 90\u00a0degr\u00e9s)\"><span class=\"Y2IQFc\" lang=\"fr\">Rayon d\u2019action maximal\u00a0:\r\n<\/span><\/pre>\n<\/td>\n<td valign=\"center\" nowrap=\"nowrap\">3.2m<\/td>\n<\/tr>\n<tr>\n<td valign=\"center\" nowrap=\"nowrap\">\n<pre id=\"tw-target-text\" class=\"tw-data-text tw-text-large tw-ta\" dir=\"ltr\" tabindex=\"-1\" role=\"text\" data-placeholder=\"Traduction\" data-ved=\"2ahUKEwihy6zS56qQAxUl7LsIHWZRBVIQ3ewLegQICxAV\" aria-label=\"Texte traduit\u00a0: Mode de commande\u00a0:\r\n\r\nMode cl\u00e9 et mode t\u00e9l\u00e9commande\r\n\r\nDimensions\u00a0:\r\n\r\nLongueur\u00a0: 3,45\u00a0m, largeur\u00a0: 0,9\u00a0m, hauteur\u00a0: 3\u00a0m\r\n\r\nTension nominale\u00a0:\r\n\r\n100\/110\/220\/230\u00a0V\r\n\r\nFr\u00e9quence nominale\u00a0:\r\n\r\n50\/60\u00a0Hz\r\n\r\nPuissance totale nominale\u00a0:\r\n\r\n300\u00a0W\r\n\r\nHauteur du c\u00e2ble\u00a0:\r\n\r\n1,9\u00a0m\r\n\r\nCharge maximale de levage\u00a0:\r\n\r\n20\u00a0kg\r\n\r\nAutonomie en continu\u00a0:\r\n\r\n8\u00a0h\r\n\r\nVitesse maximale\u00a0:\r\n\r\n0,3\u00a0m\/s\r\n\r\nPoids total\u00a0:\r\n\r\n350\u00a0kg\r\n\r\nRayon d\u2019action maximal\u00a0:\r\n\r\n3,2\u00a0m\r\n\r\nZone de couverture\u00a0:\r\n\r\n28\u00a0m\u00b2 (rotation \u00e0 360\u00a0degr\u00e9s),\r\n15\u00a0m\u00b2 (rotation \u00e0 180\u00a0degr\u00e9s),\r\n9\u00a0m\u00b2 (rotation \u00e0 90\u00a0degr\u00e9s)\"><span class=\"Y2IQFc\" lang=\"fr\">Zone de couverture\u00a0:\r\n<\/span><\/pre>\n<\/td>\n<td valign=\"center\" width=\"312\">\n<p id=\"tw-target-text\" class=\"tw-data-text tw-text-large tw-ta\" dir=\"ltr\" tabindex=\"-1\" role=\"text\" data-placeholder=\"Traduction\" data-ved=\"2ahUKEwihy6zS56qQAxUl7LsIHWZRBVIQ3ewLegQICxAV\" aria-label=\"Texte traduit\u00a0: Mode de commande\u00a0:\n\nMode cl\u00e9 et mode t\u00e9l\u00e9commande\n\nDimensions\u00a0:\n\nLongueur\u00a0: 3,45\u00a0m, largeur\u00a0: 0,9\u00a0m, hauteur\u00a0: 3\u00a0m\n\nTension nominale\u00a0:\n\n100\/110\/220\/230\u00a0V\n\nFr\u00e9quence nominale\u00a0:\n\n50\/60\u00a0Hz\n\nPuissance totale nominale\u00a0:\n\n300\u00a0W\n\nHauteur du c\u00e2ble\u00a0:\n\n1,9\u00a0m\n\nCharge maximale de levage\u00a0:\n\n20\u00a0kg\n\nAutonomie en continu\u00a0:\n\n8\u00a0h\n\nVitesse maximale\u00a0:\n\n0,3\u00a0m\/s\n\nPoids total\u00a0:\n\n350\u00a0kg\n\nRayon d\u2019action maximal\u00a0:\n\n3,2\u00a0m\n\nZone de couverture\u00a0:\n\n28\u00a0m\u00b2 (rotation \u00e0 360\u00a0degr\u00e9s),\n15\u00a0m\u00b2 (rotation \u00e0 180\u00a0degr\u00e9s),\n9\u00a0m\u00b2 (rotation \u00e0 90\u00a0degr\u00e9s)\"><span class=\"Y2IQFc\" lang=\"fr\">28\u00a0m\u00b2 (rotation \u00e0 360\u00a0degr\u00e9s), 15\u00a0m\u00b2 (rotation \u00e0 180\u00a0degr\u00e9s), 9\u00a0m\u00b2 (rotation \u00e0 90\u00a0degr\u00e9s)<\/span><\/p>\n<\/td>\n<\/tr>\n<\/tbody>\n<\/table>\n","protected":false},"excerpt":{"rendered":"<p>La grue \u00e0 tour pour enfants est un \u00e9quipement de divertissement con\u00e7u et d\u00e9velopp\u00e9 selon le principe de fonctionnement des grues \u00e0 tour utilis\u00e9es dans la construction. Gr\u00e2ce \u00e0 l&rsquo;exp\u00e9rience pratique des joueurs et aux explications du personnel, elle permet aux joueurs de comprendre le principe de fonctionnement des grues \u00e0 tour des engins de chantier, de vulgariser les connaissances m\u00e9caniques scientifiques et de comprendre les termes professionnels, tout en approfondissant leurs connaissances.<\/p>\n<p>La grue \u00e0 tour pour enfants permet de saisir les boules de l&rsquo;oc\u00e9an, de faire le bonheur des clients et de g\u00e9n\u00e9rer des profits importants pour les promoteurs. L&rsquo;utilisation de la grue \u00e0 tour renforce et d\u00e9veloppe la perception spatiale, le jugement et la logique des enfants, tout en exer\u00e7ant leur coordination main-cerveau.<\/p>\n<p>\u00c0 l&rsquo;\u00e9tranger, certains pays d&rsquo;Europe et des \u00c9tats-Unis accordent une grande importance aux comp\u00e9tences pratiques et d\u00e9veloppent la coordination c\u00e9r\u00e9brale des enfants d\u00e8s leur plus jeune \u00e2ge gr\u00e2ce \u00e0 des \u00e9quipements de divertissement, les aidant ainsi \u00e0 comprendre les connaissances scientifiques des engins de chantier r\u00e9els.<\/p>\n","protected":false},"featured_media":1928,"template":"","meta":[],"product_brand":[],"product_cat":[383,430],"product_tag":[],"class_list":{"0":"post-2913","1":"product","2":"type-product","3":"status-publish","4":"has-post-thumbnail","6":"product_cat-jeux-interactifs-jeux-avec-monnayeur","7":"product_cat-machine-dexcavation-pour-enfants","9":"first","10":"instock","11":"shipping-taxable","12":"product-type-simple"},"_links":{"self":[{"href":"https:\/\/www.alfadu-amusement.com\/index.php?rest_route=\/wp\/v2\/product\/2913","targetHints":{"allow":["GET"]}}],"collection":[{"href":"https:\/\/www.alfadu-amusement.com\/index.php?rest_route=\/wp\/v2\/product"}],"about":[{"href":"https:\/\/www.alfadu-amusement.com\/index.php?rest_route=\/wp\/v2\/types\/product"}],"wp:featuredmedia":[{"embeddable":true,"href":"https:\/\/www.alfadu-amusement.com\/index.php?rest_route=\/wp\/v2\/media\/1928"}],"wp:attachment":[{"href":"https:\/\/www.alfadu-amusement.com\/index.php?rest_route=%2Fwp%2Fv2%2Fmedia&parent=2913"}],"wp:term":[{"taxonomy":"product_brand","embeddable":true,"href":"https:\/\/www.alfadu-amusement.com\/index.php?rest_route=%2Fwp%2Fv2%2Fproduct_brand&post=2913"},{"taxonomy":"product_cat","embeddable":true,"href":"https:\/\/www.alfadu-amusement.com\/index.php?rest_route=%2Fwp%2Fv2%2Fproduct_cat&post=2913"},{"taxonomy":"product_tag","embeddable":true,"href":"https:\/\/www.alfadu-amusement.com\/index.php?rest_route=%2Fwp%2Fv2%2Fproduct_tag&post=2913"}],"curies":[{"name":"wp","href":"https:\/\/api.w.org\/{rel}","templated":true}]}}