{"id":2966,"date":"2025-10-24T09:09:47","date_gmt":"2025-10-24T09:09:47","guid":{"rendered":"https:\/\/www.alfadu-amusement.com\/?post_type=product&#038;p=2966"},"modified":"2025-10-24T09:09:47","modified_gmt":"2025-10-24T09:09:47","slug":"un-fracas-fou","status":"publish","type":"product","link":"https:\/\/www.alfadu-amusement.com\/?product=un-fracas-fou&lang=fr","title":{"rendered":"Un fracas fou"},"content":{"rendered":"<table border=\"1\" cellspacing=\"0\">\n<tbody>\n<tr>\n<td valign=\"top\" width=\"201\">\n<pre>Dimensions de la machine (P x l x H)<\/pre>\n<\/td>\n<td valign=\"top\" width=\"313\">2675mm*1100mm*2710mm<\/td>\n<\/tr>\n<tr>\n<td valign=\"top\" width=\"201\">&nbsp;<\/p>\n<pre id=\"tw-target-text\" class=\"tw-data-text tw-text-large tw-ta\" dir=\"ltr\" tabindex=\"-1\" role=\"text\" data-placeholder=\"Traduction\" data-ved=\"2ahUKEwjUu9TnvbyQAxV-UaQEHZYLKGIQ3ewLegQICxAV\" aria-label=\"Texte traduit\u00a0: Dimensions de la machine (P x l x H) : 2675 mm x 1100 mm x 2710 mm\r\n\r\nDimensions emball\u00e9es (P x l x H)\r\n\r\n1 : L 800 mm x l 1150 mm x H 2100 mm\r\n\r\n2 : L 1050 mm x l 1160 mm x H 2040 mm\r\n\r\n3 : L 1200 mm x l 60 mm x H 1540 mm\r\n\r\nPoids : 475 kg\r\nTension : AC 110 V\/220 V\r\nFr\u00e9quence : 50 Hz\/60 Hz\r\nConsommation \u00e9lectrique : MIN : 350 W \u00a0 MAX : 420 W\"><span class=\"Y2IQFc\" lang=\"fr\">Dimensions emball\u00e9es (P x l x H)<\/span><\/pre>\n<\/td>\n<td valign=\"top\" width=\"313\">\u2460\uff1aL800mm*W1150mm*H2100mm<\/p>\n<p>\u2461\uff1aL1050mm*W1160mm*H2040mm<\/p>\n<p>\u2462:L1200*W60*H1540mm<\/td>\n<\/tr>\n<tr>\n<td valign=\"top\" width=\"201\">\n<pre id=\"tw-target-text\" class=\"tw-data-text tw-text-large tw-ta\" dir=\"ltr\" tabindex=\"-1\" role=\"text\" data-placeholder=\"Traduction\" data-ved=\"2ahUKEwjUu9TnvbyQAxV-UaQEHZYLKGIQ3ewLegQICxAV\" aria-label=\"Texte traduit\u00a0: Dimensions de la machine (P x l x H) : 2675 mm x 1100 mm x 2710 mm\r\n\r\nDimensions emball\u00e9es (P x l x H)\r\n\r\n1 : L 800 mm x l 1150 mm x H 2100 mm\r\n\r\n2 : L 1050 mm x l 1160 mm x H 2040 mm\r\n\r\n3 : L 1200 mm x l 60 mm x H 1540 mm\r\n\r\nPoids : 475 kg\r\nTension : AC 110 V\/220 V\r\nFr\u00e9quence : 50 Hz\/60 Hz\r\nConsommation \u00e9lectrique : MIN : 350 W \u00a0 MAX : 420 W\"><span class=\"Y2IQFc\" lang=\"fr\">Poids <\/span><\/pre>\n<\/td>\n<td valign=\"top\" width=\"313\">475KG<\/td>\n<\/tr>\n<tr>\n<td valign=\"top\" width=\"201\">\n<pre id=\"tw-target-text\" class=\"tw-data-text tw-text-large tw-ta\" dir=\"ltr\" tabindex=\"-1\" role=\"text\" data-placeholder=\"Traduction\" data-ved=\"2ahUKEwjUu9TnvbyQAxV-UaQEHZYLKGIQ3ewLegQICxAV\" aria-label=\"Texte traduit\u00a0: Dimensions de la machine (P x l x H) : 2675 mm x 1100 mm x 2710 mm\r\n\r\nDimensions emball\u00e9es (P x l x H)\r\n\r\n1 : L 800 mm x l 1150 mm x H 2100 mm\r\n\r\n2 : L 1050 mm x l 1160 mm x H 2040 mm\r\n\r\n3 : L 1200 mm x l 60 mm x H 1540 mm\r\n\r\nPoids : 475 kg\r\nTension : AC 110 V\/220 V\r\nFr\u00e9quence : 50 Hz\/60 Hz\r\nConsommation \u00e9lectrique : MIN : 350 W \u00a0 MAX : 420 W\"><span class=\"Y2IQFc\" lang=\"fr\">Tension <\/span><\/pre>\n<\/td>\n<td valign=\"top\" width=\"313\">AC 110V\/220V<\/td>\n<\/tr>\n<tr>\n<td valign=\"top\" width=\"201\">\n<pre id=\"tw-target-text\" class=\"tw-data-text tw-text-large tw-ta\" dir=\"ltr\" tabindex=\"-1\" role=\"text\" data-placeholder=\"Traduction\" data-ved=\"2ahUKEwjUu9TnvbyQAxV-UaQEHZYLKGIQ3ewLegQICxAV\" aria-label=\"Texte traduit\u00a0: Dimensions de la machine (P x l x H) : 2675 mm x 1100 mm x 2710 mm\r\n\r\nDimensions emball\u00e9es (P x l x H)\r\n\r\n1 : L 800 mm x l 1150 mm x H 2100 mm\r\n\r\n2 : L 1050 mm x l 1160 mm x H 2040 mm\r\n\r\n3 : L 1200 mm x l 60 mm x H 1540 mm\r\n\r\nPoids : 475 kg\r\nTension : AC 110 V\/220 V\r\nFr\u00e9quence : 50 Hz\/60 Hz\r\nConsommation \u00e9lectrique : MIN : 350 W \u00a0 MAX : 420 W\"><span class=\"Y2IQFc\" lang=\"fr\">Fr\u00e9quence <\/span><\/pre>\n<\/td>\n<td valign=\"top\" width=\"313\">50HZ\/60HZ<\/td>\n<\/tr>\n<tr>\n<td valign=\"top\" width=\"201\">\n<pre id=\"tw-target-text\" class=\"tw-data-text tw-text-large tw-ta\" dir=\"ltr\" tabindex=\"-1\" role=\"text\" data-placeholder=\"Traduction\" data-ved=\"2ahUKEwjUu9TnvbyQAxV-UaQEHZYLKGIQ3ewLegQICxAV\" aria-label=\"Texte traduit\u00a0: Dimensions de la machine (P x l x H) : 2675 mm x 1100 mm x 2710 mm\r\n\r\nDimensions emball\u00e9es (P x l x H)\r\n\r\n1 : L 800 mm x l 1150 mm x H 2100 mm\r\n\r\n2 : L 1050 mm x l 1160 mm x H 2040 mm\r\n\r\n3 : L 1200 mm x l 60 mm x H 1540 mm\r\n\r\nPoids : 475 kg\r\nTension : AC 110 V\/220 V\r\nFr\u00e9quence : 50 Hz\/60 Hz\r\nConsommation \u00e9lectrique : MIN : 350 W \u00a0 MAX : 420 W\"><span class=\"Y2IQFc\" lang=\"fr\">Consommation \u00e9lectrique<\/span><\/pre>\n<\/td>\n<td valign=\"top\" width=\"313\">MIN:350W \u00a0 MAX:420W<\/td>\n<\/tr>\n<\/tbody>\n<\/table>\n","protected":false},"excerpt":{"rendered":"<p><strong>Fonctionnalit\u00e9<\/strong><\/p>\n<p>* L&rsquo;exp\u00e9rience de jeu est riche et captivante, et la prise en charge des modes solo et double permet de s\u00e9duire facilement les joueurs.<\/p>\n<p>* Le m\u00e9canisme m\u00e9canique, robuste et durable, a subi 500\u00a0000 tests pour garantir la stabilit\u00e9 et la fiabilit\u00e9 de la machine.<\/p>\n<p>* Le circuit de commande est stable et fiable, et le programme est stable apr\u00e8s de nombreuses ann\u00e9es d&rsquo;utilisation.<\/p>\n<p>* Choisissez une machine de loterie de haute qualit\u00e9, adapt\u00e9e aux syst\u00e8mes de paiement par pi\u00e8ces ou par cartes transf\u00e9rables.<\/p>\n","protected":false},"featured_media":1964,"template":"","meta":[],"product_brand":[],"product_cat":[428,383],"product_tag":[],"class_list":{"0":"post-2966","1":"product","2":"type-product","3":"status-publish","4":"has-post-thumbnail","6":"product_cat-jeu-de-carnaval","7":"product_cat-jeux-interactifs-jeux-avec-monnayeur","9":"first","10":"instock","11":"shipping-taxable","12":"product-type-simple"},"_links":{"self":[{"href":"https:\/\/www.alfadu-amusement.com\/index.php?rest_route=\/wp\/v2\/product\/2966","targetHints":{"allow":["GET"]}}],"collection":[{"href":"https:\/\/www.alfadu-amusement.com\/index.php?rest_route=\/wp\/v2\/product"}],"about":[{"href":"https:\/\/www.alfadu-amusement.com\/index.php?rest_route=\/wp\/v2\/types\/product"}],"wp:featuredmedia":[{"embeddable":true,"href":"https:\/\/www.alfadu-amusement.com\/index.php?rest_route=\/wp\/v2\/media\/1964"}],"wp:attachment":[{"href":"https:\/\/www.alfadu-amusement.com\/index.php?rest_route=%2Fwp%2Fv2%2Fmedia&parent=2966"}],"wp:term":[{"taxonomy":"product_brand","embeddable":true,"href":"https:\/\/www.alfadu-amusement.com\/index.php?rest_route=%2Fwp%2Fv2%2Fproduct_brand&post=2966"},{"taxonomy":"product_cat","embeddable":true,"href":"https:\/\/www.alfadu-amusement.com\/index.php?rest_route=%2Fwp%2Fv2%2Fproduct_cat&post=2966"},{"taxonomy":"product_tag","embeddable":true,"href":"https:\/\/www.alfadu-amusement.com\/index.php?rest_route=%2Fwp%2Fv2%2Fproduct_tag&post=2966"}],"curies":[{"name":"wp","href":"https:\/\/api.w.org\/{rel}","templated":true}]}}