{"id":2975,"date":"2025-10-24T09:40:49","date_gmt":"2025-10-24T09:40:49","guid":{"rendered":"https:\/\/www.alfadu-amusement.com\/?post_type=product&#038;p=2975"},"modified":"2025-10-24T09:40:49","modified_gmt":"2025-10-24T09:40:49","slug":"sacs-de-sable-amusants-ii","status":"publish","type":"product","link":"https:\/\/www.alfadu-amusement.com\/?product=sacs-de-sable-amusants-ii&lang=fr","title":{"rendered":"Sacs de sable amusants II"},"content":{"rendered":"<table border=\"1\" width=\"558\" cellspacing=\"0\">\n<tbody>\n<tr>\n<td valign=\"top\" width=\"208\">\n<pre id=\"tw-target-text\" class=\"tw-data-text tw-text-large tw-ta\" dir=\"ltr\" tabindex=\"-1\" role=\"text\" data-placeholder=\"Traduction\" data-ved=\"2ahUKEwjUu9TnvbyQAxV-UaQEHZYLKGIQ3ewLegQICxAV\" aria-label=\"Texte traduit\u00a0: Dimensions de la machine (P x l x H) : 3\u00a0120 x 900 x 3\u00a0300 mm\r\nDimensions emball\u00e9es (P x l x H) : 2\u00a0250 x 1\u00a0000 x 2\u00a0150 mm\r\nPoids : 260 kg\r\nTension :\r\n\r\nCA 220 V \u00b1 10 %\r\n\r\nCA 110 V \u00b1 10 %\r\n\r\nPlage de fr\u00e9quence : 50 Hz\/60 Hz\r\nPuissance : 140 W (minimum) 260 W (maxi)\"><span class=\"Y2IQFc\" lang=\"fr\">Dimensions de la machine (P x l x H)<\/span><\/pre>\n<\/td>\n<td valign=\"top\" width=\"350\">3120*900mm*3300mm<\/td>\n<\/tr>\n<tr>\n<td valign=\"top\" width=\"208\">\n<pre id=\"tw-target-text\" class=\"tw-data-text tw-text-large tw-ta\" dir=\"ltr\" tabindex=\"-1\" role=\"text\" data-placeholder=\"Traduction\" data-ved=\"2ahUKEwjUu9TnvbyQAxV-UaQEHZYLKGIQ3ewLegQICxAV\" aria-label=\"Texte traduit\u00a0: Dimensions de la machine (P x l x H) : 3\u00a0120 x 900 x 3\u00a0300 mm\r\nDimensions emball\u00e9es (P x l x H) : 2\u00a0250 x 1\u00a0000 x 2\u00a0150 mm\r\nPoids : 260 kg\r\nTension :\r\n\r\nCA 220 V \u00b1 10 %\r\n\r\nCA 110 V \u00b1 10 %\r\n\r\nPlage de fr\u00e9quence : 50 Hz\/60 Hz\r\nPuissance : 140 W (minimum) 260 W (maxi)\"><span class=\"Y2IQFc\" lang=\"fr\">Dimensions emball\u00e9es (P x l x H)<\/span><\/pre>\n<\/td>\n<td valign=\"top\" width=\"350\">2250*1000*2150mm<\/td>\n<\/tr>\n<tr>\n<td valign=\"top\" width=\"208\">\n<pre id=\"tw-target-text\" class=\"tw-data-text tw-text-large tw-ta\" dir=\"ltr\" tabindex=\"-1\" role=\"text\" data-placeholder=\"Traduction\" data-ved=\"2ahUKEwjUu9TnvbyQAxV-UaQEHZYLKGIQ3ewLegQICxAV\" aria-label=\"Texte traduit\u00a0: Dimensions de la machine (P x l x H) : 3\u00a0120 x 900 x 3\u00a0300 mm\r\nDimensions emball\u00e9es (P x l x H) : 2\u00a0250 x 1\u00a0000 x 2\u00a0150 mm\r\nPoids : 260 kg\r\nTension :\r\n\r\nCA 220 V \u00b1 10 %\r\n\r\nCA 110 V \u00b1 10 %\r\n\r\nPlage de fr\u00e9quence : 50 Hz\/60 Hz\r\nPuissance : 140 W (minimum) 260 W (maxi)\"><span class=\"Y2IQFc\" lang=\"fr\">Poids<\/span><\/pre>\n<\/td>\n<td valign=\"top\" width=\"350\">260 kg<\/td>\n<\/tr>\n<tr>\n<td valign=\"top\" width=\"208\">\n<pre id=\"tw-target-text\" class=\"tw-data-text tw-text-large tw-ta\" dir=\"ltr\" tabindex=\"-1\" role=\"text\" data-placeholder=\"Traduction\" data-ved=\"2ahUKEwjUu9TnvbyQAxV-UaQEHZYLKGIQ3ewLegQICxAV\" aria-label=\"Texte traduit\u00a0: Dimensions de la machine (P x l x H) : 3\u00a0120 x 900 x 3\u00a0300 mm\r\nDimensions emball\u00e9es (P x l x H) : 2\u00a0250 x 1\u00a0000 x 2\u00a0150 mm\r\nPoids : 260 kg\r\nTension :\r\n\r\nCA 220 V \u00b1 10 %\r\n\r\nCA 110 V \u00b1 10 %\r\n\r\nPlage de fr\u00e9quence : 50 Hz\/60 Hz\r\nPuissance : 140 W (minimum) 260 W (maxi)\"><span class=\"Y2IQFc\" lang=\"fr\">Tension <\/span><\/pre>\n<\/td>\n<td valign=\"top\" width=\"350\">AC 220V\u00b110% \uff1b<\/p>\n<p>AC 110V\u00b110%<\/td>\n<\/tr>\n<tr>\n<td valign=\"top\" width=\"208\">\n<pre id=\"tw-target-text\" class=\"tw-data-text tw-text-large tw-ta\" dir=\"ltr\" tabindex=\"-1\" role=\"text\" data-placeholder=\"Traduction\" data-ved=\"2ahUKEwjUu9TnvbyQAxV-UaQEHZYLKGIQ3ewLegQICxAV\" aria-label=\"Texte traduit\u00a0: Dimensions de la machine (P x l x H) : 3\u00a0120 x 900 x 3\u00a0300 mm\r\nDimensions emball\u00e9es (P x l x H) : 2\u00a0250 x 1\u00a0000 x 2\u00a0150 mm\r\nPoids : 260 kg\r\nTension :\r\n\r\nCA 220 V \u00b1 10 %\r\n\r\nCA 110 V \u00b1 10 %\r\n\r\nPlage de fr\u00e9quence : 50 Hz\/60 Hz\r\nPuissance : 140 W (minimum) 260 W (maxi)\"><span class=\"Y2IQFc\" lang=\"fr\">Plage de fr\u00e9quence <\/span><\/pre>\n<\/td>\n<td valign=\"top\" width=\"350\">50HZ\/60HZ<\/td>\n<\/tr>\n<tr>\n<td valign=\"top\" width=\"208\">\n<pre id=\"tw-target-text\" class=\"tw-data-text tw-text-large tw-ta\" dir=\"ltr\" tabindex=\"-1\" role=\"text\" data-placeholder=\"Traduction\" data-ved=\"2ahUKEwjUu9TnvbyQAxV-UaQEHZYLKGIQ3ewLegQICxAV\" aria-label=\"Texte traduit\u00a0: Dimensions de la machine (P x l x H) : 3\u00a0120 x 900 x 3\u00a0300 mm\r\nDimensions emball\u00e9es (P x l x H) : 2\u00a0250 x 1\u00a0000 x 2\u00a0150 mm\r\nPoids : 260 kg\r\nTension :\r\n\r\nCA 220 V \u00b1 10 %\r\n\r\nCA 110 V \u00b1 10 %\r\n\r\nPlage de fr\u00e9quence : 50 Hz\/60 Hz\r\nPuissance : 140 W (minimum) 260 W (maxi)\"><span class=\"Y2IQFc\" lang=\"fr\">Puissance <\/span><\/pre>\n<\/td>\n<td valign=\"top\" width=\"350\">140 W\uff08MIN\uff09 260 W\uff08MAX\uff09<\/td>\n<\/tr>\n<\/tbody>\n<\/table>\n","protected":false},"excerpt":{"rendered":"<p><strong>Caract\u00e9ristiques du produit<\/strong><\/p>\n<p>Le jeu est r\u00e9aliste, simple et facile \u00e0 comprendre, et l&rsquo;utilisation est tr\u00e8s facile pour les enfants.<\/p>\n<p>Couleurs vives, style \u00e9pur\u00e9 et original, mod\u00e9lisation unique et \u00e9clairage intense.<\/p>\n<p>Circuit de commande stable et fiable, gr\u00e2ce \u00e0 de nombreuses ann\u00e9es d&rsquo;utilisation, la stabilit\u00e9 du programme et l&rsquo;optimisation du processus et du circuit de commande ont permis de doubler la dur\u00e9e de vie du plateau rotatif infrarouge.<\/p>\n<p>Machine de loterie de haute qualit\u00e9, compatible avec les types de billets courants. Si vous n&rsquo;avez pas besoin de la fonction d&rsquo;\u00e9mission de billets, vous pouvez la d\u00e9sactiver en arri\u00e8re-plan. Pour plus de d\u00e9tails, veuillez consulter le point 7 \u00ab\u00a0Description de la m\u00e9thode de configuration en arri\u00e8re-plan\u00a0\u00bb.<\/p>\n<p>La machine permet de jouer \u00e0 un jeu autonome ou \u00e0 deux jeux en ligne simultan\u00e9ment.<\/p>\n<p>Les param\u00e8tres de jeu et le taux d&rsquo;\u00e9mission de billets sont r\u00e9glables. Pour plus de d\u00e9tails, veuillez consulter le point 7 \u00ab\u00a0Description de la m\u00e9thode de configuration en arri\u00e8re-plan\u00a0\u00bb.<\/p>\n","protected":false},"featured_media":1952,"template":"","meta":[],"product_brand":[],"product_cat":[428,383],"product_tag":[],"class_list":{"0":"post-2975","1":"product","2":"type-product","3":"status-publish","4":"has-post-thumbnail","6":"product_cat-jeu-de-carnaval","7":"product_cat-jeux-interactifs-jeux-avec-monnayeur","9":"first","10":"instock","11":"shipping-taxable","12":"product-type-simple"},"_links":{"self":[{"href":"https:\/\/www.alfadu-amusement.com\/index.php?rest_route=\/wp\/v2\/product\/2975","targetHints":{"allow":["GET"]}}],"collection":[{"href":"https:\/\/www.alfadu-amusement.com\/index.php?rest_route=\/wp\/v2\/product"}],"about":[{"href":"https:\/\/www.alfadu-amusement.com\/index.php?rest_route=\/wp\/v2\/types\/product"}],"wp:featuredmedia":[{"embeddable":true,"href":"https:\/\/www.alfadu-amusement.com\/index.php?rest_route=\/wp\/v2\/media\/1952"}],"wp:attachment":[{"href":"https:\/\/www.alfadu-amusement.com\/index.php?rest_route=%2Fwp%2Fv2%2Fmedia&parent=2975"}],"wp:term":[{"taxonomy":"product_brand","embeddable":true,"href":"https:\/\/www.alfadu-amusement.com\/index.php?rest_route=%2Fwp%2Fv2%2Fproduct_brand&post=2975"},{"taxonomy":"product_cat","embeddable":true,"href":"https:\/\/www.alfadu-amusement.com\/index.php?rest_route=%2Fwp%2Fv2%2Fproduct_cat&post=2975"},{"taxonomy":"product_tag","embeddable":true,"href":"https:\/\/www.alfadu-amusement.com\/index.php?rest_route=%2Fwp%2Fv2%2Fproduct_tag&post=2975"}],"curies":[{"name":"wp","href":"https:\/\/api.w.org\/{rel}","templated":true}]}}