{"id":2981,"date":"2025-10-24T10:00:33","date_gmt":"2025-10-24T10:00:33","guid":{"rendered":"https:\/\/www.alfadu-amusement.com\/?post_type=product&#038;p=2981"},"modified":"2025-10-24T10:00:33","modified_gmt":"2025-10-24T10:00:33","slug":"machine-a-prix-de-la-grande-roue","status":"publish","type":"product","link":"https:\/\/www.alfadu-amusement.com\/?product=machine-a-prix-de-la-grande-roue&lang=fr","title":{"rendered":"Machine \u00e0 prix de la grande roue"},"content":{"rendered":"<table class=\"has-text-color has-link-color has-border-color has-fixed-layout alignleft\">\n<tbody>\n<tr>\n<td>\n<pre id=\"tw-target-text\" class=\"tw-data-text tw-text-large tw-ta\" dir=\"ltr\" tabindex=\"-1\" role=\"text\" data-placeholder=\"Traduction\" data-ved=\"2ahUKEwjUu9TnvbyQAxV-UaQEHZYLKGIQ3ewLegQICxAV\" aria-label=\"Texte traduit\u00a0: Num\u00e9ro de mod\u00e8le LLF-TC19\r\nMat\u00e9riau\u00a0: Bo\u00eetier m\u00e9tallique et verre tremp\u00e9\r\nDimensions\u00a0: L\u00a035\u00a0P\u00a050\u00a0H\u00a0175\u00a0cm\r\nAlimentation\u00a0: 110\u00a0V\/220\u00a0V, 50-150\u00a0W\r\nNom\u00a0: MEGA MINI \/ GAMER MINI\r\nLecteur de billets et de cartes de cr\u00e9dit en option (achat suppl\u00e9mentaire)\r\nAvec casier \u00e0 cadeaux\u00a0: Oui\"><span class=\"Y2IQFc\" lang=\"fr\">Num\u00e9ro de mod\u00e8le <\/span><\/pre>\n<\/td>\n<td>LLF-TC19<\/td>\n<\/tr>\n<tr>\n<td>\n<pre id=\"tw-target-text\" class=\"tw-data-text tw-text-large tw-ta\" dir=\"ltr\" tabindex=\"-1\" role=\"text\" data-placeholder=\"Traduction\" data-ved=\"2ahUKEwjUu9TnvbyQAxV-UaQEHZYLKGIQ3ewLegQICxAV\" aria-label=\"Texte traduit\u00a0: Num\u00e9ro de mod\u00e8le LLF-TC19\r\nMat\u00e9riau\u00a0: Bo\u00eetier m\u00e9tallique et verre tremp\u00e9\r\nDimensions\u00a0: L\u00a035\u00a0P\u00a050\u00a0H\u00a0175\u00a0cm\r\nAlimentation\u00a0: 110\u00a0V\/220\u00a0V, 50-150\u00a0W\r\nNom\u00a0: MEGA MINI \/ GAMER MINI\r\nLecteur de billets et de cartes de cr\u00e9dit en option (achat suppl\u00e9mentaire)\r\nAvec casier \u00e0 cadeaux\u00a0: Oui\"><span class=\"Y2IQFc\" lang=\"fr\">Mat\u00e9riau\u00a0<\/span><\/pre>\n<\/td>\n<td>Metal cabinet and tempered glass<\/td>\n<\/tr>\n<tr>\n<td>\n<pre id=\"tw-target-text\" class=\"tw-data-text tw-text-large tw-ta\" dir=\"ltr\" tabindex=\"-1\" role=\"text\" data-placeholder=\"Traduction\" data-ved=\"2ahUKEwjUu9TnvbyQAxV-UaQEHZYLKGIQ3ewLegQICxAV\" aria-label=\"Texte traduit\u00a0: Num\u00e9ro de mod\u00e8le LLF-TC19\r\nMat\u00e9riau\u00a0: Bo\u00eetier m\u00e9tallique et verre tremp\u00e9\r\nDimensions\u00a0: L\u00a035\u00a0P\u00a050\u00a0H\u00a0175\u00a0cm\r\nAlimentation\u00a0: 110\u00a0V\/220\u00a0V, 50-150\u00a0W\r\nNom\u00a0: MEGA MINI \/ GAMER MINI\r\nLecteur de billets et de cartes de cr\u00e9dit en option (achat suppl\u00e9mentaire)\r\nAvec casier \u00e0 cadeaux\u00a0: Oui\"><span class=\"Y2IQFc\" lang=\"fr\">Dimensions\u00a0<\/span><\/pre>\n<\/td>\n<td>W35<em>D50<\/em>H175cm<\/td>\n<\/tr>\n<tr>\n<td>\n<pre id=\"tw-target-text\" class=\"tw-data-text tw-text-large tw-ta\" dir=\"ltr\" tabindex=\"-1\" role=\"text\" data-placeholder=\"Traduction\" data-ved=\"2ahUKEwjUu9TnvbyQAxV-UaQEHZYLKGIQ3ewLegQICxAV\" aria-label=\"Texte traduit\u00a0: Num\u00e9ro de mod\u00e8le LLF-TC19\r\nMat\u00e9riau\u00a0: Bo\u00eetier m\u00e9tallique et verre tremp\u00e9\r\nDimensions\u00a0: L\u00a035\u00a0P\u00a050\u00a0H\u00a0175\u00a0cm\r\nAlimentation\u00a0: 110\u00a0V\/220\u00a0V, 50-150\u00a0W\r\nNom\u00a0: MEGA MINI \/ GAMER MINI\r\nLecteur de billets et de cartes de cr\u00e9dit en option (achat suppl\u00e9mentaire)\r\nAvec casier \u00e0 cadeaux\u00a0: Oui\"><span class=\"Y2IQFc\" lang=\"fr\">Alimentation\u00a0<\/span><\/pre>\n<\/td>\n<td>110v\/220v, 50-150w<\/td>\n<\/tr>\n<tr>\n<td>\n<pre id=\"tw-target-text\" class=\"tw-data-text tw-text-large tw-ta\" dir=\"ltr\" tabindex=\"-1\" role=\"text\" data-placeholder=\"Traduction\" data-ved=\"2ahUKEwjUu9TnvbyQAxV-UaQEHZYLKGIQ3ewLegQICxAV\" aria-label=\"Texte traduit\u00a0: Num\u00e9ro de mod\u00e8le LLF-TC19\r\nMat\u00e9riau\u00a0: Bo\u00eetier m\u00e9tallique et verre tremp\u00e9\r\nDimensions\u00a0: L\u00a035\u00a0P\u00a050\u00a0H\u00a0175\u00a0cm\r\nAlimentation\u00a0: 110\u00a0V\/220\u00a0V, 50-150\u00a0W\r\nNom\u00a0: MEGA MINI \/ GAMER MINI\r\nLecteur de billets et de cartes de cr\u00e9dit en option (achat suppl\u00e9mentaire)\r\nAvec casier \u00e0 cadeaux\u00a0: Oui\"><span class=\"Y2IQFc\" lang=\"fr\">Nom\u00a0<\/span><\/pre>\n<\/td>\n<td>MEGA MINI \/ GAMER MINI<\/td>\n<\/tr>\n<tr>\n<td>\n<pre id=\"tw-target-text\" class=\"tw-data-text tw-text-large tw-ta\" dir=\"ltr\" tabindex=\"-1\" role=\"text\" data-placeholder=\"Traduction\" data-ved=\"2ahUKEwjUu9TnvbyQAxV-UaQEHZYLKGIQ3ewLegQICxAV\" aria-label=\"Texte traduit\u00a0: Num\u00e9ro de mod\u00e8le LLF-TC19\r\nMat\u00e9riau\u00a0: Bo\u00eetier m\u00e9tallique et verre tremp\u00e9\r\nDimensions\u00a0: L\u00a035\u00a0P\u00a050\u00a0H\u00a0175\u00a0cm\r\nAlimentation\u00a0: 110\u00a0V\/220\u00a0V, 50-150\u00a0W\r\nNom\u00a0: MEGA MINI \/ GAMER MINI\r\nLecteur de billets et de cartes de cr\u00e9dit en option (achat suppl\u00e9mentaire)\r\nAvec casier \u00e0 cadeaux\u00a0: Oui\"><span class=\"Y2IQFc\" lang=\"fr\">Lecteur de billets et de cartes de cr\u00e9dit <\/span><\/pre>\n<\/td>\n<td>\n<p id=\"tw-target-text\" class=\"tw-data-text tw-text-large tw-ta\" dir=\"ltr\" tabindex=\"-1\" role=\"text\" data-placeholder=\"Traduction\" data-ved=\"2ahUKEwjUu9TnvbyQAxV-UaQEHZYLKGIQ3ewLegQICxAV\" aria-label=\"Texte traduit\u00a0: Num\u00e9ro de mod\u00e8le LLF-TC19\nMat\u00e9riau\u00a0: Bo\u00eetier m\u00e9tallique et verre tremp\u00e9\nDimensions\u00a0: L\u00a035\u00a0P\u00a050\u00a0H\u00a0175\u00a0cm\nAlimentation\u00a0: 110\u00a0V\/220\u00a0V, 50-150\u00a0W\nNom\u00a0: MEGA MINI \/ GAMER MINI\nLecteur de billets et de cartes de cr\u00e9dit en option (achat suppl\u00e9mentaire)\nAvec casier \u00e0 cadeaux\u00a0: Oui\"><span class=\"Y2IQFc\" lang=\"fr\">en option (achat suppl\u00e9mentaire)<\/span><\/p>\n<\/td>\n<\/tr>\n<tr>\n<td>\n<pre id=\"tw-target-text\" class=\"tw-data-text tw-text-large tw-ta\" dir=\"ltr\" tabindex=\"-1\" role=\"text\" data-placeholder=\"Traduction\" data-ved=\"2ahUKEwjUu9TnvbyQAxV-UaQEHZYLKGIQ3ewLegQICxAV\" aria-label=\"Texte traduit\u00a0: Num\u00e9ro de mod\u00e8le LLF-TC19\r\nMat\u00e9riau\u00a0: Bo\u00eetier m\u00e9tallique et verre tremp\u00e9\r\nDimensions\u00a0: L\u00a035\u00a0P\u00a050\u00a0H\u00a0175\u00a0cm\r\nAlimentation\u00a0: 110\u00a0V\/220\u00a0V, 50-150\u00a0W\r\nNom\u00a0: MEGA MINI \/ GAMER MINI\r\nLecteur de billets et de cartes de cr\u00e9dit en option (achat suppl\u00e9mentaire)\r\nAvec casier \u00e0 cadeaux\u00a0: Oui\"><span class=\"Y2IQFc\" lang=\"fr\">Avec casier \u00e0 cadeaux\u00a0<\/span><\/pre>\n<\/td>\n<td>Oui<\/td>\n<\/tr>\n<\/tbody>\n<\/table>\n","protected":false},"excerpt":{"rendered":"<p><strong>COMMENT JOUER\u00a0?<\/strong><\/p>\n<p>1. Poussez les pi\u00e8ces.<\/p>\n<p>2. Appuyez sur le bouton \u00ab\u00a0Start\u00a0\u00bb pour faire tomber la bille dans les bacs \u00e0 billes situ\u00e9s en dessous.<\/p>\n<p>3. Lorsque la bille tombe dans l&rsquo;un des bacs \u00e0 billes verts, une LED verte en haut \u00e0 gauche s&rsquo;allume. Lorsque les 5 LED vertes sont allum\u00e9es, le joueur peut obtenir une canette (capsule en option).<\/p>\n<p>4. Lorsque la bille tombe dans le bac \u00e0 billes rouge, une LED rouge en haut \u00e0 droite s&rsquo;allume. Lorsque les 5 LED rouges sont allum\u00e9es, le plateau tournant se met \u00e0 tourner. Appuyez sur le bouton \u00ab\u00a0Start\u00a0\u00bb pour l&rsquo;arr\u00eater.<\/p>\n<p>Lorsque le pointeur s&rsquo;arr\u00eate sur la zone verte r\u00e9serv\u00e9e aux cadeaux, le joueur peut appuyer sur les chiffres 1 \u00e0 4 pour s\u00e9lectionner le prix dans le bac \u00e0 prix. Lorsque le pointeur s&rsquo;arr\u00eate sur la zone rouge r\u00e9serv\u00e9e aux cadeaux, le joueur peut obtenir le gros lot dans le bac \u00e0 prix du milieu. Lorsque le pointeur s&rsquo;arr\u00eate sur la LED verte, le joueur peut obtenir de 1 \u00e0 4 LED allum\u00e9es al\u00e9atoirement. Lorsque le pointeur s&rsquo;arr\u00eate sur la LED rouge, le joueur peut obtenir de 1 \u00e0 4 LED allum\u00e9es al\u00e9atoirement.<\/p>\n","protected":false},"featured_media":1105,"template":"","meta":[],"product_brand":[],"product_cat":[428,383],"product_tag":[],"class_list":{"0":"post-2981","1":"product","2":"type-product","3":"status-publish","4":"has-post-thumbnail","6":"product_cat-jeu-de-carnaval","7":"product_cat-jeux-interactifs-jeux-avec-monnayeur","9":"first","10":"instock","11":"shipping-taxable","12":"product-type-simple"},"_links":{"self":[{"href":"https:\/\/www.alfadu-amusement.com\/index.php?rest_route=\/wp\/v2\/product\/2981","targetHints":{"allow":["GET"]}}],"collection":[{"href":"https:\/\/www.alfadu-amusement.com\/index.php?rest_route=\/wp\/v2\/product"}],"about":[{"href":"https:\/\/www.alfadu-amusement.com\/index.php?rest_route=\/wp\/v2\/types\/product"}],"wp:featuredmedia":[{"embeddable":true,"href":"https:\/\/www.alfadu-amusement.com\/index.php?rest_route=\/wp\/v2\/media\/1105"}],"wp:attachment":[{"href":"https:\/\/www.alfadu-amusement.com\/index.php?rest_route=%2Fwp%2Fv2%2Fmedia&parent=2981"}],"wp:term":[{"taxonomy":"product_brand","embeddable":true,"href":"https:\/\/www.alfadu-amusement.com\/index.php?rest_route=%2Fwp%2Fv2%2Fproduct_brand&post=2981"},{"taxonomy":"product_cat","embeddable":true,"href":"https:\/\/www.alfadu-amusement.com\/index.php?rest_route=%2Fwp%2Fv2%2Fproduct_cat&post=2981"},{"taxonomy":"product_tag","embeddable":true,"href":"https:\/\/www.alfadu-amusement.com\/index.php?rest_route=%2Fwp%2Fv2%2Fproduct_tag&post=2981"}],"curies":[{"name":"wp","href":"https:\/\/api.w.org\/{rel}","templated":true}]}}