{"id":2984,"date":"2025-10-24T10:02:14","date_gmt":"2025-10-24T10:02:14","guid":{"rendered":"https:\/\/www.alfadu-amusement.com\/?post_type=product&#038;p=2984"},"modified":"2025-10-24T10:02:14","modified_gmt":"2025-10-24T10:02:14","slug":"machine-a-griffes-pour-joueurs","status":"publish","type":"product","link":"https:\/\/www.alfadu-amusement.com\/?product=machine-a-griffes-pour-joueurs&lang=fr","title":{"rendered":"Machine \u00e0 griffes pour joueurs"},"content":{"rendered":"<p>1. Mat\u00e9riau : Bo\u00eetier m\u00e9tallique et verre tremp\u00e9<br \/>\n2. Dimensions : L 80 x P 85 x H 210 cm<br \/>\n3. Alimentation : 110 V\/220 V, 80-250 W<br \/>\n4. Lecteur de billets et de cartes de cr\u00e9dit en option (avec suppl\u00e9ment)<\/p>\n<p>5. Jouet \u00e0 capsule en option (avec suppl\u00e9ment)<\/p>\n","protected":false},"excerpt":{"rendered":"<p>Am\u00e9liorez votre espace de jeu avec la borne d&rsquo;arcade Gamer Grab Claw Machine de Lifun\u00a0! Dot\u00e9e d&rsquo;un \u00e9clairage LED dynamique pour une exp\u00e9rience de jeu immersive, de bornes transparentes \u00e0 360\u00b0 pour pr\u00e9senter les prix et d&rsquo;interfaces multijoueurs pour une exp\u00e9rience de jeu comp\u00e9titive. Dot\u00e9e de pinces de qualit\u00e9 industrielle et de commandes s\u00e9curis\u00e9es pour les enfants, cette borne d&rsquo;arcade attire les visiteurs dans les centres commerciaux ou suscite l&rsquo;enthousiasme dans les salles de jeux \u00e0 domicile. D\u00e9couvrez comment ses niveaux de difficult\u00e9 r\u00e9glables et ses roulettes faciles \u00e0 d\u00e9placer en font le choix id\u00e9al pour les exploitants et les familles\u00a0!<\/p>\n","protected":false},"featured_media":1103,"template":"","meta":[],"product_brand":[],"product_cat":[383,432],"product_tag":[],"class_list":{"0":"post-2984","1":"product","2":"type-product","3":"status-publish","4":"has-post-thumbnail","6":"product_cat-jeux-interactifs-jeux-avec-monnayeur","7":"product_cat-machine-a-grue","9":"first","10":"instock","11":"shipping-taxable","12":"product-type-simple"},"_links":{"self":[{"href":"https:\/\/www.alfadu-amusement.com\/index.php?rest_route=\/wp\/v2\/product\/2984","targetHints":{"allow":["GET"]}}],"collection":[{"href":"https:\/\/www.alfadu-amusement.com\/index.php?rest_route=\/wp\/v2\/product"}],"about":[{"href":"https:\/\/www.alfadu-amusement.com\/index.php?rest_route=\/wp\/v2\/types\/product"}],"wp:featuredmedia":[{"embeddable":true,"href":"https:\/\/www.alfadu-amusement.com\/index.php?rest_route=\/wp\/v2\/media\/1103"}],"wp:attachment":[{"href":"https:\/\/www.alfadu-amusement.com\/index.php?rest_route=%2Fwp%2Fv2%2Fmedia&parent=2984"}],"wp:term":[{"taxonomy":"product_brand","embeddable":true,"href":"https:\/\/www.alfadu-amusement.com\/index.php?rest_route=%2Fwp%2Fv2%2Fproduct_brand&post=2984"},{"taxonomy":"product_cat","embeddable":true,"href":"https:\/\/www.alfadu-amusement.com\/index.php?rest_route=%2Fwp%2Fv2%2Fproduct_cat&post=2984"},{"taxonomy":"product_tag","embeddable":true,"href":"https:\/\/www.alfadu-amusement.com\/index.php?rest_route=%2Fwp%2Fv2%2Fproduct_tag&post=2984"}],"curies":[{"name":"wp","href":"https:\/\/api.w.org\/{rel}","templated":true}]}}