{"id":2987,"date":"2025-10-24T10:12:16","date_gmt":"2025-10-24T10:12:16","guid":{"rendered":"https:\/\/www.alfadu-amusement.com\/?post_type=product&#038;p=2987"},"modified":"2025-10-24T10:12:16","modified_gmt":"2025-10-24T10:12:16","slug":"claw-machine-java-island-lf-tc06","status":"publish","type":"product","link":"https:\/\/www.alfadu-amusement.com\/?product=claw-machine-java-island-lf-tc06&lang=fr","title":{"rendered":"Claw Machine  JAVA ISLAND LF-TC06"},"content":{"rendered":"<table class=\"has-text-color has-link-color has-border-color has-fixed-layout\">\n<tbody>\n<tr>\n<td>\n<pre id=\"tw-target-text\" class=\"tw-data-text tw-text-large tw-ta\" dir=\"ltr\" tabindex=\"-1\" role=\"text\" data-placeholder=\"Traduction\" data-ved=\"2ahUKEwjUu9TnvbyQAxV-UaQEHZYLKGIQ3ewLegQICxAV\" aria-label=\"Texte traduit\u00a0: Num\u00e9ro de mod\u00e8le\u00a0: LF-TC06\r\nMat\u00e9riau\u00a0: Bo\u00eetier m\u00e9tallique et verre tremp\u00e9\r\nDimensions\u00a0: L80 x P85 x H190 cm\r\nAlimentation\u00a0: 110\u00a0V\/220\u00a0V, 80-250\u00a0W\r\nNom\u00a0: JAVA ISLAND\r\nLecteur de billets et de cartes de cr\u00e9dit en option (en suppl\u00e9ment)\r\nJouet \u00e0 capsule en option (en suppl\u00e9ment)\"><span class=\"Y2IQFc\" lang=\"fr\">Num\u00e9ro de mod\u00e8le\u00a0: <\/span><\/pre>\n<\/td>\n<td>LF-TC06<\/td>\n<\/tr>\n<tr>\n<td>\n<pre class=\"tw-data-text tw-text-large tw-ta\" dir=\"ltr\" tabindex=\"-1\" role=\"text\" data-placeholder=\"Traduction\" data-ved=\"2ahUKEwjUu9TnvbyQAxV-UaQEHZYLKGIQ3ewLegQICxAV\" aria-label=\"Texte traduit\u00a0: Num\u00e9ro de mod\u00e8le\u00a0: LF-TC06\r\nMat\u00e9riau\u00a0: Bo\u00eetier m\u00e9tallique et verre tremp\u00e9\r\nDimensions\u00a0: L80 x P85 x H190 cm\r\nAlimentation\u00a0: 110\u00a0V\/220\u00a0V, 80-250\u00a0W\r\nNom\u00a0: JAVA ISLAND\r\nLecteur de billets et de cartes de cr\u00e9dit en option (en suppl\u00e9ment)\r\nJouet \u00e0 capsule en option (en suppl\u00e9ment)\"><span class=\"Y2IQFc\" lang=\"fr\">Mat\u00e9riau<\/span><\/pre>\n<\/td>\n<td>\n<p id=\"tw-target-text\" class=\"tw-data-text tw-text-large tw-ta\" dir=\"ltr\" tabindex=\"-1\" role=\"text\" data-placeholder=\"Traduction\" data-ved=\"2ahUKEwjUu9TnvbyQAxV-UaQEHZYLKGIQ3ewLegQICxAV\" aria-label=\"Texte traduit\u00a0: Num\u00e9ro de mod\u00e8le\u00a0: LF-TC06\nMat\u00e9riau\u00a0: Bo\u00eetier m\u00e9tallique et verre tremp\u00e9\nDimensions\u00a0: L80 x P85 x H190 cm\nAlimentation\u00a0: 110\u00a0V\/220\u00a0V, 80-250\u00a0W\nNom\u00a0: JAVA ISLAND\nLecteur de billets et de cartes de cr\u00e9dit en option (en suppl\u00e9ment)\nJouet \u00e0 capsule en option (en suppl\u00e9ment)\"><span class=\"Y2IQFc\" lang=\"fr\"> Bo\u00eetier m\u00e9tallique et verre tremp\u00e9<\/span><\/p>\n<\/td>\n<\/tr>\n<tr>\n<td>\n<pre id=\"tw-target-text\" class=\"tw-data-text tw-text-large tw-ta\" dir=\"ltr\" tabindex=\"-1\" role=\"text\" data-placeholder=\"Traduction\" data-ved=\"2ahUKEwjUu9TnvbyQAxV-UaQEHZYLKGIQ3ewLegQICxAV\" aria-label=\"Texte traduit\u00a0: Num\u00e9ro de mod\u00e8le\u00a0: LF-TC06\r\nMat\u00e9riau\u00a0: Bo\u00eetier m\u00e9tallique et verre tremp\u00e9\r\nDimensions\u00a0: L80 x P85 x H190 cm\r\nAlimentation\u00a0: 110\u00a0V\/220\u00a0V, 80-250\u00a0W\r\nNom\u00a0: JAVA ISLAND\r\nLecteur de billets et de cartes de cr\u00e9dit en option (en suppl\u00e9ment)\r\nJouet \u00e0 capsule en option (en suppl\u00e9ment)\"><span class=\"Y2IQFc\" lang=\"fr\">Dimensions\u00a0: <\/span><\/pre>\n<\/td>\n<td>W80*<em>D85<\/em>*H190CM<\/td>\n<\/tr>\n<tr>\n<td>\n<pre id=\"tw-target-text\" class=\"tw-data-text tw-text-large tw-ta\" dir=\"ltr\" tabindex=\"-1\" role=\"text\" data-placeholder=\"Traduction\" data-ved=\"2ahUKEwjUu9TnvbyQAxV-UaQEHZYLKGIQ3ewLegQICxAV\" aria-label=\"Texte traduit\u00a0: Num\u00e9ro de mod\u00e8le\u00a0: LF-TC06\r\nMat\u00e9riau\u00a0: Bo\u00eetier m\u00e9tallique et verre tremp\u00e9\r\nDimensions\u00a0: L80 x P85 x H190 cm\r\nAlimentation\u00a0: 110\u00a0V\/220\u00a0V, 80-250\u00a0W\r\nNom\u00a0: JAVA ISLAND\r\nLecteur de billets et de cartes de cr\u00e9dit en option (en suppl\u00e9ment)\r\nJouet \u00e0 capsule en option (en suppl\u00e9ment)\"><span class=\"Y2IQFc\" lang=\"fr\">Alimentation\u00a0<\/span><\/pre>\n<\/td>\n<td>110v\/220v, 80-250w<\/td>\n<\/tr>\n<tr>\n<td>\n<pre id=\"tw-target-text\" class=\"tw-data-text tw-text-large tw-ta\" dir=\"ltr\" tabindex=\"-1\" role=\"text\" data-placeholder=\"Traduction\" data-ved=\"2ahUKEwjUu9TnvbyQAxV-UaQEHZYLKGIQ3ewLegQICxAV\" aria-label=\"Texte traduit\u00a0: Num\u00e9ro de mod\u00e8le\u00a0: LF-TC06\r\nMat\u00e9riau\u00a0: Bo\u00eetier m\u00e9tallique et verre tremp\u00e9\r\nDimensions\u00a0: L80 x P85 x H190 cm\r\nAlimentation\u00a0: 110\u00a0V\/220\u00a0V, 80-250\u00a0W\r\nNom\u00a0: JAVA ISLAND\r\nLecteur de billets et de cartes de cr\u00e9dit en option (en suppl\u00e9ment)\r\nJouet \u00e0 capsule en option (en suppl\u00e9ment)\"><span class=\"Y2IQFc\" lang=\"fr\">Nom\u00a0<\/span><\/pre>\n<\/td>\n<td>JAVA ISLAND<\/td>\n<\/tr>\n<tr>\n<td>\n<pre id=\"tw-target-text\" class=\"tw-data-text tw-text-large tw-ta\" dir=\"ltr\" tabindex=\"-1\" role=\"text\" data-placeholder=\"Traduction\" data-ved=\"2ahUKEwjUu9TnvbyQAxV-UaQEHZYLKGIQ3ewLegQICxAV\" aria-label=\"Texte traduit\u00a0: Num\u00e9ro de mod\u00e8le\u00a0: LF-TC06\r\nMat\u00e9riau\u00a0: Bo\u00eetier m\u00e9tallique et verre tremp\u00e9\r\nDimensions\u00a0: L80 x P85 x H190 cm\r\nAlimentation\u00a0: 110\u00a0V\/220\u00a0V, 80-250\u00a0W\r\nNom\u00a0: JAVA ISLAND\r\nLecteur de billets et de cartes de cr\u00e9dit en option (en suppl\u00e9ment)\r\nJouet \u00e0 capsule en option (en suppl\u00e9ment)\"><span class=\"Y2IQFc\" lang=\"fr\">Lecteur de billets et de cartes de cr\u00e9dit<\/span><\/pre>\n<\/td>\n<td>\n<p id=\"tw-target-text\" class=\"tw-data-text tw-text-large tw-ta\" dir=\"ltr\" tabindex=\"-1\" role=\"text\" data-placeholder=\"Traduction\" data-ved=\"2ahUKEwjUu9TnvbyQAxV-UaQEHZYLKGIQ3ewLegQICxAV\" aria-label=\"Texte traduit\u00a0: Num\u00e9ro de mod\u00e8le\u00a0: LF-TC06\nMat\u00e9riau\u00a0: Bo\u00eetier m\u00e9tallique et verre tremp\u00e9\nDimensions\u00a0: L80 x P85 x H190 cm\nAlimentation\u00a0: 110\u00a0V\/220\u00a0V, 80-250\u00a0W\nNom\u00a0: JAVA ISLAND\nLecteur de billets et de cartes de cr\u00e9dit en option (en suppl\u00e9ment)\nJouet \u00e0 capsule en option (en suppl\u00e9ment)\"><span class=\"Y2IQFc\" lang=\"fr\">en option (en suppl\u00e9ment)<\/span><\/p>\n<\/td>\n<\/tr>\n<tr>\n<td>\n<pre id=\"tw-target-text\" class=\"tw-data-text tw-text-large tw-ta\" dir=\"ltr\" tabindex=\"-1\" role=\"text\" data-placeholder=\"Traduction\" data-ved=\"2ahUKEwjUu9TnvbyQAxV-UaQEHZYLKGIQ3ewLegQICxAV\" aria-label=\"Texte traduit\u00a0: Num\u00e9ro de mod\u00e8le\u00a0: LF-TC06\r\nMat\u00e9riau\u00a0: Bo\u00eetier m\u00e9tallique et verre tremp\u00e9\r\nDimensions\u00a0: L80 x P85 x H190 cm\r\nAlimentation\u00a0: 110\u00a0V\/220\u00a0V, 80-250\u00a0W\r\nNom\u00a0: JAVA ISLAND\r\nLecteur de billets et de cartes de cr\u00e9dit en option (en suppl\u00e9ment)\r\nJouet \u00e0 capsule en option (en suppl\u00e9ment)\"><span class=\"Y2IQFc\" lang=\"fr\">Jouet \u00e0 capsule <\/span><\/pre>\n<\/td>\n<td>\n<p id=\"tw-target-text\" class=\"tw-data-text tw-text-large tw-ta\" dir=\"ltr\" tabindex=\"-1\" role=\"text\" data-placeholder=\"Traduction\" data-ved=\"2ahUKEwjUu9TnvbyQAxV-UaQEHZYLKGIQ3ewLegQICxAV\" aria-label=\"Texte traduit\u00a0: Num\u00e9ro de mod\u00e8le\u00a0: LF-TC06\nMat\u00e9riau\u00a0: Bo\u00eetier m\u00e9tallique et verre tremp\u00e9\nDimensions\u00a0: L80 x P85 x H190 cm\nAlimentation\u00a0: 110\u00a0V\/220\u00a0V, 80-250\u00a0W\nNom\u00a0: JAVA ISLAND\nLecteur de billets et de cartes de cr\u00e9dit en option (en suppl\u00e9ment)\nJouet \u00e0 capsule en option (en suppl\u00e9ment)\"><span class=\"Y2IQFc\" lang=\"fr\">en option (en suppl\u00e9ment)<\/span><\/p>\n<\/td>\n<\/tr>\n<\/tbody>\n<\/table>\n","protected":false},"excerpt":{"rendered":"<p>Transformez vos espaces en \u00e9cosyst\u00e8mes sociaux dynamiques gr\u00e2ce \u00e0 la Lucky Gift Claw Machine de Lifun. Con\u00e7ue pour \u00e9veiller l&rsquo;int\u00e9r\u00eat des foules gr\u00e2ce \u00e0 une chor\u00e9graphie lumineuse dynamique et un gameplay narratif, elle transforme les prises de vue occasionnelles en moments culturels \u00e0 partager. Les op\u00e9rateurs commerciaux exploitent une durabilit\u00e9 autonome pour une performance 24h\/24 et 7j\/7, tandis que les familles s&rsquo;\u00e9panouissent gr\u00e2ce \u00e0 une fusion intuitive entre jeu et s\u00e9curit\u00e9. L\u00e0 o\u00f9 chaque prise de vue suscite des souvenirs marquants, c&rsquo;est ainsi que les espaces de divertissement modernes \u00e9voluent.<\/p>\n","protected":false},"featured_media":1096,"template":"","meta":[],"product_brand":[],"product_cat":[383,432],"product_tag":[],"class_list":{"0":"post-2987","1":"product","2":"type-product","3":"status-publish","4":"has-post-thumbnail","6":"product_cat-jeux-interactifs-jeux-avec-monnayeur","7":"product_cat-machine-a-grue","9":"first","10":"instock","11":"shipping-taxable","12":"product-type-simple"},"_links":{"self":[{"href":"https:\/\/www.alfadu-amusement.com\/index.php?rest_route=\/wp\/v2\/product\/2987","targetHints":{"allow":["GET"]}}],"collection":[{"href":"https:\/\/www.alfadu-amusement.com\/index.php?rest_route=\/wp\/v2\/product"}],"about":[{"href":"https:\/\/www.alfadu-amusement.com\/index.php?rest_route=\/wp\/v2\/types\/product"}],"wp:featuredmedia":[{"embeddable":true,"href":"https:\/\/www.alfadu-amusement.com\/index.php?rest_route=\/wp\/v2\/media\/1096"}],"wp:attachment":[{"href":"https:\/\/www.alfadu-amusement.com\/index.php?rest_route=%2Fwp%2Fv2%2Fmedia&parent=2987"}],"wp:term":[{"taxonomy":"product_brand","embeddable":true,"href":"https:\/\/www.alfadu-amusement.com\/index.php?rest_route=%2Fwp%2Fv2%2Fproduct_brand&post=2987"},{"taxonomy":"product_cat","embeddable":true,"href":"https:\/\/www.alfadu-amusement.com\/index.php?rest_route=%2Fwp%2Fv2%2Fproduct_cat&post=2987"},{"taxonomy":"product_tag","embeddable":true,"href":"https:\/\/www.alfadu-amusement.com\/index.php?rest_route=%2Fwp%2Fv2%2Fproduct_tag&post=2987"}],"curies":[{"name":"wp","href":"https:\/\/api.w.org\/{rel}","templated":true}]}}