{"id":2997,"date":"2025-10-24T10:28:25","date_gmt":"2025-10-24T10:28:25","guid":{"rendered":"https:\/\/www.alfadu-amusement.com\/?post_type=product&#038;p=2997"},"modified":"2025-10-24T10:28:25","modified_gmt":"2025-10-24T10:28:25","slug":"jeu-darcade-de-course-de-moto-gp","status":"publish","type":"product","link":"https:\/\/www.alfadu-amusement.com\/?product=jeu-darcade-de-course-de-moto-gp&lang=fr","title":{"rendered":"Jeu d&rsquo;arcade de course de moto GP"},"content":{"rendered":"<table class=\"has-text-color has-link-color has-border-color has-fixed-layout\">\n<tbody>\n<tr>\n<td>\n<pre id=\"tw-target-text\" class=\"tw-data-text tw-text-large tw-ta\" dir=\"ltr\" tabindex=\"-1\" role=\"text\" data-placeholder=\"Traduction\" data-ved=\"2ahUKEwjUu9TnvbyQAxV-UaQEHZYLKGIQ3ewLegQICxAV\" aria-label=\"Texte traduit\u00a0: Num\u00e9ro de mod\u00e8le\u00a0: LF-MR05\r\n\u00c9cran\u00a0: LCD 42\u2033\r\nDimensions\u00a0: L 110 x P 190 x H 160 cm\r\nAlimentation\u00a0: 110 V\/220 V, 300 W\r\nNom\u00a0: GP Moto - Single 42\u2033\r\nJoueur 1\r\nSp\u00e9cificit\u00e9\u00a0: Connexion au PK\"><span class=\"Y2IQFc\" lang=\"fr\">Num\u00e9ro de mod\u00e8le<\/span><\/pre>\n<\/td>\n<td>LF-MR05<\/td>\n<\/tr>\n<tr>\n<td>\n<pre id=\"tw-target-text\" class=\"tw-data-text tw-text-large tw-ta\" dir=\"ltr\" tabindex=\"-1\" role=\"text\" data-placeholder=\"Traduction\" data-ved=\"2ahUKEwjUu9TnvbyQAxV-UaQEHZYLKGIQ3ewLegQICxAV\" aria-label=\"Texte traduit\u00a0: Num\u00e9ro de mod\u00e8le\u00a0: LF-MR05\r\n\u00c9cran\u00a0: LCD 42\u2033\r\nDimensions\u00a0: L 110 x P 190 x H 160 cm\r\nAlimentation\u00a0: 110 V\/220 V, 300 W\r\nNom\u00a0: GP Moto - Single 42\u2033\r\nJoueur 1\r\nSp\u00e9cificit\u00e9\u00a0: Connexion au PK\"><span class=\"Y2IQFc\" lang=\"fr\">\u00c9cran\u00a0<\/span><\/pre>\n<\/td>\n<td>42\u2033 LCD<\/td>\n<\/tr>\n<tr>\n<td>\n<pre id=\"tw-target-text\" class=\"tw-data-text tw-text-large tw-ta\" dir=\"ltr\" tabindex=\"-1\" role=\"text\" data-placeholder=\"Traduction\" data-ved=\"2ahUKEwjUu9TnvbyQAxV-UaQEHZYLKGIQ3ewLegQICxAV\" aria-label=\"Texte traduit\u00a0: Num\u00e9ro de mod\u00e8le\u00a0: LF-MR05\r\n\u00c9cran\u00a0: LCD 42\u2033\r\nDimensions\u00a0: L 110 x P 190 x H 160 cm\r\nAlimentation\u00a0: 110 V\/220 V, 300 W\r\nNom\u00a0: GP Moto - Single 42\u2033\r\nJoueur 1\r\nSp\u00e9cificit\u00e9\u00a0: Connexion au PK\"><span class=\"Y2IQFc\" lang=\"fr\">Dimensions\u00a0<\/span><\/pre>\n<\/td>\n<td>W110xD190xH160CM<\/td>\n<\/tr>\n<tr>\n<td>\n<pre id=\"tw-target-text\" class=\"tw-data-text tw-text-large tw-ta\" dir=\"ltr\" tabindex=\"-1\" role=\"text\" data-placeholder=\"Traduction\" data-ved=\"2ahUKEwjUu9TnvbyQAxV-UaQEHZYLKGIQ3ewLegQICxAV\" aria-label=\"Texte traduit\u00a0: Num\u00e9ro de mod\u00e8le\u00a0: LF-MR05\r\n\u00c9cran\u00a0: LCD 42\u2033\r\nDimensions\u00a0: L 110 x P 190 x H 160 cm\r\nAlimentation\u00a0: 110 V\/220 V, 300 W\r\nNom\u00a0: GP Moto - Single 42\u2033\r\nJoueur 1\r\nSp\u00e9cificit\u00e9\u00a0: Connexion au PK\"><span class=\"Y2IQFc\" lang=\"fr\">Alimentation\u00a0<\/span><\/pre>\n<\/td>\n<td>110V\/220V, 300W<\/td>\n<\/tr>\n<tr>\n<td>\n<pre id=\"tw-target-text\" class=\"tw-data-text tw-text-large tw-ta\" dir=\"ltr\" tabindex=\"-1\" role=\"text\" data-placeholder=\"Traduction\" data-ved=\"2ahUKEwjUu9TnvbyQAxV-UaQEHZYLKGIQ3ewLegQICxAV\" aria-label=\"Texte traduit\u00a0: Num\u00e9ro de mod\u00e8le\u00a0: LF-MR05\r\n\u00c9cran\u00a0: LCD 42\u2033\r\nDimensions\u00a0: L 110 x P 190 x H 160 cm\r\nAlimentation\u00a0: 110 V\/220 V, 300 W\r\nNom\u00a0: GP Moto - Single 42\u2033\r\nJoueur 1\r\nSp\u00e9cificit\u00e9\u00a0: Connexion au PK\"><span class=\"Y2IQFc\" lang=\"fr\">Nom<\/span><\/pre>\n<\/td>\n<td>42\u2033 GP Moto-Single<\/td>\n<\/tr>\n<tr>\n<td>\n<pre id=\"tw-target-text\" class=\"tw-data-text tw-text-large tw-ta\" dir=\"ltr\" tabindex=\"-1\" role=\"text\" data-placeholder=\"Traduction\" data-ved=\"2ahUKEwjUu9TnvbyQAxV-UaQEHZYLKGIQ3ewLegQICxAV\" aria-label=\"Texte traduit\u00a0: Num\u00e9ro de mod\u00e8le\u00a0: LF-MR05\r\n\u00c9cran\u00a0: LCD 42\u2033\r\nDimensions\u00a0: L 110 x P 190 x H 160 cm\r\nAlimentation\u00a0: 110 V\/220 V, 300 W\r\nNom\u00a0: GP Moto - Single 42\u2033\r\nJoueur 1\r\nSp\u00e9cificit\u00e9\u00a0: Connexion au PK\"><span class=\"Y2IQFc\" lang=\"fr\">Joueur <\/span><\/pre>\n<\/td>\n<td>1<\/td>\n<\/tr>\n<tr>\n<td>\n<pre id=\"tw-target-text\" class=\"tw-data-text tw-text-large tw-ta\" dir=\"ltr\" tabindex=\"-1\" role=\"text\" data-placeholder=\"Traduction\" data-ved=\"2ahUKEwjUu9TnvbyQAxV-UaQEHZYLKGIQ3ewLegQICxAV\" aria-label=\"Texte traduit\u00a0: Num\u00e9ro de mod\u00e8le\u00a0: LF-MR05\r\n\u00c9cran\u00a0: LCD 42\u2033\r\nDimensions\u00a0: L 110 x P 190 x H 160 cm\r\nAlimentation\u00a0: 110 V\/220 V, 300 W\r\nNom\u00a0: GP Moto - Single 42\u2033\r\nJoueur 1\r\nSp\u00e9cificit\u00e9\u00a0: Connexion au PK\"><span class=\"Y2IQFc\" lang=\"fr\">Sp\u00e9cificit\u00e9<\/span><\/pre>\n<\/td>\n<td>\n<div id=\"tw-container\" class=\"nev7se\" data-cp=\"1\" data-nnttsvi=\"1\" data-sletp=\"false\" data-sm=\"1\" data-ssbp=\"false\" data-sugg-time=\"500\" data-sugg-url=\"https:\/\/clients1.google.com\/complete\/search\" data-uilc=\"fr\" data-vil=\",af,af-ZA,am,am-ET,ar-EG,ar-AE,ar-KW,ar-QA,ar,ar-IL,ar-JO,ar-LB,ar-PS,az,az-AZ,bg,bg-BG,bn,bn-BD,bn-IN,ca,ca-es,cs,cs-CZ,de,de-DE,de-CH,de-AT,de-LI,en,en-US,en-CA,en-AU,en-NZ,en-GB,en-IN,en-KE,en-TZ,en-NG,en-GH,en-PH,en-ZA,es,es-ES,es-AR,es-UY,es-419,es-BO,es-CL,es-CR,es-CO,es-DO,es-EC,es-GT,es-HN,es-NI,es-PA,es-PE,es-PR,es-PY,es-SV,es-VE,es-MX,es-US,eu,eu-ES,fi,fi-FI,fr,fr-FR,fr-CH,fr-BE,gl,gl-ES,gu,gu-IN,he,he-IL,iw,iw-IL,hu,hu-HU,hy,hy-AM,id,id-ID,is,is-IS,it,it-IT,it-CH,ja,ja-JP,jv,jv-ID,ka,ka-GE,km,km-KH,kn,kn-IN,ko,ko-KR,la,lo,lo-LA,lv,lv-LV,ml,ml-IN,mr,mr-IN,ms,ms-MY,nl,nl-NL,nb,nb-NO,ne,ne-NP,pl,pl-PL,pt,pt-BR,pt-PT,ro,ro-RO,ru,ru-RU,si-LK,sk,sk-SK,sr,sr-RS,su,su-ID,sv,sv-SE,sw,sw-TZ,sw-KE,ta,ta-IN,ta-SG,ta-LK,ta-MY,te,te-IN,tr,tr-TR,ur,ur-PK,ur-IN,yue,yue-HK,yue-Hant-HK,zh-HK,zh,zh-CN,zh-cmn,zh-cmn-CN,zh-Hans,zh-Hans-CN,zh-cmn-Hans,zh-cmn-Hans-CN,cmn-CN,cmn-Hans,cmn-Hans-CN,zh-TW,zh-Hant-TW,cmn-TW,cmn-Hant-TW,zh-cmn-TW,zh-cmn-Hant-TW,zu,zu-ZA,hi,hi-IN,tl,tl-PH,pa,pa-IN\">\n<div>\n<div>\n<div id=\"tw-ob\" class=\"tw-src-ltr\">\n<div class=\"oSioSc\">\n<div id=\"tw-target\">\n<div id=\"kAz1tf\" class=\"g9WsWb PZPZlf\" data-attrid=\"tw-targetArea\" data-entityname=\"Google Translate\">\n<div id=\"tw-target-text-container\" class=\"tw-ta-container tw-nfl\" tabindex=\"0\" role=\"text\">\n<p id=\"tw-target-text\" class=\"tw-data-text tw-text-large tw-ta\" dir=\"ltr\" tabindex=\"-1\" role=\"text\" data-placeholder=\"Traduction\" data-ved=\"2ahUKEwjUu9TnvbyQAxV-UaQEHZYLKGIQ3ewLegQICxAV\" aria-label=\"Texte traduit\u00a0: Num\u00e9ro de mod\u00e8le\u00a0: LF-MR05\n\u00c9cran\u00a0: LCD 42\u2033\nDimensions\u00a0: L 110 x P 190 x H 160 cm\nAlimentation\u00a0: 110 V\/220 V, 300 W\nNom\u00a0: GP Moto - Single 42\u2033\nJoueur 1\nSp\u00e9cificit\u00e9\u00a0: Connexion au PK\"><span class=\"Y2IQFc\" lang=\"fr\">Connexion au PK<\/span><\/p>\n<\/div>\n<\/div>\n<\/div>\n<\/div>\n<\/div>\n<\/div>\n<\/div>\n<\/div>\n<\/td>\n<\/tr>\n<\/tbody>\n<\/table>\n","protected":false},"excerpt":{"rendered":"<p>Pr\u00e9parez-vous \u00e0 une mont\u00e9e d&rsquo;adr\u00e9naline avec le jeu d&rsquo;arcade GP Moto Racing ! Avec ses commandes r\u00e9alistes, ses graphismes \u00e9clatants et ses courses intenses, ce jeu offre une exp\u00e9rience palpitante pour tous les \u00e2ges. Parfait pour les salles d&rsquo;arcade et les salles de jeux, courez seul ou entre amis pour devenir le champion ultime !<\/p>\n<p>https:\/\/youtu.be\/Wb0pJIWdRvc?si=LKTOBBTjaqRw5nbq<\/p>\n<p>&nbsp;<\/p>\n","protected":false},"featured_media":893,"template":"","meta":[],"product_brand":[],"product_cat":[436,383],"product_tag":[],"class_list":{"0":"post-2997","1":"product","2":"type-product","3":"status-publish","4":"has-post-thumbnail","6":"product_cat-jeu-video","7":"product_cat-jeux-interactifs-jeux-avec-monnayeur","9":"first","10":"instock","11":"shipping-taxable","12":"product-type-simple"},"_links":{"self":[{"href":"https:\/\/www.alfadu-amusement.com\/index.php?rest_route=\/wp\/v2\/product\/2997","targetHints":{"allow":["GET"]}}],"collection":[{"href":"https:\/\/www.alfadu-amusement.com\/index.php?rest_route=\/wp\/v2\/product"}],"about":[{"href":"https:\/\/www.alfadu-amusement.com\/index.php?rest_route=\/wp\/v2\/types\/product"}],"wp:featuredmedia":[{"embeddable":true,"href":"https:\/\/www.alfadu-amusement.com\/index.php?rest_route=\/wp\/v2\/media\/893"}],"wp:attachment":[{"href":"https:\/\/www.alfadu-amusement.com\/index.php?rest_route=%2Fwp%2Fv2%2Fmedia&parent=2997"}],"wp:term":[{"taxonomy":"product_brand","embeddable":true,"href":"https:\/\/www.alfadu-amusement.com\/index.php?rest_route=%2Fwp%2Fv2%2Fproduct_brand&post=2997"},{"taxonomy":"product_cat","embeddable":true,"href":"https:\/\/www.alfadu-amusement.com\/index.php?rest_route=%2Fwp%2Fv2%2Fproduct_cat&post=2997"},{"taxonomy":"product_tag","embeddable":true,"href":"https:\/\/www.alfadu-amusement.com\/index.php?rest_route=%2Fwp%2Fv2%2Fproduct_tag&post=2997"}],"curies":[{"name":"wp","href":"https:\/\/api.w.org\/{rel}","templated":true}]}}