{"id":3014,"date":"2025-10-24T14:59:30","date_gmt":"2025-10-24T14:59:30","guid":{"rendered":"https:\/\/www.alfadu-amusement.com\/?post_type=product&#038;p=3014"},"modified":"2025-10-24T14:59:30","modified_gmt":"2025-10-24T14:59:30","slug":"excavatrice-wzd-9","status":"publish","type":"product","link":"https:\/\/www.alfadu-amusement.com\/?product=excavatrice-wzd-9&lang=fr","title":{"rendered":"Excavatrice WZD-9"},"content":{"rendered":"<p>&nbsp;<\/p>\n<table border=\"0\" width=\"100%\" cellspacing=\"0\">\n<tbody>\n<tr>\n<td valign=\"center\" nowrap=\"nowrap\" width=\"211\">Mode de contr\u00f4le\u00a0:<\/td>\n<td valign=\"center\" nowrap=\"nowrap\" width=\"266\">type de t\u00e9l\u00e9commande<\/td>\n<\/tr>\n<tr>\n<td valign=\"center\" nowrap=\"nowrap\">\n<pre id=\"tw-target-text\" class=\"tw-data-text tw-text-large tw-ta\" dir=\"ltr\" tabindex=\"-1\" role=\"text\" data-placeholder=\"Traduction\" data-ved=\"2ahUKEwjX5qu2i72QAxXVVqQEHRd5Ik8Q3ewLegQIDBAV\" aria-label=\"Texte traduit\u00a0: \u00c2ge d'utilisation\u00a0:\r\n\r\nEnfants et adultes\r\n\r\nTaille\u00a0:\r\n\r\nLongueur\u00a0: 3,5\u00a0m Hauteur\u00a0: 2,1\u00a0m Largeur\u00a0: 1,05\u00a0m\r\n\r\nTension nominale\u00a0:\r\n\r\n100\/110\/220\/230\u00a0V\r\n\r\nFr\u00e9quence nominale\u00a0:\r\n\r\n50\/60\u00a0Hz\r\n\r\nPuissance totale nominale\u00a0:\r\n\r\n1,5\u00a0kW\r\n\r\nProfondeur de fouille maximale\u00a0:\r\n\r\n0,6\u00a0m\r\n\r\nHauteur de levage maximale\u00a0:\r\n\r\n1,9\u00a0m\r\n\r\nVitesse de rotation maximale\u00a0:\r\n\r\n3\u00a0tr\/min\r\n\r\nPression de consigne de la pompe hydraulique\u00a0:\r\n\r\n4,5\u00a0gf\/cm\u00b2\r\n\r\nAutonomie en continu\u00a0:\r\n\r\n8\u00a0h\r\n\r\nRayon de travail maximal\u00a0:\r\n\r\n3\u00a0m\r\n\r\nVitesse de travail maximale\u00a0:\r\n\r\n0,3\u00a0m\/s\r\n\r\nPoids total\u00a0:\r\n\r\n350\u00a0kg\r\n\r\nSurface couverte\u00a0:\r\n\r\n26\u00a0m\u00b2 en rotation \u00e0 360\u00a0degr\u00e9s, 15\u00a0m\u00b2 en rotation \u00e0 180\u00a0degr\u00e9s degr\u00e9s, 9,5 m\u00b2 en rotation de 90 degr\u00e9s\"><span class=\"Y2IQFc\" lang=\"fr\">\u00c2ge d'utilisation\u00a0<\/span><\/pre>\n<\/td>\n<td valign=\"center\" nowrap=\"nowrap\">\n<p id=\"tw-target-text\" class=\"tw-data-text tw-text-large tw-ta\" dir=\"ltr\" tabindex=\"-1\" role=\"text\" data-placeholder=\"Traduction\" data-ved=\"2ahUKEwjX5qu2i72QAxXVVqQEHRd5Ik8Q3ewLegQIDBAV\" aria-label=\"Texte traduit\u00a0: \u00c2ge d'utilisation\u00a0:\n\nEnfants et adultes\n\nTaille\u00a0:\n\nLongueur\u00a0: 3,5\u00a0m Hauteur\u00a0: 2,1\u00a0m Largeur\u00a0: 1,05\u00a0m\n\nTension nominale\u00a0:\n\n100\/110\/220\/230\u00a0V\n\nFr\u00e9quence nominale\u00a0:\n\n50\/60\u00a0Hz\n\nPuissance totale nominale\u00a0:\n\n1,5\u00a0kW\n\nProfondeur de fouille maximale\u00a0:\n\n0,6\u00a0m\n\nHauteur de levage maximale\u00a0:\n\n1,9\u00a0m\n\nVitesse de rotation maximale\u00a0:\n\n3\u00a0tr\/min\n\nPression de consigne de la pompe hydraulique\u00a0:\n\n4,5\u00a0gf\/cm\u00b2\n\nAutonomie en continu\u00a0:\n\n8\u00a0h\n\nRayon de travail maximal\u00a0:\n\n3\u00a0m\n\nVitesse de travail maximale\u00a0:\n\n0,3\u00a0m\/s\n\nPoids total\u00a0:\n\n350\u00a0kg\n\nSurface couverte\u00a0:\n\n26\u00a0m\u00b2 en rotation \u00e0 360\u00a0degr\u00e9s, 15\u00a0m\u00b2 en rotation \u00e0 180\u00a0degr\u00e9s degr\u00e9s, 9,5 m\u00b2 en rotation de 90 degr\u00e9s\"><span class=\"Y2IQFc\" lang=\"fr\">Enfants et adultes <\/span><\/p>\n<\/td>\n<\/tr>\n<tr>\n<td valign=\"center\" nowrap=\"nowrap\">\n<pre id=\"tw-target-text\" class=\"tw-data-text tw-text-large tw-ta\" dir=\"ltr\" tabindex=\"-1\" role=\"text\" data-placeholder=\"Traduction\" data-ved=\"2ahUKEwjX5qu2i72QAxXVVqQEHRd5Ik8Q3ewLegQIDBAV\" aria-label=\"Texte traduit\u00a0: \u00c2ge d'utilisation\u00a0:\r\n\r\nEnfants et adultes\r\n\r\nTaille\u00a0:\r\n\r\nLongueur\u00a0: 3,5\u00a0m Hauteur\u00a0: 2,1\u00a0m Largeur\u00a0: 1,05\u00a0m\r\n\r\nTension nominale\u00a0:\r\n\r\n100\/110\/220\/230\u00a0V\r\n\r\nFr\u00e9quence nominale\u00a0:\r\n\r\n50\/60\u00a0Hz\r\n\r\nPuissance totale nominale\u00a0:\r\n\r\n1,5\u00a0kW\r\n\r\nProfondeur de fouille maximale\u00a0:\r\n\r\n0,6\u00a0m\r\n\r\nHauteur de levage maximale\u00a0:\r\n\r\n1,9\u00a0m\r\n\r\nVitesse de rotation maximale\u00a0:\r\n\r\n3\u00a0tr\/min\r\n\r\nPression de consigne de la pompe hydraulique\u00a0:\r\n\r\n4,5\u00a0gf\/cm\u00b2\r\n\r\nAutonomie en continu\u00a0:\r\n\r\n8\u00a0h\r\n\r\nRayon de travail maximal\u00a0:\r\n\r\n3\u00a0m\r\n\r\nVitesse de travail maximale\u00a0:\r\n\r\n0,3\u00a0m\/s\r\n\r\nPoids total\u00a0:\r\n\r\n350\u00a0kg\r\n\r\nSurface couverte\u00a0:\r\n\r\n26\u00a0m\u00b2 en rotation \u00e0 360\u00a0degr\u00e9s, 15\u00a0m\u00b2 en rotation \u00e0 180\u00a0degr\u00e9s degr\u00e9s, 9,5 m\u00b2 en rotation de 90 degr\u00e9s\"><span class=\"Y2IQFc\" lang=\"fr\">Taille<\/span><\/pre>\n<\/td>\n<td valign=\"center\" nowrap=\"nowrap\">Long:3.5m High:2.1m Wide:1.05m<\/td>\n<\/tr>\n<tr>\n<td valign=\"center\" nowrap=\"nowrap\">\n<pre id=\"tw-target-text\" class=\"tw-data-text tw-text-large tw-ta\" dir=\"ltr\" tabindex=\"-1\" role=\"text\" data-placeholder=\"Traduction\" data-ved=\"2ahUKEwjX5qu2i72QAxXVVqQEHRd5Ik8Q3ewLegQIDBAV\" aria-label=\"Texte traduit\u00a0: \u00c2ge d'utilisation\u00a0:\r\n\r\nEnfants et adultes\r\n\r\nTaille\u00a0:\r\n\r\nLongueur\u00a0: 3,5\u00a0m Hauteur\u00a0: 2,1\u00a0m Largeur\u00a0: 1,05\u00a0m\r\n\r\nTension nominale\u00a0:\r\n\r\n100\/110\/220\/230\u00a0V\r\n\r\nFr\u00e9quence nominale\u00a0:\r\n\r\n50\/60\u00a0Hz\r\n\r\nPuissance totale nominale\u00a0:\r\n\r\n1,5\u00a0kW\r\n\r\nProfondeur de fouille maximale\u00a0:\r\n\r\n0,6\u00a0m\r\n\r\nHauteur de levage maximale\u00a0:\r\n\r\n1,9\u00a0m\r\n\r\nVitesse de rotation maximale\u00a0:\r\n\r\n3\u00a0tr\/min\r\n\r\nPression de consigne de la pompe hydraulique\u00a0:\r\n\r\n4,5\u00a0gf\/cm\u00b2\r\n\r\nAutonomie en continu\u00a0:\r\n\r\n8\u00a0h\r\n\r\nRayon de travail maximal\u00a0:\r\n\r\n3\u00a0m\r\n\r\nVitesse de travail maximale\u00a0:\r\n\r\n0,3\u00a0m\/s\r\n\r\nPoids total\u00a0:\r\n\r\n350\u00a0kg\r\n\r\nSurface couverte\u00a0:\r\n\r\n26\u00a0m\u00b2 en rotation \u00e0 360\u00a0degr\u00e9s, 15\u00a0m\u00b2 en rotation \u00e0 180\u00a0degr\u00e9s degr\u00e9s, 9,5 m\u00b2 en rotation de 90 degr\u00e9s\"><span class=\"Y2IQFc\" lang=\"fr\">Tension nominale\u00a0:\r\n<\/span><\/pre>\n<\/td>\n<td valign=\"center\" nowrap=\"nowrap\">100\/110\/220\/230v<\/td>\n<\/tr>\n<tr>\n<td valign=\"center\" nowrap=\"nowrap\">\n<pre id=\"tw-target-text\" class=\"tw-data-text tw-text-large tw-ta\" dir=\"ltr\" tabindex=\"-1\" role=\"text\" data-placeholder=\"Traduction\" data-ved=\"2ahUKEwjX5qu2i72QAxXVVqQEHRd5Ik8Q3ewLegQIDBAV\" aria-label=\"Texte traduit\u00a0: \u00c2ge d'utilisation\u00a0:\r\n\r\nEnfants et adultes\r\n\r\nTaille\u00a0:\r\n\r\nLongueur\u00a0: 3,5\u00a0m Hauteur\u00a0: 2,1\u00a0m Largeur\u00a0: 1,05\u00a0m\r\n\r\nTension nominale\u00a0:\r\n\r\n100\/110\/220\/230\u00a0V\r\n\r\nFr\u00e9quence nominale\u00a0:\r\n\r\n50\/60\u00a0Hz\r\n\r\nPuissance totale nominale\u00a0:\r\n\r\n1,5\u00a0kW\r\n\r\nProfondeur de fouille maximale\u00a0:\r\n\r\n0,6\u00a0m\r\n\r\nHauteur de levage maximale\u00a0:\r\n\r\n1,9\u00a0m\r\n\r\nVitesse de rotation maximale\u00a0:\r\n\r\n3\u00a0tr\/min\r\n\r\nPression de consigne de la pompe hydraulique\u00a0:\r\n\r\n4,5\u00a0gf\/cm\u00b2\r\n\r\nAutonomie en continu\u00a0:\r\n\r\n8\u00a0h\r\n\r\nRayon de travail maximal\u00a0:\r\n\r\n3\u00a0m\r\n\r\nVitesse de travail maximale\u00a0:\r\n\r\n0,3\u00a0m\/s\r\n\r\nPoids total\u00a0:\r\n\r\n350\u00a0kg\r\n\r\nSurface couverte\u00a0:\r\n\r\n26\u00a0m\u00b2 en rotation \u00e0 360\u00a0degr\u00e9s, 15\u00a0m\u00b2 en rotation \u00e0 180\u00a0degr\u00e9s degr\u00e9s, 9,5 m\u00b2 en rotation de 90 degr\u00e9s\"><span class=\"Y2IQFc\" lang=\"fr\">Fr\u00e9quence nominale\u00a0:\r\n<\/span><\/pre>\n<\/td>\n<td valign=\"center\" nowrap=\"nowrap\">50\/60hz<\/td>\n<\/tr>\n<tr>\n<td valign=\"center\" nowrap=\"nowrap\">\n<pre id=\"tw-target-text\" class=\"tw-data-text tw-text-large tw-ta\" dir=\"ltr\" tabindex=\"-1\" role=\"text\" data-placeholder=\"Traduction\" data-ved=\"2ahUKEwjX5qu2i72QAxXVVqQEHRd5Ik8Q3ewLegQIDBAV\" aria-label=\"Texte traduit\u00a0: \u00c2ge d'utilisation\u00a0:\r\n\r\nEnfants et adultes\r\n\r\nTaille\u00a0:\r\n\r\nLongueur\u00a0: 3,5\u00a0m Hauteur\u00a0: 2,1\u00a0m Largeur\u00a0: 1,05\u00a0m\r\n\r\nTension nominale\u00a0:\r\n\r\n100\/110\/220\/230\u00a0V\r\n\r\nFr\u00e9quence nominale\u00a0:\r\n\r\n50\/60\u00a0Hz\r\n\r\nPuissance totale nominale\u00a0:\r\n\r\n1,5\u00a0kW\r\n\r\nProfondeur de fouille maximale\u00a0:\r\n\r\n0,6\u00a0m\r\n\r\nHauteur de levage maximale\u00a0:\r\n\r\n1,9\u00a0m\r\n\r\nVitesse de rotation maximale\u00a0:\r\n\r\n3\u00a0tr\/min\r\n\r\nPression de consigne de la pompe hydraulique\u00a0:\r\n\r\n4,5\u00a0gf\/cm\u00b2\r\n\r\nAutonomie en continu\u00a0:\r\n\r\n8\u00a0h\r\n\r\nRayon de travail maximal\u00a0:\r\n\r\n3\u00a0m\r\n\r\nVitesse de travail maximale\u00a0:\r\n\r\n0,3\u00a0m\/s\r\n\r\nPoids total\u00a0:\r\n\r\n350\u00a0kg\r\n\r\nSurface couverte\u00a0:\r\n\r\n26\u00a0m\u00b2 en rotation \u00e0 360\u00a0degr\u00e9s, 15\u00a0m\u00b2 en rotation \u00e0 180\u00a0degr\u00e9s degr\u00e9s, 9,5 m\u00b2 en rotation de 90 degr\u00e9s\"><span class=\"Y2IQFc\" lang=\"fr\">Puissance totale nominale\u00a0:\r\n<\/span><\/pre>\n<\/td>\n<td valign=\"center\" nowrap=\"nowrap\">1.5kw<\/td>\n<\/tr>\n<tr>\n<td valign=\"center\" nowrap=\"nowrap\">\n<pre id=\"tw-target-text\" class=\"tw-data-text tw-text-large tw-ta\" dir=\"ltr\" tabindex=\"-1\" role=\"text\" data-placeholder=\"Traduction\" data-ved=\"2ahUKEwjX5qu2i72QAxXVVqQEHRd5Ik8Q3ewLegQIDBAV\" aria-label=\"Texte traduit\u00a0: \u00c2ge d'utilisation\u00a0:\r\n\r\nEnfants et adultes\r\n\r\nTaille\u00a0:\r\n\r\nLongueur\u00a0: 3,5\u00a0m Hauteur\u00a0: 2,1\u00a0m Largeur\u00a0: 1,05\u00a0m\r\n\r\nTension nominale\u00a0:\r\n\r\n100\/110\/220\/230\u00a0V\r\n\r\nFr\u00e9quence nominale\u00a0:\r\n\r\n50\/60\u00a0Hz\r\n\r\nPuissance totale nominale\u00a0:\r\n\r\n1,5\u00a0kW\r\n\r\nProfondeur de fouille maximale\u00a0:\r\n\r\n0,6\u00a0m\r\n\r\nHauteur de levage maximale\u00a0:\r\n\r\n1,9\u00a0m\r\n\r\nVitesse de rotation maximale\u00a0:\r\n\r\n3\u00a0tr\/min\r\n\r\nPression de consigne de la pompe hydraulique\u00a0:\r\n\r\n4,5\u00a0gf\/cm\u00b2\r\n\r\nAutonomie en continu\u00a0:\r\n\r\n8\u00a0h\r\n\r\nRayon de travail maximal\u00a0:\r\n\r\n3\u00a0m\r\n\r\nVitesse de travail maximale\u00a0:\r\n\r\n0,3\u00a0m\/s\r\n\r\nPoids total\u00a0:\r\n\r\n350\u00a0kg\r\n\r\nSurface couverte\u00a0:\r\n\r\n26\u00a0m\u00b2 en rotation \u00e0 360\u00a0degr\u00e9s, 15\u00a0m\u00b2 en rotation \u00e0 180\u00a0degr\u00e9s degr\u00e9s, 9,5 m\u00b2 en rotation de 90 degr\u00e9s\"><span class=\"Y2IQFc\" lang=\"fr\">Profondeur de fouille maximale\u00a0:\r\n<\/span><\/pre>\n<\/td>\n<td valign=\"center\" nowrap=\"nowrap\">0.6m<\/td>\n<\/tr>\n<tr>\n<td valign=\"center\" nowrap=\"nowrap\">\n<pre id=\"tw-target-text\" class=\"tw-data-text tw-text-large tw-ta\" dir=\"ltr\" tabindex=\"-1\" role=\"text\" data-placeholder=\"Traduction\" data-ved=\"2ahUKEwjX5qu2i72QAxXVVqQEHRd5Ik8Q3ewLegQIDBAV\" aria-label=\"Texte traduit\u00a0: \u00c2ge d'utilisation\u00a0:\r\n\r\nEnfants et adultes\r\n\r\nTaille\u00a0:\r\n\r\nLongueur\u00a0: 3,5\u00a0m Hauteur\u00a0: 2,1\u00a0m Largeur\u00a0: 1,05\u00a0m\r\n\r\nTension nominale\u00a0:\r\n\r\n100\/110\/220\/230\u00a0V\r\n\r\nFr\u00e9quence nominale\u00a0:\r\n\r\n50\/60\u00a0Hz\r\n\r\nPuissance totale nominale\u00a0:\r\n\r\n1,5\u00a0kW\r\n\r\nProfondeur de fouille maximale\u00a0:\r\n\r\n0,6\u00a0m\r\n\r\nHauteur de levage maximale\u00a0:\r\n\r\n1,9\u00a0m\r\n\r\nVitesse de rotation maximale\u00a0:\r\n\r\n3\u00a0tr\/min\r\n\r\nPression de consigne de la pompe hydraulique\u00a0:\r\n\r\n4,5\u00a0gf\/cm\u00b2\r\n\r\nAutonomie en continu\u00a0:\r\n\r\n8\u00a0h\r\n\r\nRayon de travail maximal\u00a0:\r\n\r\n3\u00a0m\r\n\r\nVitesse de travail maximale\u00a0:\r\n\r\n0,3\u00a0m\/s\r\n\r\nPoids total\u00a0:\r\n\r\n350\u00a0kg\r\n\r\nSurface couverte\u00a0:\r\n\r\n26\u00a0m\u00b2 en rotation \u00e0 360\u00a0degr\u00e9s, 15\u00a0m\u00b2 en rotation \u00e0 180\u00a0degr\u00e9s degr\u00e9s, 9,5 m\u00b2 en rotation de 90 degr\u00e9s\"><span class=\"Y2IQFc\" lang=\"fr\">Hauteur de levage maximale\u00a0:\r\n<\/span><\/pre>\n<\/td>\n<td valign=\"center\" nowrap=\"nowrap\">1.9m<\/td>\n<\/tr>\n<tr>\n<td valign=\"center\" nowrap=\"nowrap\">\n<pre id=\"tw-target-text\" class=\"tw-data-text tw-text-large tw-ta\" dir=\"ltr\" tabindex=\"-1\" role=\"text\" data-placeholder=\"Traduction\" data-ved=\"2ahUKEwjX5qu2i72QAxXVVqQEHRd5Ik8Q3ewLegQIDBAV\" aria-label=\"Texte traduit\u00a0: \u00c2ge d'utilisation\u00a0:\r\n\r\nEnfants et adultes\r\n\r\nTaille\u00a0:\r\n\r\nLongueur\u00a0: 3,5\u00a0m Hauteur\u00a0: 2,1\u00a0m Largeur\u00a0: 1,05\u00a0m\r\n\r\nTension nominale\u00a0:\r\n\r\n100\/110\/220\/230\u00a0V\r\n\r\nFr\u00e9quence nominale\u00a0:\r\n\r\n50\/60\u00a0Hz\r\n\r\nPuissance totale nominale\u00a0:\r\n\r\n1,5\u00a0kW\r\n\r\nProfondeur de fouille maximale\u00a0:\r\n\r\n0,6\u00a0m\r\n\r\nHauteur de levage maximale\u00a0:\r\n\r\n1,9\u00a0m\r\n\r\nVitesse de rotation maximale\u00a0:\r\n\r\n3\u00a0tr\/min\r\n\r\nPression de consigne de la pompe hydraulique\u00a0:\r\n\r\n4,5\u00a0gf\/cm\u00b2\r\n\r\nAutonomie en continu\u00a0:\r\n\r\n8\u00a0h\r\n\r\nRayon de travail maximal\u00a0:\r\n\r\n3\u00a0m\r\n\r\nVitesse de travail maximale\u00a0:\r\n\r\n0,3\u00a0m\/s\r\n\r\nPoids total\u00a0:\r\n\r\n350\u00a0kg\r\n\r\nSurface couverte\u00a0:\r\n\r\n26\u00a0m\u00b2 en rotation \u00e0 360\u00a0degr\u00e9s, 15\u00a0m\u00b2 en rotation \u00e0 180\u00a0degr\u00e9s degr\u00e9s, 9,5 m\u00b2 en rotation de 90 degr\u00e9s\"><span class=\"Y2IQFc\" lang=\"fr\">Vitesse de rotation maximale\u00a0:\r\n<\/span><\/pre>\n<\/td>\n<td valign=\"center\" nowrap=\"nowrap\">3r\/m<\/td>\n<\/tr>\n<tr>\n<td valign=\"center\" nowrap=\"nowrap\">\n<pre id=\"tw-target-text\" class=\"tw-data-text tw-text-large tw-ta\" dir=\"ltr\" tabindex=\"-1\" role=\"text\" data-placeholder=\"Traduction\" data-ved=\"2ahUKEwjX5qu2i72QAxXVVqQEHRd5Ik8Q3ewLegQIDBAV\" aria-label=\"Texte traduit\u00a0: \u00c2ge d'utilisation\u00a0:\r\n\r\nEnfants et adultes\r\n\r\nTaille\u00a0:\r\n\r\nLongueur\u00a0: 3,5\u00a0m Hauteur\u00a0: 2,1\u00a0m Largeur\u00a0: 1,05\u00a0m\r\n\r\nTension nominale\u00a0:\r\n\r\n100\/110\/220\/230\u00a0V\r\n\r\nFr\u00e9quence nominale\u00a0:\r\n\r\n50\/60\u00a0Hz\r\n\r\nPuissance totale nominale\u00a0:\r\n\r\n1,5\u00a0kW\r\n\r\nProfondeur de fouille maximale\u00a0:\r\n\r\n0,6\u00a0m\r\n\r\nHauteur de levage maximale\u00a0:\r\n\r\n1,9\u00a0m\r\n\r\nVitesse de rotation maximale\u00a0:\r\n\r\n3\u00a0tr\/min\r\n\r\nPression de consigne de la pompe hydraulique\u00a0:\r\n\r\n4,5\u00a0gf\/cm\u00b2\r\n\r\nAutonomie en continu\u00a0:\r\n\r\n8\u00a0h\r\n\r\nRayon de travail maximal\u00a0:\r\n\r\n3\u00a0m\r\n\r\nVitesse de travail maximale\u00a0:\r\n\r\n0,3\u00a0m\/s\r\n\r\nPoids total\u00a0:\r\n\r\n350\u00a0kg\r\n\r\nSurface couverte\u00a0:\r\n\r\n26\u00a0m\u00b2 en rotation \u00e0 360\u00a0degr\u00e9s, 15\u00a0m\u00b2 en rotation \u00e0 180\u00a0degr\u00e9s degr\u00e9s, 9,5 m\u00b2 en rotation de 90 degr\u00e9s\"><span class=\"Y2IQFc\" lang=\"fr\">Pression de consigne de la pompe hydraulique\u00a0:\r\n<\/span><\/pre>\n<\/td>\n<td valign=\"center\" nowrap=\"nowrap\">4.5gf\/cm2<\/td>\n<\/tr>\n<tr>\n<td valign=\"center\" nowrap=\"nowrap\">\n<pre id=\"tw-target-text\" class=\"tw-data-text tw-text-large tw-ta\" dir=\"ltr\" tabindex=\"-1\" role=\"text\" data-placeholder=\"Traduction\" data-ved=\"2ahUKEwjX5qu2i72QAxXVVqQEHRd5Ik8Q3ewLegQIDBAV\" aria-label=\"Texte traduit\u00a0: \u00c2ge d'utilisation\u00a0:\r\n\r\nEnfants et adultes\r\n\r\nTaille\u00a0:\r\n\r\nLongueur\u00a0: 3,5\u00a0m Hauteur\u00a0: 2,1\u00a0m Largeur\u00a0: 1,05\u00a0m\r\n\r\nTension nominale\u00a0:\r\n\r\n100\/110\/220\/230\u00a0V\r\n\r\nFr\u00e9quence nominale\u00a0:\r\n\r\n50\/60\u00a0Hz\r\n\r\nPuissance totale nominale\u00a0:\r\n\r\n1,5\u00a0kW\r\n\r\nProfondeur de fouille maximale\u00a0:\r\n\r\n0,6\u00a0m\r\n\r\nHauteur de levage maximale\u00a0:\r\n\r\n1,9\u00a0m\r\n\r\nVitesse de rotation maximale\u00a0:\r\n\r\n3\u00a0tr\/min\r\n\r\nPression de consigne de la pompe hydraulique\u00a0:\r\n\r\n4,5\u00a0gf\/cm\u00b2\r\n\r\nAutonomie en continu\u00a0:\r\n\r\n8\u00a0h\r\n\r\nRayon de travail maximal\u00a0:\r\n\r\n3\u00a0m\r\n\r\nVitesse de travail maximale\u00a0:\r\n\r\n0,3\u00a0m\/s\r\n\r\nPoids total\u00a0:\r\n\r\n350\u00a0kg\r\n\r\nSurface couverte\u00a0:\r\n\r\n26\u00a0m\u00b2 en rotation \u00e0 360\u00a0degr\u00e9s, 15\u00a0m\u00b2 en rotation \u00e0 180\u00a0degr\u00e9s degr\u00e9s, 9,5 m\u00b2 en rotation de 90 degr\u00e9s\"><span class=\"Y2IQFc\" lang=\"fr\">Autonomie en continu\u00a0:\r\n<\/span><\/pre>\n<\/td>\n<td valign=\"center\" nowrap=\"nowrap\">8h<\/td>\n<\/tr>\n<tr>\n<td valign=\"center\" nowrap=\"nowrap\">\n<pre id=\"tw-target-text\" class=\"tw-data-text tw-text-large tw-ta\" dir=\"ltr\" tabindex=\"-1\" role=\"text\" data-placeholder=\"Traduction\" data-ved=\"2ahUKEwjX5qu2i72QAxXVVqQEHRd5Ik8Q3ewLegQIDBAV\" aria-label=\"Texte traduit\u00a0: \u00c2ge d'utilisation\u00a0:\r\n\r\nEnfants et adultes\r\n\r\nTaille\u00a0:\r\n\r\nLongueur\u00a0: 3,5\u00a0m Hauteur\u00a0: 2,1\u00a0m Largeur\u00a0: 1,05\u00a0m\r\n\r\nTension nominale\u00a0:\r\n\r\n100\/110\/220\/230\u00a0V\r\n\r\nFr\u00e9quence nominale\u00a0:\r\n\r\n50\/60\u00a0Hz\r\n\r\nPuissance totale nominale\u00a0:\r\n\r\n1,5\u00a0kW\r\n\r\nProfondeur de fouille maximale\u00a0:\r\n\r\n0,6\u00a0m\r\n\r\nHauteur de levage maximale\u00a0:\r\n\r\n1,9\u00a0m\r\n\r\nVitesse de rotation maximale\u00a0:\r\n\r\n3\u00a0tr\/min\r\n\r\nPression de consigne de la pompe hydraulique\u00a0:\r\n\r\n4,5\u00a0gf\/cm\u00b2\r\n\r\nAutonomie en continu\u00a0:\r\n\r\n8\u00a0h\r\n\r\nRayon de travail maximal\u00a0:\r\n\r\n3\u00a0m\r\n\r\nVitesse de travail maximale\u00a0:\r\n\r\n0,3\u00a0m\/s\r\n\r\nPoids total\u00a0:\r\n\r\n350\u00a0kg\r\n\r\nSurface couverte\u00a0:\r\n\r\n26\u00a0m\u00b2 en rotation \u00e0 360\u00a0degr\u00e9s, 15\u00a0m\u00b2 en rotation \u00e0 180\u00a0degr\u00e9s degr\u00e9s, 9,5 m\u00b2 en rotation de 90 degr\u00e9s\"><span class=\"Y2IQFc\" lang=\"fr\">Rayon de travail maximal\u00a0:\r\n<\/span><\/pre>\n<\/td>\n<td valign=\"center\" nowrap=\"nowrap\">3m<\/td>\n<\/tr>\n<tr>\n<td valign=\"center\" nowrap=\"nowrap\">\n<pre id=\"tw-target-text\" class=\"tw-data-text tw-text-large tw-ta\" dir=\"ltr\" tabindex=\"-1\" role=\"text\" data-placeholder=\"Traduction\" data-ved=\"2ahUKEwjX5qu2i72QAxXVVqQEHRd5Ik8Q3ewLegQIDBAV\" aria-label=\"Texte traduit\u00a0: \u00c2ge d'utilisation\u00a0:\r\n\r\nEnfants et adultes\r\n\r\nTaille\u00a0:\r\n\r\nLongueur\u00a0: 3,5\u00a0m Hauteur\u00a0: 2,1\u00a0m Largeur\u00a0: 1,05\u00a0m\r\n\r\nTension nominale\u00a0:\r\n\r\n100\/110\/220\/230\u00a0V\r\n\r\nFr\u00e9quence nominale\u00a0:\r\n\r\n50\/60\u00a0Hz\r\n\r\nPuissance totale nominale\u00a0:\r\n\r\n1,5\u00a0kW\r\n\r\nProfondeur de fouille maximale\u00a0:\r\n\r\n0,6\u00a0m\r\n\r\nHauteur de levage maximale\u00a0:\r\n\r\n1,9\u00a0m\r\n\r\nVitesse de rotation maximale\u00a0:\r\n\r\n3\u00a0tr\/min\r\n\r\nPression de consigne de la pompe hydraulique\u00a0:\r\n\r\n4,5\u00a0gf\/cm\u00b2\r\n\r\nAutonomie en continu\u00a0:\r\n\r\n8\u00a0h\r\n\r\nRayon de travail maximal\u00a0:\r\n\r\n3\u00a0m\r\n\r\nVitesse de travail maximale\u00a0:\r\n\r\n0,3\u00a0m\/s\r\n\r\nPoids total\u00a0:\r\n\r\n350\u00a0kg\r\n\r\nSurface couverte\u00a0:\r\n\r\n26\u00a0m\u00b2 en rotation \u00e0 360\u00a0degr\u00e9s, 15\u00a0m\u00b2 en rotation \u00e0 180\u00a0degr\u00e9s degr\u00e9s, 9,5 m\u00b2 en rotation de 90 degr\u00e9s\"><span class=\"Y2IQFc\" lang=\"fr\">Vitesse de travail maximale\u00a0:\r\n<\/span><\/pre>\n<\/td>\n<td valign=\"center\" nowrap=\"nowrap\">0.3m\/s<\/td>\n<\/tr>\n<tr>\n<td valign=\"center\" nowrap=\"nowrap\">\n<pre id=\"tw-target-text\" class=\"tw-data-text tw-text-large tw-ta\" dir=\"ltr\" tabindex=\"-1\" role=\"text\" data-placeholder=\"Traduction\" data-ved=\"2ahUKEwjX5qu2i72QAxXVVqQEHRd5Ik8Q3ewLegQIDBAV\" aria-label=\"Texte traduit\u00a0: \u00c2ge d'utilisation\u00a0:\r\n\r\nEnfants et adultes\r\n\r\nTaille\u00a0:\r\n\r\nLongueur\u00a0: 3,5\u00a0m Hauteur\u00a0: 2,1\u00a0m Largeur\u00a0: 1,05\u00a0m\r\n\r\nTension nominale\u00a0:\r\n\r\n100\/110\/220\/230\u00a0V\r\n\r\nFr\u00e9quence nominale\u00a0:\r\n\r\n50\/60\u00a0Hz\r\n\r\nPuissance totale nominale\u00a0:\r\n\r\n1,5\u00a0kW\r\n\r\nProfondeur de fouille maximale\u00a0:\r\n\r\n0,6\u00a0m\r\n\r\nHauteur de levage maximale\u00a0:\r\n\r\n1,9\u00a0m\r\n\r\nVitesse de rotation maximale\u00a0:\r\n\r\n3\u00a0tr\/min\r\n\r\nPression de consigne de la pompe hydraulique\u00a0:\r\n\r\n4,5\u00a0gf\/cm\u00b2\r\n\r\nAutonomie en continu\u00a0:\r\n\r\n8\u00a0h\r\n\r\nRayon de travail maximal\u00a0:\r\n\r\n3\u00a0m\r\n\r\nVitesse de travail maximale\u00a0:\r\n\r\n0,3\u00a0m\/s\r\n\r\nPoids total\u00a0:\r\n\r\n350\u00a0kg\r\n\r\nSurface couverte\u00a0:\r\n\r\n26\u00a0m\u00b2 en rotation \u00e0 360\u00a0degr\u00e9s, 15\u00a0m\u00b2 en rotation \u00e0 180\u00a0degr\u00e9s degr\u00e9s, 9,5 m\u00b2 en rotation de 90 degr\u00e9s\"><span class=\"Y2IQFc\" lang=\"fr\">Poids total\u00a0:\r\n<\/span><\/pre>\n<\/td>\n<td valign=\"center\" nowrap=\"nowrap\">350kg<\/td>\n<\/tr>\n<tr>\n<td valign=\"center\" nowrap=\"nowrap\">\n<pre id=\"tw-target-text\" class=\"tw-data-text tw-text-large tw-ta\" dir=\"ltr\" tabindex=\"-1\" role=\"text\" data-placeholder=\"Traduction\" data-ved=\"2ahUKEwjX5qu2i72QAxXVVqQEHRd5Ik8Q3ewLegQIDBAV\" aria-label=\"Texte traduit\u00a0: \u00c2ge d'utilisation\u00a0:\r\n\r\nEnfants et adultes\r\n\r\nTaille\u00a0:\r\n\r\nLongueur\u00a0: 3,5\u00a0m Hauteur\u00a0: 2,1\u00a0m Largeur\u00a0: 1,05\u00a0m\r\n\r\nTension nominale\u00a0:\r\n\r\n100\/110\/220\/230\u00a0V\r\n\r\nFr\u00e9quence nominale\u00a0:\r\n\r\n50\/60\u00a0Hz\r\n\r\nPuissance totale nominale\u00a0:\r\n\r\n1,5\u00a0kW\r\n\r\nProfondeur de fouille maximale\u00a0:\r\n\r\n0,6\u00a0m\r\n\r\nHauteur de levage maximale\u00a0:\r\n\r\n1,9\u00a0m\r\n\r\nVitesse de rotation maximale\u00a0:\r\n\r\n3\u00a0tr\/min\r\n\r\nPression de consigne de la pompe hydraulique\u00a0:\r\n\r\n4,5\u00a0gf\/cm\u00b2\r\n\r\nAutonomie en continu\u00a0:\r\n\r\n8\u00a0h\r\n\r\nRayon de travail maximal\u00a0:\r\n\r\n3\u00a0m\r\n\r\nVitesse de travail maximale\u00a0:\r\n\r\n0,3\u00a0m\/s\r\n\r\nPoids total\u00a0:\r\n\r\n350\u00a0kg\r\n\r\nSurface couverte\u00a0:\r\n\r\n26\u00a0m\u00b2 en rotation \u00e0 360\u00a0degr\u00e9s, 15\u00a0m\u00b2 en rotation \u00e0 180\u00a0degr\u00e9s degr\u00e9s, 9,5 m\u00b2 en rotation de 90 degr\u00e9s\"><span class=\"Y2IQFc\" lang=\"fr\">Surface couverte\u00a0:\r\n<\/span><\/pre>\n<\/td>\n<td valign=\"center\" width=\"266\">\n<div id=\"tw-container\" class=\"nev7se\" data-cp=\"1\" data-nnttsvi=\"1\" data-sletp=\"false\" data-sm=\"1\" data-ssbp=\"false\" data-sugg-time=\"500\" data-sugg-url=\"https:\/\/clients1.google.com\/complete\/search\" data-uilc=\"fr\" data-vil=\",af,af-ZA,am,am-ET,ar-EG,ar-AE,ar-KW,ar-QA,ar,ar-IL,ar-JO,ar-LB,ar-PS,az,az-AZ,bg,bg-BG,bn,bn-BD,bn-IN,ca,ca-es,cs,cs-CZ,de,de-DE,de-CH,de-AT,de-LI,en,en-US,en-CA,en-AU,en-NZ,en-GB,en-IN,en-KE,en-TZ,en-NG,en-GH,en-PH,en-ZA,es,es-ES,es-AR,es-UY,es-419,es-BO,es-CL,es-CR,es-CO,es-DO,es-EC,es-GT,es-HN,es-NI,es-PA,es-PE,es-PR,es-PY,es-SV,es-VE,es-MX,es-US,eu,eu-ES,fi,fi-FI,fr,fr-FR,fr-CH,fr-BE,gl,gl-ES,gu,gu-IN,he,he-IL,iw,iw-IL,hu,hu-HU,hy,hy-AM,id,id-ID,is,is-IS,it,it-IT,it-CH,ja,ja-JP,jv,jv-ID,ka,ka-GE,km,km-KH,kn,kn-IN,ko,ko-KR,la,lo,lo-LA,lv,lv-LV,ml,ml-IN,mr,mr-IN,ms,ms-MY,nl,nl-NL,nb,nb-NO,ne,ne-NP,pl,pl-PL,pt,pt-BR,pt-PT,ro,ro-RO,ru,ru-RU,si-LK,sk,sk-SK,sr,sr-RS,su,su-ID,sv,sv-SE,sw,sw-TZ,sw-KE,ta,ta-IN,ta-SG,ta-LK,ta-MY,te,te-IN,tr,tr-TR,ur,ur-PK,ur-IN,yue,yue-HK,yue-Hant-HK,zh-HK,zh,zh-CN,zh-cmn,zh-cmn-CN,zh-Hans,zh-Hans-CN,zh-cmn-Hans,zh-cmn-Hans-CN,cmn-CN,cmn-Hans,cmn-Hans-CN,zh-TW,zh-Hant-TW,cmn-TW,cmn-Hant-TW,zh-cmn-TW,zh-cmn-Hant-TW,zu,zu-ZA,hi,hi-IN,tl,tl-PH,pa,pa-IN\">\n<div>\n<div>\n<div id=\"tw-ob\" class=\"tw-src-ltr\">\n<div class=\"oSioSc\">\n<div id=\"tw-target\">\n<div id=\"kAz1tf\" class=\"g9WsWb PZPZlf\" data-attrid=\"tw-targetArea\" data-entityname=\"Google Translate\">\n<div id=\"tw-target-text-container\" class=\"tw-ta-container tw-nfl\" tabindex=\"0\" role=\"text\">\n<p id=\"tw-target-text\" class=\"tw-data-text tw-text-large tw-ta\" dir=\"ltr\" tabindex=\"-1\" role=\"text\" data-placeholder=\"Traduction\" data-ved=\"2ahUKEwjX5qu2i72QAxXVVqQEHRd5Ik8Q3ewLegQIDBAV\" aria-label=\"Texte traduit\u00a0: \u00c2ge d'utilisation\u00a0:\n\nEnfants et adultes\n\nTaille\u00a0:\n\nLongueur\u00a0: 3,5\u00a0m Hauteur\u00a0: 2,1\u00a0m Largeur\u00a0: 1,05\u00a0m\n\nTension nominale\u00a0:\n\n100\/110\/220\/230\u00a0V\n\nFr\u00e9quence nominale\u00a0:\n\n50\/60\u00a0Hz\n\nPuissance totale nominale\u00a0:\n\n1,5\u00a0kW\n\nProfondeur de fouille maximale\u00a0:\n\n0,6\u00a0m\n\nHauteur de levage maximale\u00a0:\n\n1,9\u00a0m\n\nVitesse de rotation maximale\u00a0:\n\n3\u00a0tr\/min\n\nPression de consigne de la pompe hydraulique\u00a0:\n\n4,5\u00a0gf\/cm\u00b2\n\nAutonomie en continu\u00a0:\n\n8\u00a0h\n\nRayon de travail maximal\u00a0:\n\n3\u00a0m\n\nVitesse de travail maximale\u00a0:\n\n0,3\u00a0m\/s\n\nPoids total\u00a0:\n\n350\u00a0kg\n\nSurface couverte\u00a0:\n\n26\u00a0m\u00b2 en rotation \u00e0 360\u00a0degr\u00e9s, 15\u00a0m\u00b2 en rotation \u00e0 180\u00a0degr\u00e9s degr\u00e9s, 9,5 m\u00b2 en rotation de 90 degr\u00e9s\"><span class=\"Y2IQFc\" lang=\"fr\">26 m\u00b2 en rotation \u00e0 360 degr\u00e9s, 15 m\u00b2 en rotation \u00e0 180 degr\u00e9s degr\u00e9s, 9,5 m\u00b2 en rotation de 90 degr\u00e9s<\/span><\/p>\n<\/div>\n<\/div>\n<\/div>\n<\/div>\n<\/div>\n<\/div>\n<\/div>\n<\/div>\n<\/td>\n<\/tr>\n<\/tbody>\n<\/table>\n","protected":false},"excerpt":{"rendered":"<p>&nbsp; Mode de contr\u00f4le\u00a0: type de t\u00e9l\u00e9commande \u00c2ge d&rsquo;utilisation\u00a0 Enfants et adultes Taille Long:3.5m High:2.1m Wide:1.05m Tension nominale\u00a0: 100\/110\/220\/230v Fr\u00e9quence nominale\u00a0: 50\/60hz Puissance totale nominale\u00a0: 1.5kw Profondeur de fouille maximale\u00a0: 0.6m Hauteur de levage maximale\u00a0: 1.9m Vitesse de rotation maximale\u00a0: 3r\/m Pression de consigne de la pompe hydraulique\u00a0: 4.5gf\/cm2 Autonomie en continu\u00a0: 8h Rayon de&hellip;<\/p>\n","protected":false},"featured_media":1913,"template":"","meta":[],"product_brand":[],"product_cat":[383,430],"product_tag":[],"class_list":{"0":"post-3014","1":"product","2":"type-product","3":"status-publish","4":"has-post-thumbnail","6":"product_cat-jeux-interactifs-jeux-avec-monnayeur","7":"product_cat-machine-dexcavation-pour-enfants","9":"first","10":"instock","11":"shipping-taxable","12":"product-type-simple"},"_links":{"self":[{"href":"https:\/\/www.alfadu-amusement.com\/index.php?rest_route=\/wp\/v2\/product\/3014","targetHints":{"allow":["GET"]}}],"collection":[{"href":"https:\/\/www.alfadu-amusement.com\/index.php?rest_route=\/wp\/v2\/product"}],"about":[{"href":"https:\/\/www.alfadu-amusement.com\/index.php?rest_route=\/wp\/v2\/types\/product"}],"wp:featuredmedia":[{"embeddable":true,"href":"https:\/\/www.alfadu-amusement.com\/index.php?rest_route=\/wp\/v2\/media\/1913"}],"wp:attachment":[{"href":"https:\/\/www.alfadu-amusement.com\/index.php?rest_route=%2Fwp%2Fv2%2Fmedia&parent=3014"}],"wp:term":[{"taxonomy":"product_brand","embeddable":true,"href":"https:\/\/www.alfadu-amusement.com\/index.php?rest_route=%2Fwp%2Fv2%2Fproduct_brand&post=3014"},{"taxonomy":"product_cat","embeddable":true,"href":"https:\/\/www.alfadu-amusement.com\/index.php?rest_route=%2Fwp%2Fv2%2Fproduct_cat&post=3014"},{"taxonomy":"product_tag","embeddable":true,"href":"https:\/\/www.alfadu-amusement.com\/index.php?rest_route=%2Fwp%2Fv2%2Fproduct_tag&post=3014"}],"curies":[{"name":"wp","href":"https:\/\/api.w.org\/{rel}","templated":true}]}}