{"id":3029,"date":"2025-10-24T15:38:52","date_gmt":"2025-10-24T15:38:52","guid":{"rendered":"https:\/\/www.alfadu-amusement.com\/?post_type=product&#038;p=3029"},"modified":"2025-10-24T15:38:52","modified_gmt":"2025-10-24T15:38:52","slug":"frappez-lassiette","status":"publish","type":"product","link":"https:\/\/www.alfadu-amusement.com\/?product=frappez-lassiette&lang=fr","title":{"rendered":"Frappez l&rsquo;assiette"},"content":{"rendered":"<table class=\"has-text-color has-link-color has-border-color has-fixed-layout\" width=\"739\">\n<tbody>\n<tr>\n<td>\n<pre id=\"tw-target-text\" class=\"tw-data-text tw-text-large tw-ta\" dir=\"ltr\" tabindex=\"-1\" role=\"text\" data-placeholder=\"Traduction\" data-ved=\"2ahUKEwjX5qu2i72QAxXVVqQEHRd5Ik8Q3ewLegQIDBAV\" aria-label=\"Texte traduit\u00a0: Num\u00e9ro de mod\u00e8le MNG-000144\r\nDimensions\u00a0: L\u00a02580\u00a0\u00d7 l\u00a01\u00a0130\u00a0\u00d7 H\u00a02\u00a0700\r\nPuissance\u00a0: 350-450\u00a0W, 220\u00a0V\r\nPoids\u00a0: 342,5\u00a0kg\"><span class=\"Y2IQFc\" lang=\"fr\">Num\u00e9ro de mod\u00e8le <\/span><\/pre>\n<\/td>\n<td>MNG-000144<\/td>\n<\/tr>\n<tr>\n<td>\n<pre id=\"tw-target-text\" class=\"tw-data-text tw-text-large tw-ta\" dir=\"ltr\" tabindex=\"-1\" role=\"text\" data-placeholder=\"Traduction\" data-ved=\"2ahUKEwjX5qu2i72QAxXVVqQEHRd5Ik8Q3ewLegQIDBAV\" aria-label=\"Texte traduit\u00a0: Num\u00e9ro de mod\u00e8le MNG-000144\r\nDimensions\u00a0: L\u00a02580\u00a0\u00d7 l\u00a01\u00a0130\u00a0\u00d7 H\u00a02\u00a0700\r\nPuissance\u00a0: 350-450\u00a0W, 220\u00a0V\r\nPoids\u00a0: 342,5\u00a0kg\"><span class=\"Y2IQFc\" lang=\"fr\">Dimensions\u00a0<\/span><\/pre>\n<\/td>\n<td>L2580\u00d7W1130\u00d7H2700<\/td>\n<\/tr>\n<tr>\n<td>\n<pre id=\"tw-target-text\" class=\"tw-data-text tw-text-large tw-ta\" dir=\"ltr\" tabindex=\"-1\" role=\"text\" data-placeholder=\"Traduction\" data-ved=\"2ahUKEwjX5qu2i72QAxXVVqQEHRd5Ik8Q3ewLegQIDBAV\" aria-label=\"Texte traduit\u00a0: Num\u00e9ro de mod\u00e8le MNG-000144\r\nDimensions\u00a0: L\u00a02580\u00a0\u00d7 l\u00a01\u00a0130\u00a0\u00d7 H\u00a02\u00a0700\r\nPuissance\u00a0: 350-450\u00a0W, 220\u00a0V\r\nPoids\u00a0: 342,5\u00a0kg\"><span class=\"Y2IQFc\" lang=\"fr\">Puissance\u00a0<\/span><\/pre>\n<\/td>\n<td>350-450W 220V<\/td>\n<\/tr>\n<tr>\n<td>\n<pre id=\"tw-target-text\" class=\"tw-data-text tw-text-large tw-ta\" dir=\"ltr\" tabindex=\"-1\" role=\"text\" data-placeholder=\"Traduction\" data-ved=\"2ahUKEwjX5qu2i72QAxXVVqQEHRd5Ik8Q3ewLegQIDBAV\" aria-label=\"Texte traduit\u00a0: Num\u00e9ro de mod\u00e8le MNG-000144\r\nDimensions\u00a0: L\u00a02580\u00a0\u00d7 l\u00a01\u00a0130\u00a0\u00d7 H\u00a02\u00a0700\r\nPuissance\u00a0: 350-450\u00a0W, 220\u00a0V\r\nPoids\u00a0: 342,5\u00a0kg\"><span class=\"Y2IQFc\" lang=\"fr\">Poids\u00a0<\/span><\/pre>\n<\/td>\n<td>342.5KG<\/td>\n<\/tr>\n<\/tbody>\n<\/table>\n","protected":false},"excerpt":{"rendered":"<p style=\"padding-left: 40px;\">Caract\u00e9ristique de ce produit : Une fois le jeu de pi\u00e8ces lanc\u00e9, la porte s&rsquo;ouvre pour jouer la balle, ramasser la balle et briser la plaque sur l&rsquo;\u00e9cran. Vous pouvez choisir le mode solo ou le mode deux joueurs. Le mode deux joueurs vous permet de profiter du plaisir de rivaliser avec des amis. Le jeu d\u00e9finira trois niveaux avec des difficult\u00e9s diff\u00e9rentes. Briser la plaque produira \u00e9galement un effet sonore de rupture, satisfaisant l&rsquo;exp\u00e9rience sensorielle.<\/p>\n","protected":false},"featured_media":1787,"template":"","meta":[],"product_brand":[],"product_cat":[428,383],"product_tag":[],"class_list":{"0":"post-3029","1":"product","2":"type-product","3":"status-publish","4":"has-post-thumbnail","6":"product_cat-jeu-de-carnaval","7":"product_cat-jeux-interactifs-jeux-avec-monnayeur","9":"first","10":"instock","11":"shipping-taxable","12":"product-type-simple"},"_links":{"self":[{"href":"https:\/\/www.alfadu-amusement.com\/index.php?rest_route=\/wp\/v2\/product\/3029","targetHints":{"allow":["GET"]}}],"collection":[{"href":"https:\/\/www.alfadu-amusement.com\/index.php?rest_route=\/wp\/v2\/product"}],"about":[{"href":"https:\/\/www.alfadu-amusement.com\/index.php?rest_route=\/wp\/v2\/types\/product"}],"wp:featuredmedia":[{"embeddable":true,"href":"https:\/\/www.alfadu-amusement.com\/index.php?rest_route=\/wp\/v2\/media\/1787"}],"wp:attachment":[{"href":"https:\/\/www.alfadu-amusement.com\/index.php?rest_route=%2Fwp%2Fv2%2Fmedia&parent=3029"}],"wp:term":[{"taxonomy":"product_brand","embeddable":true,"href":"https:\/\/www.alfadu-amusement.com\/index.php?rest_route=%2Fwp%2Fv2%2Fproduct_brand&post=3029"},{"taxonomy":"product_cat","embeddable":true,"href":"https:\/\/www.alfadu-amusement.com\/index.php?rest_route=%2Fwp%2Fv2%2Fproduct_cat&post=3029"},{"taxonomy":"product_tag","embeddable":true,"href":"https:\/\/www.alfadu-amusement.com\/index.php?rest_route=%2Fwp%2Fv2%2Fproduct_tag&post=3029"}],"curies":[{"name":"wp","href":"https:\/\/api.w.org\/{rel}","templated":true}]}}