{"id":3032,"date":"2025-10-24T15:42:49","date_gmt":"2025-10-24T15:42:49","guid":{"rendered":"https:\/\/www.alfadu-amusement.com\/?post_type=product&#038;p=3032"},"modified":"2025-10-24T15:42:49","modified_gmt":"2025-10-24T15:42:49","slug":"bonne-caresse","status":"publish","type":"product","link":"https:\/\/www.alfadu-amusement.com\/?product=bonne-caresse&lang=fr","title":{"rendered":"Bonne caresse"},"content":{"rendered":"<table class=\"has-text-color has-link-color has-border-color has-fixed-layout\" width=\"739\">\n<tbody>\n<tr>\n<td>\n<pre id=\"tw-target-text\" class=\"tw-data-text tw-text-large tw-ta\" dir=\"ltr\" tabindex=\"-1\" role=\"text\" data-placeholder=\"Traduction\" data-ved=\"2ahUKEwjX5qu2i72QAxXVVqQEHRd5Ik8Q3ewLegQIDBAV\" aria-label=\"Texte traduit\u00a0: Num\u00e9ro de mod\u00e8le MNG-00008\r\nDimensions (L x l x H) : 1\u00a0150 x 920 x 2\u00a0280\r\nPuissance : 150-350 W, 220 V\r\nPoids\"><span class=\"Y2IQFc\" lang=\"fr\">Num\u00e9ro de mod\u00e8le <\/span><\/pre>\n<\/td>\n<td>MNG-00008<\/td>\n<\/tr>\n<tr>\n<td>\n<pre id=\"tw-target-text\" class=\"tw-data-text tw-text-large tw-ta\" dir=\"ltr\" tabindex=\"-1\" role=\"text\" data-placeholder=\"Traduction\" data-ved=\"2ahUKEwjX5qu2i72QAxXVVqQEHRd5Ik8Q3ewLegQIDBAV\" aria-label=\"Texte traduit\u00a0: Num\u00e9ro de mod\u00e8le MNG-00008\r\nDimensions (L x l x H) : 1\u00a0150 x 920 x 2\u00a0280\r\nPuissance : 150-350 W, 220 V\r\nPoids\"><span class=\"Y2IQFc\" lang=\"fr\">Dimensions <\/span><\/pre>\n<\/td>\n<td>L1150*W920*H2280<\/td>\n<\/tr>\n<tr>\n<td>\n<pre id=\"tw-target-text\" class=\"tw-data-text tw-text-large tw-ta\" dir=\"ltr\" tabindex=\"-1\" role=\"text\" data-placeholder=\"Traduction\" data-ved=\"2ahUKEwjX5qu2i72QAxXVVqQEHRd5Ik8Q3ewLegQIDBAV\" aria-label=\"Texte traduit\u00a0: Num\u00e9ro de mod\u00e8le MNG-00008\r\nDimensions (L x l x H) : 1\u00a0150 x 920 x 2\u00a0280\r\nPuissance : 150-350 W, 220 V\r\nPoids\"><span class=\"Y2IQFc\" lang=\"fr\">Puissance <\/span><\/pre>\n<\/td>\n<td>150-350W 220V<\/td>\n<\/tr>\n<tr>\n<td>\n<pre id=\"tw-target-text\" class=\"tw-data-text tw-text-large tw-ta\" dir=\"ltr\" tabindex=\"-1\" role=\"text\" data-placeholder=\"Traduction\" data-ved=\"2ahUKEwjX5qu2i72QAxXVVqQEHRd5Ik8Q3ewLegQIDBAV\" aria-label=\"Texte traduit\u00a0: Num\u00e9ro de mod\u00e8le MNG-00008\r\nDimensions (L x l x H) : 1\u00a0150 x 920 x 2\u00a0280\r\nPuissance : 150-350 W, 220 V\r\nPoids\"><span class=\"Y2IQFc\" lang=\"fr\">Poids<\/span><\/pre>\n<\/td>\n<td>195KG<\/td>\n<\/tr>\n<\/tbody>\n<\/table>\n","protected":false},"excerpt":{"rendered":"<p><strong>Caract\u00e9ristiques de ce produit\u00a0:<\/strong><\/p>\n<p>Une fois le jeu lanc\u00e9, les joueurs appuient sur un bouton pour lancer la boule \u00e0 la vitesse du plateau tournant. La boule peut \u00eatre comptabilis\u00e9e lorsqu&rsquo;elle entre dans le trou. Le jeu est divis\u00e9 en trois niveaux. La difficult\u00e9 augmente \u00e0 chaque niveau et, une fois le score atteint, le joueur peut acc\u00e9der au niveau suivant. Apr\u00e8s avoir franchi les trois niveaux, il peut remporter un super prix.<\/p>\n<p>Cette machine permet de r\u00e9gler le temps de jeu, le nombre de boules, la vitesse du plateau tournant, la vitesse de lancer, le score de passage et d&rsquo;autres param\u00e8tres pour r\u00e9pondre aux diff\u00e9rents niveaux de difficult\u00e9 et au contr\u00f4le des billets souhait\u00e9s par les clients, et s&rsquo;adapter aux besoins des diff\u00e9rents sites de diff\u00e9rents pays. C&rsquo;est un atout majeur pour accro\u00eetre les revenus des sites.<\/p>\n","protected":false},"featured_media":1760,"template":"","meta":[],"product_brand":[],"product_cat":[428,383],"product_tag":[],"class_list":{"0":"post-3032","1":"product","2":"type-product","3":"status-publish","4":"has-post-thumbnail","6":"product_cat-jeu-de-carnaval","7":"product_cat-jeux-interactifs-jeux-avec-monnayeur","9":"first","10":"instock","11":"shipping-taxable","12":"product-type-simple"},"_links":{"self":[{"href":"https:\/\/www.alfadu-amusement.com\/index.php?rest_route=\/wp\/v2\/product\/3032","targetHints":{"allow":["GET"]}}],"collection":[{"href":"https:\/\/www.alfadu-amusement.com\/index.php?rest_route=\/wp\/v2\/product"}],"about":[{"href":"https:\/\/www.alfadu-amusement.com\/index.php?rest_route=\/wp\/v2\/types\/product"}],"wp:featuredmedia":[{"embeddable":true,"href":"https:\/\/www.alfadu-amusement.com\/index.php?rest_route=\/wp\/v2\/media\/1760"}],"wp:attachment":[{"href":"https:\/\/www.alfadu-amusement.com\/index.php?rest_route=%2Fwp%2Fv2%2Fmedia&parent=3032"}],"wp:term":[{"taxonomy":"product_brand","embeddable":true,"href":"https:\/\/www.alfadu-amusement.com\/index.php?rest_route=%2Fwp%2Fv2%2Fproduct_brand&post=3032"},{"taxonomy":"product_cat","embeddable":true,"href":"https:\/\/www.alfadu-amusement.com\/index.php?rest_route=%2Fwp%2Fv2%2Fproduct_cat&post=3032"},{"taxonomy":"product_tag","embeddable":true,"href":"https:\/\/www.alfadu-amusement.com\/index.php?rest_route=%2Fwp%2Fv2%2Fproduct_tag&post=3032"}],"curies":[{"name":"wp","href":"https:\/\/api.w.org\/{rel}","templated":true}]}}