{"id":3036,"date":"2025-10-29T11:56:36","date_gmt":"2025-10-29T11:56:36","guid":{"rendered":"https:\/\/www.alfadu-amusement.com\/?post_type=product&#038;p=3036"},"modified":"2025-10-29T11:56:36","modified_gmt":"2025-10-29T11:56:36","slug":"petits-monstres-gourmands","status":"publish","type":"product","link":"https:\/\/www.alfadu-amusement.com\/?product=petits-monstres-gourmands&lang=fr","title":{"rendered":"Petits monstres gourmands"},"content":{"rendered":"<table class=\"has-text-color has-link-color has-border-color has-fixed-layout\" width=\"739\">\n<tbody>\n<tr>\n<td>\n<pre id=\"tw-target-text\" class=\"tw-data-text tw-text-large tw-ta\" dir=\"ltr\" tabindex=\"-1\" role=\"text\" data-placeholder=\"Traduction\" data-ved=\"2ahUKEwiy8JHArMmQAxWDNPsDHc6JAtsQ3ewLegQIDBAV\" aria-label=\"Texte traduit\u00a0: R\u00e9f\u00e9rence\u00a0: MNG-00012\r\n\r\nDimensions\u00a0: L 1900 \u00d7 l 1600 \u00d7 H 2500 mm\r\n\r\nPuissance\u00a0: 250-350 W, 220 V\r\n\r\nPoids\u00a0: 325 kg\"><span class=\"Y2IQFc\" lang=\"fr\">R\u00e9f\u00e9rence<\/span><\/pre>\n<\/td>\n<td>MNG-00012<\/td>\n<\/tr>\n<tr>\n<td>\n<pre id=\"tw-target-text\" class=\"tw-data-text tw-text-large tw-ta\" dir=\"ltr\" tabindex=\"-1\" role=\"text\" data-placeholder=\"Traduction\" data-ved=\"2ahUKEwiy8JHArMmQAxWDNPsDHc6JAtsQ3ewLegQIDBAV\" aria-label=\"Texte traduit\u00a0: R\u00e9f\u00e9rence\u00a0: MNG-00012\r\n\r\nDimensions\u00a0: L 1900 \u00d7 l 1600 \u00d7 H 2500 mm\r\n\r\nPuissance\u00a0: 250-350 W, 220 V\r\n\r\nPoids\u00a0: 325 kg\"><span class=\"Y2IQFc\" lang=\"fr\">Dimensions\u00a0<\/span><\/pre>\n<\/td>\n<td>L1900\u00d7W1600\u00d7H2500<\/td>\n<\/tr>\n<tr>\n<td>\n<pre id=\"tw-target-text\" class=\"tw-data-text tw-text-large tw-ta\" dir=\"ltr\" tabindex=\"-1\" role=\"text\" data-placeholder=\"Traduction\" data-ved=\"2ahUKEwiy8JHArMmQAxWDNPsDHc6JAtsQ3ewLegQIDBAV\" aria-label=\"Texte traduit\u00a0: R\u00e9f\u00e9rence\u00a0: MNG-00012\r\n\r\nDimensions\u00a0: L 1900 \u00d7 l 1600 \u00d7 H 2500 mm\r\n\r\nPuissance\u00a0: 250-350 W, 220 V\r\n\r\nPoids\u00a0: 325 kg\"><span class=\"Y2IQFc\" lang=\"fr\">Puissance\u00a0<\/span><\/pre>\n<\/td>\n<td>250-350W 220V<\/td>\n<\/tr>\n<tr>\n<td>\n<pre id=\"tw-target-text\" class=\"tw-data-text tw-text-large tw-ta\" dir=\"ltr\" tabindex=\"-1\" role=\"text\" data-placeholder=\"Traduction\" data-ved=\"2ahUKEwiy8JHArMmQAxWDNPsDHc6JAtsQ3ewLegQIDBAV\" aria-label=\"Texte traduit\u00a0: R\u00e9f\u00e9rence\u00a0: MNG-00012\r\n\r\nDimensions\u00a0: L 1900 \u00d7 l 1600 \u00d7 H 2500 mm\r\n\r\nPuissance\u00a0: 250-350 W, 220 V\r\n\r\nPoids\u00a0: 325 kg\"><span class=\"Y2IQFc\" lang=\"fr\">Poids\u00a0<\/span><\/pre>\n<\/td>\n<td>325KG<\/td>\n<\/tr>\n<\/tbody>\n<\/table>\n","protected":false},"excerpt":{"rendered":"<p>Ins\u00e9rez les jetons correspondant \u00e0 la station locale et lancez la balle dans la petite bouche \u00e9trange en effectuant un mouvement.<\/p>\n<p>Le premier jeton marque 1 point, celui du milieu 2 points et le dernier 3 points. \u00c0 la fin de la partie, les tickets de loterie ou les \u0153ufs en chocolat correspondants sont automatiquement distribu\u00e9s.<\/p>\n<p>La dur\u00e9e de la partie et le nombre de tickets peuvent \u00eatre ajust\u00e9s via la table IO selon les besoins.<\/p>\n","protected":false},"featured_media":1775,"template":"","meta":[],"product_brand":[],"product_cat":[428,383],"product_tag":[],"class_list":{"0":"post-3036","1":"product","2":"type-product","3":"status-publish","4":"has-post-thumbnail","6":"product_cat-jeu-de-carnaval","7":"product_cat-jeux-interactifs-jeux-avec-monnayeur","9":"first","10":"instock","11":"shipping-taxable","12":"product-type-simple"},"_links":{"self":[{"href":"https:\/\/www.alfadu-amusement.com\/index.php?rest_route=\/wp\/v2\/product\/3036","targetHints":{"allow":["GET"]}}],"collection":[{"href":"https:\/\/www.alfadu-amusement.com\/index.php?rest_route=\/wp\/v2\/product"}],"about":[{"href":"https:\/\/www.alfadu-amusement.com\/index.php?rest_route=\/wp\/v2\/types\/product"}],"wp:featuredmedia":[{"embeddable":true,"href":"https:\/\/www.alfadu-amusement.com\/index.php?rest_route=\/wp\/v2\/media\/1775"}],"wp:attachment":[{"href":"https:\/\/www.alfadu-amusement.com\/index.php?rest_route=%2Fwp%2Fv2%2Fmedia&parent=3036"}],"wp:term":[{"taxonomy":"product_brand","embeddable":true,"href":"https:\/\/www.alfadu-amusement.com\/index.php?rest_route=%2Fwp%2Fv2%2Fproduct_brand&post=3036"},{"taxonomy":"product_cat","embeddable":true,"href":"https:\/\/www.alfadu-amusement.com\/index.php?rest_route=%2Fwp%2Fv2%2Fproduct_cat&post=3036"},{"taxonomy":"product_tag","embeddable":true,"href":"https:\/\/www.alfadu-amusement.com\/index.php?rest_route=%2Fwp%2Fv2%2Fproduct_tag&post=3036"}],"curies":[{"name":"wp","href":"https:\/\/api.w.org\/{rel}","templated":true}]}}