{"id":3045,"date":"2025-10-29T12:02:24","date_gmt":"2025-10-29T12:02:24","guid":{"rendered":"https:\/\/www.alfadu-amusement.com\/?post_type=product&#038;p=3045"},"modified":"2025-10-29T12:02:24","modified_gmt":"2025-10-29T12:02:24","slug":"frenzy-clown-2-2","status":"publish","type":"product","link":"https:\/\/www.alfadu-amusement.com\/?product=frenzy-clown-2-2&lang=fr","title":{"rendered":"Frenzy Clown 2"},"content":{"rendered":"<table class=\"has-text-color has-link-color has-border-color has-fixed-layout\" width=\"739\">\n<tbody>\n<tr>\n<td>\n<pre id=\"tw-target-text\" class=\"tw-data-text tw-text-large tw-ta\" dir=\"ltr\" tabindex=\"-1\" role=\"text\" data-placeholder=\"Traduction\" data-ved=\"2ahUKEwiy8JHArMmQAxWDNPsDHc6JAtsQ3ewLegQIDBAV\" aria-label=\"Texte traduit\u00a0: R\u00e9f\u00e9rence\u00a0: MNG-00014\r\n\r\nDimensions\u00a0: L 2660 \u00d7 l 1050 \u00d7 H 2550 mm\r\n\r\nPuissance\u00a0: 150-350 W, 220 V\r\n\r\nPoids\"><span class=\"Y2IQFc\" lang=\"fr\">R\u00e9f\u00e9rence\u00a0<\/span><\/pre>\n<\/td>\n<td>MNG-00014<\/td>\n<\/tr>\n<tr>\n<td>\n<pre id=\"tw-target-text\" class=\"tw-data-text tw-text-large tw-ta\" dir=\"ltr\" tabindex=\"-1\" role=\"text\" data-placeholder=\"Traduction\" data-ved=\"2ahUKEwiy8JHArMmQAxWDNPsDHc6JAtsQ3ewLegQIDBAV\" aria-label=\"Texte traduit\u00a0: R\u00e9f\u00e9rence\u00a0: MNG-00014\r\n\r\nDimensions\u00a0: L 2660 \u00d7 l 1050 \u00d7 H 2550 mm\r\n\r\nPuissance\u00a0: 150-350 W, 220 V\r\n\r\nPoids\"><span class=\"Y2IQFc\" lang=\"fr\">Dimensions\u00a0<\/span><\/pre>\n<\/td>\n<td>L2660\u00d7W1050\u00d7H2550<\/td>\n<\/tr>\n<tr>\n<td>\n<pre id=\"tw-target-text\" class=\"tw-data-text tw-text-large tw-ta\" dir=\"ltr\" tabindex=\"-1\" role=\"text\" data-placeholder=\"Traduction\" data-ved=\"2ahUKEwiy8JHArMmQAxWDNPsDHc6JAtsQ3ewLegQIDBAV\" aria-label=\"Texte traduit\u00a0: R\u00e9f\u00e9rence\u00a0: MNG-00014\r\n\r\nDimensions\u00a0: L 2660 \u00d7 l 1050 \u00d7 H 2550 mm\r\n\r\nPuissance\u00a0: 150-350 W, 220 V\r\n\r\nPoids\"><span class=\"Y2IQFc\" lang=\"fr\">Puissance\u00a0<\/span><\/pre>\n<\/td>\n<td>150-350W 220V<\/td>\n<\/tr>\n<tr>\n<td>\n<pre id=\"tw-target-text\" class=\"tw-data-text tw-text-large tw-ta\" dir=\"ltr\" tabindex=\"-1\" role=\"text\" data-placeholder=\"Traduction\" data-ved=\"2ahUKEwiy8JHArMmQAxWDNPsDHc6JAtsQ3ewLegQIDBAV\" aria-label=\"Texte traduit\u00a0: R\u00e9f\u00e9rence\u00a0: MNG-00014\r\n\r\nDimensions\u00a0: L 2660 \u00d7 l 1050 \u00d7 H 2550 mm\r\n\r\nPuissance\u00a0: 150-350 W, 220 V\r\n\r\nPoids\"><span class=\"Y2IQFc\" lang=\"fr\">Poids<\/span><\/pre>\n<\/td>\n<td>295KG<\/td>\n<\/tr>\n<\/tbody>\n<\/table>\n","protected":false},"excerpt":{"rendered":"<p><strong>Pr\u00e9sentation du produit<\/strong><\/p>\n<p>\u00ab\u00a0Clown Frenzy\u00a0\u00bb est un jeu de frappe o\u00f9 le but est de ramasser la balle rouge creuse et souple et de faire tomber les clowns pour marquer des points.<\/p>\n<p>Plus vous faites tomber de clowns, plus votre score est \u00e9lev\u00e9. Lorsqu&rsquo;un clown devient rouge, votre score est doubl\u00e9.<\/p>\n","protected":false},"featured_media":1764,"template":"","meta":[],"product_brand":[],"product_cat":[428,383],"product_tag":[],"class_list":{"0":"post-3045","1":"product","2":"type-product","3":"status-publish","4":"has-post-thumbnail","6":"product_cat-jeu-de-carnaval","7":"product_cat-jeux-interactifs-jeux-avec-monnayeur","9":"first","10":"instock","11":"shipping-taxable","12":"product-type-simple"},"_links":{"self":[{"href":"https:\/\/www.alfadu-amusement.com\/index.php?rest_route=\/wp\/v2\/product\/3045","targetHints":{"allow":["GET"]}}],"collection":[{"href":"https:\/\/www.alfadu-amusement.com\/index.php?rest_route=\/wp\/v2\/product"}],"about":[{"href":"https:\/\/www.alfadu-amusement.com\/index.php?rest_route=\/wp\/v2\/types\/product"}],"wp:featuredmedia":[{"embeddable":true,"href":"https:\/\/www.alfadu-amusement.com\/index.php?rest_route=\/wp\/v2\/media\/1764"}],"wp:attachment":[{"href":"https:\/\/www.alfadu-amusement.com\/index.php?rest_route=%2Fwp%2Fv2%2Fmedia&parent=3045"}],"wp:term":[{"taxonomy":"product_brand","embeddable":true,"href":"https:\/\/www.alfadu-amusement.com\/index.php?rest_route=%2Fwp%2Fv2%2Fproduct_brand&post=3045"},{"taxonomy":"product_cat","embeddable":true,"href":"https:\/\/www.alfadu-amusement.com\/index.php?rest_route=%2Fwp%2Fv2%2Fproduct_cat&post=3045"},{"taxonomy":"product_tag","embeddable":true,"href":"https:\/\/www.alfadu-amusement.com\/index.php?rest_route=%2Fwp%2Fv2%2Fproduct_tag&post=3045"}],"curies":[{"name":"wp","href":"https:\/\/api.w.org\/{rel}","templated":true}]}}