{"id":3048,"date":"2025-10-29T12:10:07","date_gmt":"2025-10-29T12:10:07","guid":{"rendered":"https:\/\/www.alfadu-amusement.com\/?post_type=product&#038;p=3048"},"modified":"2025-10-29T12:10:08","modified_gmt":"2025-10-29T12:10:08","slug":"boom-ball-2","status":"publish","type":"product","link":"https:\/\/www.alfadu-amusement.com\/?product=boom-ball-2&lang=fr","title":{"rendered":"Boom Ball"},"content":{"rendered":"<table class=\"has-text-color has-link-color has-border-color has-fixed-layout\" width=\"739\">\n<tbody>\n<tr>\n<td>\n<pre id=\"tw-target-text\" class=\"tw-data-text tw-text-large tw-ta\" dir=\"ltr\" tabindex=\"-1\" role=\"text\" data-placeholder=\"Traduction\" data-ved=\"2ahUKEwiy8JHArMmQAxWDNPsDHc6JAtsQ3ewLegQIDBAV\" aria-label=\"Texte traduit\u00a0: R\u00e9f\u00e9rence\u00a0: MNG-00003\r\n\r\nDimensions\u00a0: L 2550\u00a0\u00d7\u00a0l 1060\u00a0\u00d7\u00a0H 2350\u00a0mm\r\n\r\nPuissance\u00a0: 100-200\u00a0W, 220\u00a0V\r\n\r\nPoids\"><span class=\"Y2IQFc\" lang=\"fr\">R\u00e9f\u00e9rence\u00a0<\/span><\/pre>\n<\/td>\n<td>MNG-00003<\/td>\n<\/tr>\n<tr>\n<td>\n<pre id=\"tw-target-text\" class=\"tw-data-text tw-text-large tw-ta\" dir=\"ltr\" tabindex=\"-1\" role=\"text\" data-placeholder=\"Traduction\" data-ved=\"2ahUKEwiy8JHArMmQAxWDNPsDHc6JAtsQ3ewLegQIDBAV\" aria-label=\"Texte traduit\u00a0: R\u00e9f\u00e9rence\u00a0: MNG-00003\r\n\r\nDimensions\u00a0: L 2550\u00a0\u00d7\u00a0l 1060\u00a0\u00d7\u00a0H 2350\u00a0mm\r\n\r\nPuissance\u00a0: 100-200\u00a0W, 220\u00a0V\r\n\r\nPoids\"><span class=\"Y2IQFc\" lang=\"fr\">Dimensions\u00a0<\/span><\/pre>\n<\/td>\n<td>L2550*W1060*H2350<\/td>\n<\/tr>\n<tr>\n<td>\n<pre id=\"tw-target-text\" class=\"tw-data-text tw-text-large tw-ta\" dir=\"ltr\" tabindex=\"-1\" role=\"text\" data-placeholder=\"Traduction\" data-ved=\"2ahUKEwiy8JHArMmQAxWDNPsDHc6JAtsQ3ewLegQIDBAV\" aria-label=\"Texte traduit\u00a0: R\u00e9f\u00e9rence\u00a0: MNG-00003\r\n\r\nDimensions\u00a0: L 2550\u00a0\u00d7\u00a0l 1060\u00a0\u00d7\u00a0H 2350\u00a0mm\r\n\r\nPuissance\u00a0: 100-200\u00a0W, 220\u00a0V\r\n\r\nPoids\"><span class=\"Y2IQFc\" lang=\"fr\">Puissance\u00a0<\/span><\/pre>\n<\/td>\n<td>100-200W 220V<\/td>\n<\/tr>\n<tr>\n<td>\n<pre id=\"tw-target-text\" class=\"tw-data-text tw-text-large tw-ta\" dir=\"ltr\" tabindex=\"-1\" role=\"text\" data-placeholder=\"Traduction\" data-ved=\"2ahUKEwiy8JHArMmQAxWDNPsDHc6JAtsQ3ewLegQIDBAV\" aria-label=\"Texte traduit\u00a0: R\u00e9f\u00e9rence\u00a0: MNG-00003\r\n\r\nDimensions\u00a0: L 2550\u00a0\u00d7\u00a0l 1060\u00a0\u00d7\u00a0H 2350\u00a0mm\r\n\r\nPuissance\u00a0: 100-200\u00a0W, 220\u00a0V\r\n\r\nPoids\"><span class=\"Y2IQFc\" lang=\"fr\">Poids<\/span><\/pre>\n<\/td>\n<td>260KG<\/td>\n<\/tr>\n<\/tbody>\n<\/table>\n","protected":false},"excerpt":{"rendered":"<p><strong>Caract\u00e9ristiques de ce produit\u00a0:<\/strong><\/p>\n<p>La partie commence une fois la pi\u00e8ce ins\u00e9r\u00e9e. Le c\u00f4t\u00e9 gauche vise \u00e0 viser le trou et rapporte des points en fonction de sa taille\u00a0; le c\u00f4t\u00e9 droit vise \u00e0 faire tomber les dents du monstre et rapporte \u00e9galement des points. Deux modes de jeu pour plus de vari\u00e9t\u00e9 et d&rsquo;int\u00e9r\u00eat.<\/p>\n","protected":false},"featured_media":1754,"template":"","meta":[],"product_brand":[],"product_cat":[428,383],"product_tag":[],"class_list":{"0":"post-3048","1":"product","2":"type-product","3":"status-publish","4":"has-post-thumbnail","6":"product_cat-jeu-de-carnaval","7":"product_cat-jeux-interactifs-jeux-avec-monnayeur","9":"first","10":"instock","11":"shipping-taxable","12":"product-type-simple"},"_links":{"self":[{"href":"https:\/\/www.alfadu-amusement.com\/index.php?rest_route=\/wp\/v2\/product\/3048","targetHints":{"allow":["GET"]}}],"collection":[{"href":"https:\/\/www.alfadu-amusement.com\/index.php?rest_route=\/wp\/v2\/product"}],"about":[{"href":"https:\/\/www.alfadu-amusement.com\/index.php?rest_route=\/wp\/v2\/types\/product"}],"wp:featuredmedia":[{"embeddable":true,"href":"https:\/\/www.alfadu-amusement.com\/index.php?rest_route=\/wp\/v2\/media\/1754"}],"wp:attachment":[{"href":"https:\/\/www.alfadu-amusement.com\/index.php?rest_route=%2Fwp%2Fv2%2Fmedia&parent=3048"}],"wp:term":[{"taxonomy":"product_brand","embeddable":true,"href":"https:\/\/www.alfadu-amusement.com\/index.php?rest_route=%2Fwp%2Fv2%2Fproduct_brand&post=3048"},{"taxonomy":"product_cat","embeddable":true,"href":"https:\/\/www.alfadu-amusement.com\/index.php?rest_route=%2Fwp%2Fv2%2Fproduct_cat&post=3048"},{"taxonomy":"product_tag","embeddable":true,"href":"https:\/\/www.alfadu-amusement.com\/index.php?rest_route=%2Fwp%2Fv2%2Fproduct_tag&post=3048"}],"curies":[{"name":"wp","href":"https:\/\/api.w.org\/{rel}","templated":true}]}}