{"id":3051,"date":"2025-10-29T12:12:10","date_gmt":"2025-10-29T12:12:10","guid":{"rendered":"https:\/\/www.alfadu-amusement.com\/?post_type=product&#038;p=3051"},"modified":"2025-10-29T12:12:10","modified_gmt":"2025-10-29T12:12:10","slug":"forest-bowling-2","status":"publish","type":"product","link":"https:\/\/www.alfadu-amusement.com\/?product=forest-bowling-2&lang=fr","title":{"rendered":"Forest Bowling"},"content":{"rendered":"<table class=\"has-text-color has-link-color has-border-color has-fixed-layout\" width=\"739\">\n<tbody>\n<tr>\n<td>\n<pre id=\"tw-target-text\" class=\"tw-data-text tw-text-large tw-ta\" dir=\"ltr\" tabindex=\"-1\" role=\"text\" data-placeholder=\"Traduction\" data-ved=\"2ahUKEwiy8JHArMmQAxWDNPsDHc6JAtsQ3ewLegQIDBAV\" aria-label=\"Texte traduit\u00a0: R\u00e9f\u00e9rence\u00a0: MNG-00003\r\n\r\nDimensions\u00a0: L 2350\u00a0\u00d7\u00a0l 1650\u00a0\u00d7\u00a0H 2440\u00a0mm\r\n\r\nPuissance\u00a0: 350-400\u00a0W, 220\u00a0V\r\n\r\nPoids\"><span class=\"Y2IQFc\" lang=\"fr\">R\u00e9f\u00e9rence\u00a0<\/span><\/pre>\n<\/td>\n<td>MNG-00003<\/td>\n<\/tr>\n<tr>\n<td>\n<pre id=\"tw-target-text\" class=\"tw-data-text tw-text-large tw-ta\" dir=\"ltr\" tabindex=\"-1\" role=\"text\" data-placeholder=\"Traduction\" data-ved=\"2ahUKEwiy8JHArMmQAxWDNPsDHc6JAtsQ3ewLegQIDBAV\" aria-label=\"Texte traduit\u00a0: R\u00e9f\u00e9rence\u00a0: MNG-00003\r\n\r\nDimensions\u00a0: L 2350\u00a0\u00d7\u00a0l 1650\u00a0\u00d7\u00a0H 2440\u00a0mm\r\n\r\nPuissance\u00a0: 350-400\u00a0W, 220\u00a0V\r\n\r\nPoids\"><span class=\"Y2IQFc\" lang=\"fr\">Dimensions\u00a0<\/span><\/pre>\n<\/td>\n<td>L2350*W1650*H2440<\/td>\n<\/tr>\n<tr>\n<td>\n<pre id=\"tw-target-text\" class=\"tw-data-text tw-text-large tw-ta\" dir=\"ltr\" tabindex=\"-1\" role=\"text\" data-placeholder=\"Traduction\" data-ved=\"2ahUKEwiy8JHArMmQAxWDNPsDHc6JAtsQ3ewLegQIDBAV\" aria-label=\"Texte traduit\u00a0: R\u00e9f\u00e9rence\u00a0: MNG-00003\r\n\r\nDimensions\u00a0: L 2350\u00a0\u00d7\u00a0l 1650\u00a0\u00d7\u00a0H 2440\u00a0mm\r\n\r\nPuissance\u00a0: 350-400\u00a0W, 220\u00a0V\r\n\r\nPoids\"><span class=\"Y2IQFc\" lang=\"fr\">Puissance\u00a0<\/span><\/pre>\n<\/td>\n<td>350-400W 220V<\/td>\n<\/tr>\n<tr>\n<td>\n<pre id=\"tw-target-text\" class=\"tw-data-text tw-text-large tw-ta\" dir=\"ltr\" tabindex=\"-1\" role=\"text\" data-placeholder=\"Traduction\" data-ved=\"2ahUKEwiy8JHArMmQAxWDNPsDHc6JAtsQ3ewLegQIDBAV\" aria-label=\"Texte traduit\u00a0: R\u00e9f\u00e9rence\u00a0: MNG-00003\r\n\r\nDimensions\u00a0: L 2350\u00a0\u00d7\u00a0l 1650\u00a0\u00d7\u00a0H 2440\u00a0mm\r\n\r\nPuissance\u00a0: 350-400\u00a0W, 220\u00a0V\r\n\r\nPoids\"><span class=\"Y2IQFc\" lang=\"fr\">Poids<\/span><\/pre>\n<\/td>\n<td>408KG<\/td>\n<\/tr>\n<\/tbody>\n<\/table>\n","protected":false},"excerpt":{"rendered":"<p><strong>Caract\u00e9ristiques de ce produit\u00a0:<\/strong><\/p>\n<p>Apr\u00e8s avoir choisi le mode simple ou double, lancez la partie. Faites rouler la boule jusqu&rsquo;\u00e0 l&rsquo;avant de la machine et marquez des points. Le double couloir de bowling est \u00e9quip\u00e9 d&rsquo;un \u00e9clairage LED \u00e9blouissant, pour une exp\u00e9rience de jeu plus r\u00e9aliste et plus stimulante.<\/p>\n","protected":false},"featured_media":1750,"template":"","meta":[],"product_brand":[],"product_cat":[428,383],"product_tag":[],"class_list":{"0":"post-3051","1":"product","2":"type-product","3":"status-publish","4":"has-post-thumbnail","6":"product_cat-jeu-de-carnaval","7":"product_cat-jeux-interactifs-jeux-avec-monnayeur","9":"first","10":"instock","11":"shipping-taxable","12":"product-type-simple"},"_links":{"self":[{"href":"https:\/\/www.alfadu-amusement.com\/index.php?rest_route=\/wp\/v2\/product\/3051","targetHints":{"allow":["GET"]}}],"collection":[{"href":"https:\/\/www.alfadu-amusement.com\/index.php?rest_route=\/wp\/v2\/product"}],"about":[{"href":"https:\/\/www.alfadu-amusement.com\/index.php?rest_route=\/wp\/v2\/types\/product"}],"wp:featuredmedia":[{"embeddable":true,"href":"https:\/\/www.alfadu-amusement.com\/index.php?rest_route=\/wp\/v2\/media\/1750"}],"wp:attachment":[{"href":"https:\/\/www.alfadu-amusement.com\/index.php?rest_route=%2Fwp%2Fv2%2Fmedia&parent=3051"}],"wp:term":[{"taxonomy":"product_brand","embeddable":true,"href":"https:\/\/www.alfadu-amusement.com\/index.php?rest_route=%2Fwp%2Fv2%2Fproduct_brand&post=3051"},{"taxonomy":"product_cat","embeddable":true,"href":"https:\/\/www.alfadu-amusement.com\/index.php?rest_route=%2Fwp%2Fv2%2Fproduct_cat&post=3051"},{"taxonomy":"product_tag","embeddable":true,"href":"https:\/\/www.alfadu-amusement.com\/index.php?rest_route=%2Fwp%2Fv2%2Fproduct_tag&post=3051"}],"curies":[{"name":"wp","href":"https:\/\/api.w.org\/{rel}","templated":true}]}}