{"id":3054,"date":"2025-10-29T12:15:00","date_gmt":"2025-10-29T12:15:00","guid":{"rendered":"https:\/\/www.alfadu-amusement.com\/?post_type=product&#038;p=3054"},"modified":"2025-10-29T12:15:00","modified_gmt":"2025-10-29T12:15:00","slug":"chateau-arc-en-ciel-mng-00002","status":"publish","type":"product","link":"https:\/\/www.alfadu-amusement.com\/?product=chateau-arc-en-ciel-mng-00002&lang=fr","title":{"rendered":"ch\u00e2teau arc-en-ciel MNG-00002"},"content":{"rendered":"<table class=\"has-text-color has-link-color has-border-color has-fixed-layout\" width=\"739\">\n<tbody>\n<tr>\n<td>\n<pre id=\"tw-target-text\" class=\"tw-data-text tw-text-large tw-ta\" dir=\"ltr\" tabindex=\"-1\" role=\"text\" data-placeholder=\"Traduction\" data-ved=\"2ahUKEwiy8JHArMmQAxWDNPsDHc6JAtsQ3ewLegQIDBAV\" aria-label=\"Texte traduit\u00a0: R\u00e9f\u00e9rence\u00a0: MNG-00002\r\n\r\nDimensions\u00a0: L 1400\u00a0\u00d7\u00a0l 1100\u00a0\u00d7\u00a0H 2650\u00a0mm\r\n\r\nPuissance\u00a0: 200-500\u00a0W, 220\u00a0V\r\n\r\nPoids\"><span class=\"Y2IQFc\" lang=\"fr\">R\u00e9f\u00e9rence\u00a0<\/span><\/pre>\n<\/td>\n<td>MNG-00002<\/td>\n<\/tr>\n<tr>\n<td>\n<pre id=\"tw-target-text\" class=\"tw-data-text tw-text-large tw-ta\" dir=\"ltr\" tabindex=\"-1\" role=\"text\" data-placeholder=\"Traduction\" data-ved=\"2ahUKEwiy8JHArMmQAxWDNPsDHc6JAtsQ3ewLegQIDBAV\" aria-label=\"Texte traduit\u00a0: R\u00e9f\u00e9rence\u00a0: MNG-00002\r\n\r\nDimensions\u00a0: L 1400\u00a0\u00d7\u00a0l 1100\u00a0\u00d7\u00a0H 2650\u00a0mm\r\n\r\nPuissance\u00a0: 200-500\u00a0W, 220\u00a0V\r\n\r\nPoids\"><span class=\"Y2IQFc\" lang=\"fr\">Dimensions\u00a0<\/span><\/pre>\n<\/td>\n<td>L1400*W1100*H2650<\/td>\n<\/tr>\n<tr>\n<td>\n<pre id=\"tw-target-text\" class=\"tw-data-text tw-text-large tw-ta\" dir=\"ltr\" tabindex=\"-1\" role=\"text\" data-placeholder=\"Traduction\" data-ved=\"2ahUKEwiy8JHArMmQAxWDNPsDHc6JAtsQ3ewLegQIDBAV\" aria-label=\"Texte traduit\u00a0: R\u00e9f\u00e9rence\u00a0: MNG-00002\r\n\r\nDimensions\u00a0: L 1400\u00a0\u00d7\u00a0l 1100\u00a0\u00d7\u00a0H 2650\u00a0mm\r\n\r\nPuissance\u00a0: 200-500\u00a0W, 220\u00a0V\r\n\r\nPoids\"><span class=\"Y2IQFc\" lang=\"fr\">Puissance\u00a0<\/span><\/pre>\n<\/td>\n<td>200-500W. 220V<\/td>\n<\/tr>\n<tr>\n<td>\n<pre id=\"tw-target-text\" class=\"tw-data-text tw-text-large tw-ta\" dir=\"ltr\" tabindex=\"-1\" role=\"text\" data-placeholder=\"Traduction\" data-ved=\"2ahUKEwiy8JHArMmQAxWDNPsDHc6JAtsQ3ewLegQIDBAV\" aria-label=\"Texte traduit\u00a0: R\u00e9f\u00e9rence\u00a0: MNG-00002\r\n\r\nDimensions\u00a0: L 1400\u00a0\u00d7\u00a0l 1100\u00a0\u00d7\u00a0H 2650\u00a0mm\r\n\r\nPuissance\u00a0: 200-500\u00a0W, 220\u00a0V\r\n\r\nPoids\"><span class=\"Y2IQFc\" lang=\"fr\">Poids<\/span><\/pre>\n<\/td>\n<td>266KG<\/td>\n<\/tr>\n<\/tbody>\n<\/table>\n","protected":false},"excerpt":{"rendered":"<p>Un concept de jeu de tickets unique, inspir\u00e9 d&rsquo;une piscine \u00e0 balles.<\/p>\n<p>Gagnez des tickets en ramassant les balles et en les d\u00e9posant dans l&rsquo;orifice pr\u00e9vu \u00e0 cet effet.<\/p>\n<p>Un \u00e9clairage LED multicolore et brillant qui porte bien son nom.<\/p>\n<p>Extr\u00eamement facile \u00e0 jouer et tr\u00e8s attrayant pour les enfants.<\/p>\n<p>La chambre de jeu est \u00e9quip\u00e9e d&rsquo;un rebord sur\u00e9lev\u00e9 et de sangles\/ligatures en plastique pour maintenir les balles \u00e0 l&rsquo;int\u00e9rieur.<\/p>\n<p>De nombreuses balles en plastique souple sont fournies pour commencer.<\/p>\n<p>Le stockage et la distribution des balles se font par le haut\u00a0; un syst\u00e8me de tapis roulant automatique remplit les balles.<\/p>\n<p>Un \u00e9cran LED multicolore affiche les instructions et les informations du jeu (tickets gagn\u00e9s, temps restant, cr\u00e9dits ins\u00e9r\u00e9s).<\/p>\n<p>Une musique joyeuse accompagne le jeu.<\/p>\n<p>Param\u00e8tres de tickets ajustables par l&rsquo;op\u00e9rateur.<\/p>\n<p>Fonctionne avec des pi\u00e8ces ou une carte.<\/p>\n","protected":false},"featured_media":1746,"template":"","meta":[],"product_brand":[],"product_cat":[428,383],"product_tag":[],"class_list":{"0":"post-3054","1":"product","2":"type-product","3":"status-publish","4":"has-post-thumbnail","6":"product_cat-jeu-de-carnaval","7":"product_cat-jeux-interactifs-jeux-avec-monnayeur","9":"first","10":"instock","11":"shipping-taxable","12":"product-type-simple"},"_links":{"self":[{"href":"https:\/\/www.alfadu-amusement.com\/index.php?rest_route=\/wp\/v2\/product\/3054","targetHints":{"allow":["GET"]}}],"collection":[{"href":"https:\/\/www.alfadu-amusement.com\/index.php?rest_route=\/wp\/v2\/product"}],"about":[{"href":"https:\/\/www.alfadu-amusement.com\/index.php?rest_route=\/wp\/v2\/types\/product"}],"wp:featuredmedia":[{"embeddable":true,"href":"https:\/\/www.alfadu-amusement.com\/index.php?rest_route=\/wp\/v2\/media\/1746"}],"wp:attachment":[{"href":"https:\/\/www.alfadu-amusement.com\/index.php?rest_route=%2Fwp%2Fv2%2Fmedia&parent=3054"}],"wp:term":[{"taxonomy":"product_brand","embeddable":true,"href":"https:\/\/www.alfadu-amusement.com\/index.php?rest_route=%2Fwp%2Fv2%2Fproduct_brand&post=3054"},{"taxonomy":"product_cat","embeddable":true,"href":"https:\/\/www.alfadu-amusement.com\/index.php?rest_route=%2Fwp%2Fv2%2Fproduct_cat&post=3054"},{"taxonomy":"product_tag","embeddable":true,"href":"https:\/\/www.alfadu-amusement.com\/index.php?rest_route=%2Fwp%2Fv2%2Fproduct_tag&post=3054"}],"curies":[{"name":"wp","href":"https:\/\/api.w.org\/{rel}","templated":true}]}}