{"id":3063,"date":"2025-10-29T12:22:58","date_gmt":"2025-10-29T12:22:58","guid":{"rendered":"https:\/\/www.alfadu-amusement.com\/?post_type=product&#038;p=3063"},"modified":"2025-10-29T12:22:58","modified_gmt":"2025-10-29T12:22:58","slug":"chute-despace","status":"publish","type":"product","link":"https:\/\/www.alfadu-amusement.com\/?product=chute-despace&lang=fr","title":{"rendered":"Chute d&rsquo;espace"},"content":{"rendered":"<ol>\n<li><\/li>\n<\/ol>\n<table class=\"has-text-color has-link-color has-border-color has-fixed-layout\" width=\"739\">\n<tbody>\n<tr>\n<td>\n<pre id=\"tw-target-text\" class=\"tw-data-text tw-text-large tw-ta\" dir=\"ltr\" tabindex=\"-1\" role=\"text\" data-placeholder=\"Traduction\" data-ved=\"2ahUKEwiy8JHArMmQAxWDNPsDHc6JAtsQ3ewLegQIDBAV\" aria-label=\"Texte traduit\u00a0: R\u00e9f\u00e9rence mod\u00e8le\u00a0: LEO-1.1.0041\r\n\r\nDimensions\u00a0: 84\u00a0\u00d7\u00a088\u00a0\u00d7\u00a0203\u00a0cm\r\n\r\nAlimentation\u00a0: 220\u00a0V\r\nPoids\"><span class=\"Y2IQFc\" lang=\"fr\">R\u00e9f\u00e9rence mod\u00e8le\u00a0<\/span><\/pre>\n<\/td>\n<td>LEO-1.1.0041<\/td>\n<\/tr>\n<tr>\n<td>\n<pre id=\"tw-target-text\" class=\"tw-data-text tw-text-large tw-ta\" dir=\"ltr\" tabindex=\"-1\" role=\"text\" data-placeholder=\"Traduction\" data-ved=\"2ahUKEwiy8JHArMmQAxWDNPsDHc6JAtsQ3ewLegQIDBAV\" aria-label=\"Texte traduit\u00a0: R\u00e9f\u00e9rence mod\u00e8le\u00a0: LEO-1.1.0041\r\n\r\nDimensions\u00a0: 84\u00a0\u00d7\u00a088\u00a0\u00d7\u00a0203\u00a0cm\r\n\r\nAlimentation\u00a0: 220\u00a0V\r\nPoids\"><span class=\"Y2IQFc\" lang=\"fr\">Dimensions\u00a0<\/span><\/pre>\n<\/td>\n<td>84x88x203CM<\/td>\n<\/tr>\n<tr>\n<td>\n<pre id=\"tw-target-text\" class=\"tw-data-text tw-text-large tw-ta\" dir=\"ltr\" tabindex=\"-1\" role=\"text\" data-placeholder=\"Traduction\" data-ved=\"2ahUKEwiy8JHArMmQAxWDNPsDHc6JAtsQ3ewLegQIDBAV\" aria-label=\"Texte traduit\u00a0: R\u00e9f\u00e9rence mod\u00e8le\u00a0: LEO-1.1.0041\r\n\r\nDimensions\u00a0: 84\u00a0\u00d7\u00a088\u00a0\u00d7\u00a0203\u00a0cm\r\n\r\nAlimentation\u00a0: 220\u00a0V\r\nPoids\"><span class=\"Y2IQFc\" lang=\"fr\">Alimentation\u00a0<\/span><\/pre>\n<\/td>\n<td>220V<\/td>\n<\/tr>\n<tr>\n<td>\n<pre id=\"tw-target-text\" class=\"tw-data-text tw-text-large tw-ta\" dir=\"ltr\" tabindex=\"-1\" role=\"text\" data-placeholder=\"Traduction\" data-ved=\"2ahUKEwiy8JHArMmQAxWDNPsDHc6JAtsQ3ewLegQIDBAV\" aria-label=\"Texte traduit\u00a0: R\u00e9f\u00e9rence mod\u00e8le\u00a0: LEO-1.1.0041\r\n\r\nDimensions\u00a0: 84\u00a0\u00d7\u00a088\u00a0\u00d7\u00a0203\u00a0cm\r\n\r\nAlimentation\u00a0: 220\u00a0V\r\nPoids\"><span class=\"Y2IQFc\" lang=\"fr\">Poids<\/span><\/pre>\n<\/td>\n<td>121KG<\/td>\n<\/tr>\n<\/tbody>\n<\/table>\n<p><iframe title=\"Space Drop\" width=\"1140\" height=\"641\" src=\"https:\/\/www.youtube.com\/embed\/YBRX3ZMHRQc?feature=oembed\" frameborder=\"0\" allow=\"accelerometer; autoplay; clipboard-write; encrypted-media; gyroscope; picture-in-picture; web-share\" referrerpolicy=\"strict-origin-when-cross-origin\" allowfullscreen><\/iframe><\/p>\n","protected":false},"excerpt":{"rendered":"<div class=\"elementor-element elementor-element-c91532f elementor-widget__width-initial elementor-widget elementor-widget-shopengine-product-excerpt\" data-id=\"c91532f\" data-element_type=\"widget\" data-widget_type=\"shopengine-product-excerpt.default\">\n<div class=\"elementor-widget-container\">\n<div class=\"shopengine shopengine-widget\">\n<div class=\"shopengine-product-excerpt\">\n<div class=\"woocommerce-product-details__short-description\">\n<p>Le \u00ab\u00a0SPACE DROP\u00a0\u00bb est une machine \u00e0 prix pouvant contenir jusqu&rsquo;\u00e0 40 lots diff\u00e9rents. Les joueurs utilisent le m\u00e9canisme \u00e0 pince pour se d\u00e9placer et tenter de r\u00e9cup\u00e9rer le lot d\u00e9sir\u00e9.<\/p>\n<p><strong>Comment jouer\u00a0:<\/strong><\/p>\n<p>1. Ins\u00e9rez des pi\u00e8ces.<\/p>\n<p>2. Visez le lot souhait\u00e9 et appuyez sur le bouton.<\/p>\n<p>3. Si la pince s&rsquo;ouvre, r\u00e9cup\u00e9rez le lot.<\/p>\n<\/div>\n<\/div>\n<\/div>\n<\/div>\n<\/div>\n","protected":false},"featured_media":1510,"template":"","meta":[],"product_brand":[],"product_cat":[383,432],"product_tag":[],"class_list":{"0":"post-3063","1":"product","2":"type-product","3":"status-publish","4":"has-post-thumbnail","6":"product_cat-jeux-interactifs-jeux-avec-monnayeur","7":"product_cat-machine-a-grue","9":"first","10":"instock","11":"shipping-taxable","12":"product-type-simple"},"_links":{"self":[{"href":"https:\/\/www.alfadu-amusement.com\/index.php?rest_route=\/wp\/v2\/product\/3063","targetHints":{"allow":["GET"]}}],"collection":[{"href":"https:\/\/www.alfadu-amusement.com\/index.php?rest_route=\/wp\/v2\/product"}],"about":[{"href":"https:\/\/www.alfadu-amusement.com\/index.php?rest_route=\/wp\/v2\/types\/product"}],"wp:featuredmedia":[{"embeddable":true,"href":"https:\/\/www.alfadu-amusement.com\/index.php?rest_route=\/wp\/v2\/media\/1510"}],"wp:attachment":[{"href":"https:\/\/www.alfadu-amusement.com\/index.php?rest_route=%2Fwp%2Fv2%2Fmedia&parent=3063"}],"wp:term":[{"taxonomy":"product_brand","embeddable":true,"href":"https:\/\/www.alfadu-amusement.com\/index.php?rest_route=%2Fwp%2Fv2%2Fproduct_brand&post=3063"},{"taxonomy":"product_cat","embeddable":true,"href":"https:\/\/www.alfadu-amusement.com\/index.php?rest_route=%2Fwp%2Fv2%2Fproduct_cat&post=3063"},{"taxonomy":"product_tag","embeddable":true,"href":"https:\/\/www.alfadu-amusement.com\/index.php?rest_route=%2Fwp%2Fv2%2Fproduct_tag&post=3063"}],"curies":[{"name":"wp","href":"https:\/\/api.w.org\/{rel}","templated":true}]}}