{"id":3066,"date":"2025-10-29T12:26:09","date_gmt":"2025-10-29T12:26:09","guid":{"rendered":"https:\/\/www.alfadu-amusement.com\/?post_type=product&#038;p=3066"},"modified":"2025-10-29T12:26:09","modified_gmt":"2025-10-29T12:26:09","slug":"station-de-prix","status":"publish","type":"product","link":"https:\/\/www.alfadu-amusement.com\/?product=station-de-prix&lang=fr","title":{"rendered":"Station de prix"},"content":{"rendered":"<table class=\"has-text-color has-link-color has-border-color has-fixed-layout\" width=\"739\">\n<tbody>\n<tr>\n<td>\n<pre id=\"tw-target-text\" class=\"tw-data-text tw-text-large tw-ta\" dir=\"ltr\" tabindex=\"-1\" role=\"text\" data-placeholder=\"Traduction\" data-ved=\"2ahUKEwiy8JHArMmQAxWDNPsDHc6JAtsQ3ewLegQIDBAV\" aria-label=\"Texte traduit\u00a0: R\u00e9f\u00e9rence mod\u00e8le\u00a0: LEO-1.1.0038\r\n\r\nDimensions\u00a0: 195\u00a0\u00d7\u00a045\u00a0\u00d7\u00a0194\u00a0cm\r\n\r\nAlimentation\u00a0: 220\u00a0V\r\nPoids\"><span class=\"Y2IQFc\" lang=\"fr\">R\u00e9f\u00e9rence mod\u00e8le<\/span><\/pre>\n<\/td>\n<td>LEO-1.1.0038<\/td>\n<\/tr>\n<tr>\n<td>\n<pre id=\"tw-target-text\" class=\"tw-data-text tw-text-large tw-ta\" dir=\"ltr\" tabindex=\"-1\" role=\"text\" data-placeholder=\"Traduction\" data-ved=\"2ahUKEwiy8JHArMmQAxWDNPsDHc6JAtsQ3ewLegQIDBAV\" aria-label=\"Texte traduit\u00a0: R\u00e9f\u00e9rence mod\u00e8le\u00a0: LEO-1.1.0038\r\n\r\nDimensions\u00a0: 195\u00a0\u00d7\u00a045\u00a0\u00d7\u00a0194\u00a0cm\r\n\r\nAlimentation\u00a0: 220\u00a0V\r\nPoids\"><span class=\"Y2IQFc\" lang=\"fr\">Dimensions\u00a0<\/span><\/pre>\n<\/td>\n<td>195x45x194CM<\/td>\n<\/tr>\n<tr>\n<td>\n<pre id=\"tw-target-text\" class=\"tw-data-text tw-text-large tw-ta\" dir=\"ltr\" tabindex=\"-1\" role=\"text\" data-placeholder=\"Traduction\" data-ved=\"2ahUKEwiy8JHArMmQAxWDNPsDHc6JAtsQ3ewLegQIDBAV\" aria-label=\"Texte traduit\u00a0: R\u00e9f\u00e9rence mod\u00e8le\u00a0: LEO-1.1.0038\r\n\r\nDimensions\u00a0: 195\u00a0\u00d7\u00a045\u00a0\u00d7\u00a0194\u00a0cm\r\n\r\nAlimentation\u00a0: 220\u00a0V\r\nPoids\"><span class=\"Y2IQFc\" lang=\"fr\">Alimentation\u00a0<\/span><\/pre>\n<\/td>\n<td>220V<\/td>\n<\/tr>\n<tr>\n<td>\n<pre id=\"tw-target-text\" class=\"tw-data-text tw-text-large tw-ta\" dir=\"ltr\" tabindex=\"-1\" role=\"text\" data-placeholder=\"Traduction\" data-ved=\"2ahUKEwiy8JHArMmQAxWDNPsDHc6JAtsQ3ewLegQIDBAV\" aria-label=\"Texte traduit\u00a0: R\u00e9f\u00e9rence mod\u00e8le\u00a0: LEO-1.1.0038\r\n\r\nDimensions\u00a0: 195\u00a0\u00d7\u00a045\u00a0\u00d7\u00a0194\u00a0cm\r\n\r\nAlimentation\u00a0: 220\u00a0V\r\nPoids\"><span class=\"Y2IQFc\" lang=\"fr\">Poids<\/span><\/pre>\n<\/td>\n<td>150KG<\/td>\n<\/tr>\n<\/tbody>\n<\/table>\n<p>&nbsp;<\/p>\n<p><iframe title=\"PRIZE STATION \" width=\"1140\" height=\"641\" src=\"https:\/\/www.youtube.com\/embed\/RWGZS6rKR1c?feature=oembed\" frameborder=\"0\" allow=\"accelerometer; autoplay; clipboard-write; encrypted-media; gyroscope; picture-in-picture; web-share\" referrerpolicy=\"strict-origin-when-cross-origin\" allowfullscreen><\/iframe><\/p>\n","protected":false},"excerpt":{"rendered":"<div class=\"elementor-element elementor-element-c91532f elementor-widget__width-initial elementor-widget elementor-widget-shopengine-product-excerpt\" data-id=\"c91532f\" data-element_type=\"widget\" data-widget_type=\"shopengine-product-excerpt.default\">\n<div class=\"elementor-widget-container\">\n<div class=\"shopengine shopengine-widget\">\n<div class=\"shopengine-product-excerpt\">\n<div class=\"woocommerce-product-details__short-description\">\n<p>L&rsquo;univers magique des enfants. Chaque \u0153uf Twisty renferme un jouet diff\u00e9rent. Myst\u00e9rieux et enchanteur.<\/p>\n<p>Cinq \u0153ufs Twisty diff\u00e9rents pour satisfaire toutes les envies des enfants.<\/p>\n<p><strong>Comment jouer\u00a0:<\/strong><\/p>\n<p>1. Ins\u00e9rez des pi\u00e8ces.<\/p>\n<p>2. Choisissez votre r\u00e9compense et appuyez sur le bouton correspondant.<\/p>\n<p>3. R\u00e9cup\u00e9rez votre r\u00e9compense\u00a0!<\/p>\n<\/div>\n<\/div>\n<\/div>\n<\/div>\n<\/div>\n","protected":false},"featured_media":1504,"template":"","meta":[],"product_brand":[],"product_cat":[383,432],"product_tag":[],"class_list":{"0":"post-3066","1":"product","2":"type-product","3":"status-publish","4":"has-post-thumbnail","6":"product_cat-jeux-interactifs-jeux-avec-monnayeur","7":"product_cat-machine-a-grue","9":"first","10":"instock","11":"shipping-taxable","12":"product-type-simple"},"_links":{"self":[{"href":"https:\/\/www.alfadu-amusement.com\/index.php?rest_route=\/wp\/v2\/product\/3066","targetHints":{"allow":["GET"]}}],"collection":[{"href":"https:\/\/www.alfadu-amusement.com\/index.php?rest_route=\/wp\/v2\/product"}],"about":[{"href":"https:\/\/www.alfadu-amusement.com\/index.php?rest_route=\/wp\/v2\/types\/product"}],"wp:featuredmedia":[{"embeddable":true,"href":"https:\/\/www.alfadu-amusement.com\/index.php?rest_route=\/wp\/v2\/media\/1504"}],"wp:attachment":[{"href":"https:\/\/www.alfadu-amusement.com\/index.php?rest_route=%2Fwp%2Fv2%2Fmedia&parent=3066"}],"wp:term":[{"taxonomy":"product_brand","embeddable":true,"href":"https:\/\/www.alfadu-amusement.com\/index.php?rest_route=%2Fwp%2Fv2%2Fproduct_brand&post=3066"},{"taxonomy":"product_cat","embeddable":true,"href":"https:\/\/www.alfadu-amusement.com\/index.php?rest_route=%2Fwp%2Fv2%2Fproduct_cat&post=3066"},{"taxonomy":"product_tag","embeddable":true,"href":"https:\/\/www.alfadu-amusement.com\/index.php?rest_route=%2Fwp%2Fv2%2Fproduct_tag&post=3066"}],"curies":[{"name":"wp","href":"https:\/\/api.w.org\/{rel}","templated":true}]}}