{"id":3072,"date":"2025-10-29T20:01:16","date_gmt":"2025-10-29T20:01:16","guid":{"rendered":"https:\/\/www.alfadu-amusement.com\/?post_type=product&#038;p=3072"},"modified":"2025-10-29T20:01:16","modified_gmt":"2025-10-29T20:01:16","slug":"jouet-etoile-de-luxe","status":"publish","type":"product","link":"https:\/\/www.alfadu-amusement.com\/?product=jouet-etoile-de-luxe&lang=fr","title":{"rendered":"Jouet \u00e9toile de luxe"},"content":{"rendered":"<div class=\"woocommerce-tabs wc-tabs-wrapper\">\n<div id=\"tab-description\" class=\"woocommerce-Tabs-panel woocommerce-Tabs-panel--description panel entry-content wc-tab\" role=\"tabpanel\" aria-labelledby=\"tab-title-description\">\n<table class=\"has-text-color has-link-color has-border-color has-fixed-layout\" width=\"739\">\n<tbody>\n<tr>\n<td>\n<pre id=\"tw-target-text\" class=\"tw-data-text tw-text-large tw-ta\" dir=\"ltr\" tabindex=\"-1\" role=\"text\" data-placeholder=\"Traduction\" data-ved=\"2ahUKEwjAtd_JmMqQAxW0SaQEHdj1Me4Q3ewLegQIDBAV\" aria-label=\"Texte traduit\u00a0: R\u00e9f\u00e9rence mod\u00e8le\u00a0: LEO-1.1.0047\r\n\r\nDimensions\u00a0: 80\u00a0x\u00a088\u00a0x\u00a0202\u00a0cm\r\n\r\nAlimentation\u00a0: 220\u00a0V\r\n\r\nPoids\u00a0: 119\u00a0kg\"><span class=\"Y2IQFc\" lang=\"fr\">R\u00e9f\u00e9rence mod\u00e8le<\/span><\/pre>\n<\/td>\n<td>LEO-1<span style=\"font-family: inherit; font-size: inherit; -webkit-text-size-adjust: 100%;\">.1.0047<\/span><\/td>\n<\/tr>\n<tr>\n<td>\n<pre id=\"tw-target-text\" class=\"tw-data-text tw-text-large tw-ta\" dir=\"ltr\" tabindex=\"-1\" role=\"text\" data-placeholder=\"Traduction\" data-ved=\"2ahUKEwjAtd_JmMqQAxW0SaQEHdj1Me4Q3ewLegQIDBAV\" aria-label=\"Texte traduit\u00a0: R\u00e9f\u00e9rence mod\u00e8le\u00a0: LEO-1.1.0047\r\n\r\nDimensions\u00a0: 80\u00a0x\u00a088\u00a0x\u00a0202\u00a0cm\r\n\r\nAlimentation\u00a0: 220\u00a0V\r\n\r\nPoids\u00a0: 119\u00a0kg\"><span class=\"Y2IQFc\" lang=\"fr\">Dimensions<\/span><\/pre>\n<\/td>\n<td>80x88x202CM<\/td>\n<\/tr>\n<tr>\n<td>\n<pre id=\"tw-target-text\" class=\"tw-data-text tw-text-large tw-ta\" dir=\"ltr\" tabindex=\"-1\" role=\"text\" data-placeholder=\"Traduction\" data-ved=\"2ahUKEwjAtd_JmMqQAxW0SaQEHdj1Me4Q3ewLegQIDBAV\" aria-label=\"Texte traduit\u00a0: R\u00e9f\u00e9rence mod\u00e8le\u00a0: LEO-1.1.0047\r\n\r\nDimensions\u00a0: 80\u00a0x\u00a088\u00a0x\u00a0202\u00a0cm\r\n\r\nAlimentation\u00a0: 220\u00a0V\r\n\r\nPoids\u00a0: 119\u00a0kg\"><span class=\"Y2IQFc\" lang=\"fr\">Alimentation<\/span><\/pre>\n<\/td>\n<td>220V<\/td>\n<\/tr>\n<tr>\n<td>\n<pre id=\"tw-target-text\" class=\"tw-data-text tw-text-large tw-ta\" dir=\"ltr\" tabindex=\"-1\" role=\"text\" data-placeholder=\"Traduction\" data-ved=\"2ahUKEwjAtd_JmMqQAxW0SaQEHdj1Me4Q3ewLegQIDBAV\" aria-label=\"Texte traduit\u00a0: R\u00e9f\u00e9rence mod\u00e8le\u00a0: LEO-1.1.0047\r\n\r\nDimensions\u00a0: 80\u00a0x\u00a088\u00a0x\u00a0202\u00a0cm\r\n\r\nAlimentation\u00a0: 220\u00a0V\r\n\r\nPoids\u00a0: 119\u00a0kg\"><span class=\"Y2IQFc\" lang=\"fr\">Poids<\/span><\/pre>\n<\/td>\n<td>119KG<\/td>\n<\/tr>\n<\/tbody>\n<\/table>\n<p><iframe title=\"TOY STAR DX\" width=\"1140\" height=\"641\" src=\"https:\/\/www.youtube.com\/embed\/iUNfxwz1xd4?feature=oembed\" frameborder=\"0\" allow=\"accelerometer; autoplay; clipboard-write; encrypted-media; gyroscope; picture-in-picture; web-share\" referrerpolicy=\"strict-origin-when-cross-origin\" allowfullscreen><\/iframe><\/p>\n<\/div>\n<\/div>\n<section class=\"related products\">\u00a0<\/section>\n","protected":false},"excerpt":{"rendered":"<p style=\"text-align: left;\">Borne d&rsquo;arcade professionnelle dot\u00e9e d&rsquo;un caisson en acrylique transparent \u00e0 360\u00b0 et d&rsquo;un syst\u00e8me d&rsquo;\u00e9clairage LED 6500K. Con\u00e7ue avec des composants de qualit\u00e9 industrielle, notamment des servomoteurs de pr\u00e9cision (pr\u00e9cision de positionnement de 0,1 mm) et un monnayeur de qualit\u00e9 commerciale (conforme \u00e0 la norme ISO 4217). Id\u00e9ale pour les centres de loisirs et les salles d&rsquo;arcade \u00e0 forte fr\u00e9quentation, elle offre une stabilit\u00e9 structurelle de 90 kg et un panneau de commande \u00e9tanche IP32.<\/p>\n","protected":false},"featured_media":1273,"template":"","meta":[],"product_brand":[],"product_cat":[383,432],"product_tag":[],"class_list":{"0":"post-3072","1":"product","2":"type-product","3":"status-publish","4":"has-post-thumbnail","6":"product_cat-jeux-interactifs-jeux-avec-monnayeur","7":"product_cat-machine-a-grue","9":"first","10":"instock","11":"shipping-taxable","12":"product-type-simple"},"_links":{"self":[{"href":"https:\/\/www.alfadu-amusement.com\/index.php?rest_route=\/wp\/v2\/product\/3072","targetHints":{"allow":["GET"]}}],"collection":[{"href":"https:\/\/www.alfadu-amusement.com\/index.php?rest_route=\/wp\/v2\/product"}],"about":[{"href":"https:\/\/www.alfadu-amusement.com\/index.php?rest_route=\/wp\/v2\/types\/product"}],"wp:featuredmedia":[{"embeddable":true,"href":"https:\/\/www.alfadu-amusement.com\/index.php?rest_route=\/wp\/v2\/media\/1273"}],"wp:attachment":[{"href":"https:\/\/www.alfadu-amusement.com\/index.php?rest_route=%2Fwp%2Fv2%2Fmedia&parent=3072"}],"wp:term":[{"taxonomy":"product_brand","embeddable":true,"href":"https:\/\/www.alfadu-amusement.com\/index.php?rest_route=%2Fwp%2Fv2%2Fproduct_brand&post=3072"},{"taxonomy":"product_cat","embeddable":true,"href":"https:\/\/www.alfadu-amusement.com\/index.php?rest_route=%2Fwp%2Fv2%2Fproduct_cat&post=3072"},{"taxonomy":"product_tag","embeddable":true,"href":"https:\/\/www.alfadu-amusement.com\/index.php?rest_route=%2Fwp%2Fv2%2Fproduct_tag&post=3072"}],"curies":[{"name":"wp","href":"https:\/\/api.w.org\/{rel}","templated":true}]}}