{"id":3081,"date":"2025-10-29T20:09:32","date_gmt":"2025-10-29T20:09:32","guid":{"rendered":"https:\/\/www.alfadu-amusement.com\/?post_type=product&#038;p=3081"},"modified":"2025-10-29T20:09:32","modified_gmt":"2025-10-29T20:09:32","slug":"jouet-heureux","status":"publish","type":"product","link":"https:\/\/www.alfadu-amusement.com\/?product=jouet-heureux&lang=fr","title":{"rendered":"Jouet heureux"},"content":{"rendered":"<table class=\"has-text-color has-link-color has-border-color has-fixed-layout\">\n<tbody>\n<tr>\n<td>\n<pre id=\"tw-target-text\" class=\"tw-data-text tw-text-large tw-ta\" dir=\"ltr\" tabindex=\"-1\" role=\"text\" data-placeholder=\"Traduction\" data-ved=\"2ahUKEwjAtd_JmMqQAxW0SaQEHdj1Me4Q3ewLegQIDBAV\" aria-label=\"Texte traduit\u00a0: Num\u00e9ro de mod\u00e8le\u00a0: LEO-1.1.0029\r\nDimensions\u00a0: 54\u00a0\u00d7\u00a073\u00a0\u00d7\u00a0157\u00a0cm\r\nPuissance\"><span class=\"Y2IQFc\" lang=\"fr\">Num\u00e9ro de mod\u00e8le\u00a0<\/span><\/pre>\n<\/td>\n<td>LEO- 1.1.0029<\/td>\n<\/tr>\n<tr>\n<td>\n<pre id=\"tw-target-text\" class=\"tw-data-text tw-text-large tw-ta\" dir=\"ltr\" tabindex=\"-1\" role=\"text\" data-placeholder=\"Traduction\" data-ved=\"2ahUKEwjAtd_JmMqQAxW0SaQEHdj1Me4Q3ewLegQIDBAV\" aria-label=\"Texte traduit\u00a0: Num\u00e9ro de mod\u00e8le\u00a0: LEO-1.1.0029\r\nDimensions\u00a0: 54\u00a0\u00d7\u00a073\u00a0\u00d7\u00a0157\u00a0cm\r\nPuissance\"><span class=\"Y2IQFc\" lang=\"fr\">Dimensions<\/span><\/pre>\n<\/td>\n<td>54\u00d773\u00d7157CM<\/td>\n<\/tr>\n<tr>\n<td>\n<pre id=\"tw-target-text\" class=\"tw-data-text tw-text-large tw-ta\" dir=\"ltr\" tabindex=\"-1\" role=\"text\" data-placeholder=\"Traduction\" data-ved=\"2ahUKEwjAtd_JmMqQAxW0SaQEHdj1Me4Q3ewLegQIDBAV\" aria-label=\"Texte traduit\u00a0: Num\u00e9ro de mod\u00e8le\u00a0: LEO-1.1.0029\r\nDimensions\u00a0: 54\u00a0\u00d7\u00a073\u00a0\u00d7\u00a0157\u00a0cm\r\nPuissance\"><span class=\"Y2IQFc\" lang=\"fr\">Puissance<\/span><\/pre>\n<\/td>\n<td>220V<\/td>\n<\/tr>\n<\/tbody>\n<\/table>\n<p><iframe title=\"HAPPY TOY  claw machine\" width=\"1140\" height=\"641\" src=\"https:\/\/www.youtube.com\/embed\/4rjRo6ZOD8Y?feature=oembed\" frameborder=\"0\" allow=\"accelerometer; autoplay; clipboard-write; encrypted-media; gyroscope; picture-in-picture; web-share\" referrerpolicy=\"strict-origin-when-cross-origin\" allowfullscreen><\/iframe><\/p>\n","protected":false},"excerpt":{"rendered":"<div class=\"elementor-element elementor-element-c91532f elementor-widget__width-initial elementor-widget elementor-widget-shopengine-product-excerpt\" data-id=\"c91532f\" data-element_type=\"widget\" data-widget_type=\"shopengine-product-excerpt.default\">\n<div class=\"elementor-widget-container\">\n<div class=\"shopengine shopengine-widget\">\n<div class=\"shopengine-product-excerpt\">\n<div class=\"woocommerce-product-details__short-description\">\n<p>La machine \u00e0 pince Happy Toy est l\u00e9g\u00e8re et les lots sont principalement de petits objets.<\/p>\n<p>Les enfants adorent cette petite machine \u00e0 pince. Sa petite taille la rend plus attrayante.<\/p>\n<p><strong>Comment jouer\u00a0:<\/strong><\/p>\n<p>1. Ins\u00e9rez des pi\u00e8ces.<\/p>\n<p>2. Utilisez le joystick pour d\u00e9placer la pince.<\/p>\n<p>3. Appuyez sur le bouton pour attraper la peluche.<\/p>\n<p>4. Si vous gagnez, r\u00e9cup\u00e9rez la peluche par la trappe.<\/p>\n<\/div>\n<\/div>\n<\/div>\n<\/div>\n<\/div>\n","protected":false},"featured_media":1257,"template":"","meta":[],"product_brand":[],"product_cat":[383,432],"product_tag":[],"class_list":{"0":"post-3081","1":"product","2":"type-product","3":"status-publish","4":"has-post-thumbnail","6":"product_cat-jeux-interactifs-jeux-avec-monnayeur","7":"product_cat-machine-a-grue","9":"first","10":"instock","11":"shipping-taxable","12":"product-type-simple"},"_links":{"self":[{"href":"https:\/\/www.alfadu-amusement.com\/index.php?rest_route=\/wp\/v2\/product\/3081","targetHints":{"allow":["GET"]}}],"collection":[{"href":"https:\/\/www.alfadu-amusement.com\/index.php?rest_route=\/wp\/v2\/product"}],"about":[{"href":"https:\/\/www.alfadu-amusement.com\/index.php?rest_route=\/wp\/v2\/types\/product"}],"wp:featuredmedia":[{"embeddable":true,"href":"https:\/\/www.alfadu-amusement.com\/index.php?rest_route=\/wp\/v2\/media\/1257"}],"wp:attachment":[{"href":"https:\/\/www.alfadu-amusement.com\/index.php?rest_route=%2Fwp%2Fv2%2Fmedia&parent=3081"}],"wp:term":[{"taxonomy":"product_brand","embeddable":true,"href":"https:\/\/www.alfadu-amusement.com\/index.php?rest_route=%2Fwp%2Fv2%2Fproduct_brand&post=3081"},{"taxonomy":"product_cat","embeddable":true,"href":"https:\/\/www.alfadu-amusement.com\/index.php?rest_route=%2Fwp%2Fv2%2Fproduct_cat&post=3081"},{"taxonomy":"product_tag","embeddable":true,"href":"https:\/\/www.alfadu-amusement.com\/index.php?rest_route=%2Fwp%2Fv2%2Fproduct_tag&post=3081"}],"curies":[{"name":"wp","href":"https:\/\/api.w.org\/{rel}","templated":true}]}}