{"id":3084,"date":"2025-10-29T20:12:10","date_gmt":"2025-10-29T20:12:10","guid":{"rendered":"https:\/\/www.alfadu-amusement.com\/?post_type=product&#038;p=3084"},"modified":"2025-10-29T20:12:10","modified_gmt":"2025-10-29T20:12:10","slug":"bon-spectacle","status":"publish","type":"product","link":"https:\/\/www.alfadu-amusement.com\/?product=bon-spectacle&lang=fr","title":{"rendered":"Bon spectacle"},"content":{"rendered":"<blockquote>\n<table class=\"has-text-color has-link-color has-border-color has-fixed-layout\">\n<tbody>\n<tr>\n<td>\n<pre id=\"tw-target-text\" class=\"tw-data-text tw-text-large tw-ta\" dir=\"ltr\" tabindex=\"-1\" role=\"text\" data-placeholder=\"Traduction\" data-ved=\"2ahUKEwjAtd_JmMqQAxW0SaQEHdj1Me4Q3ewLegQIDBAV\" aria-label=\"Texte traduit\u00a0: Num\u00e9ro de mod\u00e8le\u00a0: LEO-1.1.0024\r\n\r\nDimensions\u00a0: 78\u00a0\u00d7\u00a085\u00a0\u00d7\u00a0190\u00a0cm\r\nPuissance\"><span class=\"Y2IQFc\" lang=\"fr\">Num\u00e9ro de mod\u00e8le<\/span><\/pre>\n<\/td>\n<td>LEO-1.1.0024<\/td>\n<\/tr>\n<tr>\n<td>\n<pre id=\"tw-target-text\" class=\"tw-data-text tw-text-large tw-ta\" dir=\"ltr\" tabindex=\"-1\" role=\"text\" data-placeholder=\"Traduction\" data-ved=\"2ahUKEwjAtd_JmMqQAxW0SaQEHdj1Me4Q3ewLegQIDBAV\" aria-label=\"Texte traduit\u00a0: Num\u00e9ro de mod\u00e8le\u00a0: LEO-1.1.0024\r\n\r\nDimensions\u00a0: 78\u00a0\u00d7\u00a085\u00a0\u00d7\u00a0190\u00a0cm\r\nPuissance\"><span class=\"Y2IQFc\" lang=\"fr\">Dimensions<\/span><\/pre>\n<\/td>\n<td>78\u00d785\u00d7190CM<\/td>\n<\/tr>\n<tr>\n<td>\n<pre id=\"tw-target-text\" class=\"tw-data-text tw-text-large tw-ta\" dir=\"ltr\" tabindex=\"-1\" role=\"text\" data-placeholder=\"Traduction\" data-ved=\"2ahUKEwjAtd_JmMqQAxW0SaQEHdj1Me4Q3ewLegQIDBAV\" aria-label=\"Texte traduit\u00a0: Num\u00e9ro de mod\u00e8le\u00a0: LEO-1.1.0024\r\n\r\nDimensions\u00a0: 78\u00a0\u00d7\u00a085\u00a0\u00d7\u00a0190\u00a0cm\r\nPuissance\"><span class=\"Y2IQFc\" lang=\"fr\">Puissance<\/span><\/pre>\n<\/td>\n<td>220V<\/td>\n<\/tr>\n<\/tbody>\n<\/table>\n<p>https:\/\/youtu.be\/4Os89RHf6kM?si=MsKtcXlZrLTdZaSE<\/p><\/blockquote>\n","protected":false},"excerpt":{"rendered":"<div class=\"elementor-element elementor-element-c91532f elementor-widget__width-initial elementor-widget elementor-widget-shopengine-product-excerpt\" data-id=\"c91532f\" data-element_type=\"widget\" data-widget_type=\"shopengine-product-excerpt.default\">\n<div class=\"elementor-widget-container\">\n<div class=\"shopengine shopengine-widget\">\n<div class=\"shopengine-product-excerpt\">\n<div class=\"woocommerce-product-details__short-description\">\n<p>La machine \u00e0 pince ajoute des \u00e9l\u00e9ments de dessin anim\u00e9 et des couleurs vives pour rendre le jeu encore plus amusant et captivant.<\/p>\n<p>Que vous souhaitiez tester votre adresse ou simplement vous amuser, tenter votre chance \u00e0 la machine \u00e0 pince est une fa\u00e7on divertissante de passer le temps.<\/p>\n<p><strong>Comment jouer\u00a0:<\/strong><\/p>\n<p>1. Ins\u00e9rez des pi\u00e8ces.<\/p>\n<p>2. Utilisez le joystick pour d\u00e9placer la pince.<\/p>\n<p>3. Appuyez sur le bouton pour attraper la peluche.<\/p>\n<p>4. Si vous gagnez, r\u00e9cup\u00e9rez la peluche par la trappe.<\/p>\n<\/div>\n<\/div>\n<\/div>\n<\/div>\n<\/div>\n","protected":false},"featured_media":1251,"template":"","meta":[],"product_brand":[],"product_cat":[383,432],"product_tag":[],"class_list":{"0":"post-3084","1":"product","2":"type-product","3":"status-publish","4":"has-post-thumbnail","6":"product_cat-jeux-interactifs-jeux-avec-monnayeur","7":"product_cat-machine-a-grue","9":"first","10":"instock","11":"shipping-taxable","12":"product-type-simple"},"_links":{"self":[{"href":"https:\/\/www.alfadu-amusement.com\/index.php?rest_route=\/wp\/v2\/product\/3084","targetHints":{"allow":["GET"]}}],"collection":[{"href":"https:\/\/www.alfadu-amusement.com\/index.php?rest_route=\/wp\/v2\/product"}],"about":[{"href":"https:\/\/www.alfadu-amusement.com\/index.php?rest_route=\/wp\/v2\/types\/product"}],"wp:featuredmedia":[{"embeddable":true,"href":"https:\/\/www.alfadu-amusement.com\/index.php?rest_route=\/wp\/v2\/media\/1251"}],"wp:attachment":[{"href":"https:\/\/www.alfadu-amusement.com\/index.php?rest_route=%2Fwp%2Fv2%2Fmedia&parent=3084"}],"wp:term":[{"taxonomy":"product_brand","embeddable":true,"href":"https:\/\/www.alfadu-amusement.com\/index.php?rest_route=%2Fwp%2Fv2%2Fproduct_brand&post=3084"},{"taxonomy":"product_cat","embeddable":true,"href":"https:\/\/www.alfadu-amusement.com\/index.php?rest_route=%2Fwp%2Fv2%2Fproduct_cat&post=3084"},{"taxonomy":"product_tag","embeddable":true,"href":"https:\/\/www.alfadu-amusement.com\/index.php?rest_route=%2Fwp%2Fv2%2Fproduct_tag&post=3084"}],"curies":[{"name":"wp","href":"https:\/\/api.w.org\/{rel}","templated":true}]}}