{"id":3087,"date":"2025-10-29T20:15:25","date_gmt":"2025-10-29T20:15:25","guid":{"rendered":"https:\/\/www.alfadu-amusement.com\/?post_type=product&#038;p=3087"},"modified":"2025-10-29T20:15:25","modified_gmt":"2025-10-29T20:15:25","slug":"top-gun-2","status":"publish","type":"product","link":"https:\/\/www.alfadu-amusement.com\/?product=top-gun-2&lang=fr","title":{"rendered":"Top Gun"},"content":{"rendered":"<blockquote>\n<table class=\"has-text-color has-link-color has-border-color has-fixed-layout\">\n<tbody>\n<tr>\n<td>\n<pre id=\"tw-target-text\" class=\"tw-data-text tw-text-large tw-ta\" dir=\"ltr\" tabindex=\"-1\" role=\"text\" data-placeholder=\"Traduction\" data-ved=\"2ahUKEwjAtd_JmMqQAxW0SaQEHdj1Me4Q3ewLegQIDBAV\" aria-label=\"Texte traduit\u00a0: Num\u00e9ro de mod\u00e8le\u00a0: LEO-1.2.0010\r\n\r\nDimensions\u00a0: 85\u00a0\u00d7\u00a0207\u00a0\u00d7\u00a0238\u00a0cm\r\n\r\nAlimentation\u00a0: 220\u00a0V\r\n\r\nNombre de joueurs\u00a0: 1 \u00e0 4\r\n\r\nPoids\"><span class=\"Y2IQFc\" lang=\"fr\">Num\u00e9ro de mod\u00e8le<\/span><\/pre>\n<\/td>\n<td>LEO-1.2.0010<\/td>\n<\/tr>\n<tr>\n<td>\n<pre id=\"tw-target-text\" class=\"tw-data-text tw-text-large tw-ta\" dir=\"ltr\" tabindex=\"-1\" role=\"text\" data-placeholder=\"Traduction\" data-ved=\"2ahUKEwjAtd_JmMqQAxW0SaQEHdj1Me4Q3ewLegQIDBAV\" aria-label=\"Texte traduit\u00a0: Num\u00e9ro de mod\u00e8le\u00a0: LEO-1.2.0010\r\n\r\nDimensions\u00a0: 85\u00a0\u00d7\u00a0207\u00a0\u00d7\u00a0238\u00a0cm\r\n\r\nAlimentation\u00a0: 220\u00a0V\r\n\r\nNombre de joueurs\u00a0: 1 \u00e0 4\r\n\r\nPoids\"><span class=\"Y2IQFc\" lang=\"fr\">Dimensions\u00a0<\/span><\/pre>\n<\/td>\n<td>85\u00d7207\u00d7238CM<\/td>\n<\/tr>\n<tr>\n<td>\n<pre id=\"tw-target-text\" class=\"tw-data-text tw-text-large tw-ta\" dir=\"ltr\" tabindex=\"-1\" role=\"text\" data-placeholder=\"Traduction\" data-ved=\"2ahUKEwjAtd_JmMqQAxW0SaQEHdj1Me4Q3ewLegQIDBAV\" aria-label=\"Texte traduit\u00a0: Num\u00e9ro de mod\u00e8le\u00a0: LEO-1.2.0010\r\n\r\nDimensions\u00a0: 85\u00a0\u00d7\u00a0207\u00a0\u00d7\u00a0238\u00a0cm\r\n\r\nAlimentation\u00a0: 220\u00a0V\r\n\r\nNombre de joueurs\u00a0: 1 \u00e0 4\r\n\r\nPoids\"><span class=\"Y2IQFc\" lang=\"fr\">Alimentation<\/span><\/pre>\n<\/td>\n<td>220V,<\/td>\n<\/tr>\n<tr>\n<td>\n<pre id=\"tw-target-text\" class=\"tw-data-text tw-text-large tw-ta\" dir=\"ltr\" tabindex=\"-1\" role=\"text\" data-placeholder=\"Traduction\" data-ved=\"2ahUKEwjAtd_JmMqQAxW0SaQEHdj1Me4Q3ewLegQIDBAV\" aria-label=\"Texte traduit\u00a0: Num\u00e9ro de mod\u00e8le\u00a0: LEO-1.2.0010\r\n\r\nDimensions\u00a0: 85\u00a0\u00d7\u00a0207\u00a0\u00d7\u00a0238\u00a0cm\r\n\r\nAlimentation\u00a0: 220\u00a0V\r\n\r\nNombre de joueurs\u00a0: 1 \u00e0 4\r\n\r\nPoids\"><span class=\"Y2IQFc\" lang=\"fr\">Nombre de joueurs<\/span><\/pre>\n<\/td>\n<td>\n<p id=\"tw-target-text\" class=\"tw-data-text tw-text-large tw-ta\" dir=\"ltr\" tabindex=\"-1\" role=\"text\" data-placeholder=\"Traduction\" data-ved=\"2ahUKEwjAtd_JmMqQAxW0SaQEHdj1Me4Q3ewLegQIDBAV\" aria-label=\"Texte traduit\u00a0: Num\u00e9ro de mod\u00e8le\u00a0: LEO-1.2.0010\n\nDimensions\u00a0: 85\u00a0\u00d7\u00a0207\u00a0\u00d7\u00a0238\u00a0cm\n\nAlimentation\u00a0: 220\u00a0V\n\nNombre de joueurs\u00a0: 1 \u00e0 4\n\nPoids\"><span class=\"Y2IQFc\" lang=\"fr\">1 \u00e0 4<\/span><\/p>\n<\/td>\n<\/tr>\n<tr>\n<td>\n<pre id=\"tw-target-text\" class=\"tw-data-text tw-text-large tw-ta\" dir=\"ltr\" tabindex=\"-1\" role=\"text\" data-placeholder=\"Traduction\" data-ved=\"2ahUKEwjAtd_JmMqQAxW0SaQEHdj1Me4Q3ewLegQIDBAV\" aria-label=\"Texte traduit\u00a0: Num\u00e9ro de mod\u00e8le\u00a0: LEO-1.2.0010\r\n\r\nDimensions\u00a0: 85\u00a0\u00d7\u00a0207\u00a0\u00d7\u00a0238\u00a0cm\r\n\r\nAlimentation\u00a0: 220\u00a0V\r\n\r\nNombre de joueurs\u00a0: 1 \u00e0 4\r\n\r\nPoids\"><span class=\"Y2IQFc\" lang=\"fr\">Poids<\/span><\/pre>\n<\/td>\n<td>245KG<\/td>\n<\/tr>\n<\/tbody>\n<\/table>\n<p>https:\/\/youtu.be\/zcVMBT-zzNA?si=pAYtb9sQfWjS5Rt1<\/p><\/blockquote>\n","protected":false},"excerpt":{"rendered":"<p>Top Gun est un jeu d&rsquo;arcade de tir \u00e0 l&rsquo;action fr\u00e9n\u00e9tique, aux combats intenses et qui met la strat\u00e9gie \u00e0 l&rsquo;honneur.<\/p>\n<p>Jusqu&rsquo;\u00e0 4 bornes peuvent \u00eatre connect\u00e9es pour s&rsquo;affronter et vivre une exp\u00e9rience de jeu palpitante et immersive.<\/p>\n","protected":false},"featured_media":1248,"template":"","meta":[],"product_brand":[],"product_cat":[436,383],"product_tag":[],"class_list":{"0":"post-3087","1":"product","2":"type-product","3":"status-publish","4":"has-post-thumbnail","6":"product_cat-jeu-video","7":"product_cat-jeux-interactifs-jeux-avec-monnayeur","9":"first","10":"instock","11":"shipping-taxable","12":"product-type-simple"},"_links":{"self":[{"href":"https:\/\/www.alfadu-amusement.com\/index.php?rest_route=\/wp\/v2\/product\/3087","targetHints":{"allow":["GET"]}}],"collection":[{"href":"https:\/\/www.alfadu-amusement.com\/index.php?rest_route=\/wp\/v2\/product"}],"about":[{"href":"https:\/\/www.alfadu-amusement.com\/index.php?rest_route=\/wp\/v2\/types\/product"}],"wp:featuredmedia":[{"embeddable":true,"href":"https:\/\/www.alfadu-amusement.com\/index.php?rest_route=\/wp\/v2\/media\/1248"}],"wp:attachment":[{"href":"https:\/\/www.alfadu-amusement.com\/index.php?rest_route=%2Fwp%2Fv2%2Fmedia&parent=3087"}],"wp:term":[{"taxonomy":"product_brand","embeddable":true,"href":"https:\/\/www.alfadu-amusement.com\/index.php?rest_route=%2Fwp%2Fv2%2Fproduct_brand&post=3087"},{"taxonomy":"product_cat","embeddable":true,"href":"https:\/\/www.alfadu-amusement.com\/index.php?rest_route=%2Fwp%2Fv2%2Fproduct_cat&post=3087"},{"taxonomy":"product_tag","embeddable":true,"href":"https:\/\/www.alfadu-amusement.com\/index.php?rest_route=%2Fwp%2Fv2%2Fproduct_tag&post=3087"}],"curies":[{"name":"wp","href":"https:\/\/api.w.org\/{rel}","templated":true}]}}