{"id":3090,"date":"2025-10-29T20:18:29","date_gmt":"2025-10-29T20:18:29","guid":{"rendered":"https:\/\/www.alfadu-amusement.com\/?post_type=product&#038;p=3090"},"modified":"2025-10-29T20:18:29","modified_gmt":"2025-10-29T20:18:29","slug":"attaque-de-tonnerre","status":"publish","type":"product","link":"https:\/\/www.alfadu-amusement.com\/?product=attaque-de-tonnerre&lang=fr","title":{"rendered":"Attaque de tonnerre"},"content":{"rendered":"<table class=\"has-text-color has-link-color has-border-color has-fixed-layout\">\n<tbody>\n<tr>\n<td>\n<pre id=\"tw-target-text\" class=\"tw-data-text tw-text-large tw-ta\" dir=\"ltr\" tabindex=\"-1\" role=\"text\" data-placeholder=\"Traduction\" data-ved=\"2ahUKEwjAtd_JmMqQAxW0SaQEHdj1Me4Q3ewLegQIDBAV\" aria-label=\"Texte traduit\u00a0: Num\u00e9ro de mod\u00e8le\u00a0: LEO-1.2.0035\r\n\r\nDimensions\u00a0: 152\u00a0\u00d7\u00a0190\u00a0\u00d7\u00a0230\u00a0cm\r\n\r\nAlimentation\u00a0: 220\u00a0V\r\n\r\nNombre de joueurs\u00a0: 1 \u00e0 2\r\nPoids\"><span class=\"Y2IQFc\" lang=\"fr\">Num\u00e9ro de mod\u00e8le\u00a0<\/span><\/pre>\n<\/td>\n<td>LEO-1.2.0035<\/td>\n<\/tr>\n<tr>\n<td>\n<pre id=\"tw-target-text\" class=\"tw-data-text tw-text-large tw-ta\" dir=\"ltr\" tabindex=\"-1\" role=\"text\" data-placeholder=\"Traduction\" data-ved=\"2ahUKEwjAtd_JmMqQAxW0SaQEHdj1Me4Q3ewLegQIDBAV\" aria-label=\"Texte traduit\u00a0: Num\u00e9ro de mod\u00e8le\u00a0: LEO-1.2.0035\r\n\r\nDimensions\u00a0: 152\u00a0\u00d7\u00a0190\u00a0\u00d7\u00a0230\u00a0cm\r\n\r\nAlimentation\u00a0: 220\u00a0V\r\n\r\nNombre de joueurs\u00a0: 1 \u00e0 2\r\nPoids\"><span class=\"Y2IQFc\" lang=\"fr\">Dimensions<\/span><\/pre>\n<\/td>\n<td>\u00a0152\u00d7190\u00d7230CM<\/td>\n<\/tr>\n<tr>\n<td>\n<pre id=\"tw-target-text\" class=\"tw-data-text tw-text-large tw-ta\" dir=\"ltr\" tabindex=\"-1\" role=\"text\" data-placeholder=\"Traduction\" data-ved=\"2ahUKEwjAtd_JmMqQAxW0SaQEHdj1Me4Q3ewLegQIDBAV\" aria-label=\"Texte traduit\u00a0: Num\u00e9ro de mod\u00e8le\u00a0: LEO-1.2.0035\r\n\r\nDimensions\u00a0: 152\u00a0\u00d7\u00a0190\u00a0\u00d7\u00a0230\u00a0cm\r\n\r\nAlimentation\u00a0: 220\u00a0V\r\n\r\nNombre de joueurs\u00a0: 1 \u00e0 2\r\nPoids\"><span class=\"Y2IQFc\" lang=\"fr\">Alimentation<\/span><\/pre>\n<\/td>\n<td>220V,<\/td>\n<\/tr>\n<tr>\n<td>\n<pre id=\"tw-target-text\" class=\"tw-data-text tw-text-large tw-ta\" dir=\"ltr\" tabindex=\"-1\" role=\"text\" data-placeholder=\"Traduction\" data-ved=\"2ahUKEwjAtd_JmMqQAxW0SaQEHdj1Me4Q3ewLegQIDBAV\" aria-label=\"Texte traduit\u00a0: Num\u00e9ro de mod\u00e8le\u00a0: LEO-1.2.0035\r\n\r\nDimensions\u00a0: 152\u00a0\u00d7\u00a0190\u00a0\u00d7\u00a0230\u00a0cm\r\n\r\nAlimentation\u00a0: 220\u00a0V\r\n\r\nNombre de joueurs\u00a0: 1 \u00e0 2\r\nPoids\"><span class=\"Y2IQFc\" lang=\"fr\">Nombre de joueurs<\/span><\/pre>\n<\/td>\n<td>1-2<\/td>\n<\/tr>\n<tr>\n<td>\n<pre id=\"tw-target-text\" class=\"tw-data-text tw-text-large tw-ta\" dir=\"ltr\" tabindex=\"-1\" role=\"text\" data-placeholder=\"Traduction\" data-ved=\"2ahUKEwjAtd_JmMqQAxW0SaQEHdj1Me4Q3ewLegQIDBAV\" aria-label=\"Texte traduit\u00a0: Num\u00e9ro de mod\u00e8le\u00a0: LEO-1.2.0035\r\n\r\nDimensions\u00a0: 152\u00a0\u00d7\u00a0190\u00a0\u00d7\u00a0230\u00a0cm\r\n\r\nAlimentation\u00a0: 220\u00a0V\r\n\r\nNombre de joueurs\u00a0: 1 \u00e0 2\r\nPoids\"><span class=\"Y2IQFc\" lang=\"fr\">Poids<\/span><\/pre>\n<\/td>\n<td><span style=\"font-weight: 400;\">352KG<\/span><\/td>\n<\/tr>\n<\/tbody>\n<\/table>\n<p><iframe title=\"Thunder Attack\" width=\"1140\" height=\"641\" src=\"https:\/\/www.youtube.com\/embed\/3l8njliURSw?feature=oembed\" frameborder=\"0\" allow=\"accelerometer; autoplay; clipboard-write; encrypted-media; gyroscope; picture-in-picture; web-share\" referrerpolicy=\"strict-origin-when-cross-origin\" allowfullscreen><\/iframe><\/p>\n","protected":false},"excerpt":{"rendered":"<div class=\"elementor-element elementor-element-c91532f elementor-widget__width-initial elementor-widget elementor-widget-shopengine-product-excerpt\" data-id=\"c91532f\" data-element_type=\"widget\" data-widget_type=\"shopengine-product-excerpt.default\">\n<div class=\"elementor-widget-container\">\n<div class=\"shopengine shopengine-widget\">\n<div class=\"shopengine-product-excerpt\">\n<div class=\"woocommerce-product-details__short-description\">\n<p>\u00ab Thunder Attack \u00bb vous offre le summum du tir arcade ! Vivez des simulations de champ de bataille r\u00e9alistes, en solo ou avec un ami. Choisissez parmi 200 armes r\u00e9parties dans 12 sc\u00e9narios palpitants. Avec un \u00e9cran de 55 pouces, pr\u00e9parez-vous \u00e0 une immersion totale !<\/p>\n<p><strong>Comment jouer<\/strong> :<\/p>\n<p>\u2013 Ins\u00e9rez des pi\u00e8ces<br \/>\n\u2013 Appuyez sur le bouton Start<br \/>\n\u2013 S\u00e9lectionnez le niveau de jeu, puis lancez la partie<\/p>\n<\/div>\n<\/div>\n<\/div>\n<\/div>\n<\/div>\n","protected":false},"featured_media":1240,"template":"","meta":[],"product_brand":[],"product_cat":[436,383],"product_tag":[],"class_list":{"0":"post-3090","1":"product","2":"type-product","3":"status-publish","4":"has-post-thumbnail","6":"product_cat-jeu-video","7":"product_cat-jeux-interactifs-jeux-avec-monnayeur","9":"first","10":"instock","11":"shipping-taxable","12":"product-type-simple"},"_links":{"self":[{"href":"https:\/\/www.alfadu-amusement.com\/index.php?rest_route=\/wp\/v2\/product\/3090","targetHints":{"allow":["GET"]}}],"collection":[{"href":"https:\/\/www.alfadu-amusement.com\/index.php?rest_route=\/wp\/v2\/product"}],"about":[{"href":"https:\/\/www.alfadu-amusement.com\/index.php?rest_route=\/wp\/v2\/types\/product"}],"wp:featuredmedia":[{"embeddable":true,"href":"https:\/\/www.alfadu-amusement.com\/index.php?rest_route=\/wp\/v2\/media\/1240"}],"wp:attachment":[{"href":"https:\/\/www.alfadu-amusement.com\/index.php?rest_route=%2Fwp%2Fv2%2Fmedia&parent=3090"}],"wp:term":[{"taxonomy":"product_brand","embeddable":true,"href":"https:\/\/www.alfadu-amusement.com\/index.php?rest_route=%2Fwp%2Fv2%2Fproduct_brand&post=3090"},{"taxonomy":"product_cat","embeddable":true,"href":"https:\/\/www.alfadu-amusement.com\/index.php?rest_route=%2Fwp%2Fv2%2Fproduct_cat&post=3090"},{"taxonomy":"product_tag","embeddable":true,"href":"https:\/\/www.alfadu-amusement.com\/index.php?rest_route=%2Fwp%2Fv2%2Fproduct_tag&post=3090"}],"curies":[{"name":"wp","href":"https:\/\/api.w.org\/{rel}","templated":true}]}}