{"id":3096,"date":"2025-10-29T20:25:10","date_gmt":"2025-10-29T20:25:10","guid":{"rendered":"https:\/\/www.alfadu-amusement.com\/?post_type=product&#038;p=3096"},"modified":"2025-10-29T20:25:10","modified_gmt":"2025-10-29T20:25:10","slug":"sauvez-lovni","status":"publish","type":"product","link":"https:\/\/www.alfadu-amusement.com\/?product=sauvez-lovni&lang=fr","title":{"rendered":"Sauvez l&rsquo;OVNI"},"content":{"rendered":"<p>&nbsp;<\/p>\n<table class=\"has-text-color has-link-color has-border-color has-fixed-layout\">\n<tbody>\n<tr>\n<td>\n<pre id=\"tw-target-text\" class=\"tw-data-text tw-text-large tw-ta\" dir=\"ltr\" tabindex=\"-1\" role=\"text\" data-placeholder=\"Traduction\" data-ved=\"2ahUKEwjAtd_JmMqQAxW0SaQEHdj1Me4Q3ewLegQIDBAV\" aria-label=\"Texte traduit\u00a0: Num\u00e9ro de mod\u00e8le\u00a0: LEO-1.1.0057\r\n\r\nPoids\u00a0: 215\u00a0kg\r\nDimensions\u00a0: 100\u00a0\u00d7\u00a0104\u00a0\u00d7\u00a0304\u00a0cm\r\nPuissance\"><span class=\"Y2IQFc\" lang=\"fr\">Num\u00e9ro de mod\u00e8le<\/span><\/pre>\n<\/td>\n<td>LEO-1.1.0057<\/td>\n<\/tr>\n<tr>\n<td>\n<pre id=\"tw-target-text\" class=\"tw-data-text tw-text-large tw-ta\" dir=\"ltr\" tabindex=\"-1\" role=\"text\" data-placeholder=\"Traduction\" data-ved=\"2ahUKEwjAtd_JmMqQAxW0SaQEHdj1Me4Q3ewLegQIDBAV\" aria-label=\"Texte traduit\u00a0: Num\u00e9ro de mod\u00e8le\u00a0: LEO-1.1.0057\r\n\r\nPoids\u00a0: 215\u00a0kg\r\nDimensions\u00a0: 100\u00a0\u00d7\u00a0104\u00a0\u00d7\u00a0304\u00a0cm\r\nPuissance\"><span class=\"Y2IQFc\" lang=\"fr\">Poids\u00a0<\/span><\/pre>\n<\/td>\n<td>215KG<\/td>\n<\/tr>\n<tr>\n<td>\n<pre id=\"tw-target-text\" class=\"tw-data-text tw-text-large tw-ta\" dir=\"ltr\" tabindex=\"-1\" role=\"text\" data-placeholder=\"Traduction\" data-ved=\"2ahUKEwjAtd_JmMqQAxW0SaQEHdj1Me4Q3ewLegQIDBAV\" aria-label=\"Texte traduit\u00a0: Num\u00e9ro de mod\u00e8le\u00a0: LEO-1.1.0057\r\n\r\nPoids\u00a0: 215\u00a0kg\r\nDimensions\u00a0: 100\u00a0\u00d7\u00a0104\u00a0\u00d7\u00a0304\u00a0cm\r\nPuissance\"><span class=\"Y2IQFc\" lang=\"fr\">Dimensions\u00a0<\/span><\/pre>\n<\/td>\n<td>100x104x304CM<\/td>\n<\/tr>\n<tr>\n<td>\n<pre id=\"tw-target-text\" class=\"tw-data-text tw-text-large tw-ta\" dir=\"ltr\" tabindex=\"-1\" role=\"text\" data-placeholder=\"Traduction\" data-ved=\"2ahUKEwjAtd_JmMqQAxW0SaQEHdj1Me4Q3ewLegQIDBAV\" aria-label=\"Texte traduit\u00a0: Num\u00e9ro de mod\u00e8le\u00a0: LEO-1.1.0057\r\n\r\nPoids\u00a0: 215\u00a0kg\r\nDimensions\u00a0: 100\u00a0\u00d7\u00a0104\u00a0\u00d7\u00a0304\u00a0cm\r\nPuissance\"><span class=\"Y2IQFc\" lang=\"fr\">Puissance<\/span><\/pre>\n<\/td>\n<td>220v<\/td>\n<\/tr>\n<\/tbody>\n<\/table>\n","protected":false},"excerpt":{"rendered":"<p>Syst\u00e8me d&rsquo;arcade professionnel \u00e0 temps de r\u00e9action ultra-rapide (latence de \u00b15 ms) avec boutons de r\u00e9ponse \u00e0 la milliseconde et algorithmes de r\u00e9compense dynamiques. Certifi\u00e9 pour plus de 30\u00a0000 cycles de jeu gr\u00e2ce \u00e0 ses composants de qualit\u00e9 professionnelle. Conception compacte optimis\u00e9e pour les lieux \u00e0 forte fr\u00e9quentation, avec syst\u00e8mes d&rsquo;autodiagnostic et commandes conformes aux normes d&rsquo;accessibilit\u00e9 pour tous.<\/p>\n","protected":false},"featured_media":1211,"template":"","meta":[],"product_brand":[],"product_cat":[428,383],"product_tag":[],"class_list":{"0":"post-3096","1":"product","2":"type-product","3":"status-publish","4":"has-post-thumbnail","6":"product_cat-jeu-de-carnaval","7":"product_cat-jeux-interactifs-jeux-avec-monnayeur","9":"first","10":"instock","11":"shipping-taxable","12":"product-type-simple"},"_links":{"self":[{"href":"https:\/\/www.alfadu-amusement.com\/index.php?rest_route=\/wp\/v2\/product\/3096","targetHints":{"allow":["GET"]}}],"collection":[{"href":"https:\/\/www.alfadu-amusement.com\/index.php?rest_route=\/wp\/v2\/product"}],"about":[{"href":"https:\/\/www.alfadu-amusement.com\/index.php?rest_route=\/wp\/v2\/types\/product"}],"wp:featuredmedia":[{"embeddable":true,"href":"https:\/\/www.alfadu-amusement.com\/index.php?rest_route=\/wp\/v2\/media\/1211"}],"wp:attachment":[{"href":"https:\/\/www.alfadu-amusement.com\/index.php?rest_route=%2Fwp%2Fv2%2Fmedia&parent=3096"}],"wp:term":[{"taxonomy":"product_brand","embeddable":true,"href":"https:\/\/www.alfadu-amusement.com\/index.php?rest_route=%2Fwp%2Fv2%2Fproduct_brand&post=3096"},{"taxonomy":"product_cat","embeddable":true,"href":"https:\/\/www.alfadu-amusement.com\/index.php?rest_route=%2Fwp%2Fv2%2Fproduct_cat&post=3096"},{"taxonomy":"product_tag","embeddable":true,"href":"https:\/\/www.alfadu-amusement.com\/index.php?rest_route=%2Fwp%2Fv2%2Fproduct_tag&post=3096"}],"curies":[{"name":"wp","href":"https:\/\/api.w.org\/{rel}","templated":true}]}}