{"id":3099,"date":"2025-10-29T20:28:38","date_gmt":"2025-10-29T20:28:38","guid":{"rendered":"https:\/\/www.alfadu-amusement.com\/?post_type=product&#038;p=3099"},"modified":"2025-10-29T20:28:39","modified_gmt":"2025-10-29T20:28:39","slug":"chevalier-dragon","status":"publish","type":"product","link":"https:\/\/www.alfadu-amusement.com\/?product=chevalier-dragon&lang=fr","title":{"rendered":"Chevalier Dragon"},"content":{"rendered":"<p>&nbsp;<\/p>\n<table class=\"has-text-color has-link-color has-border-color has-fixed-layout\">\n<tbody>\n<tr>\n<td>\n<pre id=\"tw-target-text\" class=\"tw-data-text tw-text-large tw-ta\" dir=\"ltr\" tabindex=\"-1\" role=\"text\" data-placeholder=\"Traduction\" data-ved=\"2ahUKEwjAtd_JmMqQAxW0SaQEHdj1Me4Q3ewLegQIDBAV\" aria-label=\"Texte traduit\u00a0: Num\u00e9ro de mod\u00e8le\u00a0: LEO-1.3.0184\r\n\r\n\u00c9cran\u00a0: Double \u00e9cran HD 65 pouces\r\n\r\nDimensions\u00a0: 130\u00a0x\u00a0273\u00a0x\u00a0328\u00a0cm\r\n\r\nPoids\u00a0: 402\u00a0kg\r\nAlimentation\u00a0: 220\u00a0V\r\n\r\nJoueur\"><span class=\"Y2IQFc\" lang=\"fr\">Num\u00e9ro de mod\u00e8le<\/span><\/pre>\n<\/td>\n<td>LEO- 1.3.0184<\/td>\n<\/tr>\n<tr>\n<td>\n<pre id=\"tw-target-text\" class=\"tw-data-text tw-text-large tw-ta\" dir=\"ltr\" tabindex=\"-1\" role=\"text\" data-placeholder=\"Traduction\" data-ved=\"2ahUKEwjAtd_JmMqQAxW0SaQEHdj1Me4Q3ewLegQIDBAV\" aria-label=\"Texte traduit\u00a0: Num\u00e9ro de mod\u00e8le\u00a0: LEO-1.3.0184\r\n\r\n\u00c9cran\u00a0: Double \u00e9cran HD 65 pouces\r\n\r\nDimensions\u00a0: 130\u00a0x\u00a0273\u00a0x\u00a0328\u00a0cm\r\n\r\nPoids\u00a0: 402\u00a0kg\r\nAlimentation\u00a0: 220\u00a0V\r\n\r\nJoueur\"><span class=\"Y2IQFc\" lang=\"fr\">\u00c9cran<\/span><\/pre>\n<\/td>\n<td>Dual 65\u201d HD screen<\/td>\n<\/tr>\n<tr>\n<td>\n<pre id=\"tw-target-text\" class=\"tw-data-text tw-text-large tw-ta\" dir=\"ltr\" tabindex=\"-1\" role=\"text\" data-placeholder=\"Traduction\" data-ved=\"2ahUKEwjAtd_JmMqQAxW0SaQEHdj1Me4Q3ewLegQIDBAV\" aria-label=\"Texte traduit\u00a0: Num\u00e9ro de mod\u00e8le\u00a0: LEO-1.3.0184\r\n\r\n\u00c9cran\u00a0: Double \u00e9cran HD 65 pouces\r\n\r\nDimensions\u00a0: 130\u00a0x\u00a0273\u00a0x\u00a0328\u00a0cm\r\n\r\nPoids\u00a0: 402\u00a0kg\r\nAlimentation\u00a0: 220\u00a0V\r\n\r\nJoueur\"><span class=\"Y2IQFc\" lang=\"fr\">Dimensions<\/span><\/pre>\n<\/td>\n<td>130x273x328CM<\/td>\n<\/tr>\n<tr>\n<td>\n<pre id=\"tw-target-text\" class=\"tw-data-text tw-text-large tw-ta\" dir=\"ltr\" tabindex=\"-1\" role=\"text\" data-placeholder=\"Traduction\" data-ved=\"2ahUKEwjAtd_JmMqQAxW0SaQEHdj1Me4Q3ewLegQIDBAV\" aria-label=\"Texte traduit\u00a0: Num\u00e9ro de mod\u00e8le\u00a0: LEO-1.3.0184\r\n\r\n\u00c9cran\u00a0: Double \u00e9cran HD 65 pouces\r\n\r\nDimensions\u00a0: 130\u00a0x\u00a0273\u00a0x\u00a0328\u00a0cm\r\n\r\nPoids\u00a0: 402\u00a0kg\r\nAlimentation\u00a0: 220\u00a0V\r\n\r\nJoueur\"><span class=\"Y2IQFc\" lang=\"fr\">Poids<\/span><\/pre>\n<\/td>\n<td>402KG<\/td>\n<\/tr>\n<tr>\n<td>\n<pre id=\"tw-target-text\" class=\"tw-data-text tw-text-large tw-ta\" dir=\"ltr\" tabindex=\"-1\" role=\"text\" data-placeholder=\"Traduction\" data-ved=\"2ahUKEwjAtd_JmMqQAxW0SaQEHdj1Me4Q3ewLegQIDBAV\" aria-label=\"Texte traduit\u00a0: Num\u00e9ro de mod\u00e8le\u00a0: LEO-1.3.0184\r\n\r\n\u00c9cran\u00a0: Double \u00e9cran HD 65 pouces\r\n\r\nDimensions\u00a0: 130\u00a0x\u00a0273\u00a0x\u00a0328\u00a0cm\r\n\r\nPoids\u00a0: 402\u00a0kg\r\nAlimentation\u00a0: 220\u00a0V\r\n\r\nJoueur\"><span class=\"Y2IQFc\" lang=\"fr\">Alimentation<\/span><\/pre>\n<\/td>\n<td>220v<\/td>\n<\/tr>\n<tr>\n<td>\n<pre id=\"tw-target-text\" class=\"tw-data-text tw-text-large tw-ta\" dir=\"ltr\" tabindex=\"-1\" role=\"text\" data-placeholder=\"Traduction\" data-ved=\"2ahUKEwjAtd_JmMqQAxW0SaQEHdj1Me4Q3ewLegQIDBAV\" aria-label=\"Texte traduit\u00a0: Num\u00e9ro de mod\u00e8le\u00a0: LEO-1.3.0184\r\n\r\n\u00c9cran\u00a0: Double \u00e9cran HD 65 pouces\r\n\r\nDimensions\u00a0: 130\u00a0x\u00a0273\u00a0x\u00a0328\u00a0cm\r\n\r\nPoids\u00a0: 402\u00a0kg\r\nAlimentation\u00a0: 220\u00a0V\r\n\r\nJoueur\"><span class=\"Y2IQFc\" lang=\"fr\">Joueur<\/span><\/pre>\n<\/td>\n<td>2<\/td>\n<\/tr>\n<\/tbody>\n<\/table>\n<p><iframe title=\"Dragon Knight game machine\" width=\"1140\" height=\"641\" src=\"https:\/\/www.youtube.com\/embed\/JC_brN0WBfU?feature=oembed\" frameborder=\"0\" allow=\"accelerometer; autoplay; clipboard-write; encrypted-media; gyroscope; picture-in-picture; web-share\" referrerpolicy=\"strict-origin-when-cross-origin\" allowfullscreen><\/iframe><\/p>\n","protected":false},"excerpt":{"rendered":"<p><strong>Borne d&rsquo;arcade de tir Dragon Knight<\/strong><\/p>\n<p>Syst\u00e8me d&rsquo;arcade professionnel avec deux \u00e9crans HD de 65 pouces (r\u00e9solution 3840 \u00d7 2160) et une fr\u00e9quence de rafra\u00eechissement de 120 Hz. \u00c9quip\u00e9e de capteurs de tir de qualit\u00e9 militaire (temps de r\u00e9ponse de \u00b10,02 ms) et d&rsquo;un syst\u00e8me audio surround 7.1. Construction robuste (L 130 \u00d7 P 273 \u00d7 H 328 cm) con\u00e7ue pour plus de 100\u00a0000 cycles de jeu et une fiabilit\u00e9 \u00e0 toute \u00e9preuve.<\/p>\n<p><strong>D\u00e9roulement du jeu\u00a0:<\/strong><\/p>\n<p>1. Ins\u00e9rez les pi\u00e8ces et s\u00e9lectionnez le niveau<\/p>\n<p>2. Combats \u00e0 360\u00b0<\/p>\n<p>3. Multiplicateurs de score et r\u00e9compenses<\/p>\n<p>* Dur\u00e9e moyenne d&rsquo;une partie\u00a0: 7 \u00e0 12 minutes par niveau<\/p>\n","protected":false},"featured_media":1224,"template":"","meta":[],"product_brand":[],"product_cat":[436,383],"product_tag":[],"class_list":{"0":"post-3099","1":"product","2":"type-product","3":"status-publish","4":"has-post-thumbnail","6":"product_cat-jeu-video","7":"product_cat-jeux-interactifs-jeux-avec-monnayeur","9":"first","10":"instock","11":"shipping-taxable","12":"product-type-simple"},"_links":{"self":[{"href":"https:\/\/www.alfadu-amusement.com\/index.php?rest_route=\/wp\/v2\/product\/3099","targetHints":{"allow":["GET"]}}],"collection":[{"href":"https:\/\/www.alfadu-amusement.com\/index.php?rest_route=\/wp\/v2\/product"}],"about":[{"href":"https:\/\/www.alfadu-amusement.com\/index.php?rest_route=\/wp\/v2\/types\/product"}],"wp:featuredmedia":[{"embeddable":true,"href":"https:\/\/www.alfadu-amusement.com\/index.php?rest_route=\/wp\/v2\/media\/1224"}],"wp:attachment":[{"href":"https:\/\/www.alfadu-amusement.com\/index.php?rest_route=%2Fwp%2Fv2%2Fmedia&parent=3099"}],"wp:term":[{"taxonomy":"product_brand","embeddable":true,"href":"https:\/\/www.alfadu-amusement.com\/index.php?rest_route=%2Fwp%2Fv2%2Fproduct_brand&post=3099"},{"taxonomy":"product_cat","embeddable":true,"href":"https:\/\/www.alfadu-amusement.com\/index.php?rest_route=%2Fwp%2Fv2%2Fproduct_cat&post=3099"},{"taxonomy":"product_tag","embeddable":true,"href":"https:\/\/www.alfadu-amusement.com\/index.php?rest_route=%2Fwp%2Fv2%2Fproduct_tag&post=3099"}],"curies":[{"name":"wp","href":"https:\/\/api.w.org\/{rel}","templated":true}]}}