{"id":3102,"date":"2025-10-29T20:32:05","date_gmt":"2025-10-29T20:32:05","guid":{"rendered":"https:\/\/www.alfadu-amusement.com\/?post_type=product&#038;p=3102"},"modified":"2025-10-29T20:32:05","modified_gmt":"2025-10-29T20:32:05","slug":"maitre-tireur-delite","status":"publish","type":"product","link":"https:\/\/www.alfadu-amusement.com\/?product=maitre-tireur-delite&lang=fr","title":{"rendered":"Ma\u00eetre tireur d&rsquo;\u00e9lite"},"content":{"rendered":"<table class=\"has-text-color has-link-color has-border-color has-fixed-layout\">\n<tbody>\n<tr>\n<td>\n<pre id=\"tw-target-text\" class=\"tw-data-text tw-text-large tw-ta\" dir=\"ltr\" tabindex=\"-1\" role=\"text\" data-placeholder=\"Traduction\" data-ved=\"2ahUKEwjAtd_JmMqQAxW0SaQEHdj1Me4Q3ewLegQIDBAV\" aria-label=\"Texte traduit\u00a0: Num\u00e9ro de mod\u00e8le\u00a0: LEO-1.2.0022\r\nDimensions\u00a0: 124\u00a0\u00d7\u00a0250\u00a0\u00d7\u00a0225\u00a0cm\r\nAlimentation\u00a0: 220\u00a0V\r\nNombre de joueurs\u00a0: 1 \u00e0 4\r\nPoids\u00a0: 435\u00a0kg\r\nTaille de l\u2019\u00e9cran\u00a0: 85\u00a0pouces\"><span class=\"Y2IQFc\" lang=\"fr\">Num\u00e9ro de mod\u00e8le<\/span><\/pre>\n<\/td>\n<td>LEO-1.2.0022<\/td>\n<\/tr>\n<tr>\n<td>\n<pre id=\"tw-target-text\" class=\"tw-data-text tw-text-large tw-ta\" dir=\"ltr\" tabindex=\"-1\" role=\"text\" data-placeholder=\"Traduction\" data-ved=\"2ahUKEwjAtd_JmMqQAxW0SaQEHdj1Me4Q3ewLegQIDBAV\" aria-label=\"Texte traduit\u00a0: Num\u00e9ro de mod\u00e8le\u00a0: LEO-1.2.0022\r\nDimensions\u00a0: 124\u00a0\u00d7\u00a0250\u00a0\u00d7\u00a0225\u00a0cm\r\nAlimentation\u00a0: 220\u00a0V\r\nNombre de joueurs\u00a0: 1 \u00e0 4\r\nPoids\u00a0: 435\u00a0kg\r\nTaille de l\u2019\u00e9cran\u00a0: 85\u00a0pouces\"><span class=\"Y2IQFc\" lang=\"fr\">Dimensions\u00a0<\/span><\/pre>\n<\/td>\n<td>124\u00d7250\u00d7225CM<\/td>\n<\/tr>\n<tr>\n<td>\n<pre id=\"tw-target-text\" class=\"tw-data-text tw-text-large tw-ta\" dir=\"ltr\" tabindex=\"-1\" role=\"text\" data-placeholder=\"Traduction\" data-ved=\"2ahUKEwjAtd_JmMqQAxW0SaQEHdj1Me4Q3ewLegQIDBAV\" aria-label=\"Texte traduit\u00a0: Num\u00e9ro de mod\u00e8le\u00a0: LEO-1.2.0022\r\nDimensions\u00a0: 124\u00a0\u00d7\u00a0250\u00a0\u00d7\u00a0225\u00a0cm\r\nAlimentation\u00a0: 220\u00a0V\r\nNombre de joueurs\u00a0: 1 \u00e0 4\r\nPoids\u00a0: 435\u00a0kg\r\nTaille de l\u2019\u00e9cran\u00a0: 85\u00a0pouces\"><span class=\"Y2IQFc\" lang=\"fr\">Alimentation\u00a0<\/span><\/pre>\n<\/td>\n<td>220V,<\/td>\n<\/tr>\n<tr>\n<td>\n<pre id=\"tw-target-text\" class=\"tw-data-text tw-text-large tw-ta\" dir=\"ltr\" tabindex=\"-1\" role=\"text\" data-placeholder=\"Traduction\" data-ved=\"2ahUKEwjAtd_JmMqQAxW0SaQEHdj1Me4Q3ewLegQIDBAV\" aria-label=\"Texte traduit\u00a0: Num\u00e9ro de mod\u00e8le\u00a0: LEO-1.2.0022\r\nDimensions\u00a0: 124\u00a0\u00d7\u00a0250\u00a0\u00d7\u00a0225\u00a0cm\r\nAlimentation\u00a0: 220\u00a0V\r\nNombre de joueurs\u00a0: 1 \u00e0 4\r\nPoids\u00a0: 435\u00a0kg\r\nTaille de l\u2019\u00e9cran\u00a0: 85\u00a0pouces\"><span class=\"Y2IQFc\" lang=\"fr\">Nombre de joueurs<\/span><\/pre>\n<\/td>\n<td>1-2 UP To 4 Joueurs<\/td>\n<\/tr>\n<tr>\n<td>\n<pre id=\"tw-target-text\" class=\"tw-data-text tw-text-large tw-ta\" dir=\"ltr\" tabindex=\"-1\" role=\"text\" data-placeholder=\"Traduction\" data-ved=\"2ahUKEwjAtd_JmMqQAxW0SaQEHdj1Me4Q3ewLegQIDBAV\" aria-label=\"Texte traduit\u00a0: Num\u00e9ro de mod\u00e8le\u00a0: LEO-1.2.0022\r\nDimensions\u00a0: 124\u00a0\u00d7\u00a0250\u00a0\u00d7\u00a0225\u00a0cm\r\nAlimentation\u00a0: 220\u00a0V\r\nNombre de joueurs\u00a0: 1 \u00e0 4\r\nPoids\u00a0: 435\u00a0kg\r\nTaille de l\u2019\u00e9cran\u00a0: 85\u00a0pouces\"><span class=\"Y2IQFc\" lang=\"fr\">Poids\u00a0<\/span><\/pre>\n<\/td>\n<td>435KG<\/td>\n<\/tr>\n<tr>\n<td>\n<pre id=\"tw-target-text\" class=\"tw-data-text tw-text-large tw-ta\" dir=\"ltr\" tabindex=\"-1\" role=\"text\" data-placeholder=\"Traduction\" data-ved=\"2ahUKEwjAtd_JmMqQAxW0SaQEHdj1Me4Q3ewLegQIDBAV\" aria-label=\"Texte traduit\u00a0: Num\u00e9ro de mod\u00e8le\u00a0: LEO-1.2.0022\r\nDimensions\u00a0: 124\u00a0\u00d7\u00a0250\u00a0\u00d7\u00a0225\u00a0cm\r\nAlimentation\u00a0: 220\u00a0V\r\nNombre de joueurs\u00a0: 1 \u00e0 4\r\nPoids\u00a0: 435\u00a0kg\r\nTaille de l\u2019\u00e9cran\u00a0: 85\u00a0pouces\"><span class=\"Y2IQFc\" lang=\"fr\">Taille de l\u2019\u00e9cran\u00a0<\/span><\/pre>\n<\/td>\n<td>85 inches<\/td>\n<\/tr>\n<\/tbody>\n<\/table>\n<p><iframe title=\"Master Sniper Game machine\" width=\"1140\" height=\"641\" src=\"https:\/\/www.youtube.com\/embed\/oyP2kKBIDcM?feature=oembed\" frameborder=\"0\" allow=\"accelerometer; autoplay; clipboard-write; encrypted-media; gyroscope; picture-in-picture; web-share\" referrerpolicy=\"strict-origin-when-cross-origin\" allowfullscreen><\/iframe><\/p>\n","protected":false},"excerpt":{"rendered":"<p>Master Sniper est un jeu de combat \u00e0 deux joueurs o\u00f9 les joueurs utilisent des fusils d&rsquo;assaut pour bombarder des cibles \u00e0 l&rsquo;\u00e9cran.<\/p>\n<p>Ce jeu dynamique exige des r\u00e9flexes rapides et une grande pr\u00e9cision.<\/p>\n<p>Master Sniper est id\u00e9al pour les amateurs de jeux d&rsquo;arcade palpitants.<\/p>\n","protected":false},"featured_media":1234,"template":"","meta":[],"product_brand":[],"product_cat":[436,383],"product_tag":[],"class_list":{"0":"post-3102","1":"product","2":"type-product","3":"status-publish","4":"has-post-thumbnail","6":"product_cat-jeu-video","7":"product_cat-jeux-interactifs-jeux-avec-monnayeur","9":"first","10":"instock","11":"shipping-taxable","12":"product-type-simple"},"_links":{"self":[{"href":"https:\/\/www.alfadu-amusement.com\/index.php?rest_route=\/wp\/v2\/product\/3102","targetHints":{"allow":["GET"]}}],"collection":[{"href":"https:\/\/www.alfadu-amusement.com\/index.php?rest_route=\/wp\/v2\/product"}],"about":[{"href":"https:\/\/www.alfadu-amusement.com\/index.php?rest_route=\/wp\/v2\/types\/product"}],"wp:featuredmedia":[{"embeddable":true,"href":"https:\/\/www.alfadu-amusement.com\/index.php?rest_route=\/wp\/v2\/media\/1234"}],"wp:attachment":[{"href":"https:\/\/www.alfadu-amusement.com\/index.php?rest_route=%2Fwp%2Fv2%2Fmedia&parent=3102"}],"wp:term":[{"taxonomy":"product_brand","embeddable":true,"href":"https:\/\/www.alfadu-amusement.com\/index.php?rest_route=%2Fwp%2Fv2%2Fproduct_brand&post=3102"},{"taxonomy":"product_cat","embeddable":true,"href":"https:\/\/www.alfadu-amusement.com\/index.php?rest_route=%2Fwp%2Fv2%2Fproduct_cat&post=3102"},{"taxonomy":"product_tag","embeddable":true,"href":"https:\/\/www.alfadu-amusement.com\/index.php?rest_route=%2Fwp%2Fv2%2Fproduct_tag&post=3102"}],"curies":[{"name":"wp","href":"https:\/\/api.w.org\/{rel}","templated":true}]}}