{"id":3108,"date":"2025-10-29T20:37:06","date_gmt":"2025-10-29T20:37:06","guid":{"rendered":"https:\/\/www.alfadu-amusement.com\/?post_type=product&#038;p=3108"},"modified":"2025-10-29T20:37:06","modified_gmt":"2025-10-29T20:37:06","slug":"galerie-de-tir-4p","status":"publish","type":"product","link":"https:\/\/www.alfadu-amusement.com\/?product=galerie-de-tir-4p&lang=fr","title":{"rendered":"Galerie de tir 4P"},"content":{"rendered":"<p>&nbsp;<\/p>\n<p>&nbsp;<\/p>\n<table class=\"has-text-color has-link-color has-border-color has-fixed-layout\">\n<tbody>\n<tr>\n<td>\n<pre id=\"tw-target-text\" class=\"tw-data-text tw-text-large tw-ta\" dir=\"ltr\" tabindex=\"-1\" role=\"text\" data-placeholder=\"Traduction\" data-ved=\"2ahUKEwjAtd_JmMqQAxW0SaQEHdj1Me4Q3ewLegQIDBAV\" aria-label=\"Texte traduit\u00a0: Num\u00e9ro de mod\u00e8le\u00a0: LEO-1.2.0035\r\n\r\nDimensions\u00a0: 235\u00a0\u00d7\u00a0314\u00a0\u00d7\u00a0260\u00a0cm\r\n\r\nAlimentation\u00a0: 220\u00a0V\r\n\r\nNombre de joueurs\u00a0: 1 \u00e0 4\r\nPoids\"><span class=\"Y2IQFc\" lang=\"fr\">Num\u00e9ro de mod\u00e8le<\/span><\/pre>\n<\/td>\n<td>LEO-1.2.0035<\/td>\n<\/tr>\n<tr>\n<td>\n<pre id=\"tw-target-text\" class=\"tw-data-text tw-text-large tw-ta\" dir=\"ltr\" tabindex=\"-1\" role=\"text\" data-placeholder=\"Traduction\" data-ved=\"2ahUKEwjAtd_JmMqQAxW0SaQEHdj1Me4Q3ewLegQIDBAV\" aria-label=\"Texte traduit\u00a0: Num\u00e9ro de mod\u00e8le\u00a0: LEO-1.2.0035\r\n\r\nDimensions\u00a0: 235\u00a0\u00d7\u00a0314\u00a0\u00d7\u00a0260\u00a0cm\r\n\r\nAlimentation\u00a0: 220\u00a0V\r\n\r\nNombre de joueurs\u00a0: 1 \u00e0 4\r\nPoids\"><span class=\"Y2IQFc\" lang=\"fr\">Dimensions\u00a0<\/span><\/pre>\n<\/td>\n<td>235\u00d7314\u00d7260CM<\/td>\n<\/tr>\n<tr>\n<td>\n<pre id=\"tw-target-text\" class=\"tw-data-text tw-text-large tw-ta\" dir=\"ltr\" tabindex=\"-1\" role=\"text\" data-placeholder=\"Traduction\" data-ved=\"2ahUKEwjAtd_JmMqQAxW0SaQEHdj1Me4Q3ewLegQIDBAV\" aria-label=\"Texte traduit\u00a0: Num\u00e9ro de mod\u00e8le\u00a0: LEO-1.2.0035\r\n\r\nDimensions\u00a0: 235\u00a0\u00d7\u00a0314\u00a0\u00d7\u00a0260\u00a0cm\r\n\r\nAlimentation\u00a0: 220\u00a0V\r\n\r\nNombre de joueurs\u00a0: 1 \u00e0 4\r\nPoids\"><span class=\"Y2IQFc\" lang=\"fr\">Alimentation\u00a0<\/span><\/pre>\n<\/td>\n<td>220V,<\/td>\n<\/tr>\n<tr>\n<td>\n<pre id=\"tw-target-text\" class=\"tw-data-text tw-text-large tw-ta\" dir=\"ltr\" tabindex=\"-1\" role=\"text\" data-placeholder=\"Traduction\" data-ved=\"2ahUKEwjAtd_JmMqQAxW0SaQEHdj1Me4Q3ewLegQIDBAV\" aria-label=\"Texte traduit\u00a0: Num\u00e9ro de mod\u00e8le\u00a0: LEO-1.2.0035\r\n\r\nDimensions\u00a0: 235\u00a0\u00d7\u00a0314\u00a0\u00d7\u00a0260\u00a0cm\r\n\r\nAlimentation\u00a0: 220\u00a0V\r\n\r\nNombre de joueurs\u00a0: 1 \u00e0 4\r\nPoids\"><span class=\"Y2IQFc\" lang=\"fr\">Nombre de joueurs<\/span><\/pre>\n<\/td>\n<td>1-4<\/td>\n<\/tr>\n<tr>\n<td>\n<pre id=\"tw-target-text\" class=\"tw-data-text tw-text-large tw-ta\" dir=\"ltr\" tabindex=\"-1\" role=\"text\" data-placeholder=\"Traduction\" data-ved=\"2ahUKEwjAtd_JmMqQAxW0SaQEHdj1Me4Q3ewLegQIDBAV\" aria-label=\"Texte traduit\u00a0: Num\u00e9ro de mod\u00e8le\u00a0: LEO-1.2.0035\r\n\r\nDimensions\u00a0: 235\u00a0\u00d7\u00a0314\u00a0\u00d7\u00a0260\u00a0cm\r\n\r\nAlimentation\u00a0: 220\u00a0V\r\n\r\nNombre de joueurs\u00a0: 1 \u00e0 4\r\nPoids\"><span class=\"Y2IQFc\" lang=\"fr\">Poids<\/span><\/pre>\n<\/td>\n<td>800KG<\/td>\n<\/tr>\n<\/tbody>\n<\/table>\n<p><iframe title=\"Shooting Gallery Game machine\" width=\"1140\" height=\"641\" src=\"https:\/\/www.youtube.com\/embed\/pCyq3gm4pZo?feature=oembed\" frameborder=\"0\" allow=\"accelerometer; autoplay; clipboard-write; encrypted-media; gyroscope; picture-in-picture; web-share\" referrerpolicy=\"strict-origin-when-cross-origin\" allowfullscreen><\/iframe><\/p>\n","protected":false},"excerpt":{"rendered":"<div class=\"elementor-element elementor-element-c91532f elementor-widget__width-initial elementor-widget elementor-widget-shopengine-product-excerpt\" data-id=\"c91532f\" data-element_type=\"widget\" data-widget_type=\"shopengine-product-excerpt.default\">\n<div class=\"elementor-widget-container\">\n<div class=\"shopengine shopengine-widget\">\n<div class=\"shopengine-product-excerpt\">\n<div class=\"woocommerce-product-details__short-description\">\n<p>Shooting Gallery est un jeu d&rsquo;arcade de tir multijoueur permettant \u00e0 1, 2 ou 4 joueurs de jouer simultan\u00e9ment.<\/p>\n<p>Profitez de graphismes et d&rsquo;effets sonores de haute qualit\u00e9 pour une immersion totale et une exp\u00e9rience de jeu intense.<\/p>\n<p><strong>Comment jouer\u00a0:<\/strong><\/p>\n<p>1. Ins\u00e9rez des pi\u00e8ces.<\/p>\n<p>2. Tirez sur les cibles pour marquer des points.<\/p>\n<p>3. R\u00e9cup\u00e9rez votre r\u00e9compense.<\/p>\n<\/div>\n<\/div>\n<\/div>\n<\/div>\n<\/div>\n","protected":false},"featured_media":1228,"template":"","meta":[],"product_brand":[],"product_cat":[436,383],"product_tag":[],"class_list":{"0":"post-3108","1":"product","2":"type-product","3":"status-publish","4":"has-post-thumbnail","6":"product_cat-jeu-video","7":"product_cat-jeux-interactifs-jeux-avec-monnayeur","9":"first","10":"instock","11":"shipping-taxable","12":"product-type-simple"},"_links":{"self":[{"href":"https:\/\/www.alfadu-amusement.com\/index.php?rest_route=\/wp\/v2\/product\/3108","targetHints":{"allow":["GET"]}}],"collection":[{"href":"https:\/\/www.alfadu-amusement.com\/index.php?rest_route=\/wp\/v2\/product"}],"about":[{"href":"https:\/\/www.alfadu-amusement.com\/index.php?rest_route=\/wp\/v2\/types\/product"}],"wp:featuredmedia":[{"embeddable":true,"href":"https:\/\/www.alfadu-amusement.com\/index.php?rest_route=\/wp\/v2\/media\/1228"}],"wp:attachment":[{"href":"https:\/\/www.alfadu-amusement.com\/index.php?rest_route=%2Fwp%2Fv2%2Fmedia&parent=3108"}],"wp:term":[{"taxonomy":"product_brand","embeddable":true,"href":"https:\/\/www.alfadu-amusement.com\/index.php?rest_route=%2Fwp%2Fv2%2Fproduct_brand&post=3108"},{"taxonomy":"product_cat","embeddable":true,"href":"https:\/\/www.alfadu-amusement.com\/index.php?rest_route=%2Fwp%2Fv2%2Fproduct_cat&post=3108"},{"taxonomy":"product_tag","embeddable":true,"href":"https:\/\/www.alfadu-amusement.com\/index.php?rest_route=%2Fwp%2Fv2%2Fproduct_tag&post=3108"}],"curies":[{"name":"wp","href":"https:\/\/api.w.org\/{rel}","templated":true}]}}