{"id":3110,"date":"2025-10-29T20:39:50","date_gmt":"2025-10-29T20:39:50","guid":{"rendered":"https:\/\/www.alfadu-amusement.com\/?post_type=product&#038;p=3110"},"modified":"2025-10-29T20:39:50","modified_gmt":"2025-10-29T20:39:50","slug":"monde-des-capsules","status":"publish","type":"product","link":"https:\/\/www.alfadu-amusement.com\/?product=monde-des-capsules&lang=fr","title":{"rendered":"Monde des capsules"},"content":{"rendered":"<table class=\"has-text-color has-link-color has-border-color has-fixed-layout\" width=\"739\">\n<tbody>\n<tr>\n<td>\n<pre id=\"tw-target-text\" class=\"tw-data-text tw-text-large tw-ta\" dir=\"ltr\" tabindex=\"-1\" role=\"text\" data-placeholder=\"Traduction\" data-ved=\"2ahUKEwjAtd_JmMqQAxW0SaQEHdj1Me4Q3ewLegQIDBAV\" aria-label=\"Texte traduit\u00a0: R\u00e9f\u00e9rence mod\u00e8le\u00a0: LEO-1.1.0048\r\n\r\nDimensions\u00a0: 80\u00a0x\u00a086\u00a0x\u00a0212\u00a0cm\r\n\r\nAlimentation\u00a0: 220\u00a0V\r\n\r\nPoids\"><span class=\"Y2IQFc\" lang=\"fr\">R\u00e9f\u00e9rence mod\u00e8le<\/span><\/pre>\n<\/td>\n<td>LEO-1.1.0048<\/td>\n<\/tr>\n<tr>\n<td>\n<pre id=\"tw-target-text\" class=\"tw-data-text tw-text-large tw-ta\" dir=\"ltr\" tabindex=\"-1\" role=\"text\" data-placeholder=\"Traduction\" data-ved=\"2ahUKEwjAtd_JmMqQAxW0SaQEHdj1Me4Q3ewLegQIDBAV\" aria-label=\"Texte traduit\u00a0: R\u00e9f\u00e9rence mod\u00e8le\u00a0: LEO-1.1.0048\r\n\r\nDimensions\u00a0: 80\u00a0x\u00a086\u00a0x\u00a0212\u00a0cm\r\n\r\nAlimentation\u00a0: 220\u00a0V\r\n\r\nPoids\"><span class=\"Y2IQFc\" lang=\"fr\">Dimensions\u00a0<\/span><\/pre>\n<\/td>\n<td>80x86x212CM<\/td>\n<\/tr>\n<tr>\n<td>\n<pre id=\"tw-target-text\" class=\"tw-data-text tw-text-large tw-ta\" dir=\"ltr\" tabindex=\"-1\" role=\"text\" data-placeholder=\"Traduction\" data-ved=\"2ahUKEwjAtd_JmMqQAxW0SaQEHdj1Me4Q3ewLegQIDBAV\" aria-label=\"Texte traduit\u00a0: R\u00e9f\u00e9rence mod\u00e8le\u00a0: LEO-1.1.0048\r\n\r\nDimensions\u00a0: 80\u00a0x\u00a086\u00a0x\u00a0212\u00a0cm\r\n\r\nAlimentation\u00a0: 220\u00a0V\r\n\r\nPoids\"><span class=\"Y2IQFc\" lang=\"fr\">Alimentation\u00a0<\/span><\/pre>\n<\/td>\n<td>220V<\/td>\n<\/tr>\n<tr>\n<td>\n<pre id=\"tw-target-text\" class=\"tw-data-text tw-text-large tw-ta\" dir=\"ltr\" tabindex=\"-1\" role=\"text\" data-placeholder=\"Traduction\" data-ved=\"2ahUKEwjAtd_JmMqQAxW0SaQEHdj1Me4Q3ewLegQIDBAV\" aria-label=\"Texte traduit\u00a0: R\u00e9f\u00e9rence mod\u00e8le\u00a0: LEO-1.1.0048\r\n\r\nDimensions\u00a0: 80\u00a0x\u00a086\u00a0x\u00a0212\u00a0cm\r\n\r\nAlimentation\u00a0: 220\u00a0V\r\n\r\nPoids\"><span class=\"Y2IQFc\" lang=\"fr\">Poids<\/span><\/pre>\n<\/td>\n<td>146KG<\/td>\n<\/tr>\n<\/tbody>\n<\/table>\n<p><iframe title=\"Capsule World  prize machine\" width=\"1140\" height=\"641\" src=\"https:\/\/www.youtube.com\/embed\/4e7KcvktJLo?feature=oembed\" frameborder=\"0\" allow=\"accelerometer; autoplay; clipboard-write; encrypted-media; gyroscope; picture-in-picture; web-share\" referrerpolicy=\"strict-origin-when-cross-origin\" allowfullscreen><\/iframe><\/p>\n","protected":false},"excerpt":{"rendered":"<div class=\"elementor-element elementor-element-c91532f elementor-widget__width-initial elementor-widget elementor-widget-shopengine-product-excerpt\" data-id=\"c91532f\" data-element_type=\"widget\" data-widget_type=\"shopengine-product-excerpt.default\">\n<div class=\"elementor-widget-container\">\n<div class=\"shopengine shopengine-widget\">\n<div class=\"shopengine-product-excerpt\">\n<div class=\"woocommerce-product-details__short-description\">\n<p>D\u00e9couvrez \u00ab Capsule World \u00bb, la machine \u00e0 prix ultime qui combine l&rsquo;excitation des machines traditionnelles avec le frisson de l&rsquo;impr\u00e9visibilit\u00e9 pour des gains suppl\u00e9mentaires. Dot\u00e9e d&rsquo;un bo\u00eetier m\u00e9tallique robuste et de haute qualit\u00e9 et de plusieurs \u00e9tag\u00e8res pour des prix de diff\u00e9rentes tailles, Capsule World offre un divertissement sans fin. Ins\u00e9rez une pi\u00e8ce, utilisez le joystick pour attraper une capsule et visez le trou \u00ab GROS GAINS \u00bb pour remporter des prix bonus. De plus, la machine est personnalisable gr\u00e2ce aux services OEM\/ODM. D\u00e9couvrez un nouveau mode de jeu pour gagner capsules et prix !<\/p>\n<p><strong>Comment jouer :<\/strong><\/p>\n<p>1. Ins\u00e9rez une pi\u00e8ce.<\/p>\n<p>2. Utilisez le joystick pour essayer d&rsquo;attraper une capsule.<\/p>\n<p>3. Si la capsule glisse sur le toboggan et tombe dans l&rsquo;un des trois trous, r\u00e9cup\u00e9rez-la.<\/p>\n<p>4. Gagnez un prix bonus si la capsule tombe dans le trou central \u00ab GROS GAINS \u00bb.<\/p>\n<\/div>\n<\/div>\n<\/div>\n<\/div>\n<\/div>\n","protected":false},"featured_media":1220,"template":"","meta":[],"product_brand":[],"product_cat":[383,432],"product_tag":[],"class_list":{"0":"post-3110","1":"product","2":"type-product","3":"status-publish","4":"has-post-thumbnail","6":"product_cat-jeux-interactifs-jeux-avec-monnayeur","7":"product_cat-machine-a-grue","9":"first","10":"instock","11":"shipping-taxable","12":"product-type-simple"},"_links":{"self":[{"href":"https:\/\/www.alfadu-amusement.com\/index.php?rest_route=\/wp\/v2\/product\/3110","targetHints":{"allow":["GET"]}}],"collection":[{"href":"https:\/\/www.alfadu-amusement.com\/index.php?rest_route=\/wp\/v2\/product"}],"about":[{"href":"https:\/\/www.alfadu-amusement.com\/index.php?rest_route=\/wp\/v2\/types\/product"}],"wp:featuredmedia":[{"embeddable":true,"href":"https:\/\/www.alfadu-amusement.com\/index.php?rest_route=\/wp\/v2\/media\/1220"}],"wp:attachment":[{"href":"https:\/\/www.alfadu-amusement.com\/index.php?rest_route=%2Fwp%2Fv2%2Fmedia&parent=3110"}],"wp:term":[{"taxonomy":"product_brand","embeddable":true,"href":"https:\/\/www.alfadu-amusement.com\/index.php?rest_route=%2Fwp%2Fv2%2Fproduct_brand&post=3110"},{"taxonomy":"product_cat","embeddable":true,"href":"https:\/\/www.alfadu-amusement.com\/index.php?rest_route=%2Fwp%2Fv2%2Fproduct_cat&post=3110"},{"taxonomy":"product_tag","embeddable":true,"href":"https:\/\/www.alfadu-amusement.com\/index.php?rest_route=%2Fwp%2Fv2%2Fproduct_tag&post=3110"}],"curies":[{"name":"wp","href":"https:\/\/api.w.org\/{rel}","templated":true}]}}