{"id":3114,"date":"2025-10-29T20:47:00","date_gmt":"2025-10-29T20:47:00","guid":{"rendered":"https:\/\/www.alfadu-amusement.com\/?post_type=product&#038;p=3114"},"modified":"2025-10-29T20:47:00","modified_gmt":"2025-10-29T20:47:00","slug":"grands-six","status":"publish","type":"product","link":"https:\/\/www.alfadu-amusement.com\/?product=grands-six&lang=fr","title":{"rendered":"GRANDS SIX"},"content":{"rendered":"<table class=\"has-text-color has-link-color has-border-color has-fixed-layout\" style=\"height: 274px;\" width=\"739\">\n<tbody>\n<tr>\n<td>\n<pre id=\"tw-target-text\" class=\"tw-data-text tw-text-large tw-ta\" dir=\"ltr\" tabindex=\"-1\" role=\"text\" data-placeholder=\"Traduction\" data-ved=\"2ahUKEwjAtd_JmMqQAxW0SaQEHdj1Me4Q3ewLegQIDBAV\" aria-label=\"Texte traduit\u00a0: R\u00e9f\u00e9rence mod\u00e8le\u00a0: LEO-1.1.0042\r\nDimensions\u00a0: 140\u00a0x\u00a0130\u00a0x\u00a0220\u00a0cm\r\nAlimentation\u00a0: 220\u00a0V\r\nPoids\"><span class=\"Y2IQFc\" lang=\"fr\">R\u00e9f\u00e9rence mod\u00e8le<\/span><\/pre>\n<\/td>\n<td>LEO-1.1.0042<\/td>\n<\/tr>\n<tr>\n<td>\n<pre id=\"tw-target-text\" class=\"tw-data-text tw-text-large tw-ta\" dir=\"ltr\" tabindex=\"-1\" role=\"text\" data-placeholder=\"Traduction\" data-ved=\"2ahUKEwjAtd_JmMqQAxW0SaQEHdj1Me4Q3ewLegQIDBAV\" aria-label=\"Texte traduit\u00a0: R\u00e9f\u00e9rence mod\u00e8le\u00a0: LEO-1.1.0042\r\nDimensions\u00a0: 140\u00a0x\u00a0130\u00a0x\u00a0220\u00a0cm\r\nAlimentation\u00a0: 220\u00a0V\r\nPoids\"><span class=\"Y2IQFc\" lang=\"fr\">Dimensions\u00a0<\/span><\/pre>\n<\/td>\n<td>140x130x220CM<\/td>\n<\/tr>\n<tr>\n<td>\n<pre id=\"tw-target-text\" class=\"tw-data-text tw-text-large tw-ta\" dir=\"ltr\" tabindex=\"-1\" role=\"text\" data-placeholder=\"Traduction\" data-ved=\"2ahUKEwjAtd_JmMqQAxW0SaQEHdj1Me4Q3ewLegQIDBAV\" aria-label=\"Texte traduit\u00a0: R\u00e9f\u00e9rence mod\u00e8le\u00a0: LEO-1.1.0042\r\nDimensions\u00a0: 140\u00a0x\u00a0130\u00a0x\u00a0220\u00a0cm\r\nAlimentation\u00a0: 220\u00a0V\r\nPoids\"><span class=\"Y2IQFc\" lang=\"fr\">Alimentation\u00a0<\/span><\/pre>\n<\/td>\n<td>220V<\/td>\n<\/tr>\n<tr>\n<td>\n<pre id=\"tw-target-text\" class=\"tw-data-text tw-text-large tw-ta\" dir=\"ltr\" tabindex=\"-1\" role=\"text\" data-placeholder=\"Traduction\" data-ved=\"2ahUKEwjAtd_JmMqQAxW0SaQEHdj1Me4Q3ewLegQIDBAV\" aria-label=\"Texte traduit\u00a0: R\u00e9f\u00e9rence mod\u00e8le\u00a0: LEO-1.1.0042\r\nDimensions\u00a0: 140\u00a0x\u00a0130\u00a0x\u00a0220\u00a0cm\r\nAlimentation\u00a0: 220\u00a0V\r\nPoids\"><span class=\"Y2IQFc\" lang=\"fr\">Poids<\/span><\/pre>\n<\/td>\n<td>180KG<\/td>\n<\/tr>\n<\/tbody>\n<\/table>\n<p><iframe title=\"BIG SIX crane claw game machine\" width=\"563\" height=\"1000\" src=\"https:\/\/www.youtube.com\/embed\/VXwrpTuI_-8?feature=oembed\" frameborder=\"0\" allow=\"accelerometer; autoplay; clipboard-write; encrypted-media; gyroscope; picture-in-picture; web-share\" referrerpolicy=\"strict-origin-when-cross-origin\" allowfullscreen><\/iframe><\/p>\n","protected":false},"excerpt":{"rendered":"<p>D\u00e9couvrez \u00ab\u00a0BIG SIX\u00a0\u00bb, une exp\u00e9rience de jeu r\u00e9volutionnaire avec une machine \u00e0 pinces\u00a0! Son design captivant \u00e0 six pinces propulse le jeu vers de nouveaux sommets. Contr\u00f4lez les six pinces simultan\u00e9ment gr\u00e2ce au joystick et man\u0153uvrez-les strat\u00e9giquement pour attraper votre prix. Appuyez sur le bouton avant la fin du temps imparti pour abaisser toutes les pinces et empocher votre r\u00e9compense. \u00ab\u00a0BIG SIX\u00a0\u00bb offre un gameplay palpitant adapt\u00e9 \u00e0 tous les \u00e2ges. Pr\u00e9parez-vous \u00e0 vivre une exp\u00e9rience de jeu in\u00e9dite avec \u00ab\u00a0BIG SIX\u00a0\u00bb\u00a0!<\/p>\n","protected":false},"featured_media":1216,"template":"","meta":[],"product_brand":[],"product_cat":[383,432],"product_tag":[],"class_list":{"0":"post-3114","1":"product","2":"type-product","3":"status-publish","4":"has-post-thumbnail","6":"product_cat-jeux-interactifs-jeux-avec-monnayeur","7":"product_cat-machine-a-grue","9":"first","10":"instock","11":"shipping-taxable","12":"product-type-simple"},"_links":{"self":[{"href":"https:\/\/www.alfadu-amusement.com\/index.php?rest_route=\/wp\/v2\/product\/3114","targetHints":{"allow":["GET"]}}],"collection":[{"href":"https:\/\/www.alfadu-amusement.com\/index.php?rest_route=\/wp\/v2\/product"}],"about":[{"href":"https:\/\/www.alfadu-amusement.com\/index.php?rest_route=\/wp\/v2\/types\/product"}],"wp:featuredmedia":[{"embeddable":true,"href":"https:\/\/www.alfadu-amusement.com\/index.php?rest_route=\/wp\/v2\/media\/1216"}],"wp:attachment":[{"href":"https:\/\/www.alfadu-amusement.com\/index.php?rest_route=%2Fwp%2Fv2%2Fmedia&parent=3114"}],"wp:term":[{"taxonomy":"product_brand","embeddable":true,"href":"https:\/\/www.alfadu-amusement.com\/index.php?rest_route=%2Fwp%2Fv2%2Fproduct_brand&post=3114"},{"taxonomy":"product_cat","embeddable":true,"href":"https:\/\/www.alfadu-amusement.com\/index.php?rest_route=%2Fwp%2Fv2%2Fproduct_cat&post=3114"},{"taxonomy":"product_tag","embeddable":true,"href":"https:\/\/www.alfadu-amusement.com\/index.php?rest_route=%2Fwp%2Fv2%2Fproduct_tag&post=3114"}],"curies":[{"name":"wp","href":"https:\/\/api.w.org\/{rel}","templated":true}]}}