{"id":3183,"date":"2025-11-19T19:58:29","date_gmt":"2025-11-19T19:58:29","guid":{"rendered":"https:\/\/www.alfadu-amusement.com\/?post_type=product&#038;p=3183"},"modified":"2025-11-19T22:43:16","modified_gmt":"2025-11-19T22:43:16","slug":"42%e2%80%b3-super-motor-twins","status":"publish","type":"product","link":"https:\/\/www.alfadu-amusement.com\/?product=42%E2%80%B3-super-motor-twins&lang=fr","title":{"rendered":"42\u2033 Super motor-Twins"},"content":{"rendered":"<table class=\"has-text-color has-link-color has-border-color has-fixed-layout\">\n<thead>\n<tr>\n<th><\/th>\n<th>D\u00e9tails<\/th>\n<\/tr>\n<\/thead>\n<tbody>\n<tr>\n<td>Mod\u00e8le<\/td>\n<td>LF-MR08<\/td>\n<\/tr>\n<tr>\n<td>\u00c9crans<\/td>\n<td>2*42\u2033 LCD<\/td>\n<\/tr>\n<tr>\n<td>dimensions<\/td>\n<td>W250xD215xH250CM<\/td>\n<\/tr>\n<tr>\n<td>Puissance<\/td>\n<td>110V\/220V, 480W<\/td>\n<\/tr>\n<tr>\n<td>Nom<\/td>\n<td>42\u2033 Super motor-Twins<\/td>\n<\/tr>\n<tr>\n<td>joueur<\/td>\n<td>2<\/td>\n<\/tr>\n<tr>\n<td>Fonctionnalit\u00e9 sp\u00e9ciale<\/td>\n<td>multijoueur<\/td>\n<\/tr>\n<\/tbody>\n<\/table>\n<p><iframe title=\"42\u2033 Super motor-Twins\" width=\"1140\" height=\"641\" src=\"https:\/\/www.youtube.com\/embed\/cFLNnACFHdo?feature=oembed\" frameborder=\"0\" allow=\"accelerometer; autoplay; clipboard-write; encrypted-media; gyroscope; picture-in-picture; web-share\" referrerpolicy=\"strict-origin-when-cross-origin\" allowfullscreen><\/iframe><\/p>\n","protected":false},"excerpt":{"rendered":"<p>La borne d&rsquo;arcade MANX TT Super Bike Twins de 32 pouces propose une configuration de course de motos doubles avec simulation de mouvements r\u00e9aliste, graphismes HD et commandes pr\u00e9cises. Id\u00e9ale pour les salles d&rsquo;arcade, les centres de loisirs familiaux et les parcs d&rsquo;attractions.<\/p>\n","protected":false},"featured_media":3182,"template":"","meta":[],"product_brand":[],"product_cat":[436,383],"product_tag":[],"class_list":{"0":"post-3183","1":"product","2":"type-product","3":"status-publish","4":"has-post-thumbnail","6":"product_cat-jeu-video","7":"product_cat-jeux-interactifs-jeux-avec-monnayeur","9":"first","10":"instock","11":"shipping-taxable","12":"product-type-simple"},"_links":{"self":[{"href":"https:\/\/www.alfadu-amusement.com\/index.php?rest_route=\/wp\/v2\/product\/3183","targetHints":{"allow":["GET"]}}],"collection":[{"href":"https:\/\/www.alfadu-amusement.com\/index.php?rest_route=\/wp\/v2\/product"}],"about":[{"href":"https:\/\/www.alfadu-amusement.com\/index.php?rest_route=\/wp\/v2\/types\/product"}],"wp:featuredmedia":[{"embeddable":true,"href":"https:\/\/www.alfadu-amusement.com\/index.php?rest_route=\/wp\/v2\/media\/3182"}],"wp:attachment":[{"href":"https:\/\/www.alfadu-amusement.com\/index.php?rest_route=%2Fwp%2Fv2%2Fmedia&parent=3183"}],"wp:term":[{"taxonomy":"product_brand","embeddable":true,"href":"https:\/\/www.alfadu-amusement.com\/index.php?rest_route=%2Fwp%2Fv2%2Fproduct_brand&post=3183"},{"taxonomy":"product_cat","embeddable":true,"href":"https:\/\/www.alfadu-amusement.com\/index.php?rest_route=%2Fwp%2Fv2%2Fproduct_cat&post=3183"},{"taxonomy":"product_tag","embeddable":true,"href":"https:\/\/www.alfadu-amusement.com\/index.php?rest_route=%2Fwp%2Fv2%2Fproduct_tag&post=3183"}],"curies":[{"name":"wp","href":"https:\/\/api.w.org\/{rel}","templated":true}]}}