{"id":3198,"date":"2025-11-19T23:06:03","date_gmt":"2025-11-19T23:06:03","guid":{"rendered":"https:\/\/www.alfadu-amusement.com\/?post_type=product&#038;p=3198"},"modified":"2025-11-19T23:07:13","modified_gmt":"2025-11-19T23:07:13","slug":"jeu-de-course-chat-et-souris","status":"publish","type":"product","link":"https:\/\/www.alfadu-amusement.com\/?product=jeu-de-course-chat-et-souris&lang=fr","title":{"rendered":"Jeu de course  Chat et Souris"},"content":{"rendered":"<h2>Description<\/h2>\n<p>&nbsp;<\/p>\n<table class=\"has-text-color has-link-color has-border-color has-fixed-layout\">\n<thead>\n<tr>\n<th><\/th>\n<th>D\u00e9tails<\/th>\n<\/tr>\n<\/thead>\n<tbody>\n<tr>\n<td>Mod\u00e8le<\/td>\n<td>LF-CR08<\/td>\n<\/tr>\n<tr>\n<td>\u00c9crans<\/td>\n<td>2*32\u2033 LCD<\/td>\n<\/tr>\n<tr>\n<td>dimensions<\/td>\n<td>W132*D140*H200CM<\/td>\n<\/tr>\n<tr>\n<td>Puissance<\/td>\n<td>110V\/220V, 560W<\/td>\n<\/tr>\n<tr>\n<td>Nom<\/td>\n<td>Jeu de course Chat et Souris<\/td>\n<\/tr>\n<tr>\n<td>joueur<\/td>\n<td>2<\/td>\n<\/tr>\n<\/tbody>\n<\/table>\n","protected":false},"excerpt":{"rendered":"<p>Le jeu de course d&rsquo;arcade Chat et Souris de 32 pouces est un simulateur de course passionnant pour deux joueurs con\u00e7u pour les enfants. Avec ses graphismes anim\u00e9s \u00e9clatants, ses voitures amusantes et son gameplay captivant, il est parfait pour les salles d&rsquo;arcade, les centres de loisirs familiaux et les parcs d&rsquo;attractions.<\/p>\n","protected":false},"featured_media":3187,"template":"","meta":[],"product_brand":[],"product_cat":[436,383],"product_tag":[],"class_list":{"0":"post-3198","1":"product","2":"type-product","3":"status-publish","4":"has-post-thumbnail","6":"product_cat-jeu-video","7":"product_cat-jeux-interactifs-jeux-avec-monnayeur","9":"first","10":"instock","11":"shipping-taxable","12":"product-type-simple"},"_links":{"self":[{"href":"https:\/\/www.alfadu-amusement.com\/index.php?rest_route=\/wp\/v2\/product\/3198","targetHints":{"allow":["GET"]}}],"collection":[{"href":"https:\/\/www.alfadu-amusement.com\/index.php?rest_route=\/wp\/v2\/product"}],"about":[{"href":"https:\/\/www.alfadu-amusement.com\/index.php?rest_route=\/wp\/v2\/types\/product"}],"wp:featuredmedia":[{"embeddable":true,"href":"https:\/\/www.alfadu-amusement.com\/index.php?rest_route=\/wp\/v2\/media\/3187"}],"wp:attachment":[{"href":"https:\/\/www.alfadu-amusement.com\/index.php?rest_route=%2Fwp%2Fv2%2Fmedia&parent=3198"}],"wp:term":[{"taxonomy":"product_brand","embeddable":true,"href":"https:\/\/www.alfadu-amusement.com\/index.php?rest_route=%2Fwp%2Fv2%2Fproduct_brand&post=3198"},{"taxonomy":"product_cat","embeddable":true,"href":"https:\/\/www.alfadu-amusement.com\/index.php?rest_route=%2Fwp%2Fv2%2Fproduct_cat&post=3198"},{"taxonomy":"product_tag","embeddable":true,"href":"https:\/\/www.alfadu-amusement.com\/index.php?rest_route=%2Fwp%2Fv2%2Fproduct_tag&post=3198"}],"curies":[{"name":"wp","href":"https:\/\/api.w.org\/{rel}","templated":true}]}}