{"id":3206,"date":"2025-11-19T23:21:39","date_gmt":"2025-11-19T23:21:39","guid":{"rendered":"https:\/\/www.alfadu-amusement.com\/?post_type=product&#038;p=3206"},"modified":"2025-11-19T23:21:39","modified_gmt":"2025-11-19T23:21:39","slug":"42-split-second","status":"publish","type":"product","link":"https:\/\/www.alfadu-amusement.com\/?product=42-split-second&lang=fr","title":{"rendered":"42&Prime; Split Second"},"content":{"rendered":"<div class=\"woocommerce-tabs wc-tabs-wrapper\">\n<div id=\"tab-description\" class=\"woocommerce-Tabs-panel woocommerce-Tabs-panel--description panel entry-content wc-tab\" role=\"tabpanel\" aria-labelledby=\"tab-title-description\">\n<h2>Description<\/h2>\n<p>&nbsp;<\/p>\n<table class=\"has-text-color has-link-color has-border-color has-fixed-layout\">\n<thead>\n<tr>\n<th><\/th>\n<th>D\u00e9tails<\/th>\n<\/tr>\n<\/thead>\n<tbody>\n<tr>\n<td>Mod\u00e8le<\/td>\n<td>LF-CR16<\/td>\n<\/tr>\n<tr>\n<td>\u00c9crans<\/td>\n<td>42&Prime; LCD<\/td>\n<\/tr>\n<tr>\n<td>dimensions<\/td>\n<td>W103xD213xH216CM<\/td>\n<\/tr>\n<tr>\n<td>Puissance<\/td>\n<td>110V\/220V, 300W<\/td>\n<\/tr>\n<tr>\n<td>Nom<\/td>\n<td>42&Prime; Split Second<\/td>\n<\/tr>\n<tr>\n<td>joueur<\/td>\n<td>1<\/td>\n<\/tr>\n<\/tbody>\n<\/table>\n<\/div>\n<\/div>\n","protected":false},"excerpt":{"rendered":"<div class=\"elementor-element elementor-element-64e0239 elementor-widget elementor-widget-text-editor\" data-id=\"64e0239\" data-element_type=\"widget\" data-widget_type=\"text-editor.default\">\n<div class=\"elementor-widget-container\">\n<div class=\"elementor-element elementor-element-64e0239 elementor-widget elementor-widget-text-editor\" data-id=\"64e0239\" data-element_type=\"widget\" data-widget_type=\"text-editor.default\">\n<div class=\"elementor-widget-container\">Vivez des sensations fortes avec la machine d&rsquo;arcade de course simple Split Second 42 pouces, dot\u00e9e d&rsquo;un \u00e9cran LCD haute d\u00e9finition 42 pouces, de commandes de conduite immersives et d&rsquo;une interface de course dynamique.<\/div>\n<\/div>\n<div class=\"elementor-element elementor-element-63b0c602 elementor-widget elementor-widget-wp-widget-bcn_widget\" data-id=\"63b0c602\" data-element_type=\"widget\" data-widget_type=\"wp-widget-bcn_widget.default\">\n<div class=\"elementor-widget-container\" style=\"padding-left: 40px;\"><\/div>\n<\/div>\n<\/div>\n<\/div>\n<div class=\"elementor-element elementor-element-63b0c602 elementor-widget elementor-widget-wp-widget-bcn_widget\" data-id=\"63b0c602\" data-element_type=\"widget\" data-widget_type=\"wp-widget-bcn_widget.default\">\n<div class=\"elementor-widget-container\"><\/div>\n<\/div>\n","protected":false},"featured_media":3200,"template":"","meta":[],"product_brand":[],"product_cat":[436,383],"product_tag":[],"class_list":{"0":"post-3206","1":"product","2":"type-product","3":"status-publish","4":"has-post-thumbnail","6":"product_cat-jeu-video","7":"product_cat-jeux-interactifs-jeux-avec-monnayeur","9":"first","10":"instock","11":"shipping-taxable","12":"product-type-simple"},"_links":{"self":[{"href":"https:\/\/www.alfadu-amusement.com\/index.php?rest_route=\/wp\/v2\/product\/3206","targetHints":{"allow":["GET"]}}],"collection":[{"href":"https:\/\/www.alfadu-amusement.com\/index.php?rest_route=\/wp\/v2\/product"}],"about":[{"href":"https:\/\/www.alfadu-amusement.com\/index.php?rest_route=\/wp\/v2\/types\/product"}],"wp:featuredmedia":[{"embeddable":true,"href":"https:\/\/www.alfadu-amusement.com\/index.php?rest_route=\/wp\/v2\/media\/3200"}],"wp:attachment":[{"href":"https:\/\/www.alfadu-amusement.com\/index.php?rest_route=%2Fwp%2Fv2%2Fmedia&parent=3206"}],"wp:term":[{"taxonomy":"product_brand","embeddable":true,"href":"https:\/\/www.alfadu-amusement.com\/index.php?rest_route=%2Fwp%2Fv2%2Fproduct_brand&post=3206"},{"taxonomy":"product_cat","embeddable":true,"href":"https:\/\/www.alfadu-amusement.com\/index.php?rest_route=%2Fwp%2Fv2%2Fproduct_cat&post=3206"},{"taxonomy":"product_tag","embeddable":true,"href":"https:\/\/www.alfadu-amusement.com\/index.php?rest_route=%2Fwp%2Fv2%2Fproduct_tag&post=3206"}],"curies":[{"name":"wp","href":"https:\/\/api.w.org\/{rel}","templated":true}]}}