{"id":3284,"date":"2025-11-29T21:40:50","date_gmt":"2025-11-29T21:40:50","guid":{"rendered":"https:\/\/www.alfadu-amusement.com\/?post_type=product&#038;p=3284"},"modified":"2025-11-29T21:41:06","modified_gmt":"2025-11-29T21:41:06","slug":"ceinture-de-securite-pour-manege","status":"publish","type":"product","link":"https:\/\/www.alfadu-amusement.com\/?product=ceinture-de-securite-pour-manege&lang=fr","title":{"rendered":"Ceinture de s\u00e9curit\u00e9 pour man\u00e8ge"},"content":{"rendered":"","protected":false},"excerpt":{"rendered":"","protected":false},"featured_media":3283,"template":"","meta":[],"product_brand":[],"product_cat":[337,343],"product_tag":[],"class_list":{"0":"post-3284","1":"product","2":"type-product","3":"status-publish","4":"has-post-thumbnail","6":"product_cat-accessoires-et-pieces-de-rechange","7":"product_cat-consommables-pour-autos-tamponneuses","9":"first","10":"instock","11":"shipping-taxable","12":"product-type-simple"},"_links":{"self":[{"href":"https:\/\/www.alfadu-amusement.com\/index.php?rest_route=\/wp\/v2\/product\/3284","targetHints":{"allow":["GET"]}}],"collection":[{"href":"https:\/\/www.alfadu-amusement.com\/index.php?rest_route=\/wp\/v2\/product"}],"about":[{"href":"https:\/\/www.alfadu-amusement.com\/index.php?rest_route=\/wp\/v2\/types\/product"}],"wp:featuredmedia":[{"embeddable":true,"href":"https:\/\/www.alfadu-amusement.com\/index.php?rest_route=\/wp\/v2\/media\/3283"}],"wp:attachment":[{"href":"https:\/\/www.alfadu-amusement.com\/index.php?rest_route=%2Fwp%2Fv2%2Fmedia&parent=3284"}],"wp:term":[{"taxonomy":"product_brand","embeddable":true,"href":"https:\/\/www.alfadu-amusement.com\/index.php?rest_route=%2Fwp%2Fv2%2Fproduct_brand&post=3284"},{"taxonomy":"product_cat","embeddable":true,"href":"https:\/\/www.alfadu-amusement.com\/index.php?rest_route=%2Fwp%2Fv2%2Fproduct_cat&post=3284"},{"taxonomy":"product_tag","embeddable":true,"href":"https:\/\/www.alfadu-amusement.com\/index.php?rest_route=%2Fwp%2Fv2%2Fproduct_tag&post=3284"}],"curies":[{"name":"wp","href":"https:\/\/api.w.org\/{rel}","templated":true}]}}