{"id":3309,"date":"2025-11-29T23:20:52","date_gmt":"2025-11-29T23:20:52","guid":{"rendered":"https:\/\/www.alfadu-amusement.com\/?post_type=product&#038;p=3309"},"modified":"2025-11-29T23:22:09","modified_gmt":"2025-11-29T23:22:09","slug":"monnayeur-multi-pieces-lk715s","status":"publish","type":"product","link":"https:\/\/www.alfadu-amusement.com\/?product=monnayeur-multi-pieces-lk715s&lang=fr","title":{"rendered":"Monnayeur multi pieces LK715S"},"content":{"rendered":"<p><strong>Voltage<\/strong>: DC12V+10%<\/p>\n<p><strong>Emballage <\/strong>: 30pcs\/CTN<\/p>\n<p><strong>Diam\u00e8tre piece<\/strong>: 20~30mm<\/p>\n<p><strong>Epaisseur piece<\/strong>: 1.2~3.0mm<\/p>\n","protected":false},"excerpt":{"rendered":"<p><strong>Caract\u00e9ristiques du produit<\/strong><\/p>\n<ul>\n<li>6 canaux, accepte diff\u00e9rentes pi\u00e8ces<\/li>\n<li>2 types de communication : impulsion ou protocole<\/li>\n<li>2 modes : 1 pi\u00e8ce = multiples impulsions, ou 1 impulsion = multiples pi\u00e8ces<\/li>\n<li>Voyant lumineux indiquant l\u2019\u00e9tat de fonctionnement<\/li>\n<li>15 niveaux d\u2019ajustement de pr\u00e9cision<\/li>\n<li>Possibilit\u00e9 d\u2019activer\/d\u00e9sactiver\/supprimer individuellement les param\u00e8tres et r\u00e9glages des pi\u00e8ces enregistr\u00e9es<\/li>\n<li>Fonction de r\u00e9glage du ratio de comptage : r\u00e9pond aux besoins de param\u00e9trage des scores pour diverses machines<\/li>\n<li>Utilisation simple et programmation facile<\/li>\n<\/ul>\n","protected":false},"featured_media":3308,"template":"","meta":[],"product_brand":[],"product_cat":[337,345],"product_tag":[],"class_list":{"0":"post-3309","1":"product","2":"type-product","3":"status-publish","4":"has-post-thumbnail","6":"product_cat-accessoires-et-pieces-de-rechange","7":"product_cat-monnayeur-et-compteurs-de-jetons","9":"first","10":"instock","11":"shipping-taxable","12":"product-type-simple"},"_links":{"self":[{"href":"https:\/\/www.alfadu-amusement.com\/index.php?rest_route=\/wp\/v2\/product\/3309","targetHints":{"allow":["GET"]}}],"collection":[{"href":"https:\/\/www.alfadu-amusement.com\/index.php?rest_route=\/wp\/v2\/product"}],"about":[{"href":"https:\/\/www.alfadu-amusement.com\/index.php?rest_route=\/wp\/v2\/types\/product"}],"wp:featuredmedia":[{"embeddable":true,"href":"https:\/\/www.alfadu-amusement.com\/index.php?rest_route=\/wp\/v2\/media\/3308"}],"wp:attachment":[{"href":"https:\/\/www.alfadu-amusement.com\/index.php?rest_route=%2Fwp%2Fv2%2Fmedia&parent=3309"}],"wp:term":[{"taxonomy":"product_brand","embeddable":true,"href":"https:\/\/www.alfadu-amusement.com\/index.php?rest_route=%2Fwp%2Fv2%2Fproduct_brand&post=3309"},{"taxonomy":"product_cat","embeddable":true,"href":"https:\/\/www.alfadu-amusement.com\/index.php?rest_route=%2Fwp%2Fv2%2Fproduct_cat&post=3309"},{"taxonomy":"product_tag","embeddable":true,"href":"https:\/\/www.alfadu-amusement.com\/index.php?rest_route=%2Fwp%2Fv2%2Fproduct_tag&post=3309"}],"curies":[{"name":"wp","href":"https:\/\/api.w.org\/{rel}","templated":true}]}}