{"id":3318,"date":"2025-11-29T23:39:57","date_gmt":"2025-11-29T23:39:57","guid":{"rendered":"https:\/\/www.alfadu-amusement.com\/?post_type=product&#038;p=3318"},"modified":"2025-11-29T23:39:57","modified_gmt":"2025-11-29T23:39:57","slug":"compteur-de-pieces","status":"publish","type":"product","link":"https:\/\/www.alfadu-amusement.com\/?product=compteur-de-pieces&lang=fr","title":{"rendered":"Compteur de pi\u00e8ces"},"content":{"rendered":"<p>Mode de comptage : Accumulation \/ Continu \/ Lot<\/p>\n<p>Vitesse de comptage : 2300 pi\u00e8ces\/min (max.)<\/p>\n<p>(pour des pi\u00e8ces d\u2019un diam\u00e8tre de 15 mm ou 0,5906 pouces)<\/p>\n<p>Capacit\u00e9 de la tr\u00e9mie :<\/p>\n<ul>\n<li>3000 pi\u00e8ces (max.) sans rallonge de tr\u00e9mie<\/li>\n<li>12 000 pi\u00e8ces (max.) avec rallonge de tr\u00e9mie<br \/>\n(pour des pi\u00e8ces d\u2019un diam\u00e8tre de 15 mm ou 0,5906 pouces et d\u2019une \u00e9paisseur de 1,1 mm ou 0,0433 pouces)<\/li>\n<\/ul>\n<p>Dimensions des pi\u00e8ces compatibles :<\/p>\n<ul>\n<li>\u00c9paisseur : 0,7 \u00e0 3,9 mm (0,0275 \u00e0 0,154 pouces)<\/li>\n<li>Diam\u00e8tre : 14 \u00e0 34 mm (0,55 \u00e0 1,33 pouces)<\/li>\n<\/ul>\n<p>Consommation \u00e9lectrique : 70 W<\/p>\n<p>Alimentation :<\/p>\n<ul>\n<li>AC 120 V \u00b110 %, 60 Hz<\/li>\n<li>ou AC 220 V \u00b110 %, 50 Hz<\/li>\n<\/ul>\n<p>Dimensions : 270 \u00d7 362 \u00d7 235 mm<\/p>\n","protected":false},"excerpt":{"rendered":"<p>Mode de comptage : Accumulation \/ Continu \/ Lot Vitesse de comptage : 2300 pi\u00e8ces\/min (max.) (pour des pi\u00e8ces d\u2019un diam\u00e8tre de 15 mm ou 0,5906 pouces) Capacit\u00e9 de la tr\u00e9mie : 3000 pi\u00e8ces (max.) sans rallonge de tr\u00e9mie 12 000 pi\u00e8ces (max.) avec rallonge de tr\u00e9mie (pour des pi\u00e8ces d\u2019un diam\u00e8tre de 15 mm&hellip;<\/p>\n","protected":false},"featured_media":3317,"template":"","meta":[],"product_brand":[],"product_cat":[337,345],"product_tag":[],"class_list":{"0":"post-3318","1":"product","2":"type-product","3":"status-publish","4":"has-post-thumbnail","6":"product_cat-accessoires-et-pieces-de-rechange","7":"product_cat-monnayeur-et-compteurs-de-jetons","9":"first","10":"instock","11":"shipping-taxable","12":"product-type-simple"},"_links":{"self":[{"href":"https:\/\/www.alfadu-amusement.com\/index.php?rest_route=\/wp\/v2\/product\/3318","targetHints":{"allow":["GET"]}}],"collection":[{"href":"https:\/\/www.alfadu-amusement.com\/index.php?rest_route=\/wp\/v2\/product"}],"about":[{"href":"https:\/\/www.alfadu-amusement.com\/index.php?rest_route=\/wp\/v2\/types\/product"}],"wp:featuredmedia":[{"embeddable":true,"href":"https:\/\/www.alfadu-amusement.com\/index.php?rest_route=\/wp\/v2\/media\/3317"}],"wp:attachment":[{"href":"https:\/\/www.alfadu-amusement.com\/index.php?rest_route=%2Fwp%2Fv2%2Fmedia&parent=3318"}],"wp:term":[{"taxonomy":"product_brand","embeddable":true,"href":"https:\/\/www.alfadu-amusement.com\/index.php?rest_route=%2Fwp%2Fv2%2Fproduct_brand&post=3318"},{"taxonomy":"product_cat","embeddable":true,"href":"https:\/\/www.alfadu-amusement.com\/index.php?rest_route=%2Fwp%2Fv2%2Fproduct_cat&post=3318"},{"taxonomy":"product_tag","embeddable":true,"href":"https:\/\/www.alfadu-amusement.com\/index.php?rest_route=%2Fwp%2Fv2%2Fproduct_tag&post=3318"}],"curies":[{"name":"wp","href":"https:\/\/api.w.org\/{rel}","templated":true}]}}