{"id":3326,"date":"2025-12-01T19:00:44","date_gmt":"2025-12-01T19:00:44","guid":{"rendered":"https:\/\/www.alfadu-amusement.com\/?post_type=product&#038;p=3326"},"modified":"2025-12-09T20:56:18","modified_gmt":"2025-12-09T20:56:18","slug":"train-elephant","status":"publish","type":"product","link":"https:\/\/www.alfadu-amusement.com\/?product=train-elephant&lang=fr","title":{"rendered":"Train Elephant"},"content":{"rendered":"<table style=\"height: 359px;\" border=\"0\" width=\"721\" cellspacing=\"0\" cellpadding=\"0\">\n<tbody>\n<tr>\n<td>Mod\u00e8le<\/td>\n<td>Train Elephant<\/td>\n<\/tr>\n<tr>\n<td>Dimension<\/td>\n<td>8*10m<\/td>\n<\/tr>\n<tr>\n<td>Puissance<\/td>\n<td>3.5KW<\/td>\n<\/tr>\n<tr>\n<td>Nombre Cabine<\/td>\n<td>4<\/td>\n<\/tr>\n<tr>\n<td>Capacit\u00e9<\/td>\n<td>14 personnes<\/td>\n<\/tr>\n<tr>\n<td>Mat\u00e9riau<\/td>\n<td>Fibre de verre, acier inoxydable<\/td>\n<\/tr>\n<tr>\n<td>Certificat<\/td>\n<td>ISO9001, BV,TUV,SONCAP,CE<\/td>\n<\/tr>\n<tr>\n<td>Garantie<\/td>\n<td>12 Mois<\/td>\n<\/tr>\n<tr>\n<td>Utilisation<\/td>\n<td>Parc \u00e0 th\u00e8me, Parc d&rsquo;attractions, Terrain de jeux<\/td>\n<\/tr>\n<\/tbody>\n<\/table>\n<p><iframe title=\"Elephant Train\" width=\"1140\" height=\"641\" src=\"https:\/\/www.youtube.com\/embed\/JorZ4Lv4ZnA?feature=oembed\" frameborder=\"0\" allow=\"accelerometer; autoplay; clipboard-write; encrypted-media; gyroscope; picture-in-picture; web-share\" referrerpolicy=\"strict-origin-when-cross-origin\" allowfullscreen><\/iframe><\/p>\n","protected":false},"excerpt":{"rendered":"<p><strong>Description<\/strong><\/p>\n<p>Le mat\u00e9riel de divertissement Train Elephant de notre entreprise b\u00e9n\u00e9ficie d&rsquo;une haute qualit\u00e9 et d&rsquo;un prix abordable, d&rsquo;une apparence unique, d&rsquo;un mod\u00e8le r\u00e9aliste et d&rsquo;un design \u00e9l\u00e9gant. La majorit\u00e9 des enfants et des jeunes aiment y jouer, et il est appr\u00e9ci\u00e9 par la plupart des utilisateurs.<\/p>\n<p>Le train sur rail est l&rsquo;un des \u00e9quipements de loisirs de notre entreprise. L&rsquo;armoire de commande facilite son utilisation et garantit la s\u00e9curit\u00e9. Il existe de nombreux types de lanternes et de musiques, et il est facile \u00e0 conduire pour les enfants. Quel voyage merveilleux !<\/p>\n","protected":false},"featured_media":2181,"template":"","meta":[],"product_brand":[],"product_cat":[240,279],"product_tag":[],"class_list":{"0":"post-3326","1":"product","2":"type-product","3":"status-publish","4":"has-post-thumbnail","6":"product_cat-manege-familial","7":"product_cat-train-en-fr","9":"first","10":"instock","11":"shipping-taxable","12":"product-type-simple"},"_links":{"self":[{"href":"https:\/\/www.alfadu-amusement.com\/index.php?rest_route=\/wp\/v2\/product\/3326","targetHints":{"allow":["GET"]}}],"collection":[{"href":"https:\/\/www.alfadu-amusement.com\/index.php?rest_route=\/wp\/v2\/product"}],"about":[{"href":"https:\/\/www.alfadu-amusement.com\/index.php?rest_route=\/wp\/v2\/types\/product"}],"wp:featuredmedia":[{"embeddable":true,"href":"https:\/\/www.alfadu-amusement.com\/index.php?rest_route=\/wp\/v2\/media\/2181"}],"wp:attachment":[{"href":"https:\/\/www.alfadu-amusement.com\/index.php?rest_route=%2Fwp%2Fv2%2Fmedia&parent=3326"}],"wp:term":[{"taxonomy":"product_brand","embeddable":true,"href":"https:\/\/www.alfadu-amusement.com\/index.php?rest_route=%2Fwp%2Fv2%2Fproduct_brand&post=3326"},{"taxonomy":"product_cat","embeddable":true,"href":"https:\/\/www.alfadu-amusement.com\/index.php?rest_route=%2Fwp%2Fv2%2Fproduct_cat&post=3326"},{"taxonomy":"product_tag","embeddable":true,"href":"https:\/\/www.alfadu-amusement.com\/index.php?rest_route=%2Fwp%2Fv2%2Fproduct_tag&post=3326"}],"curies":[{"name":"wp","href":"https:\/\/api.w.org\/{rel}","templated":true}]}}